{"id":92,"date":"2011-10-27T10:36:17","date_gmt":"2011-10-27T08:36:17","guid":{"rendered":"http:\/\/cedera-okna.sk\/index.php\/rolovacie-siete\/"},"modified":"2022-06-05T20:37:02","modified_gmt":"2022-06-05T18:37:02","slug":"rolovacie-siete-proti-hmyzu","status":"publish","type":"page","link":"https:\/\/www.cedera-okna.sk\/sk\/rolovacie-siete-proti-hmyzu\/","title":{"rendered":"Rolovacie siete proti hmyzu"},"content":{"rendered":"<div class=\"wpb-content-wrapper\"><p>[vc_row][vc_column width=&#8221;2\/3&#8243;][vc_column_text]Rolovacie siete proti hmyzu s\u00fa vhodn\u00e9 nielen do klasick\u00fdch okien, ale aj do dvojkr\u00eddlov\u00fdch okien a balk\u00f3nov\u00fdch dver\u00ed. Sie\u0165 je mo\u017en\u00e9 pod\u013ea potreby vyrolova\u0165 a zastavi\u0165 v \u013eubovo\u013enej horizont\u00e1lnej alebo vertik\u00e1lnej polohe, pod\u013ea typu siete.<\/p>\n<p>Ve\u013ekou v\u00fdhodou rolovacej siete proti hmyzu je teda pohodln\u00e1 manipul\u00e1cia a praktickos\u0165. Pri nepriaznivom po\u010das\u00ed sa odpor\u00fa\u010da sie\u0165ovinu ukry\u0165 do hlin\u00edkov\u00e9ho bubna a t\u00fdm zamedzi\u0165 vystaveniu da\u017e\u010fu a pred\u013a\u017ei\u0165 tak \u017eivotnos\u0165 siete. Jednoduch\u00e1 manipul\u00e1cia a vysok\u00e1 kvalita jasne nazna\u010duje smer v\u00fdvoja v oblasti ochrany pred nepr\u00edjemn\u00fdm hmyzom.<\/p>\n<p>&nbsp;<\/p>\n<p>[\/vc_column_text][\/vc_column][vc_column width=&#8221;1\/3&#8243;][vc_column_text]<img decoding=\"async\" src=\"http:\/\/cedera-okna.sk\/wp-content\/uploads\/2011\/10\/insekto_mobil%20mensia.jpg\" alt=\"insekto_mobil mensia.jpg\" \/>[\/vc_column_text][\/vc_column][\/vc_row][vc_row][vc_column width=&#8221;1\/3&#8243;][vc_column_text]<img decoding=\"async\" src=\"http:\/\/cedera-okna.sk\/wp-content\/uploads\/2011\/10\/rolovacia%20siet.jpg\" alt=\"rolovacia siet.jpg\" \/>[\/vc_column_text][\/vc_column][vc_column width=&#8221;1\/3&#8243;][vc_column_text]<img decoding=\"async\" src=\"http:\/\/cedera-okna.sk\/wp-content\/uploads\/2011\/10\/8868_navijaciasietka-jpeg-1.jpg\" alt=\"8868_navijaciasietka-jpeg-1.jpg\" \/>[\/vc_column_text][\/vc_column][\/vc_row][vc_row css=&#8221;.vc_custom_1476801884880{margin-top: 50px !important;}&#8221;][vc_column][vc_column_text]<\/p>\n<h2 style=\"text-align: center;\">M\u00e1te z\u00e1ujem o rolovacie siete proti hmyzu alebo potrebujete poradi\u0165?<br \/>\nVypl\u0148te formul\u00e1r ni\u017e\u0161ie a ozveme sa v\u00e1m do 24 hod\u00edn.<\/h2>\n<p>[\/vc_column_text]\n<div class=\"wpcf7 no-js\" id=\"wpcf7-f2486-o1\" lang=\"sk-SK\" dir=\"ltr\" data-wpcf7-id=\"2486\">\n<div class=\"screen-reader-response\"><p role=\"status\" aria-live=\"polite\" aria-atomic=\"true\"><\/p> <ul><\/ul><\/div>\n<form action=\"\/sk\/wp-json\/wp\/v2\/pages\/92#wpcf7-f2486-o1\" method=\"post\" class=\"wpcf7-form init\" aria-label=\"Kontaktn\u00fd formul\u00e1r\" novalidate=\"novalidate\" data-status=\"init\">\n<fieldset class=\"hidden-fields-container\"><input type=\"hidden\" name=\"_wpcf7\" value=\"2486\" \/><input type=\"hidden\" name=\"_wpcf7_version\" value=\"6.1.5\" \/><input type=\"hidden\" name=\"_wpcf7_locale\" value=\"sk_SK\" \/><input type=\"hidden\" name=\"_wpcf7_unit_tag\" value=\"wpcf7-f2486-o1\" \/><input type=\"hidden\" name=\"_wpcf7_container_post\" value=\"0\" \/><input type=\"hidden\" name=\"_wpcf7_posted_data_hash\" value=\"\" \/><input type=\"hidden\" name=\"_wpcf7_recaptcha_response\" value=\"\" \/>\n<\/fieldset>\n<p><label><br \/>\n<span class=\"wpcf7-form-control-wrap\" data-name=\"your-name\"><input size=\"40\" maxlength=\"400\" class=\"wpcf7-form-control wpcf7-text wpcf7-validates-as-required\" aria-required=\"true\" aria-invalid=\"false\" placeholder=\"Meno*\" value=\"\" type=\"text\" name=\"your-name\" \/><\/span> <\/label>\n<\/p>\n<div class=\"sc_form_info columns_wrap\">\n\t<div class=\"sc_form_item sc_form_field label_over column-1_2\">\n\t\t<p><label><br \/>\n<span class=\"wpcf7-form-control-wrap\" data-name=\"your-telefon\"><input size=\"40\" maxlength=\"400\" class=\"wpcf7-form-control wpcf7-tel wpcf7-validates-as-required wpcf7-text wpcf7-validates-as-tel\" aria-required=\"true\" aria-invalid=\"false\" placeholder=\"Telef\u00f3n*\" value=\"\" type=\"tel\" name=\"your-telefon\" \/><\/span> <\/label>\n\t\t<\/p>\n\t<\/div>\n\t<div class=\"sc_form_item sc_form_field label_over column-1_2 pading0\">\n\t\t<p><label><br \/>\n<span class=\"wpcf7-form-control-wrap\" data-name=\"your-email\"><input size=\"40\" maxlength=\"400\" class=\"wpcf7-form-control wpcf7-email wpcf7-validates-as-required wpcf7-text wpcf7-validates-as-email\" aria-required=\"true\" aria-invalid=\"false\" placeholder=\"E-mail*\" value=\"\" type=\"email\" name=\"your-email\" \/><\/span><\/label>\n\t\t<\/p>\n\t<\/div>\n<\/div>\n<p><label><br \/>\n<span class=\"wpcf7-form-control-wrap\" data-name=\"your-message\"><textarea cols=\"40\" rows=\"10\" maxlength=\"2000\" class=\"wpcf7-form-control wpcf7-textarea\" aria-invalid=\"false\" placeholder=\"Pros\u00edm kontaktujte ma oh\u013eadom...\" name=\"your-message\"><\/textarea><\/span> <\/label>\n<\/p>\n<p><span class=\"wpcf7-form-control-wrap\" data-name=\"checkbox-597\"><span class=\"wpcf7-form-control wpcf7-checkbox wpcf7-validates-as-required\"><span class=\"wpcf7-list-item first last\"><input type=\"checkbox\" name=\"checkbox-597[]\" value=\"S\u00fahlas\u00edm so zpracovan\u00edm osobn\u00fdch \u00fadajov*\" \/><span class=\"wpcf7-list-item-label\">S\u00fahlas\u00edm so zpracovan\u00edm osobn\u00fdch \u00fadajov*<\/span><\/span><\/span><\/span>\n<\/p>\n<p><input class=\"wpcf7-form-control wpcf7-submit has-spinner\" type=\"submit\" value=\"Posla\u0165 po\u017eiadavku\" \/>\n<\/p>\n<p>*polo\u017eka je povinn\u00e1\n<\/p><div class=\"wpcf7-response-output\" aria-hidden=\"true\"><\/div>\n<\/form>\n<\/div>\n[\/vc_column][\/vc_row]<\/p>\n<\/div>","protected":false},"excerpt":{"rendered":"<p>[vc_row][vc_column width=&#8221;2\/3&#8243;][vc_column_text]Rolovacie siete proti hmyzu s\u00fa vhodn\u00e9 nielen do klasick\u00fdch okien, ale aj do dvojkr\u00eddlov\u00fdch okien a balk\u00f3nov\u00fdch dver\u00ed. Sie\u0165 je mo\u017en\u00e9 pod\u013ea potreby vyrolova\u0165 a zastavi\u0165 v \u013eubovo\u013enej horizont\u00e1lnej alebo vertik\u00e1lnej polohe, pod\u013ea typu siete. Ve\u013ekou v\u00fdhodou rolovacej siete proti hmyzu je teda pohodln\u00e1 manipul\u00e1cia a praktickos\u0165. Pri nepriaznivom po\u010das\u00ed sa odpor\u00fa\u010da sie\u0165ovinu ukry\u0165 [&hellip;]<\/p>\n","protected":false},"author":3,"featured_media":89,"parent":0,"menu_order":52,"comment_status":"closed","ping_status":"closed","template":"","meta":{"footnotes":""},"class_list":["post-92","page","type-page","status-publish","has-post-thumbnail","hentry"],"yoast_head":"<!-- This site is optimized with the Yoast SEO plugin v27.4 - https:\/\/yoast.com\/product\/yoast-seo-wordpress\/ -->\n<title>Rolovacie siete proti hmyzu | Cedera<\/title>\n<meta name=\"description\" content=\"Rolovacie siete proti hmyzu s\u00fa praktick\u00e9 a vhodn\u00e9 nielen do klasick\u00fdch okien, ale aj do dvojkr\u00eddlov\u00fdch okien a balk\u00f3nov\u00fdch dver\u00ed. Sie\u0165 je mo\u017en\u00e9 pod\u013ea potreby vyrolova\u0165.\" \/>\n<meta name=\"robots\" content=\"index, follow, max-snippet:-1, max-image-preview:large, max-video-preview:-1\" \/>\n<link rel=\"canonical\" href=\"https:\/\/www.cedera-okna.sk\/sk\/rolovacie-siete-proti-hmyzu\/\" \/>\n<meta property=\"og:locale\" content=\"sk_SK\" \/>\n<meta property=\"og:type\" content=\"article\" \/>\n<meta property=\"og:title\" content=\"Rolovacie siete proti hmyzu | Cedera\" \/>\n<meta property=\"og:description\" content=\"Rolovacie siete proti hmyzu s\u00fa praktick\u00e9 a vhodn\u00e9 nielen do klasick\u00fdch okien, ale aj do dvojkr\u00eddlov\u00fdch okien a balk\u00f3nov\u00fdch dver\u00ed. Sie\u0165 je mo\u017en\u00e9 pod\u013ea potreby vyrolova\u0165.\" \/>\n<meta property=\"og:url\" content=\"https:\/\/www.cedera-okna.sk\/sk\/rolovacie-siete-proti-hmyzu\/\" \/>\n<meta property=\"og:site_name\" content=\"Cedera\" \/>\n<meta property=\"article:publisher\" content=\"https:\/\/www.facebook.com\/okna.cedera\/\" \/>\n<meta property=\"article:modified_time\" content=\"2022-06-05T18:37:02+00:00\" \/>\n<meta name=\"twitter:label1\" content=\"Predpokladan\u00fd \u010das \u010d\u00edtania\" \/>\n\t<meta name=\"twitter:data1\" content=\"1 min\u00fata\" \/>\n<!-- \/ Yoast SEO plugin. -->","yoast_head_json":{"title":"Rolovacie siete proti hmyzu | Cedera","description":"Rolovacie siete proti hmyzu s\u00fa praktick\u00e9 a vhodn\u00e9 nielen do klasick\u00fdch okien, ale aj do dvojkr\u00eddlov\u00fdch okien a balk\u00f3nov\u00fdch dver\u00ed. Sie\u0165 je mo\u017en\u00e9 pod\u013ea potreby vyrolova\u0165.","robots":{"index":"index","follow":"follow","max-snippet":"max-snippet:-1","max-image-preview":"max-image-preview:large","max-video-preview":"max-video-preview:-1"},"canonical":"https:\/\/www.cedera-okna.sk\/sk\/rolovacie-siete-proti-hmyzu\/","og_locale":"sk_SK","og_type":"article","og_title":"Rolovacie siete proti hmyzu | Cedera","og_description":"Rolovacie siete proti hmyzu s\u00fa praktick\u00e9 a vhodn\u00e9 nielen do klasick\u00fdch okien, ale aj do dvojkr\u00eddlov\u00fdch okien a balk\u00f3nov\u00fdch dver\u00ed. Sie\u0165 je mo\u017en\u00e9 pod\u013ea potreby vyrolova\u0165.","og_url":"https:\/\/www.cedera-okna.sk\/sk\/rolovacie-siete-proti-hmyzu\/","og_site_name":"Cedera","article_publisher":"https:\/\/www.facebook.com\/okna.cedera\/","article_modified_time":"2022-06-05T18:37:02+00:00","twitter_misc":{"Predpokladan\u00fd \u010das \u010d\u00edtania":"1 min\u00fata"},"schema":{"@context":"https:\/\/schema.org","@graph":[{"@type":"WebPage","@id":"https:\/\/www.cedera-okna.sk\/sk\/rolovacie-siete-proti-hmyzu\/","url":"https:\/\/www.cedera-okna.sk\/sk\/rolovacie-siete-proti-hmyzu\/","name":"Rolovacie siete proti hmyzu | Cedera","isPartOf":{"@id":"https:\/\/www.cedera-okna.sk\/sk\/#website"},"primaryImageOfPage":{"@id":"https:\/\/www.cedera-okna.sk\/sk\/rolovacie-siete-proti-hmyzu\/#primaryimage"},"image":{"@id":"https:\/\/www.cedera-okna.sk\/sk\/rolovacie-siete-proti-hmyzu\/#primaryimage"},"thumbnailUrl":"","datePublished":"2011-10-27T08:36:17+00:00","dateModified":"2022-06-05T18:37:02+00:00","description":"Rolovacie siete proti hmyzu s\u00fa praktick\u00e9 a vhodn\u00e9 nielen do klasick\u00fdch okien, ale aj do dvojkr\u00eddlov\u00fdch okien a balk\u00f3nov\u00fdch dver\u00ed. Sie\u0165 je mo\u017en\u00e9 pod\u013ea potreby vyrolova\u0165.","breadcrumb":{"@id":"https:\/\/www.cedera-okna.sk\/sk\/rolovacie-siete-proti-hmyzu\/#breadcrumb"},"inLanguage":"sk-SK","potentialAction":[{"@type":"ReadAction","target":["https:\/\/www.cedera-okna.sk\/sk\/rolovacie-siete-proti-hmyzu\/"]}]},{"@type":"ImageObject","inLanguage":"sk-SK","@id":"https:\/\/www.cedera-okna.sk\/sk\/rolovacie-siete-proti-hmyzu\/#primaryimage","url":"","contentUrl":""},{"@type":"BreadcrumbList","@id":"https:\/\/www.cedera-okna.sk\/sk\/rolovacie-siete-proti-hmyzu\/#breadcrumb","itemListElement":[{"@type":"ListItem","position":1,"name":"Domovsk\u00e1 str\u00e1nka","item":"https:\/\/www.cedera-okna.sk\/sk\/"},{"@type":"ListItem","position":2,"name":"Rolovacie siete proti hmyzu"}]},{"@type":"WebSite","@id":"https:\/\/www.cedera-okna.sk\/sk\/#website","url":"https:\/\/www.cedera-okna.sk\/sk\/","name":"Cedera","description":"Plastov\u00e9 okn\u00e1 Bratislava","publisher":{"@id":"https:\/\/www.cedera-okna.sk\/sk\/#organization"},"potentialAction":[{"@type":"SearchAction","target":{"@type":"EntryPoint","urlTemplate":"https:\/\/www.cedera-okna.sk\/sk\/?s={search_term_string}"},"query-input":{"@type":"PropertyValueSpecification","valueRequired":true,"valueName":"search_term_string"}}],"inLanguage":"sk-SK"},{"@type":"Organization","@id":"https:\/\/www.cedera-okna.sk\/sk\/#organization","name":"CEDERA s.r.o.","url":"https:\/\/www.cedera-okna.sk\/sk\/","logo":{"@type":"ImageObject","inLanguage":"sk-SK","@id":"https:\/\/www.cedera-okna.sk\/sk\/#\/schema\/logo\/image\/","url":"https:\/\/www.cedera-okna.sk\/wp-content\/uploads\/2018\/10\/Cedera-logo.png","contentUrl":"https:\/\/www.cedera-okna.sk\/wp-content\/uploads\/2018\/10\/Cedera-logo.png","width":190,"height":66,"caption":"CEDERA s.r.o."},"image":{"@id":"https:\/\/www.cedera-okna.sk\/sk\/#\/schema\/logo\/image\/"},"sameAs":["https:\/\/www.facebook.com\/okna.cedera\/"]}]}},"_links":{"self":[{"href":"https:\/\/www.cedera-okna.sk\/sk\/wp-json\/wp\/v2\/pages\/92","targetHints":{"allow":["GET"]}}],"collection":[{"href":"https:\/\/www.cedera-okna.sk\/sk\/wp-json\/wp\/v2\/pages"}],"about":[{"href":"https:\/\/www.cedera-okna.sk\/sk\/wp-json\/wp\/v2\/types\/page"}],"author":[{"embeddable":true,"href":"https:\/\/www.cedera-okna.sk\/sk\/wp-json\/wp\/v2\/users\/3"}],"replies":[{"embeddable":true,"href":"https:\/\/www.cedera-okna.sk\/sk\/wp-json\/wp\/v2\/comments?post=92"}],"version-history":[{"count":9,"href":"https:\/\/www.cedera-okna.sk\/sk\/wp-json\/wp\/v2\/pages\/92\/revisions"}],"predecessor-version":[{"id":2647,"href":"https:\/\/www.cedera-okna.sk\/sk\/wp-json\/wp\/v2\/pages\/92\/revisions\/2647"}],"wp:featuredmedia":[{"embeddable":true,"href":"https:\/\/www.cedera-okna.sk\/sk\/wp-json\/"}],"wp:attachment":[{"href":"https:\/\/www.cedera-okna.sk\/sk\/wp-json\/wp\/v2\/media?parent=92"}],"curies":[{"name":"wp","href":"https:\/\/api.w.org\/{rel}","templated":true}]}}