{"id":88,"date":"2011-10-27T10:35:33","date_gmt":"2011-10-27T08:35:33","guid":{"rendered":"http:\/\/cedera-okna.sk\/index.php\/posuvne-siete\/"},"modified":"2022-06-05T20:45:16","modified_gmt":"2022-06-05T18:45:16","slug":"posuvna-sietka-proti-hmyzu-na-dvere","status":"publish","type":"page","link":"https:\/\/www.cedera-okna.sk\/sk\/posuvna-sietka-proti-hmyzu-na-dvere\/","title":{"rendered":"Posuvn\u00e9 siete proti hmyzu &#8211; posuvn\u00e9 sie\u0165ov\u00e9 dvere"},"content":{"rendered":"<div class=\"wpb-content-wrapper\"><p>[vc_row][vc_column][vc_column_text]<img decoding=\"async\" class=\"size-full wp-image-85 alignright\" style=\"float: right; margin-left: 30px; margin-right: 30px;\" src=\"http:\/\/cedera-okna.sk\/wp-content\/uploads\/2011\/10\/siete_proti_hmyzu_ndA-1.jpg\" alt=\"posuvn\u00e9 siete, doplnky\" width=\"162\" height=\"216\" border=\"0\" \/><\/p>\n<p>Nem\u00e1te dostatok priestoru na obstaranie otv\u00e1racej siete proti hmyzu? V\u00fdbornou alternat\u00edvou je posuvn\u00e1 sie\u0165 proti hmyzu. Umiestnenie posuvnej siete proti hmyzu odpor\u00fa\u010dame hlavne na balk\u00f3nov\u00e9 dvere a franc\u00fazske okn\u00e1, ale nach\u00e1dzaj\u00fa uplatnenie aj inde. Posuvn\u00e1 sie\u0165ka proti hmyzu je menej n\u00e1ro\u010dn\u00e1 na priestor, preto nach\u00e1dza uplatnenie tam, kde nie je mo\u017en\u00e9 pou\u017ei\u0165 otv\u00e1racie dvere alebo to neumo\u017e\u0148uj\u00fa priestorov\u00e9 alebo in\u00e9 d\u00f4vody.<\/p>\n<p>R\u00e1m kr\u00eddla siete je vyroben\u00fd z pevn\u00e9ho a odoln\u00e9ho materi\u00e1lu, rovnako tak ako vodiace li\u0161ty. Sie\u0165ovinu si m\u00f4\u017eete zvoli\u0165 v nieko\u013ek\u00fdch farebn\u00fdch aj zosilnen\u00fdch variantoch.<\/p>\n<p>Posuvn\u00e9 sie\u0165ov\u00e9 dvere sa vyzna\u010duj\u00fa jednoduchos\u0165ou, \u013eahkou manipul\u00e1ciou a priaznivou cenou. Cena a kvalita ich rob\u00ed jedn\u00fdm z ve\u013emi \u017eiadan\u00fdch doplnkov pre posuvn\u00e9 franc\u00fazske okn\u00e1 alebo balk\u00f3nov\u00e9 a terasov\u00e9 dvere.<\/p>\n<p><img decoding=\"async\" class=\" size-full wp-image-86\" src=\"http:\/\/cedera-okna.sk\/wp-content\/uploads\/2011\/10\/posuvne-1.jpg\" alt=\"doplnky na okn\u00e1, posuvn\u00e9 siete\" width=\"172\" height=\"127\" border=\"0\" \/><img decoding=\"async\" class=\" size-full wp-image-87\" style=\"margin-left: 50px; margin-right: 50px;\" src=\"http:\/\/cedera-okna.sk\/wp-content\/uploads\/2011\/10\/luxaflex-dverova3-1.jpg\" alt=\"plastov\u00e9 okn\u00e1, eurookn\u00e1\" width=\"172\" height=\"127\" border=\"0\" \/>[\/vc_column_text][\/vc_column][\/vc_row][vc_row css=&#8221;.vc_custom_1476801770661{margin-top: 50px !important;}&#8221;][vc_column][vc_column_text]<\/p>\n<h2 style=\"text-align: center;\">M\u00e1te z\u00e1ujem o posuvnou sie\u0165ku na dvere proti hmyzu alebo potrebujete poradi\u0165? Vypl\u0148te formul\u00e1r ni\u017e\u0161ie a ozveme sa v\u00e1m do 24 hod\u00edn.<\/h2>\n<p>[\/vc_column_text]\n<div class=\"wpcf7 no-js\" id=\"wpcf7-f2486-o1\" lang=\"sk-SK\" dir=\"ltr\" data-wpcf7-id=\"2486\">\n<div class=\"screen-reader-response\"><p role=\"status\" aria-live=\"polite\" aria-atomic=\"true\"><\/p> <ul><\/ul><\/div>\n<form action=\"\/sk\/wp-json\/wp\/v2\/pages\/88#wpcf7-f2486-o1\" method=\"post\" class=\"wpcf7-form init\" aria-label=\"Kontaktn\u00fd formul\u00e1r\" novalidate=\"novalidate\" data-status=\"init\">\n<fieldset class=\"hidden-fields-container\"><input type=\"hidden\" name=\"_wpcf7\" value=\"2486\" \/><input type=\"hidden\" name=\"_wpcf7_version\" value=\"6.1.5\" \/><input type=\"hidden\" name=\"_wpcf7_locale\" value=\"sk_SK\" \/><input type=\"hidden\" name=\"_wpcf7_unit_tag\" value=\"wpcf7-f2486-o1\" \/><input type=\"hidden\" name=\"_wpcf7_container_post\" value=\"0\" \/><input type=\"hidden\" name=\"_wpcf7_posted_data_hash\" value=\"\" \/><input type=\"hidden\" name=\"_wpcf7_recaptcha_response\" value=\"\" \/>\n<\/fieldset>\n<p><label><br \/>\n<span class=\"wpcf7-form-control-wrap\" data-name=\"your-name\"><input size=\"40\" maxlength=\"400\" class=\"wpcf7-form-control wpcf7-text wpcf7-validates-as-required\" aria-required=\"true\" aria-invalid=\"false\" placeholder=\"Meno*\" value=\"\" type=\"text\" name=\"your-name\" \/><\/span> <\/label>\n<\/p>\n<div class=\"sc_form_info columns_wrap\">\n\t<div class=\"sc_form_item sc_form_field label_over column-1_2\">\n\t\t<p><label><br \/>\n<span class=\"wpcf7-form-control-wrap\" data-name=\"your-telefon\"><input size=\"40\" maxlength=\"400\" class=\"wpcf7-form-control wpcf7-tel wpcf7-validates-as-required wpcf7-text wpcf7-validates-as-tel\" aria-required=\"true\" aria-invalid=\"false\" placeholder=\"Telef\u00f3n*\" value=\"\" type=\"tel\" name=\"your-telefon\" \/><\/span> <\/label>\n\t\t<\/p>\n\t<\/div>\n\t<div class=\"sc_form_item sc_form_field label_over column-1_2 pading0\">\n\t\t<p><label><br \/>\n<span class=\"wpcf7-form-control-wrap\" data-name=\"your-email\"><input size=\"40\" maxlength=\"400\" class=\"wpcf7-form-control wpcf7-email wpcf7-validates-as-required wpcf7-text wpcf7-validates-as-email\" aria-required=\"true\" aria-invalid=\"false\" placeholder=\"E-mail*\" value=\"\" type=\"email\" name=\"your-email\" \/><\/span><\/label>\n\t\t<\/p>\n\t<\/div>\n<\/div>\n<p><label><br \/>\n<span class=\"wpcf7-form-control-wrap\" data-name=\"your-message\"><textarea cols=\"40\" rows=\"10\" maxlength=\"2000\" class=\"wpcf7-form-control wpcf7-textarea\" aria-invalid=\"false\" placeholder=\"Pros\u00edm kontaktujte ma oh\u013eadom...\" name=\"your-message\"><\/textarea><\/span> <\/label>\n<\/p>\n<p><span class=\"wpcf7-form-control-wrap\" data-name=\"checkbox-597\"><span class=\"wpcf7-form-control wpcf7-checkbox wpcf7-validates-as-required\"><span class=\"wpcf7-list-item first last\"><input type=\"checkbox\" name=\"checkbox-597[]\" value=\"S\u00fahlas\u00edm so zpracovan\u00edm osobn\u00fdch \u00fadajov*\" \/><span class=\"wpcf7-list-item-label\">S\u00fahlas\u00edm so zpracovan\u00edm osobn\u00fdch \u00fadajov*<\/span><\/span><\/span><\/span>\n<\/p>\n<p><input class=\"wpcf7-form-control wpcf7-submit has-spinner\" type=\"submit\" value=\"Posla\u0165 po\u017eiadavku\" \/>\n<\/p>\n<p>*polo\u017eka je povinn\u00e1\n<\/p><div class=\"wpcf7-response-output\" aria-hidden=\"true\"><\/div>\n<\/form>\n<\/div>\n[\/vc_column][\/vc_row]<\/p>\n<\/div>","protected":false},"excerpt":{"rendered":"<p>[vc_row][vc_column][vc_column_text] Nem\u00e1te dostatok priestoru na obstaranie otv\u00e1racej siete proti hmyzu? V\u00fdbornou alternat\u00edvou je posuvn\u00e1 sie\u0165 proti hmyzu. Umiestnenie posuvnej siete proti hmyzu odpor\u00fa\u010dame hlavne na balk\u00f3nov\u00e9 dvere a franc\u00fazske okn\u00e1, ale nach\u00e1dzaj\u00fa uplatnenie aj inde. Posuvn\u00e1 sie\u0165ka proti hmyzu je menej n\u00e1ro\u010dn\u00e1 na priestor, preto nach\u00e1dza uplatnenie tam, kde nie je mo\u017en\u00e9 pou\u017ei\u0165 otv\u00e1racie dvere [&hellip;]<\/p>\n","protected":false},"author":3,"featured_media":85,"parent":0,"menu_order":53,"comment_status":"closed","ping_status":"closed","template":"","meta":{"footnotes":""},"class_list":["post-88","page","type-page","status-publish","has-post-thumbnail","hentry"],"yoast_head":"<!-- This site is optimized with the Yoast SEO plugin v27.4 - https:\/\/yoast.com\/product\/yoast-seo-wordpress\/ -->\n<title>Posuvn\u00e9 siete proti hmyzu - posuvn\u00e9 sie\u0165ov\u00e9 dvere | Cedera<\/title>\n<meta name=\"description\" content=\"Posuvn\u00e9 siete proti hmyzu pon\u00fakaj\u00fa v\u00fdborn\u00fa alternat\u00edvu pri nedostatku priestoru na klasick\u00e9 otv\u00e1ranie. V\u00fdborne sa hod\u00ed aj pre franc\u00fazske okn\u00e1.\" \/>\n<meta name=\"robots\" content=\"index, follow, max-snippet:-1, max-image-preview:large, max-video-preview:-1\" \/>\n<link rel=\"canonical\" href=\"https:\/\/www.cedera-okna.sk\/sk\/posuvna-sietka-proti-hmyzu-na-dvere\/\" \/>\n<meta property=\"og:locale\" content=\"sk_SK\" \/>\n<meta property=\"og:type\" content=\"article\" \/>\n<meta property=\"og:title\" content=\"Posuvn\u00e9 siete proti hmyzu - posuvn\u00e9 sie\u0165ov\u00e9 dvere | Cedera\" \/>\n<meta property=\"og:description\" content=\"Posuvn\u00e9 siete proti hmyzu pon\u00fakaj\u00fa v\u00fdborn\u00fa alternat\u00edvu pri nedostatku priestoru na klasick\u00e9 otv\u00e1ranie. V\u00fdborne sa hod\u00ed aj pre franc\u00fazske okn\u00e1.\" \/>\n<meta property=\"og:url\" content=\"https:\/\/www.cedera-okna.sk\/sk\/posuvna-sietka-proti-hmyzu-na-dvere\/\" \/>\n<meta property=\"og:site_name\" content=\"Cedera\" \/>\n<meta property=\"article:publisher\" content=\"https:\/\/www.facebook.com\/okna.cedera\/\" \/>\n<meta property=\"article:modified_time\" content=\"2022-06-05T18:45:16+00:00\" \/>\n<meta property=\"og:image\" content=\"https:\/\/www.cedera-okna.sk\/wp-content\/uploads\/2011\/10\/siete_proti_hmyzu_ndA-1.jpg\" \/>\n\t<meta property=\"og:image:width\" content=\"162\" \/>\n\t<meta property=\"og:image:height\" content=\"216\" \/>\n\t<meta property=\"og:image:type\" content=\"image\/jpeg\" \/>\n<meta name=\"twitter:label1\" content=\"Predpokladan\u00fd \u010das \u010d\u00edtania\" \/>\n\t<meta name=\"twitter:data1\" content=\"1 min\u00fata\" \/>\n<!-- \/ Yoast SEO plugin. -->","yoast_head_json":{"title":"Posuvn\u00e9 siete proti hmyzu - posuvn\u00e9 sie\u0165ov\u00e9 dvere | Cedera","description":"Posuvn\u00e9 siete proti hmyzu pon\u00fakaj\u00fa v\u00fdborn\u00fa alternat\u00edvu pri nedostatku priestoru na klasick\u00e9 otv\u00e1ranie. V\u00fdborne sa hod\u00ed aj pre franc\u00fazske okn\u00e1.","robots":{"index":"index","follow":"follow","max-snippet":"max-snippet:-1","max-image-preview":"max-image-preview:large","max-video-preview":"max-video-preview:-1"},"canonical":"https:\/\/www.cedera-okna.sk\/sk\/posuvna-sietka-proti-hmyzu-na-dvere\/","og_locale":"sk_SK","og_type":"article","og_title":"Posuvn\u00e9 siete proti hmyzu - posuvn\u00e9 sie\u0165ov\u00e9 dvere | Cedera","og_description":"Posuvn\u00e9 siete proti hmyzu pon\u00fakaj\u00fa v\u00fdborn\u00fa alternat\u00edvu pri nedostatku priestoru na klasick\u00e9 otv\u00e1ranie. V\u00fdborne sa hod\u00ed aj pre franc\u00fazske okn\u00e1.","og_url":"https:\/\/www.cedera-okna.sk\/sk\/posuvna-sietka-proti-hmyzu-na-dvere\/","og_site_name":"Cedera","article_publisher":"https:\/\/www.facebook.com\/okna.cedera\/","article_modified_time":"2022-06-05T18:45:16+00:00","og_image":[{"width":162,"height":216,"url":"https:\/\/www.cedera-okna.sk\/wp-content\/uploads\/2011\/10\/siete_proti_hmyzu_ndA-1.jpg","type":"image\/jpeg"}],"twitter_misc":{"Predpokladan\u00fd \u010das \u010d\u00edtania":"1 min\u00fata"},"schema":{"@context":"https:\/\/schema.org","@graph":[{"@type":"WebPage","@id":"https:\/\/www.cedera-okna.sk\/sk\/posuvna-sietka-proti-hmyzu-na-dvere\/","url":"https:\/\/www.cedera-okna.sk\/sk\/posuvna-sietka-proti-hmyzu-na-dvere\/","name":"Posuvn\u00e9 siete proti hmyzu - posuvn\u00e9 sie\u0165ov\u00e9 dvere | Cedera","isPartOf":{"@id":"https:\/\/www.cedera-okna.sk\/sk\/#website"},"primaryImageOfPage":{"@id":"https:\/\/www.cedera-okna.sk\/sk\/posuvna-sietka-proti-hmyzu-na-dvere\/#primaryimage"},"image":{"@id":"https:\/\/www.cedera-okna.sk\/sk\/posuvna-sietka-proti-hmyzu-na-dvere\/#primaryimage"},"thumbnailUrl":"https:\/\/www.cedera-okna.sk\/wp-content\/uploads\/2011\/10\/siete_proti_hmyzu_ndA-1.jpg","datePublished":"2011-10-27T08:35:33+00:00","dateModified":"2022-06-05T18:45:16+00:00","description":"Posuvn\u00e9 siete proti hmyzu pon\u00fakaj\u00fa v\u00fdborn\u00fa alternat\u00edvu pri nedostatku priestoru na klasick\u00e9 otv\u00e1ranie. V\u00fdborne sa hod\u00ed aj pre franc\u00fazske okn\u00e1.","breadcrumb":{"@id":"https:\/\/www.cedera-okna.sk\/sk\/posuvna-sietka-proti-hmyzu-na-dvere\/#breadcrumb"},"inLanguage":"sk-SK","potentialAction":[{"@type":"ReadAction","target":["https:\/\/www.cedera-okna.sk\/sk\/posuvna-sietka-proti-hmyzu-na-dvere\/"]}]},{"@type":"ImageObject","inLanguage":"sk-SK","@id":"https:\/\/www.cedera-okna.sk\/sk\/posuvna-sietka-proti-hmyzu-na-dvere\/#primaryimage","url":"https:\/\/www.cedera-okna.sk\/wp-content\/uploads\/2011\/10\/siete_proti_hmyzu_ndA-1.jpg","contentUrl":"https:\/\/www.cedera-okna.sk\/wp-content\/uploads\/2011\/10\/siete_proti_hmyzu_ndA-1.jpg","width":162,"height":216,"caption":"posuvn\u00e9 siete, doplnky"},{"@type":"BreadcrumbList","@id":"https:\/\/www.cedera-okna.sk\/sk\/posuvna-sietka-proti-hmyzu-na-dvere\/#breadcrumb","itemListElement":[{"@type":"ListItem","position":1,"name":"Domovsk\u00e1 str\u00e1nka","item":"https:\/\/www.cedera-okna.sk\/sk\/"},{"@type":"ListItem","position":2,"name":"Posuvn\u00e9 siete proti hmyzu &#8211; posuvn\u00e9 sie\u0165ov\u00e9 dvere"}]},{"@type":"WebSite","@id":"https:\/\/www.cedera-okna.sk\/sk\/#website","url":"https:\/\/www.cedera-okna.sk\/sk\/","name":"Cedera","description":"Plastov\u00e9 okn\u00e1 Bratislava","publisher":{"@id":"https:\/\/www.cedera-okna.sk\/sk\/#organization"},"potentialAction":[{"@type":"SearchAction","target":{"@type":"EntryPoint","urlTemplate":"https:\/\/www.cedera-okna.sk\/sk\/?s={search_term_string}"},"query-input":{"@type":"PropertyValueSpecification","valueRequired":true,"valueName":"search_term_string"}}],"inLanguage":"sk-SK"},{"@type":"Organization","@id":"https:\/\/www.cedera-okna.sk\/sk\/#organization","name":"CEDERA s.r.o.","url":"https:\/\/www.cedera-okna.sk\/sk\/","logo":{"@type":"ImageObject","inLanguage":"sk-SK","@id":"https:\/\/www.cedera-okna.sk\/sk\/#\/schema\/logo\/image\/","url":"https:\/\/www.cedera-okna.sk\/wp-content\/uploads\/2018\/10\/Cedera-logo.png","contentUrl":"https:\/\/www.cedera-okna.sk\/wp-content\/uploads\/2018\/10\/Cedera-logo.png","width":190,"height":66,"caption":"CEDERA s.r.o."},"image":{"@id":"https:\/\/www.cedera-okna.sk\/sk\/#\/schema\/logo\/image\/"},"sameAs":["https:\/\/www.facebook.com\/okna.cedera\/"]}]}},"_links":{"self":[{"href":"https:\/\/www.cedera-okna.sk\/sk\/wp-json\/wp\/v2\/pages\/88","targetHints":{"allow":["GET"]}}],"collection":[{"href":"https:\/\/www.cedera-okna.sk\/sk\/wp-json\/wp\/v2\/pages"}],"about":[{"href":"https:\/\/www.cedera-okna.sk\/sk\/wp-json\/wp\/v2\/types\/page"}],"author":[{"embeddable":true,"href":"https:\/\/www.cedera-okna.sk\/sk\/wp-json\/wp\/v2\/users\/3"}],"replies":[{"embeddable":true,"href":"https:\/\/www.cedera-okna.sk\/sk\/wp-json\/wp\/v2\/comments?post=88"}],"version-history":[{"count":6,"href":"https:\/\/www.cedera-okna.sk\/sk\/wp-json\/wp\/v2\/pages\/88\/revisions"}],"predecessor-version":[{"id":11255,"href":"https:\/\/www.cedera-okna.sk\/sk\/wp-json\/wp\/v2\/pages\/88\/revisions\/11255"}],"wp:featuredmedia":[{"embeddable":true,"href":"https:\/\/www.cedera-okna.sk\/sk\/wp-json\/wp\/v2\/media\/85"}],"wp:attachment":[{"href":"https:\/\/www.cedera-okna.sk\/sk\/wp-json\/wp\/v2\/media?parent=88"}],"curies":[{"name":"wp","href":"https:\/\/api.w.org\/{rel}","templated":true}]}}