{"id":84,"date":"2011-10-27T10:34:47","date_gmt":"2011-10-27T08:34:47","guid":{"rendered":"http:\/\/cedera-okna.sk\/index.php\/sietove-dvere\/"},"modified":"2022-06-05T20:28:28","modified_gmt":"2022-06-05T18:28:28","slug":"sietky-proti-hmyzu-dvere","status":"publish","type":"page","link":"https:\/\/www.cedera-okna.sk\/sk\/sietky-proti-hmyzu-dvere\/","title":{"rendered":"Sie\u0165ka proti hmyzu na balk\u00f3nov\u00e9 dvere &#8211; sie\u0165ov\u00e9 dvere"},"content":{"rendered":"<div class=\"wpb-content-wrapper\"><p>[vc_row][vc_column][vc_column_text]<img decoding=\"async\" class=\" alignright size-full wp-image-81\" style=\"float: right; margin-left: 30px; margin-right: 30px;\" src=\"http:\/\/cedera-okna.sk\/wp-content\/uploads\/2011\/10\/odklapave-2.jpg\" width=\"162\" height=\"216\" border=\"0\" \/><\/p>\n<p>Sie\u0165ka na balk\u00f3nov\u00e9 dvere v\u00e1s ochr\u00e1ni pred nepozvan\u00fdm hmyzom v\u0161etk\u00e9ho druhu. Sie\u0165ka proti hmyzu na dvere je takmer nevyhnutnou ochranou proti hmyzu v miestnostiach s frekventovan\u00fdm vstupom na balk\u00f3n alebo terasu. Sie\u0165ov\u00e9 dvere s\u00fa ur\u010den\u00e9 ako do balk\u00f3nov\u00fdch dver\u00ed, tak do okien v\u00e4\u010d\u0161\u00edch rozmerov. S\u00fa vhodn\u00e9 pre otv\u00e1racie syst\u00e9my.<\/p>\n<p>Sie\u0165ka na dvere je jedn\u00fdm z najpou\u017e\u00edvanej\u0161\u00edch doplnkov ur\u010den\u00fdch pre terasov\u00e9 a balk\u00f3nov\u00e9 dvere. Sie\u0165ov\u00e9 dvere proti hmyzu sa v \u0161tandardnom preveden\u00ed v\u010faka p\u00e1ntom otv\u00e1raj\u00fa od 0 do 90 stup\u0148ov.<\/p>\n<p><img decoding=\"async\" class=\" size-full wp-image-82\" src=\"http:\/\/cedera-okna.sk\/wp-content\/uploads\/2011\/10\/sietove%20dvere%202.jpg\" width=\"180\" height=\"135\" border=\"0\" \/><img decoding=\"async\" class=\" size-full wp-image-83\" style=\"margin-left: 50px; margin-right: 50px;\" src=\"http:\/\/cedera-okna.sk\/wp-content\/uploads\/2011\/10\/siet%20dvere22.jpg\" width=\"180\" height=\"135\" border=\"0\" \/>[\/vc_column_text][\/vc_column][\/vc_row][vc_row css=&#8221;.vc_custom_1476801605666{margin-top: 50px !important;}&#8221;][vc_column][vc_column_text]<\/p>\n<h2 style=\"text-align: center;\">M\u00e1te z\u00e1ujem o sie\u0165ky na dvere proti hmyzu alebo potrebujete poradi\u0165?<br \/>\nVypl\u0148te formul\u00e1r ni\u017e\u0161ie a ozveme sa v\u00e1m do 24 hod\u00edn.<\/h2>\n<p>[\/vc_column_text]\n<div class=\"wpcf7 no-js\" id=\"wpcf7-f2486-o1\" lang=\"sk-SK\" dir=\"ltr\" data-wpcf7-id=\"2486\">\n<div class=\"screen-reader-response\"><p role=\"status\" aria-live=\"polite\" aria-atomic=\"true\"><\/p> <ul><\/ul><\/div>\n<form action=\"\/sk\/wp-json\/wp\/v2\/pages\/84#wpcf7-f2486-o1\" method=\"post\" class=\"wpcf7-form init\" aria-label=\"Kontaktn\u00fd formul\u00e1r\" novalidate=\"novalidate\" data-status=\"init\">\n<fieldset class=\"hidden-fields-container\"><input type=\"hidden\" name=\"_wpcf7\" value=\"2486\" \/><input type=\"hidden\" name=\"_wpcf7_version\" value=\"6.1.5\" \/><input type=\"hidden\" name=\"_wpcf7_locale\" value=\"sk_SK\" \/><input type=\"hidden\" name=\"_wpcf7_unit_tag\" value=\"wpcf7-f2486-o1\" \/><input type=\"hidden\" name=\"_wpcf7_container_post\" value=\"0\" \/><input type=\"hidden\" name=\"_wpcf7_posted_data_hash\" value=\"\" \/><input type=\"hidden\" name=\"_wpcf7_recaptcha_response\" value=\"\" \/>\n<\/fieldset>\n<p><label><br \/>\n<span class=\"wpcf7-form-control-wrap\" data-name=\"your-name\"><input size=\"40\" maxlength=\"400\" class=\"wpcf7-form-control wpcf7-text wpcf7-validates-as-required\" aria-required=\"true\" aria-invalid=\"false\" placeholder=\"Meno*\" value=\"\" type=\"text\" name=\"your-name\" \/><\/span> <\/label>\n<\/p>\n<div class=\"sc_form_info columns_wrap\">\n\t<div class=\"sc_form_item sc_form_field label_over column-1_2\">\n\t\t<p><label><br \/>\n<span class=\"wpcf7-form-control-wrap\" data-name=\"your-telefon\"><input size=\"40\" maxlength=\"400\" class=\"wpcf7-form-control wpcf7-tel wpcf7-validates-as-required wpcf7-text wpcf7-validates-as-tel\" aria-required=\"true\" aria-invalid=\"false\" placeholder=\"Telef\u00f3n*\" value=\"\" type=\"tel\" name=\"your-telefon\" \/><\/span> <\/label>\n\t\t<\/p>\n\t<\/div>\n\t<div class=\"sc_form_item sc_form_field label_over column-1_2 pading0\">\n\t\t<p><label><br \/>\n<span class=\"wpcf7-form-control-wrap\" data-name=\"your-email\"><input size=\"40\" maxlength=\"400\" class=\"wpcf7-form-control wpcf7-email wpcf7-validates-as-required wpcf7-text wpcf7-validates-as-email\" aria-required=\"true\" aria-invalid=\"false\" placeholder=\"E-mail*\" value=\"\" type=\"email\" name=\"your-email\" \/><\/span><\/label>\n\t\t<\/p>\n\t<\/div>\n<\/div>\n<p><label><br \/>\n<span class=\"wpcf7-form-control-wrap\" data-name=\"your-message\"><textarea cols=\"40\" rows=\"10\" maxlength=\"2000\" class=\"wpcf7-form-control wpcf7-textarea\" aria-invalid=\"false\" placeholder=\"Pros\u00edm kontaktujte ma oh\u013eadom...\" name=\"your-message\"><\/textarea><\/span> <\/label>\n<\/p>\n<p><span class=\"wpcf7-form-control-wrap\" data-name=\"checkbox-597\"><span class=\"wpcf7-form-control wpcf7-checkbox wpcf7-validates-as-required\"><span class=\"wpcf7-list-item first last\"><input type=\"checkbox\" name=\"checkbox-597[]\" value=\"S\u00fahlas\u00edm so zpracovan\u00edm osobn\u00fdch \u00fadajov*\" \/><span class=\"wpcf7-list-item-label\">S\u00fahlas\u00edm so zpracovan\u00edm osobn\u00fdch \u00fadajov*<\/span><\/span><\/span><\/span>\n<\/p>\n<p><input class=\"wpcf7-form-control wpcf7-submit has-spinner\" type=\"submit\" value=\"Posla\u0165 po\u017eiadavku\" \/>\n<\/p>\n<p>*polo\u017eka je povinn\u00e1\n<\/p><div class=\"wpcf7-response-output\" aria-hidden=\"true\"><\/div>\n<\/form>\n<\/div>\n[\/vc_column][\/vc_row]<\/p>\n<\/div>","protected":false},"excerpt":{"rendered":"<p>[vc_row][vc_column][vc_column_text] Sie\u0165ka na balk\u00f3nov\u00e9 dvere v\u00e1s ochr\u00e1ni pred nepozvan\u00fdm hmyzom v\u0161etk\u00e9ho druhu. Sie\u0165ka proti hmyzu na dvere je takmer nevyhnutnou ochranou proti hmyzu v miestnostiach s frekventovan\u00fdm vstupom na balk\u00f3n alebo terasu. Sie\u0165ov\u00e9 dvere s\u00fa ur\u010den\u00e9 ako do balk\u00f3nov\u00fdch dver\u00ed, tak do okien v\u00e4\u010d\u0161\u00edch rozmerov. S\u00fa vhodn\u00e9 pre otv\u00e1racie syst\u00e9my. Sie\u0165ka na dvere je jedn\u00fdm [&hellip;]<\/p>\n","protected":false},"author":3,"featured_media":81,"parent":0,"menu_order":54,"comment_status":"closed","ping_status":"closed","template":"","meta":{"footnotes":""},"class_list":["post-84","page","type-page","status-publish","has-post-thumbnail","hentry"],"yoast_head":"<!-- This site is optimized with the Yoast SEO plugin v27.5 - https:\/\/yoast.com\/product\/yoast-seo-wordpress\/ -->\n<title>Sie\u0165ka proti hmyzu na balk\u00f3nov\u00e9 dvere - sie\u0165ov\u00e9 dvere | Cedera<\/title>\n<meta name=\"description\" content=\"Sie\u0165ka proti hmyzu na dvere v\u00e1s ochr\u00e1ni pred nepozvan\u00fdm hmyzom a je nevyhnutnou s\u00fa\u010das\u0165ou balk\u00f3nov\u00fdch alebo terasov\u00fdch dver\u00ed. Pon\u00fakame sie\u0165ov\u00e9 dvere na mieru.\" \/>\n<meta name=\"robots\" content=\"index, follow, max-snippet:-1, max-image-preview:large, max-video-preview:-1\" \/>\n<link rel=\"canonical\" href=\"https:\/\/www.cedera-okna.sk\/sk\/sietky-proti-hmyzu-dvere\/\" \/>\n<meta property=\"og:locale\" content=\"sk_SK\" \/>\n<meta property=\"og:type\" content=\"article\" \/>\n<meta property=\"og:title\" content=\"Sie\u0165ka proti hmyzu na balk\u00f3nov\u00e9 dvere - sie\u0165ov\u00e9 dvere | Cedera\" \/>\n<meta property=\"og:description\" content=\"Sie\u0165ka proti hmyzu na dvere v\u00e1s ochr\u00e1ni pred nepozvan\u00fdm hmyzom a je nevyhnutnou s\u00fa\u010das\u0165ou balk\u00f3nov\u00fdch alebo terasov\u00fdch dver\u00ed. Pon\u00fakame sie\u0165ov\u00e9 dvere na mieru.\" \/>\n<meta property=\"og:url\" content=\"https:\/\/www.cedera-okna.sk\/sk\/sietky-proti-hmyzu-dvere\/\" \/>\n<meta property=\"og:site_name\" content=\"Cedera\" \/>\n<meta property=\"article:publisher\" content=\"https:\/\/www.facebook.com\/okna.cedera\/\" \/>\n<meta property=\"article:modified_time\" content=\"2022-06-05T18:28:28+00:00\" \/>\n<meta property=\"og:image\" content=\"https:\/\/www.cedera-okna.sk\/wp-content\/uploads\/2011\/10\/odklapave-2.jpg\" \/>\n\t<meta property=\"og:image:width\" content=\"162\" \/>\n\t<meta property=\"og:image:height\" content=\"216\" \/>\n\t<meta property=\"og:image:type\" content=\"image\/jpeg\" \/>\n<meta name=\"twitter:label1\" content=\"Predpokladan\u00fd \u010das \u010d\u00edtania\" \/>\n\t<meta name=\"twitter:data1\" content=\"1 min\u00fata\" \/>\n<!-- \/ Yoast SEO plugin. -->","yoast_head_json":{"title":"Sie\u0165ka proti hmyzu na balk\u00f3nov\u00e9 dvere - sie\u0165ov\u00e9 dvere | Cedera","description":"Sie\u0165ka proti hmyzu na dvere v\u00e1s ochr\u00e1ni pred nepozvan\u00fdm hmyzom a je nevyhnutnou s\u00fa\u010das\u0165ou balk\u00f3nov\u00fdch alebo terasov\u00fdch dver\u00ed. Pon\u00fakame sie\u0165ov\u00e9 dvere na mieru.","robots":{"index":"index","follow":"follow","max-snippet":"max-snippet:-1","max-image-preview":"max-image-preview:large","max-video-preview":"max-video-preview:-1"},"canonical":"https:\/\/www.cedera-okna.sk\/sk\/sietky-proti-hmyzu-dvere\/","og_locale":"sk_SK","og_type":"article","og_title":"Sie\u0165ka proti hmyzu na balk\u00f3nov\u00e9 dvere - sie\u0165ov\u00e9 dvere | Cedera","og_description":"Sie\u0165ka proti hmyzu na dvere v\u00e1s ochr\u00e1ni pred nepozvan\u00fdm hmyzom a je nevyhnutnou s\u00fa\u010das\u0165ou balk\u00f3nov\u00fdch alebo terasov\u00fdch dver\u00ed. Pon\u00fakame sie\u0165ov\u00e9 dvere na mieru.","og_url":"https:\/\/www.cedera-okna.sk\/sk\/sietky-proti-hmyzu-dvere\/","og_site_name":"Cedera","article_publisher":"https:\/\/www.facebook.com\/okna.cedera\/","article_modified_time":"2022-06-05T18:28:28+00:00","og_image":[{"width":162,"height":216,"url":"https:\/\/www.cedera-okna.sk\/wp-content\/uploads\/2011\/10\/odklapave-2.jpg","type":"image\/jpeg"}],"twitter_misc":{"Predpokladan\u00fd \u010das \u010d\u00edtania":"1 min\u00fata"},"schema":{"@context":"https:\/\/schema.org","@graph":[{"@type":"WebPage","@id":"https:\/\/www.cedera-okna.sk\/sk\/sietky-proti-hmyzu-dvere\/","url":"https:\/\/www.cedera-okna.sk\/sk\/sietky-proti-hmyzu-dvere\/","name":"Sie\u0165ka proti hmyzu na balk\u00f3nov\u00e9 dvere - sie\u0165ov\u00e9 dvere | Cedera","isPartOf":{"@id":"https:\/\/www.cedera-okna.sk\/sk\/#website"},"primaryImageOfPage":{"@id":"https:\/\/www.cedera-okna.sk\/sk\/sietky-proti-hmyzu-dvere\/#primaryimage"},"image":{"@id":"https:\/\/www.cedera-okna.sk\/sk\/sietky-proti-hmyzu-dvere\/#primaryimage"},"thumbnailUrl":"https:\/\/www.cedera-okna.sk\/wp-content\/uploads\/2011\/10\/odklapave-2.jpg","datePublished":"2011-10-27T08:34:47+00:00","dateModified":"2022-06-05T18:28:28+00:00","description":"Sie\u0165ka proti hmyzu na dvere v\u00e1s ochr\u00e1ni pred nepozvan\u00fdm hmyzom a je nevyhnutnou s\u00fa\u010das\u0165ou balk\u00f3nov\u00fdch alebo terasov\u00fdch dver\u00ed. Pon\u00fakame sie\u0165ov\u00e9 dvere na mieru.","breadcrumb":{"@id":"https:\/\/www.cedera-okna.sk\/sk\/sietky-proti-hmyzu-dvere\/#breadcrumb"},"inLanguage":"sk-SK","potentialAction":[{"@type":"ReadAction","target":["https:\/\/www.cedera-okna.sk\/sk\/sietky-proti-hmyzu-dvere\/"]}]},{"@type":"ImageObject","inLanguage":"sk-SK","@id":"https:\/\/www.cedera-okna.sk\/sk\/sietky-proti-hmyzu-dvere\/#primaryimage","url":"https:\/\/www.cedera-okna.sk\/wp-content\/uploads\/2011\/10\/odklapave-2.jpg","contentUrl":"https:\/\/www.cedera-okna.sk\/wp-content\/uploads\/2011\/10\/odklapave-2.jpg","width":162,"height":216},{"@type":"BreadcrumbList","@id":"https:\/\/www.cedera-okna.sk\/sk\/sietky-proti-hmyzu-dvere\/#breadcrumb","itemListElement":[{"@type":"ListItem","position":1,"name":"Domovsk\u00e1 str\u00e1nka","item":"https:\/\/www.cedera-okna.sk\/sk\/"},{"@type":"ListItem","position":2,"name":"Sie\u0165ka proti hmyzu na balk\u00f3nov\u00e9 dvere &#8211; sie\u0165ov\u00e9 dvere"}]},{"@type":"WebSite","@id":"https:\/\/www.cedera-okna.sk\/sk\/#website","url":"https:\/\/www.cedera-okna.sk\/sk\/","name":"Cedera","description":"Plastov\u00e9 okn\u00e1 Bratislava","publisher":{"@id":"https:\/\/www.cedera-okna.sk\/sk\/#organization"},"potentialAction":[{"@type":"SearchAction","target":{"@type":"EntryPoint","urlTemplate":"https:\/\/www.cedera-okna.sk\/sk\/?s={search_term_string}"},"query-input":{"@type":"PropertyValueSpecification","valueRequired":true,"valueName":"search_term_string"}}],"inLanguage":"sk-SK"},{"@type":"Organization","@id":"https:\/\/www.cedera-okna.sk\/sk\/#organization","name":"CEDERA s.r.o.","url":"https:\/\/www.cedera-okna.sk\/sk\/","logo":{"@type":"ImageObject","inLanguage":"sk-SK","@id":"https:\/\/www.cedera-okna.sk\/sk\/#\/schema\/logo\/image\/","url":"https:\/\/www.cedera-okna.sk\/wp-content\/uploads\/2018\/10\/Cedera-logo.png","contentUrl":"https:\/\/www.cedera-okna.sk\/wp-content\/uploads\/2018\/10\/Cedera-logo.png","width":190,"height":66,"caption":"CEDERA s.r.o."},"image":{"@id":"https:\/\/www.cedera-okna.sk\/sk\/#\/schema\/logo\/image\/"},"sameAs":["https:\/\/www.facebook.com\/okna.cedera\/"]}]}},"_links":{"self":[{"href":"https:\/\/www.cedera-okna.sk\/sk\/wp-json\/wp\/v2\/pages\/84","targetHints":{"allow":["GET"]}}],"collection":[{"href":"https:\/\/www.cedera-okna.sk\/sk\/wp-json\/wp\/v2\/pages"}],"about":[{"href":"https:\/\/www.cedera-okna.sk\/sk\/wp-json\/wp\/v2\/types\/page"}],"author":[{"embeddable":true,"href":"https:\/\/www.cedera-okna.sk\/sk\/wp-json\/wp\/v2\/users\/3"}],"replies":[{"embeddable":true,"href":"https:\/\/www.cedera-okna.sk\/sk\/wp-json\/wp\/v2\/comments?post=84"}],"version-history":[{"count":8,"href":"https:\/\/www.cedera-okna.sk\/sk\/wp-json\/wp\/v2\/pages\/84\/revisions"}],"predecessor-version":[{"id":11252,"href":"https:\/\/www.cedera-okna.sk\/sk\/wp-json\/wp\/v2\/pages\/84\/revisions\/11252"}],"wp:featuredmedia":[{"embeddable":true,"href":"https:\/\/www.cedera-okna.sk\/sk\/wp-json\/wp\/v2\/media\/81"}],"wp:attachment":[{"href":"https:\/\/www.cedera-okna.sk\/sk\/wp-json\/wp\/v2\/media?parent=84"}],"curies":[{"name":"wp","href":"https:\/\/api.w.org\/{rel}","templated":true}]}}