{"id":66,"date":"2011-10-27T10:22:37","date_gmt":"2011-10-27T08:22:37","guid":{"rendered":"http:\/\/cedera-okna.sk\/index.php\/rolety\/"},"modified":"2023-03-10T20:37:19","modified_gmt":"2023-03-10T19:37:19","slug":"vonkajsie-rolety-okna","status":"publish","type":"page","link":"https:\/\/www.cedera-okna.sk\/sk\/vonkajsie-rolety-okna\/","title":{"rendered":"Vonkaj\u0161ie rolety na okn\u00e1"},"content":{"rendered":"<div class=\"wpb-content-wrapper\"><p>[vc_row][vc_column][vc_column_text]<\/p>\n<h2>Vyu\u017eitie vonkaj\u0161\u00edch roliet na okn\u00e1<\/h2>\n<p>Vonkaj\u0161ie rolety na okn\u00e1 v\u00e1s nielen ochr\u00e1nia pred siln\u00fdmi slne\u010dn\u00fdmi l\u00fa\u010dmi, ale v\u010faka svojim izola\u010dn\u00fdm vlastnostiam aj pred chladn\u00fdm \u010di hor\u00facim po\u010das\u00edm vonkaj\u0161ieho okolia.<\/p>\n<h2><\/h2>\n<p>[\/vc_column_text][\/vc_column][\/vc_row][vc_row][vc_column width=&#8221;2\/3&#8243;][vc_column_text]<\/p>\n<h2>Hlin\u00edkov\u00e9 rolety<\/h2>\n<p>U hlin\u00edkov\u00fdch roliet treba vyzdvihn\u00fa\u0165 hlavne ich dobr\u00e9<span class=\"apple-converted-space\">\u00a0<\/span><strong>izola\u010dn\u00e9 vlastnost<\/strong>i. V lete v\u00e1s ochr\u00e1nia pred<span class=\"apple-converted-space\">\u00a0<\/span><strong>extr\u00e9mnymi teplotami<\/strong><span class=\"apple-converted-space\">\u00a0<\/span>a v zime zredukuj\u00fa tepeln\u00e9 straty priestorov na minimum. Hlin\u00edkov\u00e9 rolety umo\u017e\u0148uj\u00fa<span class=\"apple-converted-space\">\u00a0<\/span><strong>dokonal\u00e9 zatienenie<\/strong><span class=\"apple-converted-space\">\u00a0<\/span>a tie\u017e zni\u017euj\u00fa prich\u00e1dzaj\u00faci hluk. Ovl\u00e1danie je rie\u0161en\u00e9 elektrick\u00fdm pohonom a dia\u013ekov\u00fdm ,alebo centr\u00e1lnym ovl\u00e1dan\u00edm.[\/vc_column_text][\/vc_column][vc_column width=&#8221;1\/3&#8243;][vc_column_text]<img decoding=\"async\" class=\"size-full\" src=\"http:\/\/cedera-okna.sk\/images\/web\/rolety-2@.jpg\" alt=\"plastov\u00e9 okn\u00e1, eurookn\u00e1\" width=\"172\" height=\"127\" border=\"0\" \/>[\/vc_column_text][\/vc_column][\/vc_row][vc_row][vc_column width=&#8221;2\/3&#8243;][vc_column_text]<\/p>\n<h2>Nadokenn\u00e9 rolety<\/h2>\n<p>Lamelov\u00fd box nadokenn\u00fdch roliet je<span class=\"apple-converted-space\">\u00a0<\/span><strong>elegantne<\/strong><span class=\"apple-converted-space\">\u00a0<\/span>umiestnen\u00fd nad oknom a je mo\u017en\u00e9 ho \u010diasto\u010dne alebo \u00faplne zaomietnu\u0165, tak\u017ee nakoniec ho nie je v\u00f4bec vidie\u0165.<span class=\"apple-converted-space\">\u00a0<\/span><strong>V\u00fdhodou<\/strong><span class=\"apple-converted-space\">\u00a0<\/span>tohoto syst\u00e9mu je, \u017ee rolety sa montuj\u00fa naraz s oknami a nemus\u00ed sa v\u0155ta\u0165 diera cez r\u00e1m okna. \u010eal\u0161ou v\u00fdhodou je to, \u017ee sa daj\u00fa osadi\u0165 aj do star\u0161\u00edch tehlov\u00fdch a panelov\u00fdch domov bez pr\u00edpravy otvoru na roletov\u00fd box.[\/vc_column_text][\/vc_column][vc_column width=&#8221;1\/3&#8243;][vc_column_text]<img decoding=\"async\" class=\"size-full wp-image-63 alignleft\" src=\"http:\/\/cedera-okna.sk\/wp-content\/uploads\/2011\/10\/default_big.jpg\" alt=\"doplnky, rolety, plastov\u00e9 okn\u00e1\" width=\"172\" height=\"127\" border=\"0\" \/>[\/vc_column_text][\/vc_column][\/vc_row][vc_row][vc_column width=&#8221;2\/3&#8243;][vc_column_text]<\/p>\n<h2>Podomietkov\u00e9 rolety<\/h2>\n<p>Podomietkov\u00e9 rolety zabezpe\u010duj\u00fa<span class=\"apple-converted-space\"><strong>\u00a0<\/strong><\/span><strong>dokonal\u00fd vzh\u013ead a funk\u010dnos\u0165<\/strong>. Je to z n\u00e1\u0161ho poh\u013eadu to najdokonalej\u0161ie rie\u0161enie pri stavbe rodinn\u00e9ho domu. Je potrebn\u00e9 ma\u0165 prisp\u00f4soben\u00fd projekt tomuto rie\u0161eniu. Na rolety mus\u00ed by\u0165 vynechan\u00e9 miesto nad okenn\u00fdm otvorom.<\/p>\n<h2><\/h2>\n<p>[\/vc_column_text][\/vc_column][vc_column width=&#8221;1\/3&#8243;][vc_column_text]<img decoding=\"async\" class=\"size-full wp-image-64 alignleft\" src=\"http:\/\/cedera-okna.sk\/wp-content\/uploads\/2011\/10\/podomietka01_big-1.jpg\" alt=\"plastov\u00e9 okn\u00e1, rolety\" width=\"172\" height=\"127\" border=\"0\" \/>[\/vc_column_text][\/vc_column][\/vc_row][vc_row][vc_column width=&#8221;2\/3&#8243;][vc_column_text]<\/p>\n<h2>Predokenn\u00e9 rolety<\/h2>\n<p>Predokenn\u00fa roletu tvor\u00ed roletov\u00fd pancier, box a vodiace li\u0161ty. Pancier je s\u00fabor lamiel vyplnen\u00fdch polyuret\u00e1novou penou. Dod\u00e1vaj\u00fa sa v mnoh\u00fdch RAL farb\u00e1ch a imit\u00e1ci\u00e1ch dreva. Hlin\u00edkov\u00e9 vodiace li\u0161ty sa pripev\u0148uj\u00fa do r\u00e1mu okna alebo ostenia a s\u00fa dod\u00e1van\u00e9 vo viactvarov\u00fdch prevedeniach umo\u017e\u0148uj\u00facich\u00a0<strong>optim\u00e1lne osadenie rolety<\/strong>. Roletov\u00fd box je vyroben\u00fd z valcovan\u00e9ho hlin\u00edka a je dod\u00e1van\u00fd v troch ve\u013ekostiach, v z\u00e1vislosti na v\u00fd\u0161ke rolety. Be\u017en\u00fdm doplnkom roliet dnes b\u00fdva motorov\u00e9 ovl\u00e1danie s mo\u017enos\u0165ou skupinov\u00e9ho riadenia jednotliv\u00fdch roliet a centr\u00e1lnym ovl\u00e1dan\u00edm, pr\u00edpadne s napojen\u00edm na meteostanicu.[\/vc_column_text][\/vc_column][vc_column width=&#8221;1\/3&#8243;][vc_column_text]<img decoding=\"async\" class=\"size-full wp-image-65 alignleft\" src=\"http:\/\/cedera-okna.sk\/wp-content\/uploads\/2011\/10\/alrolety11_big-1.jpg\" alt=\"plastov\u00e9 okn\u00e1, eurookn\u00e1, doplnky\" width=\"172\" height=\"127\" border=\"0\" \/>[\/vc_column_text][\/vc_column][\/vc_row][vc_row css=&#8221;.vc_custom_1476801154860{margin-top: 50px !important;}&#8221;][vc_column][vc_column_text]<\/p>\n<h2 style=\"text-align: center;\">M\u00e1te z\u00e1ujem o nov\u00e9 <span class=\"HwtZe\" lang=\"sk\"><span class=\"jCAhz ChMk0b C1N51c\"><span class=\"ryNqvb\">vonkaj\u0161ie<\/span><\/span><\/span> rolety alebo potrebujete poradi\u0165 s v\u00fdberom?<br \/>\nVypl\u0148te formul\u00e1r ni\u017e\u0161ie a ozveme sa v\u00e1m do 24 hod\u00edn.<\/h2>\n<p>[\/vc_column_text]\n<div class=\"wpcf7 no-js\" id=\"wpcf7-f2486-o1\" lang=\"sk-SK\" dir=\"ltr\" data-wpcf7-id=\"2486\">\n<div class=\"screen-reader-response\"><p role=\"status\" aria-live=\"polite\" aria-atomic=\"true\"><\/p> <ul><\/ul><\/div>\n<form action=\"\/sk\/wp-json\/wp\/v2\/pages\/66#wpcf7-f2486-o1\" method=\"post\" class=\"wpcf7-form init\" aria-label=\"Kontaktn\u00fd formul\u00e1r\" novalidate=\"novalidate\" data-status=\"init\">\n<fieldset class=\"hidden-fields-container\"><input type=\"hidden\" name=\"_wpcf7\" value=\"2486\" \/><input type=\"hidden\" name=\"_wpcf7_version\" value=\"6.1.5\" \/><input type=\"hidden\" name=\"_wpcf7_locale\" value=\"sk_SK\" \/><input type=\"hidden\" name=\"_wpcf7_unit_tag\" value=\"wpcf7-f2486-o1\" \/><input type=\"hidden\" name=\"_wpcf7_container_post\" value=\"0\" \/><input type=\"hidden\" name=\"_wpcf7_posted_data_hash\" value=\"\" \/><input type=\"hidden\" name=\"_wpcf7_recaptcha_response\" value=\"\" \/>\n<\/fieldset>\n<p><label><br \/>\n<span class=\"wpcf7-form-control-wrap\" data-name=\"your-name\"><input size=\"40\" maxlength=\"400\" class=\"wpcf7-form-control wpcf7-text wpcf7-validates-as-required\" aria-required=\"true\" aria-invalid=\"false\" placeholder=\"Meno*\" value=\"\" type=\"text\" name=\"your-name\" \/><\/span> <\/label>\n<\/p>\n<div class=\"sc_form_info columns_wrap\">\n\t<div class=\"sc_form_item sc_form_field label_over column-1_2\">\n\t\t<p><label><br \/>\n<span class=\"wpcf7-form-control-wrap\" data-name=\"your-telefon\"><input size=\"40\" maxlength=\"400\" class=\"wpcf7-form-control wpcf7-tel wpcf7-validates-as-required wpcf7-text wpcf7-validates-as-tel\" aria-required=\"true\" aria-invalid=\"false\" placeholder=\"Telef\u00f3n*\" value=\"\" type=\"tel\" name=\"your-telefon\" \/><\/span> <\/label>\n\t\t<\/p>\n\t<\/div>\n\t<div class=\"sc_form_item sc_form_field label_over column-1_2 pading0\">\n\t\t<p><label><br \/>\n<span class=\"wpcf7-form-control-wrap\" data-name=\"your-email\"><input size=\"40\" maxlength=\"400\" class=\"wpcf7-form-control wpcf7-email wpcf7-validates-as-required wpcf7-text wpcf7-validates-as-email\" aria-required=\"true\" aria-invalid=\"false\" placeholder=\"E-mail*\" value=\"\" type=\"email\" name=\"your-email\" \/><\/span><\/label>\n\t\t<\/p>\n\t<\/div>\n<\/div>\n<p><label><br \/>\n<span class=\"wpcf7-form-control-wrap\" data-name=\"your-message\"><textarea cols=\"40\" rows=\"10\" maxlength=\"2000\" class=\"wpcf7-form-control wpcf7-textarea\" aria-invalid=\"false\" placeholder=\"Pros\u00edm kontaktujte ma oh\u013eadom...\" name=\"your-message\"><\/textarea><\/span> <\/label>\n<\/p>\n<p><span class=\"wpcf7-form-control-wrap\" data-name=\"checkbox-597\"><span class=\"wpcf7-form-control wpcf7-checkbox wpcf7-validates-as-required\"><span class=\"wpcf7-list-item first last\"><input type=\"checkbox\" name=\"checkbox-597[]\" value=\"S\u00fahlas\u00edm so zpracovan\u00edm osobn\u00fdch \u00fadajov*\" \/><span class=\"wpcf7-list-item-label\">S\u00fahlas\u00edm so zpracovan\u00edm osobn\u00fdch \u00fadajov*<\/span><\/span><\/span><\/span>\n<\/p>\n<p><input class=\"wpcf7-form-control wpcf7-submit has-spinner\" type=\"submit\" value=\"Posla\u0165 po\u017eiadavku\" \/>\n<\/p>\n<p>*polo\u017eka je povinn\u00e1\n<\/p><div class=\"wpcf7-response-output\" aria-hidden=\"true\"><\/div>\n<\/form>\n<\/div>\n[\/vc_column][\/vc_row]<\/p>\n<\/div>","protected":false},"excerpt":{"rendered":"<p>[vc_row][vc_column][vc_column_text] Vyu\u017eitie vonkaj\u0161\u00edch roliet na okn\u00e1 Vonkaj\u0161ie rolety na okn\u00e1 v\u00e1s nielen ochr\u00e1nia pred siln\u00fdmi slne\u010dn\u00fdmi l\u00fa\u010dmi, ale v\u010faka svojim izola\u010dn\u00fdm vlastnostiam aj pred chladn\u00fdm \u010di hor\u00facim po\u010das\u00edm vonkaj\u0161ieho okolia. [\/vc_column_text][\/vc_column][\/vc_row][vc_row][vc_column width=&#8221;2\/3&#8243;][vc_column_text] Hlin\u00edkov\u00e9 rolety U hlin\u00edkov\u00fdch roliet treba vyzdvihn\u00fa\u0165 hlavne ich dobr\u00e9\u00a0izola\u010dn\u00e9 vlastnosti. V lete v\u00e1s ochr\u00e1nia pred\u00a0extr\u00e9mnymi teplotami\u00a0a v zime zredukuj\u00fa tepeln\u00e9 straty priestorov [&hellip;]<\/p>\n","protected":false},"author":3,"featured_media":0,"parent":0,"menu_order":59,"comment_status":"closed","ping_status":"closed","template":"","meta":{"footnotes":""},"class_list":["post-66","page","type-page","status-publish","hentry"],"yoast_head":"<!-- This site is optimized with the Yoast SEO plugin v27.4 - https:\/\/yoast.com\/product\/yoast-seo-wordpress\/ -->\n<title>Vonkaj\u0161ie rolety na okn\u00e1 | Cedera<\/title>\n<meta name=\"description\" content=\"Nielen\u017ee v\u00e1m vonkaj\u0161ie rolety ochr\u00e1nia okn\u00e1, ale pri osvetlen\u00fdch uliciach sa v\u00e1m bude lep\u0161ie spa\u0165 a br\u00e1nia aj hmyzu pred znepr\u00edjem\u0148ovan\u00edm sp\u00e1nku.\" \/>\n<meta name=\"robots\" content=\"index, follow, max-snippet:-1, max-image-preview:large, max-video-preview:-1\" \/>\n<link rel=\"canonical\" href=\"https:\/\/www.cedera-okna.sk\/sk\/vonkajsie-rolety-okna\/\" \/>\n<meta property=\"og:locale\" content=\"sk_SK\" \/>\n<meta property=\"og:type\" content=\"article\" \/>\n<meta property=\"og:title\" content=\"Vonkaj\u0161ie rolety na okn\u00e1 | Cedera\" \/>\n<meta property=\"og:description\" content=\"Nielen\u017ee v\u00e1m vonkaj\u0161ie rolety ochr\u00e1nia okn\u00e1, ale pri osvetlen\u00fdch uliciach sa v\u00e1m bude lep\u0161ie spa\u0165 a br\u00e1nia aj hmyzu pred znepr\u00edjem\u0148ovan\u00edm sp\u00e1nku.\" \/>\n<meta property=\"og:url\" content=\"https:\/\/www.cedera-okna.sk\/sk\/vonkajsie-rolety-okna\/\" \/>\n<meta property=\"og:site_name\" content=\"Cedera\" \/>\n<meta property=\"article:publisher\" content=\"https:\/\/www.facebook.com\/okna.cedera\/\" \/>\n<meta property=\"article:modified_time\" content=\"2023-03-10T19:37:19+00:00\" \/>\n<meta property=\"og:image\" content=\"http:\/\/cedera-okna.sk\/images\/web\/rolety-2@.jpg\" \/>\n<meta name=\"twitter:label1\" content=\"Predpokladan\u00fd \u010das \u010d\u00edtania\" \/>\n\t<meta name=\"twitter:data1\" content=\"3 min\u00faty\" \/>\n<!-- \/ Yoast SEO plugin. -->","yoast_head_json":{"title":"Vonkaj\u0161ie rolety na okn\u00e1 | Cedera","description":"Nielen\u017ee v\u00e1m vonkaj\u0161ie rolety ochr\u00e1nia okn\u00e1, ale pri osvetlen\u00fdch uliciach sa v\u00e1m bude lep\u0161ie spa\u0165 a br\u00e1nia aj hmyzu pred znepr\u00edjem\u0148ovan\u00edm sp\u00e1nku.","robots":{"index":"index","follow":"follow","max-snippet":"max-snippet:-1","max-image-preview":"max-image-preview:large","max-video-preview":"max-video-preview:-1"},"canonical":"https:\/\/www.cedera-okna.sk\/sk\/vonkajsie-rolety-okna\/","og_locale":"sk_SK","og_type":"article","og_title":"Vonkaj\u0161ie rolety na okn\u00e1 | Cedera","og_description":"Nielen\u017ee v\u00e1m vonkaj\u0161ie rolety ochr\u00e1nia okn\u00e1, ale pri osvetlen\u00fdch uliciach sa v\u00e1m bude lep\u0161ie spa\u0165 a br\u00e1nia aj hmyzu pred znepr\u00edjem\u0148ovan\u00edm sp\u00e1nku.","og_url":"https:\/\/www.cedera-okna.sk\/sk\/vonkajsie-rolety-okna\/","og_site_name":"Cedera","article_publisher":"https:\/\/www.facebook.com\/okna.cedera\/","article_modified_time":"2023-03-10T19:37:19+00:00","og_image":[{"url":"http:\/\/cedera-okna.sk\/images\/web\/rolety-2@.jpg","type":"","width":"","height":""}],"twitter_misc":{"Predpokladan\u00fd \u010das \u010d\u00edtania":"3 min\u00faty"},"schema":{"@context":"https:\/\/schema.org","@graph":[{"@type":"WebPage","@id":"https:\/\/www.cedera-okna.sk\/sk\/vonkajsie-rolety-okna\/","url":"https:\/\/www.cedera-okna.sk\/sk\/vonkajsie-rolety-okna\/","name":"Vonkaj\u0161ie rolety na okn\u00e1 | Cedera","isPartOf":{"@id":"https:\/\/www.cedera-okna.sk\/sk\/#website"},"primaryImageOfPage":{"@id":"https:\/\/www.cedera-okna.sk\/sk\/vonkajsie-rolety-okna\/#primaryimage"},"image":{"@id":"https:\/\/www.cedera-okna.sk\/sk\/vonkajsie-rolety-okna\/#primaryimage"},"thumbnailUrl":"http:\/\/cedera-okna.sk\/images\/web\/rolety-2@.jpg","datePublished":"2011-10-27T08:22:37+00:00","dateModified":"2023-03-10T19:37:19+00:00","description":"Nielen\u017ee v\u00e1m vonkaj\u0161ie rolety ochr\u00e1nia okn\u00e1, ale pri osvetlen\u00fdch uliciach sa v\u00e1m bude lep\u0161ie spa\u0165 a br\u00e1nia aj hmyzu pred znepr\u00edjem\u0148ovan\u00edm sp\u00e1nku.","breadcrumb":{"@id":"https:\/\/www.cedera-okna.sk\/sk\/vonkajsie-rolety-okna\/#breadcrumb"},"inLanguage":"sk-SK","potentialAction":[{"@type":"ReadAction","target":["https:\/\/www.cedera-okna.sk\/sk\/vonkajsie-rolety-okna\/"]}]},{"@type":"ImageObject","inLanguage":"sk-SK","@id":"https:\/\/www.cedera-okna.sk\/sk\/vonkajsie-rolety-okna\/#primaryimage","url":"http:\/\/cedera-okna.sk\/images\/web\/rolety-2@.jpg","contentUrl":"http:\/\/cedera-okna.sk\/images\/web\/rolety-2@.jpg"},{"@type":"BreadcrumbList","@id":"https:\/\/www.cedera-okna.sk\/sk\/vonkajsie-rolety-okna\/#breadcrumb","itemListElement":[{"@type":"ListItem","position":1,"name":"Domovsk\u00e1 str\u00e1nka","item":"https:\/\/www.cedera-okna.sk\/sk\/"},{"@type":"ListItem","position":2,"name":"Vonkaj\u0161ie rolety na okn\u00e1"}]},{"@type":"WebSite","@id":"https:\/\/www.cedera-okna.sk\/sk\/#website","url":"https:\/\/www.cedera-okna.sk\/sk\/","name":"Cedera","description":"Plastov\u00e9 okn\u00e1 Bratislava","publisher":{"@id":"https:\/\/www.cedera-okna.sk\/sk\/#organization"},"potentialAction":[{"@type":"SearchAction","target":{"@type":"EntryPoint","urlTemplate":"https:\/\/www.cedera-okna.sk\/sk\/?s={search_term_string}"},"query-input":{"@type":"PropertyValueSpecification","valueRequired":true,"valueName":"search_term_string"}}],"inLanguage":"sk-SK"},{"@type":"Organization","@id":"https:\/\/www.cedera-okna.sk\/sk\/#organization","name":"CEDERA s.r.o.","url":"https:\/\/www.cedera-okna.sk\/sk\/","logo":{"@type":"ImageObject","inLanguage":"sk-SK","@id":"https:\/\/www.cedera-okna.sk\/sk\/#\/schema\/logo\/image\/","url":"https:\/\/www.cedera-okna.sk\/wp-content\/uploads\/2018\/10\/Cedera-logo.png","contentUrl":"https:\/\/www.cedera-okna.sk\/wp-content\/uploads\/2018\/10\/Cedera-logo.png","width":190,"height":66,"caption":"CEDERA s.r.o."},"image":{"@id":"https:\/\/www.cedera-okna.sk\/sk\/#\/schema\/logo\/image\/"},"sameAs":["https:\/\/www.facebook.com\/okna.cedera\/"]}]}},"_links":{"self":[{"href":"https:\/\/www.cedera-okna.sk\/sk\/wp-json\/wp\/v2\/pages\/66","targetHints":{"allow":["GET"]}}],"collection":[{"href":"https:\/\/www.cedera-okna.sk\/sk\/wp-json\/wp\/v2\/pages"}],"about":[{"href":"https:\/\/www.cedera-okna.sk\/sk\/wp-json\/wp\/v2\/types\/page"}],"author":[{"embeddable":true,"href":"https:\/\/www.cedera-okna.sk\/sk\/wp-json\/wp\/v2\/users\/3"}],"replies":[{"embeddable":true,"href":"https:\/\/www.cedera-okna.sk\/sk\/wp-json\/wp\/v2\/comments?post=66"}],"version-history":[{"count":11,"href":"https:\/\/www.cedera-okna.sk\/sk\/wp-json\/wp\/v2\/pages\/66\/revisions"}],"predecessor-version":[{"id":12427,"href":"https:\/\/www.cedera-okna.sk\/sk\/wp-json\/wp\/v2\/pages\/66\/revisions\/12427"}],"wp:attachment":[{"href":"https:\/\/www.cedera-okna.sk\/sk\/wp-json\/wp\/v2\/media?parent=66"}],"curies":[{"name":"wp","href":"https:\/\/api.w.org\/{rel}","templated":true}]}}