{"id":6430,"date":"2019-02-09T21:02:18","date_gmt":"2019-02-09T20:02:18","guid":{"rendered":"http:\/\/cedera-okna.sk\/sk\/?page_id=6430"},"modified":"2025-05-04T13:41:03","modified_gmt":"2025-05-04T11:41:03","slug":"vstupne-vchodove-dvere-bratislava","status":"publish","type":"page","link":"https:\/\/www.cedera-okna.sk\/sk\/vstupne-vchodove-dvere-bratislava\/","title":{"rendered":"Vchodov\u00e9 dvere do domu"},"content":{"rendered":"<div class=\"wpb-content-wrapper\"><p>[vc_row][vc_column][vc_column_text css=&#8221;&#8221;]<strong>Vonkaj\u0161ie vchodov\u00e9 dvere do domu s\u00fa d\u00f4le\u017eit\u00fdm prvkom nielen z h\u013eadiska funk\u010dnosti, ale tie\u017e z estetiky a bezpe\u010dnosti. Firma Cedera sa mont\u00e1\u017eou dver\u00ed a okien na z\u00e1kazku zaober\u00e1 u\u017e viac ako 14 rokov.<\/strong>[\/vc_column_text][\/vc_column][\/vc_row][vc_row][vc_column][vc_column_text css=&#8221;&#8221;]<\/p>\n<h2>V ak\u00fdch materi\u00e1loch pon\u00fakame vonkaj\u0161ie vchodov\u00e9 dvere<\/h2>\n<ul>\n<li><a href=\"https:\/\/www.cedera-okna.sk\/sk\/plastove-vchodove-dvere\/\">Plastov\u00e9 vchodov\u00e9 dvere<\/a><\/li>\n<li><a href=\"https:\/\/www.cedera-okna.sk\/sk\/hlinikove-vchodove-dvere\/\">Hlin\u00edkov\u00e9 vchodov\u00e9 dvere<\/a><\/li>\n<li><a href=\"https:\/\/www.cedera-okna.sk\/sk\/drevene-vchodove-dvere\/\">Dreven\u00e9 vchodov\u00e9 dvere<\/a><\/li>\n<\/ul>\n<p>[\/vc_column_text][\/vc_column][\/vc_row][vc_row][vc_column][vc_column_text css=&#8221;&#8221;]<\/p>\n<h2>Vonkaj\u0161ie vchodov\u00e9 dvere ozdobia a ochr\u00e1nia v\u00e1\u0161 dom<\/h2>\n<p>Pred\u00e1vame a montujeme vchodov\u00e9 dvere zo v\u0161etk\u00fdch materi\u00e1lov. Priprav\u00edme pre v\u00e1s tie\u017e dvere na mieru. Ani atypick\u00e9 rie\u0161enia nie s\u00fa \u017eiadnym probl\u00e9mom. A\u00a0pokia\u013e m\u00e1te nejak\u00e9 ot\u00e1zky, radi v\u00e1m ich zodpovedia na\u0161i vy\u0161kolen\u00ed predajcovia.<\/p>\n<p><img decoding=\"async\" class=\"alignnone wp-image-6451 size-large\" src=\"https:\/\/www.cedera-okna.sk\/wp-content\/uploads\/2019\/02\/IMG_9382-1024x683.jpg\" alt=\"Okn\u00e1 a dvere do rodinn\u00e9ho domu\" width=\"1024\" height=\"683\" srcset=\"https:\/\/www.cedera-okna.sk\/wp-content\/uploads\/2019\/02\/IMG_9382-1024x683.jpg 1024w, https:\/\/www.cedera-okna.sk\/wp-content\/uploads\/2019\/02\/IMG_9382-300x200.jpg 300w, https:\/\/www.cedera-okna.sk\/wp-content\/uploads\/2019\/02\/IMG_9382-768x512.jpg 768w, https:\/\/www.cedera-okna.sk\/wp-content\/uploads\/2019\/02\/IMG_9382-870x580.jpg 870w, https:\/\/www.cedera-okna.sk\/wp-content\/uploads\/2019\/02\/IMG_9382-390x260.jpg 390w, https:\/\/www.cedera-okna.sk\/wp-content\/uploads\/2019\/02\/IMG_9382-1170x780.jpg 1170w\" sizes=\"(max-width: 1024px) 100vw, 1024px\" \/><\/p>\n<h2>Ak\u00e9 vchodov\u00e9 dvere pre v\u00e1s vieme urobi\u0165?<\/h2>\n<p><a href=\"https:\/\/www.cedera-okna.sk\/sk\/drevene-vchodove-dvere\/\"><strong>Dreven\u00e9 vchodov\u00e9 dvere<\/strong><\/a>. Ak h\u013ead\u00e1te originalitu okorenen\u00fa gr\u00e1ciou, <strong>dreven\u00fd mas\u00edv<\/strong>, ktor\u00fd do v\u00e1\u0161ho domova vnesie pr\u00edrodn\u00fa atmosf\u00e9ru, je pre v\u00e1s t\u00fdm prav\u00fdm materi\u00e1lom. M\u00f4\u017eete siahnu\u0165 po smrekovej, dubovej \u010di bukovej dyhe. Dvere tie\u017e zdob\u00ed bezbari\u00e9rov\u00e1 z\u00e1rub\u0148a rozli\u010dn\u00fdch tvarov a\u00a0\u0161\u00edrok prisp\u00f4soben\u00e1 v\u00e1\u0161mu \u017eelaniu.<\/p>\n<p><a href=\"https:\/\/www.cedera-okna.sk\/sk\/plastove-vchodove-dvere\/\"><strong>Plastov\u00e9 vchodov\u00e9 dvere<\/strong><\/a>. Druhou mo\u017enos\u0165ou s\u00fa dvere plastov\u00e9. \u0160irok\u00e1 \u0161k\u00e1la dekorov pon\u00faka imit\u00e1cie dreva, hlin\u00edka a\u00a0\u010fal\u0161\u00edch tradi\u010dn\u00fdch aj netradi\u010dn\u00fdch povrchov. \u010co do praktick\u00fdch vlastnost\u00ed, plastov\u00e9 dvere s\u00fa skvel\u00fdmi tepeln\u00fdmi izolantmi, ich profily sa nedeformuj\u00fa, jednoducho sa udr\u017eiavaj\u00fa v\u00a0dobrom stave a\u00a0vydr\u017eia v\u00e1m aj nieko\u013eko desiatok rokov.<\/p>\n<p><a href=\"https:\/\/www.cedera-okna.sk\/sk\/hlinikove-vchodove-dvere\/\"><strong>Hlin\u00edkov\u00e9 vchodov\u00e9 dvere<\/strong><\/a>. Hlin\u00edkov\u00e9 vchodov\u00e9 dvere sa vyzna\u010duj\u00fa kon\u0161truk\u010dnou pevnos\u0165ou, tvarovou st\u00e1los\u0165ou a presn\u00fdm pohybom. Hlin\u00edkov\u00e9 dvere s\u00fa pova\u017eovan\u00e9 sa skvel\u00fd tepeln\u00fd a zvukov\u00fd izolant v\u010faka kvalitn\u00e9mu tesneniu, ktor\u00e9 br\u00e1ni \u00fanikom tepla a nepr\u00edjemn\u00e9mu hluku z ulice. S\u00fa preto vhodn\u00e9 do n\u00edzkoenergetick\u00fdch a pas\u00edvnych domov.<\/p>\n<p><strong>Drevohlin\u00edkov\u00e9 vchodov\u00e9 dvere. <\/strong>Drevohlin\u00edkov\u00e9 vchodov\u00e9 dvere vytv\u00e1raj\u00fa vo vstupnej \u010dasti domu pr\u00edjemn\u00fa atmosf\u00e9ru. Nez\u00e1le\u017e\u00ed na tom, \u010di sa rozhodnete pre povrch v smreku, smrekovci, dube, jasene alebo orechu \u2013 v\u0161etky vyvol\u00e1vaj\u00fa dojem \u00fatulnosti a tepla. V\u010faka spojeniu dreva, termopeny a hlin\u00edka pon\u00fakaj\u00fa dvere \u010fal\u0161iu v\u00fdhodu &#8211; s\u00fa vhodn\u00e9 pre n\u00edzkoenergetick\u00e9 a pas\u00edvne domy.<\/p>\n<p>&nbsp;<\/p>\n<p>[\/vc_column_text][\/vc_column][\/vc_row][vc_row][vc_column][vc_column_text]<\/p>\n<div id=\"promo-box\">Sme rodinn\u00e1 firma, ktor\u00e1 na trhu p\u00f4sob\u00ed u\u017e 14 rokov. Dlhoro\u010dn\u00e9 sk\u00fasenosti s mont\u00e1\u017eou okien a dver\u00ed n\u00e1m pomohli dosta\u0165 sa medzi \u0161pi\u010dku nielen doma v Bratislave, ale aj v zahrani\u010d\u00ed. Okrem vchodov\u00fdch dver\u00ed vyr\u00e1bame tie\u017e\u00a0<strong><a href=\"https:\/\/www.cedera-okna.sk\/sk\/plastove-okna-bratislava\/\">plastov\u00e9<\/a>,\u00a0<\/strong><strong><a href=\"http:\/\/cedera-okna.sk\/sk\/drevohlinikove-okna\/\">drevohlin\u00edkov\u00e9<\/a><\/strong>\u00a0alebo\u00a0<strong><a href=\"https:\/\/www.cedera-okna.sk\/sk\/eurookna-drevene-okna\/\">dreven\u00e9 okn\u00e1<\/a><\/strong>\u00a0\u010di r\u00f4zne doplnky, medzi ktor\u00fdmi n\u00e1jdete \u017eal\u00fazie, rolety, siete proti hmyzu, gar\u00e1\u017eov\u00e9 br\u00e1ny \u010di mark\u00edzy.<\/div>\n<p>[\/vc_column_text][\/vc_column][\/vc_row][vc_row][vc_column][vc_column_text]<\/p>\n<h2>Dvere pod\u013ea v\u00fdroby<\/h2>\n<p>Zauj\u00edmav\u00e9 s\u00fa bez poch\u00fdb <strong>dvere s\u00a0prie\u010dkami<\/strong>, ktor\u00e9 m\u00f4\u017eu by\u0165 umiestnen\u00e9 bu\u010f horizont\u00e1lne, vertik\u00e1lne alebo \u0161ikmo. Vytvoren\u00e9 polia p\u00f4sobia elegantne, \u0161t\u00fdlovo a\u00a0s\u00fa vysaden\u00e9 izola\u010dn\u00fdm sklom. M\u00f4\u017ee \u00eds\u0165 o\u00a0ornament\u00e1lne, \u010d\u00edre alebo matn\u00e9 sklo.<\/p>\n<p>Pokia\u013e sa rozhodnete pre praktick\u00fd variant, m\u00f4\u017eete voli\u0165 <strong>dvere s plastovou v\u00fdpl\u0148ou<\/strong>, ktor\u00e1 je cenovo dostupn\u00e1, lamin\u00e1tovou, v\u00fdpl\u0148ou vysoko odolnou, stabilnou a bohatou na dekorat\u00edvne prvky, \u010di sklolamin\u00e1tovou v\u00fdpl\u0148ou zaradenou medzi najkvalitnej\u0161ie s najdlh\u0161ou \u017eivotnos\u0165ou.<\/p>\n<p>M\u00e1te vlastn\u00fa predstavu o tom, ako by va\u0161e vchodov\u00e9 dvere mali vyzera\u0165? Pode\u013ete sa o \u0148u. \u0160ikovn\u00e9 ruky na\u0161ich majstrov v\u00e1\u0161 n\u00e1vrh zhmotnia a dver\u00e1m vd\u00fdchnu \u017eivot.[\/vc_column_text][\/vc_column][\/vc_row][vc_row][vc_column][vc_column_text]<\/p>\n<h2 style=\"text-align: center;\">M\u00e1te z\u00e1ujem o nov\u00e9 vchodov\u00e9 dvere do domu alebo si necha\u0165 poradi\u0165?<br \/>\nVypl\u0148te formul\u00e1r ni\u017e\u0161ie a ozveme sa v\u00e1m do 24 hod\u00edn.<\/h2>\n<p>[\/vc_column_text]\n<div class=\"wpcf7 no-js\" id=\"wpcf7-f2486-o1\" lang=\"sk-SK\" dir=\"ltr\" data-wpcf7-id=\"2486\">\n<div class=\"screen-reader-response\"><p role=\"status\" aria-live=\"polite\" aria-atomic=\"true\"><\/p> <ul><\/ul><\/div>\n<form action=\"\/sk\/wp-json\/wp\/v2\/pages\/6430#wpcf7-f2486-o1\" method=\"post\" class=\"wpcf7-form init\" aria-label=\"Kontaktn\u00fd formul\u00e1r\" novalidate=\"novalidate\" data-status=\"init\">\n<fieldset class=\"hidden-fields-container\"><input type=\"hidden\" name=\"_wpcf7\" value=\"2486\" \/><input type=\"hidden\" name=\"_wpcf7_version\" value=\"6.1.5\" \/><input type=\"hidden\" name=\"_wpcf7_locale\" value=\"sk_SK\" \/><input type=\"hidden\" name=\"_wpcf7_unit_tag\" value=\"wpcf7-f2486-o1\" \/><input type=\"hidden\" name=\"_wpcf7_container_post\" value=\"0\" \/><input type=\"hidden\" name=\"_wpcf7_posted_data_hash\" value=\"\" \/><input type=\"hidden\" name=\"_wpcf7_recaptcha_response\" value=\"\" \/>\n<\/fieldset>\n<p><label><br \/>\n<span class=\"wpcf7-form-control-wrap\" data-name=\"your-name\"><input size=\"40\" maxlength=\"400\" class=\"wpcf7-form-control wpcf7-text wpcf7-validates-as-required\" aria-required=\"true\" aria-invalid=\"false\" placeholder=\"Meno*\" value=\"\" type=\"text\" name=\"your-name\" \/><\/span> <\/label>\n<\/p>\n<div class=\"sc_form_info columns_wrap\">\n\t<div class=\"sc_form_item sc_form_field label_over column-1_2\">\n\t\t<p><label><br \/>\n<span class=\"wpcf7-form-control-wrap\" data-name=\"your-telefon\"><input size=\"40\" maxlength=\"400\" class=\"wpcf7-form-control wpcf7-tel wpcf7-validates-as-required wpcf7-text wpcf7-validates-as-tel\" aria-required=\"true\" aria-invalid=\"false\" placeholder=\"Telef\u00f3n*\" value=\"\" type=\"tel\" name=\"your-telefon\" \/><\/span> <\/label>\n\t\t<\/p>\n\t<\/div>\n\t<div class=\"sc_form_item sc_form_field label_over column-1_2 pading0\">\n\t\t<p><label><br \/>\n<span class=\"wpcf7-form-control-wrap\" data-name=\"your-email\"><input size=\"40\" maxlength=\"400\" class=\"wpcf7-form-control wpcf7-email wpcf7-validates-as-required wpcf7-text wpcf7-validates-as-email\" aria-required=\"true\" aria-invalid=\"false\" placeholder=\"E-mail*\" value=\"\" type=\"email\" name=\"your-email\" \/><\/span><\/label>\n\t\t<\/p>\n\t<\/div>\n<\/div>\n<p><label><br \/>\n<span class=\"wpcf7-form-control-wrap\" data-name=\"your-message\"><textarea cols=\"40\" rows=\"10\" maxlength=\"2000\" class=\"wpcf7-form-control wpcf7-textarea\" aria-invalid=\"false\" placeholder=\"Pros\u00edm kontaktujte ma oh\u013eadom...\" name=\"your-message\"><\/textarea><\/span> <\/label>\n<\/p>\n<p><span class=\"wpcf7-form-control-wrap\" data-name=\"checkbox-597\"><span class=\"wpcf7-form-control wpcf7-checkbox wpcf7-validates-as-required\"><span class=\"wpcf7-list-item first last\"><input type=\"checkbox\" name=\"checkbox-597[]\" value=\"S\u00fahlas\u00edm so zpracovan\u00edm osobn\u00fdch \u00fadajov*\" \/><span class=\"wpcf7-list-item-label\">S\u00fahlas\u00edm so zpracovan\u00edm osobn\u00fdch \u00fadajov*<\/span><\/span><\/span><\/span>\n<\/p>\n<p><input class=\"wpcf7-form-control wpcf7-submit has-spinner\" type=\"submit\" value=\"Posla\u0165 po\u017eiadavku\" \/>\n<\/p>\n<p>*polo\u017eka je povinn\u00e1\n<\/p><div class=\"wpcf7-response-output\" aria-hidden=\"true\"><\/div>\n<\/form>\n<\/div>\n[\/vc_column][\/vc_row]<\/p>\n<\/div>","protected":false},"excerpt":{"rendered":"<p>[vc_row][vc_column][vc_column_text css=&#8221;&#8221;]Vonkaj\u0161ie vchodov\u00e9 dvere do domu s\u00fa d\u00f4le\u017eit\u00fdm prvkom nielen z h\u013eadiska funk\u010dnosti, ale tie\u017e z estetiky a bezpe\u010dnosti. Firma Cedera sa mont\u00e1\u017eou dver\u00ed a okien na z\u00e1kazku zaober\u00e1 u\u017e viac ako 14 rokov.[\/vc_column_text][\/vc_column][\/vc_row][vc_row][vc_column][vc_column_text css=&#8221;&#8221;] V ak\u00fdch materi\u00e1loch pon\u00fakame vonkaj\u0161ie vchodov\u00e9 dvere Plastov\u00e9 vchodov\u00e9 dvere Hlin\u00edkov\u00e9 vchodov\u00e9 dvere Dreven\u00e9 vchodov\u00e9 dvere [\/vc_column_text][\/vc_column][\/vc_row][vc_row][vc_column][vc_column_text css=&#8221;&#8221;] Vonkaj\u0161ie vchodov\u00e9 [&hellip;]<\/p>\n","protected":false},"author":3,"featured_media":0,"parent":0,"menu_order":0,"comment_status":"closed","ping_status":"closed","template":"","meta":{"footnotes":""},"class_list":["post-6430","page","type-page","status-publish","hentry"],"yoast_head":"<!-- This site is optimized with the Yoast SEO plugin v27.5 - https:\/\/yoast.com\/product\/yoast-seo-wordpress\/ -->\n<title>Vchodov\u00e9 dvere do domu | Cedera<\/title>\n<meta name=\"description\" content=\"\u0160pecializujeme sa na predaj a mont\u00e1\u017e vchodov\u00fdch dver\u00ed a okien. Kvalitn\u00e1 mont\u00e1\u017e. Profesion\u00e1lne poradenstvo. Prvotriedne vchodov\u00e9 dvere do domu. Cenov\u00e1 ponuka na mieru.\" \/>\n<meta name=\"robots\" content=\"index, follow, max-snippet:-1, max-image-preview:large, max-video-preview:-1\" \/>\n<link rel=\"canonical\" href=\"https:\/\/www.cedera-okna.sk\/sk\/vstupne-vchodove-dvere-bratislava\/\" \/>\n<meta property=\"og:locale\" content=\"sk_SK\" \/>\n<meta property=\"og:type\" content=\"article\" \/>\n<meta property=\"og:title\" content=\"Vchodov\u00e9 dvere do domu | Cedera\" \/>\n<meta property=\"og:description\" content=\"\u0160pecializujeme sa na predaj a mont\u00e1\u017e vchodov\u00fdch dver\u00ed a okien. Kvalitn\u00e1 mont\u00e1\u017e. Profesion\u00e1lne poradenstvo. Prvotriedne vchodov\u00e9 dvere do domu. Cenov\u00e1 ponuka na mieru.\" \/>\n<meta property=\"og:url\" content=\"https:\/\/www.cedera-okna.sk\/sk\/vstupne-vchodove-dvere-bratislava\/\" \/>\n<meta property=\"og:site_name\" content=\"Cedera\" \/>\n<meta property=\"article:publisher\" content=\"https:\/\/www.facebook.com\/okna.cedera\/\" \/>\n<meta property=\"article:modified_time\" content=\"2025-05-04T11:41:03+00:00\" \/>\n<meta property=\"og:image\" content=\"https:\/\/www.cedera-okna.sk\/wp-content\/uploads\/2019\/02\/IMG_9382.jpg\" \/>\n\t<meta property=\"og:image:width\" content=\"5616\" \/>\n\t<meta property=\"og:image:height\" content=\"3744\" \/>\n\t<meta property=\"og:image:type\" content=\"image\/jpeg\" \/>\n<meta name=\"twitter:label1\" content=\"Predpokladan\u00fd \u010das \u010d\u00edtania\" \/>\n\t<meta name=\"twitter:data1\" content=\"3 min\u00faty\" \/>\n<!-- \/ Yoast SEO plugin. -->","yoast_head_json":{"title":"Vchodov\u00e9 dvere do domu | Cedera","description":"\u0160pecializujeme sa na predaj a mont\u00e1\u017e vchodov\u00fdch dver\u00ed a okien. Kvalitn\u00e1 mont\u00e1\u017e. Profesion\u00e1lne poradenstvo. Prvotriedne vchodov\u00e9 dvere do domu. Cenov\u00e1 ponuka na mieru.","robots":{"index":"index","follow":"follow","max-snippet":"max-snippet:-1","max-image-preview":"max-image-preview:large","max-video-preview":"max-video-preview:-1"},"canonical":"https:\/\/www.cedera-okna.sk\/sk\/vstupne-vchodove-dvere-bratislava\/","og_locale":"sk_SK","og_type":"article","og_title":"Vchodov\u00e9 dvere do domu | Cedera","og_description":"\u0160pecializujeme sa na predaj a mont\u00e1\u017e vchodov\u00fdch dver\u00ed a okien. Kvalitn\u00e1 mont\u00e1\u017e. Profesion\u00e1lne poradenstvo. Prvotriedne vchodov\u00e9 dvere do domu. Cenov\u00e1 ponuka na mieru.","og_url":"https:\/\/www.cedera-okna.sk\/sk\/vstupne-vchodove-dvere-bratislava\/","og_site_name":"Cedera","article_publisher":"https:\/\/www.facebook.com\/okna.cedera\/","article_modified_time":"2025-05-04T11:41:03+00:00","og_image":[{"width":5616,"height":3744,"url":"https:\/\/www.cedera-okna.sk\/wp-content\/uploads\/2019\/02\/IMG_9382.jpg","type":"image\/jpeg"}],"twitter_misc":{"Predpokladan\u00fd \u010das \u010d\u00edtania":"3 min\u00faty"},"schema":{"@context":"https:\/\/schema.org","@graph":[{"@type":"WebPage","@id":"https:\/\/www.cedera-okna.sk\/sk\/vstupne-vchodove-dvere-bratislava\/","url":"https:\/\/www.cedera-okna.sk\/sk\/vstupne-vchodove-dvere-bratislava\/","name":"Vchodov\u00e9 dvere do domu | Cedera","isPartOf":{"@id":"https:\/\/www.cedera-okna.sk\/sk\/#website"},"primaryImageOfPage":{"@id":"https:\/\/www.cedera-okna.sk\/sk\/vstupne-vchodove-dvere-bratislava\/#primaryimage"},"image":{"@id":"https:\/\/www.cedera-okna.sk\/sk\/vstupne-vchodove-dvere-bratislava\/#primaryimage"},"thumbnailUrl":"https:\/\/www.cedera-okna.sk\/wp-content\/uploads\/2019\/02\/IMG_9382-1024x683.jpg","datePublished":"2019-02-09T20:02:18+00:00","dateModified":"2025-05-04T11:41:03+00:00","description":"\u0160pecializujeme sa na predaj a mont\u00e1\u017e vchodov\u00fdch dver\u00ed a okien. Kvalitn\u00e1 mont\u00e1\u017e. Profesion\u00e1lne poradenstvo. Prvotriedne vchodov\u00e9 dvere do domu. Cenov\u00e1 ponuka na mieru.","breadcrumb":{"@id":"https:\/\/www.cedera-okna.sk\/sk\/vstupne-vchodove-dvere-bratislava\/#breadcrumb"},"inLanguage":"sk-SK","potentialAction":[{"@type":"ReadAction","target":["https:\/\/www.cedera-okna.sk\/sk\/vstupne-vchodove-dvere-bratislava\/"]}]},{"@type":"ImageObject","inLanguage":"sk-SK","@id":"https:\/\/www.cedera-okna.sk\/sk\/vstupne-vchodove-dvere-bratislava\/#primaryimage","url":"https:\/\/www.cedera-okna.sk\/wp-content\/uploads\/2019\/02\/IMG_9382-1024x683.jpg","contentUrl":"https:\/\/www.cedera-okna.sk\/wp-content\/uploads\/2019\/02\/IMG_9382-1024x683.jpg"},{"@type":"BreadcrumbList","@id":"https:\/\/www.cedera-okna.sk\/sk\/vstupne-vchodove-dvere-bratislava\/#breadcrumb","itemListElement":[{"@type":"ListItem","position":1,"name":"Domovsk\u00e1 str\u00e1nka","item":"https:\/\/www.cedera-okna.sk\/sk\/"},{"@type":"ListItem","position":2,"name":"Vchodov\u00e9 dvere do domu"}]},{"@type":"WebSite","@id":"https:\/\/www.cedera-okna.sk\/sk\/#website","url":"https:\/\/www.cedera-okna.sk\/sk\/","name":"Cedera","description":"Plastov\u00e9 okn\u00e1 Bratislava","publisher":{"@id":"https:\/\/www.cedera-okna.sk\/sk\/#organization"},"potentialAction":[{"@type":"SearchAction","target":{"@type":"EntryPoint","urlTemplate":"https:\/\/www.cedera-okna.sk\/sk\/?s={search_term_string}"},"query-input":{"@type":"PropertyValueSpecification","valueRequired":true,"valueName":"search_term_string"}}],"inLanguage":"sk-SK"},{"@type":"Organization","@id":"https:\/\/www.cedera-okna.sk\/sk\/#organization","name":"CEDERA s.r.o.","url":"https:\/\/www.cedera-okna.sk\/sk\/","logo":{"@type":"ImageObject","inLanguage":"sk-SK","@id":"https:\/\/www.cedera-okna.sk\/sk\/#\/schema\/logo\/image\/","url":"https:\/\/www.cedera-okna.sk\/wp-content\/uploads\/2018\/10\/Cedera-logo.png","contentUrl":"https:\/\/www.cedera-okna.sk\/wp-content\/uploads\/2018\/10\/Cedera-logo.png","width":190,"height":66,"caption":"CEDERA s.r.o."},"image":{"@id":"https:\/\/www.cedera-okna.sk\/sk\/#\/schema\/logo\/image\/"},"sameAs":["https:\/\/www.facebook.com\/okna.cedera\/"]}]}},"_links":{"self":[{"href":"https:\/\/www.cedera-okna.sk\/sk\/wp-json\/wp\/v2\/pages\/6430","targetHints":{"allow":["GET"]}}],"collection":[{"href":"https:\/\/www.cedera-okna.sk\/sk\/wp-json\/wp\/v2\/pages"}],"about":[{"href":"https:\/\/www.cedera-okna.sk\/sk\/wp-json\/wp\/v2\/types\/page"}],"author":[{"embeddable":true,"href":"https:\/\/www.cedera-okna.sk\/sk\/wp-json\/wp\/v2\/users\/3"}],"replies":[{"embeddable":true,"href":"https:\/\/www.cedera-okna.sk\/sk\/wp-json\/wp\/v2\/comments?post=6430"}],"version-history":[{"count":35,"href":"https:\/\/www.cedera-okna.sk\/sk\/wp-json\/wp\/v2\/pages\/6430\/revisions"}],"predecessor-version":[{"id":24776,"href":"https:\/\/www.cedera-okna.sk\/sk\/wp-json\/wp\/v2\/pages\/6430\/revisions\/24776"}],"wp:attachment":[{"href":"https:\/\/www.cedera-okna.sk\/sk\/wp-json\/wp\/v2\/media?parent=6430"}],"curies":[{"name":"wp","href":"https:\/\/api.w.org\/{rel}","templated":true}]}}