{"id":6,"date":"2011-10-18T14:49:31","date_gmt":"2011-10-18T12:49:31","guid":{"rendered":"http:\/\/cedera-okna.sk\/index.php\/kontakt\/"},"modified":"2023-09-01T16:24:15","modified_gmt":"2023-09-01T14:24:15","slug":"kontakt","status":"publish","type":"page","link":"https:\/\/www.cedera-okna.sk\/sk\/kontakt\/","title":{"rendered":"Miesta kde v\u00e1s s rados\u0165ou obsl\u00fa\u017eime a porad\u00edme v\u00e1m"},"content":{"rendered":"<div class=\"wpb-content-wrapper\"><p>[vc_row][vc_column][vc_column_text]<\/p>\n<h1>Miesta kde v\u00e1s s rados\u0165ou obsl\u00fa\u017eime a porad\u00edme v\u00e1m<\/h1>\n<h2><strong><span style=\"color: #ff0000;\">N\u00e1v\u0161teva predajni je mo\u017en\u00e1 iba po telefonickom dohovore.<\/span><\/strong><\/h2>\n<p><span style=\"color: #ff0000;\"><strong>Osobn\u00e9 stretnutia s\u00fa mo\u017en\u00e9 len vo vopred dohodnutom term\u00edne (e-mailom, telefonicky), za dodr\u017eania pr\u00edsnych hygienick\u00fdch opatren\u00ed.<\/strong><\/span>[\/vc_column_text][\/vc_column][\/vc_row][vc_row][vc_column width=&#8221;1\/2&#8243;][vc_column_text]<\/p>\n<h2>Obchodn\u00e1 kancel\u00e1ria Bratislava<\/h2>\n<p><strong>CEDERA s.r.o<\/strong><br \/>\nVajnorska 108<br \/>\n831 04 Bratislava<\/p>\n<p>e-mail:<a href=\"mailto:suchanic@cedera-okna.sk\"><strong>suchanic@cedera-okna.sk<\/strong><\/a><\/p>\n<p>tel.\u00a0<strong>0948 48 30 30, \u00a00948 48 20 20<\/strong><\/p>\n<h3>Otv\u00e1racie hodiny:<\/h3>\n<p>Pondelok 08.00 &#8211; 17.00<br \/>\nUtorok 08.00 &#8211; 17.00<br \/>\nStreda 09.00 &#8211; 18.00<br \/>\n\u0160tvrtok 08.00 &#8211; 17.00<br \/>\nPiatok 07.00 &#8211; 16.00<br \/>\nSobota zatvoren\u00e9<br \/>\nNede\u013ea zatvoren\u00e9<\/p>\n<p>Stretnutie mimo otv\u00e1rac\u00edch hod\u00edn je mo\u017en\u00e9 dohodn\u00fa\u0165 vopred telefonicky.[\/vc_column_text][\/vc_column][vc_column width=&#8221;1\/2&#8243; css=&#8221;.vc_custom_1476884859473{margin-top: 50px !important;}&#8221;][vc_column_text]<iframe style=\"border: 0;\" src=\"https:\/\/www.google.com\/maps\/embed?pb=!1m18!1m12!1m3!1d2660.5772748692566!2d17.14402641565036!3d48.17622797922649!2m3!1f0!2f0!3f0!3m2!1i1024!2i768!4f13.1!3m3!1m2!1s0x476c8eea7f62237b%3A0x86c4dd76c0d41e5a!2zVmFqbm9yc2vDoSAxMDMwMS8xMDgsIDgzMSAwNCBCcmF0aXNsYXZhLCDQodC70L7QstCw0LrQuNGP!5e0!3m2!1sru!2sus!4v1478794316937\" width=\"100%\" height=\"450\" frameborder=\"0\" allowfullscreen=\"allowfullscreen\"><\/iframe>[\/vc_column_text][\/vc_column][\/vc_row][vc_row][vc_column][vc_column_text]<\/p>\n<h2>Obchodn\u00e1 kancel\u00e1ria Trnava<\/h2>\n<p>e-mail: <a href=\"mailto:hatala@cedera-okna.sk\">hatala@cedera-okna.sk<\/a><\/p>\n<p>tel.\u00a0<strong>0948 48 20 20<\/strong><\/p>\n<p>Ak m\u00e1te z\u00e1ujem o cenov\u00fa kalkul\u00e1ciu alebo osobn\u00e9 stretnutie, kontaktujte n\u00e1s pros\u00edm. \u010eakujeme.<\/p>\n<p><strong>H\u013ead\u00e1me obchodn\u00e9 zast\u00fapenie pre Trnavsk\u00fd kraj. Pre bli\u017e\u0161ie inform\u00e1cie n\u00e1s pros\u00edm kontaktujte.<\/strong><\/p>\n<p>V\u0161etky na\u0161e vide\u00e1 na <a href=\"https:\/\/www.youtube.com\/channel\/UC4pVortKV5Y2eXff60DOyHg\" target=\"_blank\" rel=\"noopener\"><strong>Youtube kan\u00e1li Cedera<\/strong><\/a>.[\/vc_column_text][\/vc_column][\/vc_row][vc_row css=&#8221;.vc_custom_1476884755512{margin-top: 50px !important;}&#8221;][vc_column][vc_column_text]<\/p>\n<div class=\"wpb_text_column wpb_content_element \">\n<div class=\"wpb_wrapper\">\n<h2 style=\"text-align: center;\">M\u00e1te z\u00e1ujem o nov\u00e9 okn\u00e1 alebo si necha\u0165 poradi\u0165? Vypl\u0148te formul\u00e1r ni\u017e\u0161ie a ozveme sa v\u00e1m do 24 hod\u00edn.<\/h2>\n<\/div>\n<\/div>\n<p>[\/vc_column_text]\n<div class=\"wpcf7 no-js\" id=\"wpcf7-f2486-o1\" lang=\"sk-SK\" dir=\"ltr\" data-wpcf7-id=\"2486\">\n<div class=\"screen-reader-response\"><p role=\"status\" aria-live=\"polite\" aria-atomic=\"true\"><\/p> <ul><\/ul><\/div>\n<form action=\"\/sk\/wp-json\/wp\/v2\/pages\/6#wpcf7-f2486-o1\" method=\"post\" class=\"wpcf7-form init\" aria-label=\"Kontaktn\u00fd formul\u00e1r\" novalidate=\"novalidate\" data-status=\"init\">\n<fieldset class=\"hidden-fields-container\"><input type=\"hidden\" name=\"_wpcf7\" value=\"2486\" \/><input type=\"hidden\" name=\"_wpcf7_version\" value=\"6.1.5\" \/><input type=\"hidden\" name=\"_wpcf7_locale\" value=\"sk_SK\" \/><input type=\"hidden\" name=\"_wpcf7_unit_tag\" value=\"wpcf7-f2486-o1\" \/><input type=\"hidden\" name=\"_wpcf7_container_post\" value=\"0\" \/><input type=\"hidden\" name=\"_wpcf7_posted_data_hash\" value=\"\" \/><input type=\"hidden\" name=\"_wpcf7_recaptcha_response\" value=\"\" \/>\n<\/fieldset>\n<p><label><br \/>\n<span class=\"wpcf7-form-control-wrap\" data-name=\"your-name\"><input size=\"40\" maxlength=\"400\" class=\"wpcf7-form-control wpcf7-text wpcf7-validates-as-required\" aria-required=\"true\" aria-invalid=\"false\" placeholder=\"Meno*\" value=\"\" type=\"text\" name=\"your-name\" \/><\/span> <\/label>\n<\/p>\n<div class=\"sc_form_info columns_wrap\">\n\t<div class=\"sc_form_item sc_form_field label_over column-1_2\">\n\t\t<p><label><br \/>\n<span class=\"wpcf7-form-control-wrap\" data-name=\"your-telefon\"><input size=\"40\" maxlength=\"400\" class=\"wpcf7-form-control wpcf7-tel wpcf7-validates-as-required wpcf7-text wpcf7-validates-as-tel\" aria-required=\"true\" aria-invalid=\"false\" placeholder=\"Telef\u00f3n*\" value=\"\" type=\"tel\" name=\"your-telefon\" \/><\/span> <\/label>\n\t\t<\/p>\n\t<\/div>\n\t<div class=\"sc_form_item sc_form_field label_over column-1_2 pading0\">\n\t\t<p><label><br \/>\n<span class=\"wpcf7-form-control-wrap\" data-name=\"your-email\"><input size=\"40\" maxlength=\"400\" class=\"wpcf7-form-control wpcf7-email wpcf7-validates-as-required wpcf7-text wpcf7-validates-as-email\" aria-required=\"true\" aria-invalid=\"false\" placeholder=\"E-mail*\" value=\"\" type=\"email\" name=\"your-email\" \/><\/span><\/label>\n\t\t<\/p>\n\t<\/div>\n<\/div>\n<p><label><br \/>\n<span class=\"wpcf7-form-control-wrap\" data-name=\"your-message\"><textarea cols=\"40\" rows=\"10\" maxlength=\"2000\" class=\"wpcf7-form-control wpcf7-textarea\" aria-invalid=\"false\" placeholder=\"Pros\u00edm kontaktujte ma oh\u013eadom...\" name=\"your-message\"><\/textarea><\/span> <\/label>\n<\/p>\n<p><span class=\"wpcf7-form-control-wrap\" data-name=\"checkbox-597\"><span class=\"wpcf7-form-control wpcf7-checkbox wpcf7-validates-as-required\"><span class=\"wpcf7-list-item first last\"><input type=\"checkbox\" name=\"checkbox-597[]\" value=\"S\u00fahlas\u00edm so zpracovan\u00edm osobn\u00fdch \u00fadajov*\" \/><span class=\"wpcf7-list-item-label\">S\u00fahlas\u00edm so zpracovan\u00edm osobn\u00fdch \u00fadajov*<\/span><\/span><\/span><\/span>\n<\/p>\n<p><input class=\"wpcf7-form-control wpcf7-submit has-spinner\" type=\"submit\" value=\"Posla\u0165 po\u017eiadavku\" \/>\n<\/p>\n<p>*polo\u017eka je povinn\u00e1\n<\/p><div class=\"wpcf7-response-output\" aria-hidden=\"true\"><\/div>\n<\/form>\n<\/div>\n[\/vc_column][\/vc_row]<\/p>\n<\/div>","protected":false},"excerpt":{"rendered":"<p>[vc_row][vc_column][vc_column_text] Miesta kde v\u00e1s s rados\u0165ou obsl\u00fa\u017eime a porad\u00edme v\u00e1m N\u00e1v\u0161teva predajni je mo\u017en\u00e1 iba po telefonickom dohovore. Osobn\u00e9 stretnutia s\u00fa mo\u017en\u00e9 len vo vopred dohodnutom term\u00edne (e-mailom, telefonicky), za dodr\u017eania pr\u00edsnych hygienick\u00fdch opatren\u00ed.[\/vc_column_text][\/vc_column][\/vc_row][vc_row][vc_column width=&#8221;1\/2&#8243;][vc_column_text] Obchodn\u00e1 kancel\u00e1ria Bratislava CEDERA s.r.o Vajnorska 108 831 04 Bratislava e-mail:suchanic@cedera-okna.sk tel.\u00a00948 48 30 30, \u00a00948 48 20 20 Otv\u00e1racie [&hellip;]<\/p>\n","protected":false},"author":3,"featured_media":0,"parent":0,"menu_order":70,"comment_status":"closed","ping_status":"closed","template":"","meta":{"footnotes":""},"class_list":["post-6","page","type-page","status-publish","hentry"],"yoast_head":"<!-- This site is optimized with the Yoast SEO plugin v27.5 - https:\/\/yoast.com\/product\/yoast-seo-wordpress\/ -->\n<title>Kontaktn\u00e9 inform\u00e1cie - kde v\u00e1s obsl\u00fa\u017eime a porad\u00edme v\u00e1m - Cedera<\/title>\n<meta name=\"robots\" content=\"index, follow, max-snippet:-1, max-image-preview:large, max-video-preview:-1\" \/>\n<link rel=\"canonical\" href=\"https:\/\/www.cedera-okna.sk\/sk\/kontakt\/\" \/>\n<meta property=\"og:locale\" content=\"sk_SK\" \/>\n<meta property=\"og:type\" content=\"article\" \/>\n<meta property=\"og:title\" content=\"Kontaktn\u00e9 inform\u00e1cie - kde v\u00e1s obsl\u00fa\u017eime a porad\u00edme v\u00e1m - Cedera\" \/>\n<meta property=\"og:description\" content=\"[vc_row][vc_column][vc_column_text] Miesta kde v\u00e1s s rados\u0165ou obsl\u00fa\u017eime a porad\u00edme v\u00e1m N\u00e1v\u0161teva predajni je mo\u017en\u00e1 iba po telefonickom dohovore. Osobn\u00e9 stretnutia s\u00fa mo\u017en\u00e9 len vo vopred dohodnutom term\u00edne (e-mailom, telefonicky), za dodr\u017eania pr\u00edsnych hygienick\u00fdch opatren\u00ed.[\/vc_column_text][\/vc_column][\/vc_row][vc_row][vc_column width=&#8221;1\/2&#8243;][vc_column_text] Obchodn\u00e1 kancel\u00e1ria Bratislava CEDERA s.r.o Vajnorska 108 831 04 Bratislava e-mail:suchanic@cedera-okna.sk tel.\u00a00948 48 30 30, \u00a00948 48 20 20 Otv\u00e1racie [&hellip;]\" \/>\n<meta property=\"og:url\" content=\"https:\/\/www.cedera-okna.sk\/sk\/kontakt\/\" \/>\n<meta property=\"og:site_name\" content=\"Cedera\" \/>\n<meta property=\"article:publisher\" content=\"https:\/\/www.facebook.com\/okna.cedera\/\" \/>\n<meta property=\"article:modified_time\" content=\"2023-09-01T14:24:15+00:00\" \/>\n<meta name=\"twitter:label1\" content=\"Predpokladan\u00fd \u010das \u010d\u00edtania\" \/>\n\t<meta name=\"twitter:data1\" content=\"1 min\u00fata\" \/>\n<!-- \/ Yoast SEO plugin. -->","yoast_head_json":{"title":"Kontaktn\u00e9 inform\u00e1cie - kde v\u00e1s obsl\u00fa\u017eime a porad\u00edme v\u00e1m - Cedera","robots":{"index":"index","follow":"follow","max-snippet":"max-snippet:-1","max-image-preview":"max-image-preview:large","max-video-preview":"max-video-preview:-1"},"canonical":"https:\/\/www.cedera-okna.sk\/sk\/kontakt\/","og_locale":"sk_SK","og_type":"article","og_title":"Kontaktn\u00e9 inform\u00e1cie - kde v\u00e1s obsl\u00fa\u017eime a porad\u00edme v\u00e1m - Cedera","og_description":"[vc_row][vc_column][vc_column_text] Miesta kde v\u00e1s s rados\u0165ou obsl\u00fa\u017eime a porad\u00edme v\u00e1m N\u00e1v\u0161teva predajni je mo\u017en\u00e1 iba po telefonickom dohovore. Osobn\u00e9 stretnutia s\u00fa mo\u017en\u00e9 len vo vopred dohodnutom term\u00edne (e-mailom, telefonicky), za dodr\u017eania pr\u00edsnych hygienick\u00fdch opatren\u00ed.[\/vc_column_text][\/vc_column][\/vc_row][vc_row][vc_column width=&#8221;1\/2&#8243;][vc_column_text] Obchodn\u00e1 kancel\u00e1ria Bratislava CEDERA s.r.o Vajnorska 108 831 04 Bratislava e-mail:suchanic@cedera-okna.sk tel.\u00a00948 48 30 30, \u00a00948 48 20 20 Otv\u00e1racie [&hellip;]","og_url":"https:\/\/www.cedera-okna.sk\/sk\/kontakt\/","og_site_name":"Cedera","article_publisher":"https:\/\/www.facebook.com\/okna.cedera\/","article_modified_time":"2023-09-01T14:24:15+00:00","twitter_misc":{"Predpokladan\u00fd \u010das \u010d\u00edtania":"1 min\u00fata"},"schema":{"@context":"https:\/\/schema.org","@graph":[{"@type":"WebPage","@id":"https:\/\/www.cedera-okna.sk\/sk\/kontakt\/","url":"https:\/\/www.cedera-okna.sk\/sk\/kontakt\/","name":"Kontaktn\u00e9 inform\u00e1cie - kde v\u00e1s obsl\u00fa\u017eime a porad\u00edme v\u00e1m - Cedera","isPartOf":{"@id":"https:\/\/www.cedera-okna.sk\/sk\/#website"},"datePublished":"2011-10-18T12:49:31+00:00","dateModified":"2023-09-01T14:24:15+00:00","breadcrumb":{"@id":"https:\/\/www.cedera-okna.sk\/sk\/kontakt\/#breadcrumb"},"inLanguage":"sk-SK","potentialAction":[{"@type":"ReadAction","target":["https:\/\/www.cedera-okna.sk\/sk\/kontakt\/"]}]},{"@type":"BreadcrumbList","@id":"https:\/\/www.cedera-okna.sk\/sk\/kontakt\/#breadcrumb","itemListElement":[{"@type":"ListItem","position":1,"name":"Domovsk\u00e1 str\u00e1nka","item":"https:\/\/www.cedera-okna.sk\/sk\/"},{"@type":"ListItem","position":2,"name":"Miesta kde v\u00e1s s rados\u0165ou obsl\u00fa\u017eime a porad\u00edme v\u00e1m"}]},{"@type":"WebSite","@id":"https:\/\/www.cedera-okna.sk\/sk\/#website","url":"https:\/\/www.cedera-okna.sk\/sk\/","name":"Cedera","description":"Plastov\u00e9 okn\u00e1 Bratislava","publisher":{"@id":"https:\/\/www.cedera-okna.sk\/sk\/#organization"},"potentialAction":[{"@type":"SearchAction","target":{"@type":"EntryPoint","urlTemplate":"https:\/\/www.cedera-okna.sk\/sk\/?s={search_term_string}"},"query-input":{"@type":"PropertyValueSpecification","valueRequired":true,"valueName":"search_term_string"}}],"inLanguage":"sk-SK"},{"@type":"Organization","@id":"https:\/\/www.cedera-okna.sk\/sk\/#organization","name":"CEDERA s.r.o.","url":"https:\/\/www.cedera-okna.sk\/sk\/","logo":{"@type":"ImageObject","inLanguage":"sk-SK","@id":"https:\/\/www.cedera-okna.sk\/sk\/#\/schema\/logo\/image\/","url":"https:\/\/www.cedera-okna.sk\/wp-content\/uploads\/2018\/10\/Cedera-logo.png","contentUrl":"https:\/\/www.cedera-okna.sk\/wp-content\/uploads\/2018\/10\/Cedera-logo.png","width":190,"height":66,"caption":"CEDERA s.r.o."},"image":{"@id":"https:\/\/www.cedera-okna.sk\/sk\/#\/schema\/logo\/image\/"},"sameAs":["https:\/\/www.facebook.com\/okna.cedera\/"]}]}},"_links":{"self":[{"href":"https:\/\/www.cedera-okna.sk\/sk\/wp-json\/wp\/v2\/pages\/6","targetHints":{"allow":["GET"]}}],"collection":[{"href":"https:\/\/www.cedera-okna.sk\/sk\/wp-json\/wp\/v2\/pages"}],"about":[{"href":"https:\/\/www.cedera-okna.sk\/sk\/wp-json\/wp\/v2\/types\/page"}],"author":[{"embeddable":true,"href":"https:\/\/www.cedera-okna.sk\/sk\/wp-json\/wp\/v2\/users\/3"}],"replies":[{"embeddable":true,"href":"https:\/\/www.cedera-okna.sk\/sk\/wp-json\/wp\/v2\/comments?post=6"}],"version-history":[{"count":22,"href":"https:\/\/www.cedera-okna.sk\/sk\/wp-json\/wp\/v2\/pages\/6\/revisions"}],"predecessor-version":[{"id":13347,"href":"https:\/\/www.cedera-okna.sk\/sk\/wp-json\/wp\/v2\/pages\/6\/revisions\/13347"}],"wp:attachment":[{"href":"https:\/\/www.cedera-okna.sk\/sk\/wp-json\/wp\/v2\/media?parent=6"}],"curies":[{"name":"wp","href":"https:\/\/api.w.org\/{rel}","templated":true}]}}