{"id":38,"date":"2011-10-27T09:55:23","date_gmt":"2011-10-27T07:55:23","guid":{"rendered":"http:\/\/cedera-okna.sk\/index.php\/kovanie-eurookien\/"},"modified":"2024-08-19T15:16:45","modified_gmt":"2024-08-19T13:16:45","slug":"kovanie-maco-eurookna","status":"publish","type":"page","link":"https:\/\/www.cedera-okna.sk\/sk\/kovanie-maco-eurookna\/","title":{"rendered":"MACO &#8211; kovanie na dreven\u00e9 okn\u00e1"},"content":{"rendered":"<div class=\"wpb-content-wrapper\"><p>[vc_row][vc_column][vc_column_text css=&#8221;&#8221;]Kovanie na dreven\u00e9 okn\u00e1 sa montuje v\u017edy a\u017e po ukon\u010den\u00ed <a href=\"http:\/\/cedera-okna.sk\/sk\/vyroba-drevene-eurookna\/\">povrchovej \u00fapravy\u00a0dreva<\/a>, aby boli o\u0161etren\u00e9 i n\u00edm prekryt\u00e9 miesta. Do na\u0161ich okien je osadzovan\u00e9 celoobvodov\u00e9 zna\u010dkov\u00e9 kovanie\u00a0<strong>MACO &#8211; MULTI TREND 2000<\/strong>\u00a0s\u00a0<strong>vysok\u00fdm<\/strong>\u00a0<strong>ovl\u00e1dania<\/strong>. Jeho \u0161peci\u00e1lna\u00a0<strong>antikor\u00f3zna<\/strong> <strong>povrchov\u00e1<\/strong> <strong>\u00faprava\u00a0<\/strong>zaru\u010duje trval\u00fa funk\u010dnos\u0165.<\/p>\n<p>Pri zatvoren\u00ed pritl\u00e1\u010da kovanie okenn\u00e9 kr\u00eddlo k r\u00e1mu po celom obvode, \u010do umo\u017e\u0148uje vo\u013ebu r\u00f4znych syst\u00e9mov a kombin\u00e1ci\u00ed otv\u00e1rania a vykl\u00e1pania. Po uzavret\u00ed okna je zabezpe\u010den\u00e1\u00a0<strong>v\u00fdborn\u00e1<\/strong> <strong>tepeln\u00e1<\/strong>, <strong>akustick\u00e1 a<\/strong> <strong>protiprachov\u00e1<\/strong> <strong>izol\u00e1cia<\/strong>. \u0160tvorpolohov\u00e1\u00a0<a href=\"https:\/\/www.cedera-okna.sk\/sk\/klucky-na-okna\/\">k\u013eu\u010dka na okn\u00e1<\/a> umo\u017e\u0148uje otvorenie, vyklopenie, \u0161trbinov\u00e9 vetranie \u2013 mikroventil\u00e1ciu a uzavretie. <strong>Mikrovetranie\u00a0<\/strong>umo\u017e\u0148uje mierny prechod vzduchu a ventil\u00e1ciu bez toho, aby muselo by\u0165 kridlo <a href=\"https:\/\/www.cedera-okna.sk\/sk\/eurookna-drevene-okna\/\">dreveneho okna<\/a> otvoren\u00e9 alebo vyklopen\u00e9. T\u00e1to technol\u00f3gia z\u00e1rove\u0148 zni\u017euje vlhkos\u0165 v interi\u00e9ri a t\u00fdm eliminuje rosenie skla na okne.<\/p>\n<p>Kovanie je vybaven\u00e9\u00a0<strong>bezpe\u010dnostnou<\/strong> <strong>poistkou<\/strong>, ktor\u00e1 zabra\u0148uje chybn\u00e9mu oto\u010deniu k\u013eu\u010dky, a t\u00fdm vylu\u010duje po\u0161kodenie kovania. M\u00e1 zabudovan\u00fd vstava\u010d kr\u00eddla, tak\u017ee kovanie nie je potrebn\u00e9 tak \u010dasto nastavova\u0165. Na \u017eelanie z\u00e1kazn\u00edka s\u00fa montovan\u00e9 tzv. bezpe\u010dnostn\u00e9 hr\u00edbiky, ktor\u00e9\u00a0<strong>zabr\u00e1nia n\u00e1siln\u00e9mu vysadeniu okenn\u00e9ho kr\u00eddla<\/strong>.<\/p>\n<p>Pri dvojkr\u00eddlov\u00fdch okn\u00e1ch s jednou k\u013eu\u010dkou je \u0161tulpov\u00e9 kr\u00eddlo zabezpe\u010den\u00e9 tiahlov\u00fdm z\u00e1mkom, ovl\u00e1dan\u00fdm p\u00e1kou.<\/p>\n<p><img decoding=\"async\" class=\" alignleft size-full wp-image-36\" src=\"http:\/\/cedera-okna.sk\/wp-content\/uploads\/2011\/10\/maco3-1.jpg\" alt=\"plastov\u00e9 okn\u00e1, eurookn\u00e1, kovanie\" width=\"344\" height=\"132\" align=\"left\" border=\"0\" srcset=\"https:\/\/www.cedera-okna.sk\/wp-content\/uploads\/2011\/10\/maco3-1.jpg 344w, https:\/\/www.cedera-okna.sk\/wp-content\/uploads\/2011\/10\/maco3-1-300x115.jpg 300w\" sizes=\"(max-width: 344px) 100vw, 344px\" \/><img decoding=\"async\" class=\" size-full wp-image-37\" src=\"http:\/\/cedera-okna.sk\/wp-content\/uploads\/2011\/10\/kovanie4.jpg\" alt=\"plastov\u00e9 okn\u00e1, eurookn\u00e1, kovanie\" width=\"132\" height=\"132\" border=\"0\" \/>[\/vc_column_text][\/vc_column][\/vc_row][vc_row][vc_column][vc_column_text css=&#8221;&#8221;]<\/p>\n<h2 style=\"text-align: center;\">M\u00e1te z\u00e1ujem o nov\u00e9 kovanie na okn\u00e1 alebo potrebujete poradi\u0165 s v\u00fdberom. Vypl\u0148te formul\u00e1r ni\u017e\u0161ie a ozveme sa v\u00e1m do 24 hod\u00edn.<\/h2>\n<p>[\/vc_column_text]\n<div class=\"wpcf7 no-js\" id=\"wpcf7-f2486-o1\" lang=\"sk-SK\" dir=\"ltr\" data-wpcf7-id=\"2486\">\n<div class=\"screen-reader-response\"><p role=\"status\" aria-live=\"polite\" aria-atomic=\"true\"><\/p> <ul><\/ul><\/div>\n<form action=\"\/sk\/wp-json\/wp\/v2\/pages\/38#wpcf7-f2486-o1\" method=\"post\" class=\"wpcf7-form init\" aria-label=\"Kontaktn\u00fd formul\u00e1r\" novalidate=\"novalidate\" data-status=\"init\">\n<fieldset class=\"hidden-fields-container\"><input type=\"hidden\" name=\"_wpcf7\" value=\"2486\" \/><input type=\"hidden\" name=\"_wpcf7_version\" value=\"6.1.5\" \/><input type=\"hidden\" name=\"_wpcf7_locale\" value=\"sk_SK\" \/><input type=\"hidden\" name=\"_wpcf7_unit_tag\" value=\"wpcf7-f2486-o1\" \/><input type=\"hidden\" name=\"_wpcf7_container_post\" value=\"0\" \/><input type=\"hidden\" name=\"_wpcf7_posted_data_hash\" value=\"\" \/><input type=\"hidden\" name=\"_wpcf7_recaptcha_response\" value=\"\" \/>\n<\/fieldset>\n<p><label><br \/>\n<span class=\"wpcf7-form-control-wrap\" data-name=\"your-name\"><input size=\"40\" maxlength=\"400\" class=\"wpcf7-form-control wpcf7-text wpcf7-validates-as-required\" aria-required=\"true\" aria-invalid=\"false\" placeholder=\"Meno*\" value=\"\" type=\"text\" name=\"your-name\" \/><\/span> <\/label>\n<\/p>\n<div class=\"sc_form_info columns_wrap\">\n\t<div class=\"sc_form_item sc_form_field label_over column-1_2\">\n\t\t<p><label><br \/>\n<span class=\"wpcf7-form-control-wrap\" data-name=\"your-telefon\"><input size=\"40\" maxlength=\"400\" class=\"wpcf7-form-control wpcf7-tel wpcf7-validates-as-required wpcf7-text wpcf7-validates-as-tel\" aria-required=\"true\" aria-invalid=\"false\" placeholder=\"Telef\u00f3n*\" value=\"\" type=\"tel\" name=\"your-telefon\" \/><\/span> <\/label>\n\t\t<\/p>\n\t<\/div>\n\t<div class=\"sc_form_item sc_form_field label_over column-1_2 pading0\">\n\t\t<p><label><br \/>\n<span class=\"wpcf7-form-control-wrap\" data-name=\"your-email\"><input size=\"40\" maxlength=\"400\" class=\"wpcf7-form-control wpcf7-email wpcf7-validates-as-required wpcf7-text wpcf7-validates-as-email\" aria-required=\"true\" aria-invalid=\"false\" placeholder=\"E-mail*\" value=\"\" type=\"email\" name=\"your-email\" \/><\/span><\/label>\n\t\t<\/p>\n\t<\/div>\n<\/div>\n<p><label><br \/>\n<span class=\"wpcf7-form-control-wrap\" data-name=\"your-message\"><textarea cols=\"40\" rows=\"10\" maxlength=\"2000\" class=\"wpcf7-form-control wpcf7-textarea\" aria-invalid=\"false\" placeholder=\"Pros\u00edm kontaktujte ma oh\u013eadom...\" name=\"your-message\"><\/textarea><\/span> <\/label>\n<\/p>\n<p><span class=\"wpcf7-form-control-wrap\" data-name=\"checkbox-597\"><span class=\"wpcf7-form-control wpcf7-checkbox wpcf7-validates-as-required\"><span class=\"wpcf7-list-item first last\"><input type=\"checkbox\" name=\"checkbox-597[]\" value=\"S\u00fahlas\u00edm so zpracovan\u00edm osobn\u00fdch \u00fadajov*\" \/><span class=\"wpcf7-list-item-label\">S\u00fahlas\u00edm so zpracovan\u00edm osobn\u00fdch \u00fadajov*<\/span><\/span><\/span><\/span>\n<\/p>\n<p><input class=\"wpcf7-form-control wpcf7-submit has-spinner\" type=\"submit\" value=\"Posla\u0165 po\u017eiadavku\" \/>\n<\/p>\n<p>*polo\u017eka je povinn\u00e1\n<\/p><div class=\"wpcf7-response-output\" aria-hidden=\"true\"><\/div>\n<\/form>\n<\/div>\n[\/vc_column][\/vc_row]<\/p>\n<\/div>","protected":false},"excerpt":{"rendered":"<p>[vc_row][vc_column][vc_column_text css=&#8221;&#8221;]Kovanie na dreven\u00e9 okn\u00e1 sa montuje v\u017edy a\u017e po ukon\u010den\u00ed povrchovej \u00fapravy\u00a0dreva, aby boli o\u0161etren\u00e9 i n\u00edm prekryt\u00e9 miesta. Do na\u0161ich okien je osadzovan\u00e9 celoobvodov\u00e9 zna\u010dkov\u00e9 kovanie\u00a0MACO &#8211; MULTI TREND 2000\u00a0s\u00a0vysok\u00fdm\u00a0ovl\u00e1dania. Jeho \u0161peci\u00e1lna\u00a0antikor\u00f3zna povrchov\u00e1 \u00faprava\u00a0zaru\u010duje trval\u00fa funk\u010dnos\u0165. Pri zatvoren\u00ed pritl\u00e1\u010da kovanie okenn\u00e9 kr\u00eddlo k r\u00e1mu po celom obvode, \u010do umo\u017e\u0148uje vo\u013ebu r\u00f4znych syst\u00e9mov a [&hellip;]<\/p>\n","protected":false},"author":3,"featured_media":36,"parent":0,"menu_order":66,"comment_status":"closed","ping_status":"closed","template":"","meta":{"footnotes":""},"class_list":["post-38","page","type-page","status-publish","has-post-thumbnail","hentry"],"yoast_head":"<!-- This site is optimized with the Yoast SEO plugin v27.4 - https:\/\/yoast.com\/product\/yoast-seo-wordpress\/ -->\n<title>Kovanie na dreven\u00e9 okn\u00e1 MACO | Cedera<\/title>\n<meta name=\"description\" content=\"\u0160peci\u00e1lna antikor\u00f3zna \u00faprava kovania Maco je z\u00e1rukou trv\u00e1cnosti a jednoduch\u00e9ho ovl\u00e1dnia, pri ktorom sa v\u00e1m nestane, \u017ee sa okn\u00e1 bud\u00fa otv\u00e1ra\u0165 \u0165a\u017eko.\" \/>\n<meta name=\"robots\" content=\"index, follow, max-snippet:-1, max-image-preview:large, max-video-preview:-1\" \/>\n<link rel=\"canonical\" href=\"https:\/\/www.cedera-okna.sk\/sk\/kovanie-maco-eurookna\/\" \/>\n<meta property=\"og:locale\" content=\"sk_SK\" \/>\n<meta property=\"og:type\" content=\"article\" \/>\n<meta property=\"og:title\" content=\"Kovanie na dreven\u00e9 okn\u00e1 MACO | Cedera\" \/>\n<meta property=\"og:description\" content=\"\u0160peci\u00e1lna antikor\u00f3zna \u00faprava kovania Maco je z\u00e1rukou trv\u00e1cnosti a jednoduch\u00e9ho ovl\u00e1dnia, pri ktorom sa v\u00e1m nestane, \u017ee sa okn\u00e1 bud\u00fa otv\u00e1ra\u0165 \u0165a\u017eko.\" \/>\n<meta property=\"og:url\" content=\"https:\/\/www.cedera-okna.sk\/sk\/kovanie-maco-eurookna\/\" \/>\n<meta property=\"og:site_name\" content=\"Cedera\" \/>\n<meta property=\"article:publisher\" content=\"https:\/\/www.facebook.com\/okna.cedera\/\" \/>\n<meta property=\"article:modified_time\" content=\"2024-08-19T13:16:45+00:00\" \/>\n<meta property=\"og:image\" content=\"https:\/\/www.cedera-okna.sk\/wp-content\/uploads\/2011\/10\/maco3-1.jpg\" \/>\n\t<meta property=\"og:image:width\" content=\"344\" \/>\n\t<meta property=\"og:image:height\" content=\"132\" \/>\n\t<meta property=\"og:image:type\" content=\"image\/jpeg\" \/>\n<meta name=\"twitter:label1\" content=\"Predpokladan\u00fd \u010das \u010d\u00edtania\" \/>\n\t<meta name=\"twitter:data1\" content=\"2 min\u00faty\" \/>\n<!-- \/ Yoast SEO plugin. -->","yoast_head_json":{"title":"Kovanie na dreven\u00e9 okn\u00e1 MACO | Cedera","description":"\u0160peci\u00e1lna antikor\u00f3zna \u00faprava kovania Maco je z\u00e1rukou trv\u00e1cnosti a jednoduch\u00e9ho ovl\u00e1dnia, pri ktorom sa v\u00e1m nestane, \u017ee sa okn\u00e1 bud\u00fa otv\u00e1ra\u0165 \u0165a\u017eko.","robots":{"index":"index","follow":"follow","max-snippet":"max-snippet:-1","max-image-preview":"max-image-preview:large","max-video-preview":"max-video-preview:-1"},"canonical":"https:\/\/www.cedera-okna.sk\/sk\/kovanie-maco-eurookna\/","og_locale":"sk_SK","og_type":"article","og_title":"Kovanie na dreven\u00e9 okn\u00e1 MACO | Cedera","og_description":"\u0160peci\u00e1lna antikor\u00f3zna \u00faprava kovania Maco je z\u00e1rukou trv\u00e1cnosti a jednoduch\u00e9ho ovl\u00e1dnia, pri ktorom sa v\u00e1m nestane, \u017ee sa okn\u00e1 bud\u00fa otv\u00e1ra\u0165 \u0165a\u017eko.","og_url":"https:\/\/www.cedera-okna.sk\/sk\/kovanie-maco-eurookna\/","og_site_name":"Cedera","article_publisher":"https:\/\/www.facebook.com\/okna.cedera\/","article_modified_time":"2024-08-19T13:16:45+00:00","og_image":[{"width":344,"height":132,"url":"https:\/\/www.cedera-okna.sk\/wp-content\/uploads\/2011\/10\/maco3-1.jpg","type":"image\/jpeg"}],"twitter_misc":{"Predpokladan\u00fd \u010das \u010d\u00edtania":"2 min\u00faty"},"schema":{"@context":"https:\/\/schema.org","@graph":[{"@type":"WebPage","@id":"https:\/\/www.cedera-okna.sk\/sk\/kovanie-maco-eurookna\/","url":"https:\/\/www.cedera-okna.sk\/sk\/kovanie-maco-eurookna\/","name":"Kovanie na dreven\u00e9 okn\u00e1 MACO | Cedera","isPartOf":{"@id":"https:\/\/www.cedera-okna.sk\/sk\/#website"},"primaryImageOfPage":{"@id":"https:\/\/www.cedera-okna.sk\/sk\/kovanie-maco-eurookna\/#primaryimage"},"image":{"@id":"https:\/\/www.cedera-okna.sk\/sk\/kovanie-maco-eurookna\/#primaryimage"},"thumbnailUrl":"https:\/\/www.cedera-okna.sk\/wp-content\/uploads\/2011\/10\/maco3-1.jpg","datePublished":"2011-10-27T07:55:23+00:00","dateModified":"2024-08-19T13:16:45+00:00","description":"\u0160peci\u00e1lna antikor\u00f3zna \u00faprava kovania Maco je z\u00e1rukou trv\u00e1cnosti a jednoduch\u00e9ho ovl\u00e1dnia, pri ktorom sa v\u00e1m nestane, \u017ee sa okn\u00e1 bud\u00fa otv\u00e1ra\u0165 \u0165a\u017eko.","breadcrumb":{"@id":"https:\/\/www.cedera-okna.sk\/sk\/kovanie-maco-eurookna\/#breadcrumb"},"inLanguage":"sk-SK","potentialAction":[{"@type":"ReadAction","target":["https:\/\/www.cedera-okna.sk\/sk\/kovanie-maco-eurookna\/"]}]},{"@type":"ImageObject","inLanguage":"sk-SK","@id":"https:\/\/www.cedera-okna.sk\/sk\/kovanie-maco-eurookna\/#primaryimage","url":"https:\/\/www.cedera-okna.sk\/wp-content\/uploads\/2011\/10\/maco3-1.jpg","contentUrl":"https:\/\/www.cedera-okna.sk\/wp-content\/uploads\/2011\/10\/maco3-1.jpg","width":344,"height":132,"caption":"plastov\u00e9 okn\u00e1, eurookn\u00e1, kovanie"},{"@type":"BreadcrumbList","@id":"https:\/\/www.cedera-okna.sk\/sk\/kovanie-maco-eurookna\/#breadcrumb","itemListElement":[{"@type":"ListItem","position":1,"name":"Domovsk\u00e1 str\u00e1nka","item":"https:\/\/www.cedera-okna.sk\/sk\/"},{"@type":"ListItem","position":2,"name":"MACO &#8211; kovanie na dreven\u00e9 okn\u00e1"}]},{"@type":"WebSite","@id":"https:\/\/www.cedera-okna.sk\/sk\/#website","url":"https:\/\/www.cedera-okna.sk\/sk\/","name":"Cedera","description":"Plastov\u00e9 okn\u00e1 Bratislava","publisher":{"@id":"https:\/\/www.cedera-okna.sk\/sk\/#organization"},"potentialAction":[{"@type":"SearchAction","target":{"@type":"EntryPoint","urlTemplate":"https:\/\/www.cedera-okna.sk\/sk\/?s={search_term_string}"},"query-input":{"@type":"PropertyValueSpecification","valueRequired":true,"valueName":"search_term_string"}}],"inLanguage":"sk-SK"},{"@type":"Organization","@id":"https:\/\/www.cedera-okna.sk\/sk\/#organization","name":"CEDERA s.r.o.","url":"https:\/\/www.cedera-okna.sk\/sk\/","logo":{"@type":"ImageObject","inLanguage":"sk-SK","@id":"https:\/\/www.cedera-okna.sk\/sk\/#\/schema\/logo\/image\/","url":"https:\/\/www.cedera-okna.sk\/wp-content\/uploads\/2018\/10\/Cedera-logo.png","contentUrl":"https:\/\/www.cedera-okna.sk\/wp-content\/uploads\/2018\/10\/Cedera-logo.png","width":190,"height":66,"caption":"CEDERA s.r.o."},"image":{"@id":"https:\/\/www.cedera-okna.sk\/sk\/#\/schema\/logo\/image\/"},"sameAs":["https:\/\/www.facebook.com\/okna.cedera\/"]}]}},"_links":{"self":[{"href":"https:\/\/www.cedera-okna.sk\/sk\/wp-json\/wp\/v2\/pages\/38","targetHints":{"allow":["GET"]}}],"collection":[{"href":"https:\/\/www.cedera-okna.sk\/sk\/wp-json\/wp\/v2\/pages"}],"about":[{"href":"https:\/\/www.cedera-okna.sk\/sk\/wp-json\/wp\/v2\/types\/page"}],"author":[{"embeddable":true,"href":"https:\/\/www.cedera-okna.sk\/sk\/wp-json\/wp\/v2\/users\/3"}],"replies":[{"embeddable":true,"href":"https:\/\/www.cedera-okna.sk\/sk\/wp-json\/wp\/v2\/comments?post=38"}],"version-history":[{"count":11,"href":"https:\/\/www.cedera-okna.sk\/sk\/wp-json\/wp\/v2\/pages\/38\/revisions"}],"predecessor-version":[{"id":17542,"href":"https:\/\/www.cedera-okna.sk\/sk\/wp-json\/wp\/v2\/pages\/38\/revisions\/17542"}],"wp:featuredmedia":[{"embeddable":true,"href":"https:\/\/www.cedera-okna.sk\/sk\/wp-json\/wp\/v2\/media\/36"}],"wp:attachment":[{"href":"https:\/\/www.cedera-okna.sk\/sk\/wp-json\/wp\/v2\/media?parent=38"}],"curies":[{"name":"wp","href":"https:\/\/api.w.org\/{rel}","templated":true}]}}