{"id":3778,"date":"2018-09-03T17:38:28","date_gmt":"2018-09-03T15:38:28","guid":{"rendered":"http:\/\/cedera-okna.sk\/sk\/?page_id=3778"},"modified":"2025-10-19T11:32:07","modified_gmt":"2025-10-19T09:32:07","slug":"plastove-vchodove-dvere","status":"publish","type":"page","link":"https:\/\/www.cedera-okna.sk\/sk\/plastove-vchodove-dvere\/","title":{"rendered":"Plastov\u00e9 vchodov\u00e9 dvere"},"content":{"rendered":"<div class=\"wpb-content-wrapper\"><p>[vc_row][vc_column][vc_column_text]<strong>Vchodov\u00e9 dvere s\u00fa d\u00f4le\u017eit\u00fdm prvkom ka\u017ed\u00e9ho domu. Ide o\u00a0dlhodob\u00fa invest\u00edciu, ich v\u00fdber je preto nutn\u00e9 poriadne zv\u00e1\u017ei\u0165, voli\u0165 pod\u013ea praktick\u00fdch vlastnost\u00ed aj dizajnu, ktor\u00fd pod\u010diarkne osobit\u00fd r\u00e1z va\u0161ej \u201ebr\u00e1ny do dom\u00e1cnosti\u201c.<\/strong><\/p>\n<p><img decoding=\"async\" class=\"size-medium wp-image-6452 alignright\" src=\"http:\/\/cedera-okna.sk\/wp-content\/uploads\/2019\/02\/IMG_9384-300x200.jpg\" alt=\"Plastov\u00e9 vchodov\u00e9 dvere\" width=\"300\" height=\"200\" srcset=\"https:\/\/www.cedera-okna.sk\/wp-content\/uploads\/2019\/02\/IMG_9384-300x200.jpg 300w, https:\/\/www.cedera-okna.sk\/wp-content\/uploads\/2019\/02\/IMG_9384-768x512.jpg 768w, https:\/\/www.cedera-okna.sk\/wp-content\/uploads\/2019\/02\/IMG_9384-1024x683.jpg 1024w, https:\/\/www.cedera-okna.sk\/wp-content\/uploads\/2019\/02\/IMG_9384-870x580.jpg 870w, https:\/\/www.cedera-okna.sk\/wp-content\/uploads\/2019\/02\/IMG_9384-390x260.jpg 390w, https:\/\/www.cedera-okna.sk\/wp-content\/uploads\/2019\/02\/IMG_9384-1170x780.jpg 1170w\" sizes=\"(max-width: 300px) 100vw, 300px\" \/>Pon\u00fakame prvotriedne <strong>plastov\u00e9 profily zna\u010dky Salamander<\/strong>. Vonkaj\u0161ie plastov\u00e9 dvere Salamander v sebe sp\u00e1jaj\u00fa maxim\u00e1lnu bezpe\u010dnos\u0165, vysok\u00fa tepeln\u00fa a zvukov\u00fa izol\u00e1ciu a z\u00e1rove\u0148 pon\u00fakaj\u00fa na v\u00fdber z mnoh\u00fdch variant farebn\u00fdch dekorov a zasklen\u00ed. Pred\u00e1vame a montujeme ako \u0161tandardizovan\u00e9 typy dvern\u00fdch v\u00fdpln\u00ed, tak aj dvere na mieru va\u0161im predstav\u00e1m.<\/p>\n<p>Pre viac inform\u00e1ci\u00ed alebo\u00a0<a href=\"http:\/\/cedera-okna.sk\/sk\/nezavazna-cenova-ponuka\/\"><span class=\"HwtZe\" lang=\"sk\"><span class=\"jCAhz ChMk0b\"><span class=\"ryNqvb\">vypracovanie nez\u00e1v\u00e4znej cenovej ponuky<\/span><\/span><\/span><\/a> n\u00e1s nev\u00e1hajte kontaktova\u0165.[\/vc_column_text][vc_column_text]<\/p>\n<h2>Pon\u00fakame tieto profily plastov\u00fdch dver\u00ed<\/h2>\n<p>[\/vc_column_text][\/vc_column][\/vc_row][vc_row][vc_column width=&#8221;2\/3&#8243;][vc_column_text]<\/p>\n<h3>Profil Salamander bluEvolution 73<\/h3>\n<ul>\n<li>stavebn\u00e1 h\u013abka r\u00e1mu: 73mm<\/li>\n<li>tepeln\u00e1 izol\u00e1cia: a\u017e Ud = 0,91 W\/(m\u00b2K)<\/li>\n<li>po\u010det kom\u00f4r: 4<\/li>\n<li>po\u010det tesnen\u00ed: 2<\/li>\n<\/ul>\n<p>[\/vc_column_text][\/vc_column][vc_column width=&#8221;1\/3&#8243;][vc_column_text]<\/p>\n<p>&nbsp;<\/p>\n<div id=\"attachment_3780\" style=\"width: 310px\" class=\"wp-caption alignnone\"><img decoding=\"async\" aria-describedby=\"caption-attachment-3780\" class=\"wp-image-3780 size-medium\" src=\"http:\/\/cedera-okna.sk\/wp-content\/uploads\/2018\/07\/dvere-salamander-bluevolution-73-300x255.jpg\" alt=\"Profil Salamander bluevolution 73\" width=\"300\" height=\"255\" srcset=\"https:\/\/www.cedera-okna.sk\/wp-content\/uploads\/2018\/07\/dvere-salamander-bluevolution-73-300x255.jpg 300w, https:\/\/www.cedera-okna.sk\/wp-content\/uploads\/2018\/07\/dvere-salamander-bluevolution-73-390x331.jpg 390w, https:\/\/www.cedera-okna.sk\/wp-content\/uploads\/2018\/07\/dvere-salamander-bluevolution-73.jpg 600w\" sizes=\"(max-width: 300px) 100vw, 300px\" \/><p id=\"caption-attachment-3780\" class=\"wp-caption-text\">Profil Salamander Bluevolution 73<\/p><\/div>[\/vc_column_text][\/vc_column][\/vc_row][vc_row][vc_column width=&#8221;2\/3&#8243;][vc_column_text]<\/p>\n<h3>Profil Salamander Streamline 76<\/h3>\n<ul>\n<li>stavebn\u00e1 h\u013abka r\u00e1mu: 76mm<\/li>\n<li>tepeln\u00e1 izol\u00e1cia: a\u017e Ud = 0,88 W\/(m\u00b2K)<\/li>\n<li>po\u010det kom\u00f4r: 4<\/li>\n<li>po\u010det tesnen\u00ed: 2<\/li>\n<\/ul>\n<p>[\/vc_column_text][\/vc_column][vc_column width=&#8221;1\/3&#8243;][vc_column_text]<\/p>\n<p>&nbsp;<\/p>\n<div id=\"attachment_3785\" style=\"width: 310px\" class=\"wp-caption alignnone\"><img decoding=\"async\" aria-describedby=\"caption-attachment-3785\" class=\"wp-image-3785 size-medium\" src=\"http:\/\/cedera-okna.sk\/wp-content\/uploads\/2018\/07\/profil-salamander-streamline-76-300x255.jpg\" alt=\"Profil Salamander streamline 76\" width=\"300\" height=\"255\" srcset=\"https:\/\/www.cedera-okna.sk\/wp-content\/uploads\/2018\/07\/profil-salamander-streamline-76-300x255.jpg 300w, https:\/\/www.cedera-okna.sk\/wp-content\/uploads\/2018\/07\/profil-salamander-streamline-76-390x331.jpg 390w, https:\/\/www.cedera-okna.sk\/wp-content\/uploads\/2018\/07\/profil-salamander-streamline-76.jpg 600w\" sizes=\"(max-width: 300px) 100vw, 300px\" \/><p id=\"caption-attachment-3785\" class=\"wp-caption-text\">Profil Salamander Streamline 76<\/p><\/div>[\/vc_column_text][\/vc_column][\/vc_row][vc_row][vc_column width=&#8221;2\/3&#8243;][vc_column_text]<\/p>\n<h3>Profil Salamander bluEvolution 82<\/h3>\n<ul>\n<li>stavebn\u00e1 h\u013abka r\u00e1mu: 82mm<\/li>\n<li>tepeln\u00e1 izol\u00e1cia: a\u017e Ud = 0,75 W\/(m\u00b2K)<\/li>\n<li>po\u010det kom\u00f4r: 5<\/li>\n<li>po\u010det tesnen\u00ed: 2-3<\/li>\n<\/ul>\n<p>[\/vc_column_text][\/vc_column][vc_column width=&#8221;1\/3&#8243;][vc_column_text]<\/p>\n<p>&nbsp;<\/p>\n<div id=\"attachment_3787\" style=\"width: 310px\" class=\"wp-caption alignnone\"><img decoding=\"async\" aria-describedby=\"caption-attachment-3787\" class=\"wp-image-3787 size-medium\" src=\"http:\/\/cedera-okna.sk\/wp-content\/uploads\/2018\/07\/profil-salamander-bluevolution-82-300x255.jpg\" alt=\"Profil Salamander bluevolution 82\" width=\"300\" height=\"255\" srcset=\"https:\/\/www.cedera-okna.sk\/wp-content\/uploads\/2018\/07\/profil-salamander-bluevolution-82-300x255.jpg 300w, https:\/\/www.cedera-okna.sk\/wp-content\/uploads\/2018\/07\/profil-salamander-bluevolution-82-390x331.jpg 390w, https:\/\/www.cedera-okna.sk\/wp-content\/uploads\/2018\/07\/profil-salamander-bluevolution-82.jpg 600w\" sizes=\"(max-width: 300px) 100vw, 300px\" \/><p id=\"caption-attachment-3787\" class=\"wp-caption-text\">Profil Salamander Bluevolution 82<\/p><\/div>[\/vc_column_text][\/vc_column][\/vc_row][vc_row][vc_column width=&#8221;2\/3&#8243;][vc_column_text]<\/p>\n<h3>Profil Salamander bluEvolution 92<\/h3>\n<ul>\n<li>stavebn\u00e1 h\u013abka r\u00e1mu: 92mm<\/li>\n<li>tepeln\u00e1 izol\u00e1cia: a\u017e Ud = 0,75 W\/(m\u00b2K)<\/li>\n<li>po\u010det kom\u00f4r: 6<\/li>\n<li>po\u010det tesnen\u00ed: 2-3<\/li>\n<\/ul>\n<p>[\/vc_column_text][\/vc_column][vc_column width=&#8221;1\/3&#8243;][vc_column_text]<\/p>\n<p>&nbsp;<\/p>\n<div id=\"attachment_3788\" style=\"width: 310px\" class=\"wp-caption alignnone\"><img decoding=\"async\" aria-describedby=\"caption-attachment-3788\" class=\"wp-image-3788 size-medium\" src=\"http:\/\/cedera-okna.sk\/wp-content\/uploads\/2018\/07\/profil-salamander-bluevolution-92-300x255.jpg\" alt=\"Profil Salamander bluevolution 92\" width=\"300\" height=\"255\" srcset=\"https:\/\/www.cedera-okna.sk\/wp-content\/uploads\/2018\/07\/profil-salamander-bluevolution-92-300x255.jpg 300w, https:\/\/www.cedera-okna.sk\/wp-content\/uploads\/2018\/07\/profil-salamander-bluevolution-92-390x331.jpg 390w, https:\/\/www.cedera-okna.sk\/wp-content\/uploads\/2018\/07\/profil-salamander-bluevolution-92.jpg 600w\" sizes=\"(max-width: 300px) 100vw, 300px\" \/><p id=\"caption-attachment-3788\" class=\"wp-caption-text\">Profil Salamander Bluevolution 92<\/p><\/div>[\/vc_column_text][\/vc_column][\/vc_row][vc_row][vc_column][vc_column_text]<\/p>\n<h2>V\u00fdhody plastov\u00fdch vchodov\u00fdch dver\u00ed zna\u010dky Salamander<\/h2>\n<p>Pomer hodnoty, ktor\u00fa v\u00e1m prines\u00fa a\u00a0ceny.<\/p>\n<ul>\n<li>Plastov\u00e9 profily v\u00fdborne izoluj\u00fa.<\/li>\n<li>Plastov\u00e9 profily sa tvarovo nedeformuj\u00fa<\/li>\n<li>Plastov\u00e9 dvere pon\u00fakaj\u00fa \u0161irok\u00fa \u0161k\u00e1lu dekorov (imit\u00e1cie dreva, hlin\u00edka, in\u00fdch povrchov).<\/li>\n<li>Jednoduch\u00e1 \u00fadr\u017eba, bez zbyto\u010dn\u00fdch starost\u00ed.<\/li>\n<li>Dlh\u00e1 \u017eivotnos\u0165 \u2013 vydr\u017eia aj nieko\u013eko desa\u0165ro\u010d\u00ed.<\/li>\n<\/ul>\n<h2>Typ dver\u00ed pod\u013ea v\u00fdroby<\/h2>\n<p><b>Vchodov\u00e9 dvere s\u00a0posp\u00e1jan\u00fdmi prie\u010dkami<\/b> \u2013 prie\u010dky m\u00f4\u017eu by\u0165 umiestnen\u00e9 horizont\u00e1lne, \u0161ikmo alebo vertik\u00e1lne. Vzniknut\u00e9 polia sa potom os\u00e1dzaj\u00fa izola\u010dn\u00fdm sklom (s ornamentom, \u010d\u00edre sklo, matn\u00e9 sklo).<\/p>\n<p><b>Vchodov\u00e9 dvere s\u00a0v\u00fdpl\u0148ou<\/b> \u2013 v\u00fdpl\u0148 je dod\u00e1van\u00e1 od spolo\u010dnost\u00ed Gavaplast a\u00a0Perito. Dvern\u00e1 v\u00fdpl\u0148 priamo vpl\u00fdva na \u017eivotnos\u0165 aj kvalitu dver\u00ed.<\/p>\n<ul>\n<li><b>V\u00fdplne z\u00a0plastu<\/b> s\u00fa najlacnej\u0161\u00edm variantom, hodia sa pre nen\u00e1ro\u010dn\u00e9 dvere, s\u00fa menej stabiln\u00e9.<\/li>\n<li><b>V\u00fdplne z\u00a0vysokotlakov\u00e9ho lamin\u00e1tu<\/b> s\u00fa odoln\u00e9, stabiln\u00e9, \u013eahko udr\u017eiavate\u013en\u00e9 a\u00a0bohat\u00e9 na dekory.<\/li>\n<li><b>Sklolamin\u00e1tov\u00e9 v\u00fdplne<\/b> s\u00fa najkvalitnej\u0161ie, lepia sa na dvern\u00e9 kr\u00eddlo, \u010d\u00edm podporuj\u00fa pevnos\u0165 aj st\u00e1los\u0165 dver\u00ed. Cena je s\u00edce vy\u0161\u0161ia, ale vykompenzuje v\u00e1m ju dlh\u00e1 \u017eivotnos\u0165 dver\u00ed.<\/li>\n<\/ul>\n<div id=\"promo-box\">\n<h3>\u010co pon\u00fakame<\/h3>\n<p>Vyberte si z na\u0161ej ponuky vchodov\u00fdch dver\u00ed. Pon\u00fakame nielen plastov\u00e9 vchodov\u00e9 dvere, ale aj \u010fal\u0161ie materi\u00e1ly ako drevo, hlin\u00edk alebo d\u0159evohlin\u00edk. Dvere v\u00e1m tie\u017e vieme vyrobi\u0165 na mieru.<\/p>\n<p><strong>Ako prebieha spolupr\u00e1ca?<\/strong> N\u00e1\u0161 technik vykon\u00e1 odborn\u00e9 zameranie, po dohode s vami zabezpe\u010d\u00edme dopravu a profesion\u00e1lnu mont\u00e1\u017e. Samozrejmos\u0165ou je poradenstvo pri samotnom n\u00e1kupe dver\u00ed, ak\u00e9 dvere a doplnky vybra\u0165 tak, aby sme minimalizovali mo\u017enos\u0165 nekompatibility jednotiv\u00fdch prvkov. Na z\u00e1klade vyplnenia <strong><a href=\"http:\/\/cedera-okna.sk\/sk\/nezavazna-cenova-ponuka\/\">nez\u00e1v\u00e4znej cenovej ponuky<\/a><\/strong> v\u00e1s budeme kontaktova\u0165.<\/p>\n<\/div>\n<p>[\/vc_column_text][\/vc_column][\/vc_row][vc_row][vc_column][vc_column_text]<\/p>\n<h2>Bezpe\u010dnos\u0165 plastov\u00fdch dver\u00ed<\/h2>\n<p>Ka\u017ed\u00fd typ dver\u00ed by mal sp\u013a\u0148a\u0165 ur\u010dit\u00e9 po\u017eiadavky na bezpe\u010dnos\u0165. V\u00a0pr\u00edpade pou\u017eitia trojskiel, je mo\u017en\u00e9 ma\u0165 dve z\u00a0troch skiel bezpe\u010dnostn\u00e9. Vo v\u0161eobecnosti tie\u017e plat\u00ed, \u017ee bezpe\u010dnostn\u00e9 dvere nemusia by\u0165 ozaj bezpe\u010dn\u00e9, pokia\u013e do nich umiestnite oby\u010dajn\u00fd z\u00e1mok. \u010c\u00edm je z\u00e1mok sofistikovanej\u0161\u00ed, t\u00fdm viac zabezpe\u010den\u00e9 s\u00fa aj dvere.<\/p>\n<p>Dvere si tie\u017e vol\u00edte pod\u013ea triedy odolnosti vo\u010di vl\u00e1maniu. Dvere 2.triedy s\u00fa spojen\u00e9 s\u00a0priemern\u00fdm rizikom. Pri vy\u0161\u0161om riziku m\u00f4\u017eete siahnu\u0165 po dver\u00e1ch vy\u0161\u0161ej triedy \u2013 3.tej alebo 4.tej, ktor\u00e9 s\u00fa ale o\u00a0nie\u010do drah\u0161ie.[\/vc_column_text][vc_column_text]<\/p>\n<h3>Ako vyzer\u00e1 na\u0161a pr\u00e1ca<\/h3>\n<p>[\/vc_column_text][vc_gallery type=&#8221;image_grid&#8221; images=&#8221;6450,2562,6452,6451,6446,2603,13295,13264&#8243;][vc_column_text]<\/p>\n<h2>Po\u010det kom\u00f4r, po\u010det tesnen\u00ed a\u00a0h\u013abka r\u00e1mu<\/h2>\n<p><b>Po\u010det kom\u00f4r<\/b> \u2013 komory s\u00fa d\u00f4le\u017eit\u00e9 z\u00a0h\u013eadiska tepeln\u00e9ho odporu. D\u00e1 sa poveda\u0165, \u017ee \u010d\u00edm viac kom\u00f4r profil obsahuje, t\u00fdm ni\u017e\u0161\u00ed je aj priestup tepla. Nie je to v\u0161ak \u00faplne pravda, z\u00e1le\u017e\u00ed toti\u017e aj na ich ve\u013ekosti a\u00a0usporiadanosti, preto by sa mal zvy\u0161ova\u0165 po\u010det kom\u00f4r v\u00a0s\u00favislosti so stavebnou h\u013abkou profilov.<\/p>\n<p><b>Po\u010det tesnen\u00ed<\/b> \u2013 vo v\u0161eobecnosti chr\u00e1ni pred zatekan\u00edm vody, vetru a\u00a0prenikaniu \u010diasto\u010diek prachu do dom\u00e1cnost\u00ed. Vchodov\u00e9 dvere by mali ma\u0165 tesnenie aspo\u0148 v\u00a0dvoch \u00farovniach \u2013 pou\u017e\u00edvaj\u00fa sa dva rady tesnenia, m\u00f4\u017ee \u00eds\u0165 o\u00a0dve tesnenia na dver\u00e1ch alebo jedno na dver\u00e1ch a\u00a0druh\u00e9 na z\u00e1rubni.<\/p>\n<p><b>H\u013abka r\u00e1mu<\/b> \u2013 \u010d\u00edm v\u00e4\u010d\u0161ia je stavebn\u00e1 h\u013abka r\u00e1mu, t\u00fdm menej tepla bude z\u00a0dom\u00e1cnosti unika\u0165.[\/vc_column_text][\/vc_column][\/vc_row][vc_row][vc_column][vc_column_text]<\/p>\n<h2>Typy \u0161tandardn\u00fdch dver\u00ed &#8211;\u00a0fotogal\u00e9rie plastov\u00fdch dver\u00ed<\/h2>\n<p>[\/vc_column_text][vc_gallery type=&#8221;image_grid&#8221; images=&#8221;3792,3793,5337,5338,5339,5340,5341,5342,5343,5344,5345,5346,5347,5348,5349,5350,5351,5352,5353,5354,5355,5356,5357,5358,5359,5360,5361,5362,5363,5364,5365,5366,5367,5368,5369,5370,5371&#8243;][vc_column_text]<\/p>\n<h2 style=\"text-align: center;\">M\u00e1te z\u00e1ujem o nov\u00e9 plastov\u00e9 vchodov\u00e9 dvere alebo si necha\u0165 poradi\u0165? Vypl\u0148te formul\u00e1r ni\u017e\u0161ie a ozveme sa v\u00e1m do 24 hod\u00edn.<\/h2>\n<p>[\/vc_column_text]\n<div class=\"wpcf7 no-js\" id=\"wpcf7-f2486-o1\" lang=\"sk-SK\" dir=\"ltr\" data-wpcf7-id=\"2486\">\n<div class=\"screen-reader-response\"><p role=\"status\" aria-live=\"polite\" aria-atomic=\"true\"><\/p> <ul><\/ul><\/div>\n<form action=\"\/sk\/wp-json\/wp\/v2\/pages\/3778#wpcf7-f2486-o1\" method=\"post\" class=\"wpcf7-form init\" aria-label=\"Kontaktn\u00fd formul\u00e1r\" novalidate=\"novalidate\" data-status=\"init\">\n<fieldset class=\"hidden-fields-container\"><input type=\"hidden\" name=\"_wpcf7\" value=\"2486\" \/><input type=\"hidden\" name=\"_wpcf7_version\" value=\"6.1.5\" \/><input type=\"hidden\" name=\"_wpcf7_locale\" value=\"sk_SK\" \/><input type=\"hidden\" name=\"_wpcf7_unit_tag\" value=\"wpcf7-f2486-o1\" \/><input type=\"hidden\" name=\"_wpcf7_container_post\" value=\"0\" \/><input type=\"hidden\" name=\"_wpcf7_posted_data_hash\" value=\"\" \/><input type=\"hidden\" name=\"_wpcf7_recaptcha_response\" value=\"\" \/>\n<\/fieldset>\n<p><label><br \/>\n<span class=\"wpcf7-form-control-wrap\" data-name=\"your-name\"><input size=\"40\" maxlength=\"400\" class=\"wpcf7-form-control wpcf7-text wpcf7-validates-as-required\" aria-required=\"true\" aria-invalid=\"false\" placeholder=\"Meno*\" value=\"\" type=\"text\" name=\"your-name\" \/><\/span> <\/label>\n<\/p>\n<div class=\"sc_form_info columns_wrap\">\n\t<div class=\"sc_form_item sc_form_field label_over column-1_2\">\n\t\t<p><label><br \/>\n<span class=\"wpcf7-form-control-wrap\" data-name=\"your-telefon\"><input size=\"40\" maxlength=\"400\" class=\"wpcf7-form-control wpcf7-tel wpcf7-validates-as-required wpcf7-text wpcf7-validates-as-tel\" aria-required=\"true\" aria-invalid=\"false\" placeholder=\"Telef\u00f3n*\" value=\"\" type=\"tel\" name=\"your-telefon\" \/><\/span> <\/label>\n\t\t<\/p>\n\t<\/div>\n\t<div class=\"sc_form_item sc_form_field label_over column-1_2 pading0\">\n\t\t<p><label><br \/>\n<span class=\"wpcf7-form-control-wrap\" data-name=\"your-email\"><input size=\"40\" maxlength=\"400\" class=\"wpcf7-form-control wpcf7-email wpcf7-validates-as-required wpcf7-text wpcf7-validates-as-email\" aria-required=\"true\" aria-invalid=\"false\" placeholder=\"E-mail*\" value=\"\" type=\"email\" name=\"your-email\" \/><\/span><\/label>\n\t\t<\/p>\n\t<\/div>\n<\/div>\n<p><label><br \/>\n<span class=\"wpcf7-form-control-wrap\" data-name=\"your-message\"><textarea cols=\"40\" rows=\"10\" maxlength=\"2000\" class=\"wpcf7-form-control wpcf7-textarea\" aria-invalid=\"false\" placeholder=\"Pros\u00edm kontaktujte ma oh\u013eadom...\" name=\"your-message\"><\/textarea><\/span> <\/label>\n<\/p>\n<p><span class=\"wpcf7-form-control-wrap\" data-name=\"checkbox-597\"><span class=\"wpcf7-form-control wpcf7-checkbox wpcf7-validates-as-required\"><span class=\"wpcf7-list-item first last\"><input type=\"checkbox\" name=\"checkbox-597[]\" value=\"S\u00fahlas\u00edm so zpracovan\u00edm osobn\u00fdch \u00fadajov*\" \/><span class=\"wpcf7-list-item-label\">S\u00fahlas\u00edm so zpracovan\u00edm osobn\u00fdch \u00fadajov*<\/span><\/span><\/span><\/span>\n<\/p>\n<p><input class=\"wpcf7-form-control wpcf7-submit has-spinner\" type=\"submit\" value=\"Posla\u0165 po\u017eiadavku\" \/>\n<\/p>\n<p>*polo\u017eka je povinn\u00e1\n<\/p><div class=\"wpcf7-response-output\" aria-hidden=\"true\"><\/div>\n<\/form>\n<\/div>\n[\/vc_column][\/vc_row]<\/p>\n<\/div>","protected":false},"excerpt":{"rendered":"<p>[vc_row][vc_column][vc_column_text]Vchodov\u00e9 dvere s\u00fa d\u00f4le\u017eit\u00fdm prvkom ka\u017ed\u00e9ho domu. Ide o\u00a0dlhodob\u00fa invest\u00edciu, ich v\u00fdber je preto nutn\u00e9 poriadne zv\u00e1\u017ei\u0165, voli\u0165 pod\u013ea praktick\u00fdch vlastnost\u00ed aj dizajnu, ktor\u00fd pod\u010diarkne osobit\u00fd r\u00e1z va\u0161ej \u201ebr\u00e1ny do dom\u00e1cnosti\u201c. Pon\u00fakame prvotriedne plastov\u00e9 profily zna\u010dky Salamander. Vonkaj\u0161ie plastov\u00e9 dvere Salamander v sebe sp\u00e1jaj\u00fa maxim\u00e1lnu bezpe\u010dnos\u0165, vysok\u00fa tepeln\u00fa a zvukov\u00fa izol\u00e1ciu a z\u00e1rove\u0148 pon\u00fakaj\u00fa na [&hellip;]<\/p>\n","protected":false},"author":3,"featured_media":0,"parent":0,"menu_order":0,"comment_status":"closed","ping_status":"closed","template":"","meta":{"footnotes":""},"class_list":["post-3778","page","type-page","status-publish","hentry"],"yoast_head":"<!-- This site is optimized with the Yoast SEO plugin v27.4 - https:\/\/yoast.com\/product\/yoast-seo-wordpress\/ -->\n<title>Plastov\u00e9 vchodov\u00e9 dvere | Cedera<\/title>\n<meta name=\"description\" content=\"Vchodov\u00e9 dvere s\u00fa d\u00f4le\u017eit\u00fdm prvkom ka\u017ed\u00e9ho domu. Plastov\u00e9 vchodov\u00e9 dvere Salamander s\u00fa v\u00fdborn\u00fdm rie\u0161en\u00edm, ktor\u00e9 pon\u00fakame v mnoh\u00fdch variantoch\" \/>\n<meta name=\"robots\" content=\"index, follow, max-snippet:-1, max-image-preview:large, max-video-preview:-1\" \/>\n<link rel=\"canonical\" href=\"https:\/\/www.cedera-okna.sk\/sk\/plastove-vchodove-dvere\/\" \/>\n<meta property=\"og:locale\" content=\"sk_SK\" \/>\n<meta property=\"og:type\" content=\"article\" \/>\n<meta property=\"og:title\" content=\"Plastov\u00e9 vchodov\u00e9 dvere | Cedera\" \/>\n<meta property=\"og:description\" content=\"Vchodov\u00e9 dvere s\u00fa d\u00f4le\u017eit\u00fdm prvkom ka\u017ed\u00e9ho domu. Plastov\u00e9 vchodov\u00e9 dvere Salamander s\u00fa v\u00fdborn\u00fdm rie\u0161en\u00edm, ktor\u00e9 pon\u00fakame v mnoh\u00fdch variantoch\" \/>\n<meta property=\"og:url\" content=\"https:\/\/www.cedera-okna.sk\/sk\/plastove-vchodove-dvere\/\" \/>\n<meta property=\"og:site_name\" content=\"Cedera\" \/>\n<meta property=\"article:publisher\" content=\"https:\/\/www.facebook.com\/okna.cedera\/\" \/>\n<meta property=\"article:modified_time\" content=\"2025-10-19T09:32:07+00:00\" \/>\n<meta property=\"og:image\" content=\"https:\/\/www.cedera-okna.sk\/wp-content\/uploads\/2019\/02\/IMG_9384.jpg\" \/>\n\t<meta property=\"og:image:width\" content=\"5616\" \/>\n\t<meta property=\"og:image:height\" content=\"3744\" \/>\n\t<meta property=\"og:image:type\" content=\"image\/jpeg\" \/>\n<meta name=\"twitter:label1\" content=\"Predpokladan\u00fd \u010das \u010d\u00edtania\" \/>\n\t<meta name=\"twitter:data1\" content=\"7 min\u00fat\" \/>\n<!-- \/ Yoast SEO plugin. -->","yoast_head_json":{"title":"Plastov\u00e9 vchodov\u00e9 dvere | Cedera","description":"Vchodov\u00e9 dvere s\u00fa d\u00f4le\u017eit\u00fdm prvkom ka\u017ed\u00e9ho domu. Plastov\u00e9 vchodov\u00e9 dvere Salamander s\u00fa v\u00fdborn\u00fdm rie\u0161en\u00edm, ktor\u00e9 pon\u00fakame v mnoh\u00fdch variantoch","robots":{"index":"index","follow":"follow","max-snippet":"max-snippet:-1","max-image-preview":"max-image-preview:large","max-video-preview":"max-video-preview:-1"},"canonical":"https:\/\/www.cedera-okna.sk\/sk\/plastove-vchodove-dvere\/","og_locale":"sk_SK","og_type":"article","og_title":"Plastov\u00e9 vchodov\u00e9 dvere | Cedera","og_description":"Vchodov\u00e9 dvere s\u00fa d\u00f4le\u017eit\u00fdm prvkom ka\u017ed\u00e9ho domu. Plastov\u00e9 vchodov\u00e9 dvere Salamander s\u00fa v\u00fdborn\u00fdm rie\u0161en\u00edm, ktor\u00e9 pon\u00fakame v mnoh\u00fdch variantoch","og_url":"https:\/\/www.cedera-okna.sk\/sk\/plastove-vchodove-dvere\/","og_site_name":"Cedera","article_publisher":"https:\/\/www.facebook.com\/okna.cedera\/","article_modified_time":"2025-10-19T09:32:07+00:00","og_image":[{"width":5616,"height":3744,"url":"https:\/\/www.cedera-okna.sk\/wp-content\/uploads\/2019\/02\/IMG_9384.jpg","type":"image\/jpeg"}],"twitter_misc":{"Predpokladan\u00fd \u010das \u010d\u00edtania":"7 min\u00fat"},"schema":{"@context":"https:\/\/schema.org","@graph":[{"@type":"WebPage","@id":"https:\/\/www.cedera-okna.sk\/sk\/plastove-vchodove-dvere\/","url":"https:\/\/www.cedera-okna.sk\/sk\/plastove-vchodove-dvere\/","name":"Plastov\u00e9 vchodov\u00e9 dvere | Cedera","isPartOf":{"@id":"https:\/\/www.cedera-okna.sk\/sk\/#website"},"primaryImageOfPage":{"@id":"https:\/\/www.cedera-okna.sk\/sk\/plastove-vchodove-dvere\/#primaryimage"},"image":{"@id":"https:\/\/www.cedera-okna.sk\/sk\/plastove-vchodove-dvere\/#primaryimage"},"thumbnailUrl":"http:\/\/cedera-okna.sk\/wp-content\/uploads\/2019\/02\/IMG_9384-300x200.jpg","datePublished":"2018-09-03T15:38:28+00:00","dateModified":"2025-10-19T09:32:07+00:00","description":"Vchodov\u00e9 dvere s\u00fa d\u00f4le\u017eit\u00fdm prvkom ka\u017ed\u00e9ho domu. Plastov\u00e9 vchodov\u00e9 dvere Salamander s\u00fa v\u00fdborn\u00fdm rie\u0161en\u00edm, ktor\u00e9 pon\u00fakame v mnoh\u00fdch variantoch","breadcrumb":{"@id":"https:\/\/www.cedera-okna.sk\/sk\/plastove-vchodove-dvere\/#breadcrumb"},"inLanguage":"sk-SK","potentialAction":[{"@type":"ReadAction","target":["https:\/\/www.cedera-okna.sk\/sk\/plastove-vchodove-dvere\/"]}]},{"@type":"ImageObject","inLanguage":"sk-SK","@id":"https:\/\/www.cedera-okna.sk\/sk\/plastove-vchodove-dvere\/#primaryimage","url":"http:\/\/cedera-okna.sk\/wp-content\/uploads\/2019\/02\/IMG_9384-300x200.jpg","contentUrl":"http:\/\/cedera-okna.sk\/wp-content\/uploads\/2019\/02\/IMG_9384-300x200.jpg"},{"@type":"BreadcrumbList","@id":"https:\/\/www.cedera-okna.sk\/sk\/plastove-vchodove-dvere\/#breadcrumb","itemListElement":[{"@type":"ListItem","position":1,"name":"Domovsk\u00e1 str\u00e1nka","item":"https:\/\/www.cedera-okna.sk\/sk\/"},{"@type":"ListItem","position":2,"name":"Plastov\u00e9 vchodov\u00e9 dvere"}]},{"@type":"WebSite","@id":"https:\/\/www.cedera-okna.sk\/sk\/#website","url":"https:\/\/www.cedera-okna.sk\/sk\/","name":"Cedera","description":"Plastov\u00e9 okn\u00e1 Bratislava","publisher":{"@id":"https:\/\/www.cedera-okna.sk\/sk\/#organization"},"potentialAction":[{"@type":"SearchAction","target":{"@type":"EntryPoint","urlTemplate":"https:\/\/www.cedera-okna.sk\/sk\/?s={search_term_string}"},"query-input":{"@type":"PropertyValueSpecification","valueRequired":true,"valueName":"search_term_string"}}],"inLanguage":"sk-SK"},{"@type":"Organization","@id":"https:\/\/www.cedera-okna.sk\/sk\/#organization","name":"CEDERA s.r.o.","url":"https:\/\/www.cedera-okna.sk\/sk\/","logo":{"@type":"ImageObject","inLanguage":"sk-SK","@id":"https:\/\/www.cedera-okna.sk\/sk\/#\/schema\/logo\/image\/","url":"https:\/\/www.cedera-okna.sk\/wp-content\/uploads\/2018\/10\/Cedera-logo.png","contentUrl":"https:\/\/www.cedera-okna.sk\/wp-content\/uploads\/2018\/10\/Cedera-logo.png","width":190,"height":66,"caption":"CEDERA s.r.o."},"image":{"@id":"https:\/\/www.cedera-okna.sk\/sk\/#\/schema\/logo\/image\/"},"sameAs":["https:\/\/www.facebook.com\/okna.cedera\/"]}]}},"_links":{"self":[{"href":"https:\/\/www.cedera-okna.sk\/sk\/wp-json\/wp\/v2\/pages\/3778","targetHints":{"allow":["GET"]}}],"collection":[{"href":"https:\/\/www.cedera-okna.sk\/sk\/wp-json\/wp\/v2\/pages"}],"about":[{"href":"https:\/\/www.cedera-okna.sk\/sk\/wp-json\/wp\/v2\/types\/page"}],"author":[{"embeddable":true,"href":"https:\/\/www.cedera-okna.sk\/sk\/wp-json\/wp\/v2\/users\/3"}],"replies":[{"embeddable":true,"href":"https:\/\/www.cedera-okna.sk\/sk\/wp-json\/wp\/v2\/comments?post=3778"}],"version-history":[{"count":34,"href":"https:\/\/www.cedera-okna.sk\/sk\/wp-json\/wp\/v2\/pages\/3778\/revisions"}],"predecessor-version":[{"id":31968,"href":"https:\/\/www.cedera-okna.sk\/sk\/wp-json\/wp\/v2\/pages\/3778\/revisions\/31968"}],"wp:attachment":[{"href":"https:\/\/www.cedera-okna.sk\/sk\/wp-json\/wp\/v2\/media?parent=3778"}],"curies":[{"name":"wp","href":"https:\/\/api.w.org\/{rel}","templated":true}]}}