{"id":3521,"date":"2018-06-11T10:43:25","date_gmt":"2018-06-11T08:43:25","guid":{"rendered":"http:\/\/cedera-okna.sk\/sk\/?page_id=3521"},"modified":"2018-06-11T15:09:29","modified_gmt":"2018-06-11T13:09:29","slug":"zasady-ochrany-sukromia","status":"publish","type":"page","link":"https:\/\/www.cedera-okna.sk\/sk\/zasady-ochrany-sukromia\/","title":{"rendered":"Z\u00e1sady ochrany s\u00fakromia"},"content":{"rendered":"<h3>Spr\u00e1vca osobn\u00fdch \u00fadajov:<\/h3>\n<p><strong>CEDERA plus s.r.o.<\/strong><br \/>\nSyslia 12<br \/>\n82105 Bratislava<\/p>\n<p>I\u010cO:\u00a043971199, I\u010c DPH: SK2022538650<\/p>\n<p>Spolo\u010dnos\u0165 je zap\u00edsan\u00e1 v\u00a0obchodnom registri Okresn\u00e9ho s\u00fadu \u00a0Bratislava I, oddiel Sro, vlo\u017eka 50533\/B.<\/p>\n<h3>\u00da\u010del spracovania \u00fadajov:<\/h3>\n<table>\n<tbody>\n<tr>\n<td colspan=\"2\"><strong>\u00da\u010del spracovania<\/strong><\/td>\n<td><strong>Pr\u00e1vny titul<\/strong><\/td>\n<\/tr>\n<tr>\n<td>1)<\/td>\n<td>vybavenie dopytu<\/td>\n<td>plnenie zmluvy<\/td>\n<\/tr>\n<tr>\n<td>2)<\/td>\n<td>zodpovedanie va\u0161ich ot\u00e1zok cez e-mail, chat, formul\u00e1r<\/td>\n<td>opr\u00e1vnen\u00fd z\u00e1ujem<\/td>\n<\/tr>\n<tr>\n<td>3)<\/td>\n<td>marketingov\u00e1 akcia<\/td>\n<td>s\u00fahlas<\/td>\n<\/tr>\n<tr>\n<td>4)<\/td>\n<td>hodnotenie spokojnosti s na\u0161imi slu\u017ebami<\/td>\n<td>s\u00fahlas<\/td>\n<\/tr>\n<tr>\n<td>5)<\/td>\n<td>zlep\u0161ovanie na\u0161ej www str\u00e1nky na z\u00e1klade d\u00e1t z\u00a0jej\u00a0 pou\u017e\u00edvania<\/td>\n<td>opr\u00e1vnen\u00fd z\u00e1ujem<\/td>\n<\/tr>\n<\/tbody>\n<\/table>\n<h3>Rozsah spracov\u00e1van\u00fdch \u00fadajov:<\/h3>\n<table>\n<tbody>\n<tr>\n<td><strong>Osobn\u00e9 \u00fadaje<\/strong><\/td>\n<td><strong>\u00da\u010del spracovania<\/strong><\/td>\n<\/tr>\n<tr>\n<td>Meno, priezvisko, titul<\/td>\n<td>1, 2, 3, 4<\/td>\n<\/tr>\n<tr>\n<td>Pohlavie<\/td>\n<td>1, 2, 3, 4<\/td>\n<\/tr>\n<tr>\n<td>Faktura\u010dn\u00e1 adresa<\/td>\n<td>1<\/td>\n<\/tr>\n<tr>\n<td>Telef\u00f3nne \u010d\u00edslo<\/td>\n<td>1<\/td>\n<\/tr>\n<tr>\n<td>E-mailov\u00e1 adresa<\/td>\n<td>1, 2, 3, 4<\/td>\n<\/tr>\n<tr>\n<td>Hist\u00f3ria nav\u0161t\u00edven\u00fdch str\u00e1nok na webe<\/td>\n<td>5<\/td>\n<\/tr>\n<tr>\n<td>Hist\u00f3ria aktiv\u00edt v e-mailoch<\/td>\n<td>3, 5<\/td>\n<\/tr>\n<tr>\n<td>Cookies, anonymizovan\u00e1 IP adresa<\/td>\n<td>2, 3, 5<\/td>\n<\/tr>\n<\/tbody>\n<\/table>\n<h3>Pr\u00edjemci osobn\u00fdch \u00fadajov:<\/h3>\n<p>Va\u0161e osobn\u00e9 \u00fadaje chr\u00e1nime a\u00a0preto ich nepred\u00e1vame tret\u00edm stran\u00e1m. \u00a0Av\u0161ak na to, aby sme skvalitnili na\u0161e slu\u017eby, pou\u017e\u00edvame n\u00e1stroje a\u00a0slu\u017eby tret\u00edch str\u00e1n, ktor\u00e9 spracov\u00e1vaj\u00fa niektor\u00e9 va\u0161e \u00fadaje. Po\u010das spracovania objedn\u00e1vky a\u00a0plnenia k\u00fapnej zmluvy s\u00fa \u00fadaje poskytnut\u00e9 aj tret\u00edm stran\u00e1m ako dopravcom, kuri\u00e9rom, bank\u00e1m a\u00a0podobne. Osobn\u00e9 \u00fadaje kupuj\u00faceho s\u00fa spracov\u00e1van\u00e9 len za \u00fa\u010delom plnenia zmluvy a\u00a0na nevyhnutn\u00fd \u010das.<\/p>\n<table>\n<tbody>\n<tr>\n<td><strong>N\u00e1zov<\/strong><\/td>\n<td><strong>Krajina<\/strong><\/td>\n<td><strong>\u00da\u010del spracovania<\/strong><\/td>\n<\/tr>\n<tr>\n<td>Google LLC<\/td>\n<td>US<\/td>\n<td>3, 5<\/td>\n<\/tr>\n<\/tbody>\n<\/table>\n<h3>Doba ulo\u017eenia osobn\u00fdch \u00fadajov:<\/h3>\n<table>\n<tbody>\n<tr>\n<td><strong>\u00da\u010del spracovania<\/strong><\/td>\n<td><strong>Doba ulo\u017eenia osobn\u00fdch \u00fadajov<\/strong><\/td>\n<\/tr>\n<tr>\n<td>vybavenie dopytu<\/td>\n<td>najviac 15 rokov od vystavenia da\u0148ov\u00e9ho dokladu<\/td>\n<\/tr>\n<tr>\n<td>ot\u00e1zky cez e-mail, chat, formul\u00e1r<\/td>\n<td>najviac 180 dn\u00ed od zodpovedania ot\u00e1zky<\/td>\n<\/tr>\n<tr>\n<td>marketingov\u00e1 akcia<\/td>\n<td>najviac 30 dn\u00ed od zru\u0161enia s\u00fahlasu<\/td>\n<\/tr>\n<tr>\n<td>hodnotenie spokojnosti s na\u0161imi slu\u017ebami<\/td>\n<td>najviac 120 mesiacov od poskytnutia \u00fadajov<\/td>\n<\/tr>\n<tr>\n<td>zlep\u0161ovanie www str\u00e1nky na z\u00e1klade d\u00e1t<\/td>\n<td>najviac 60 mesiacov<\/td>\n<\/tr>\n<\/tbody>\n<\/table>\n<h3>Pravidla pou\u017e\u00edvania cookie:<\/h3>\n<p>Cookie je mal\u00fd d\u00e1tov\u00fd s\u00fabor ukladan\u00fd na disk va\u0161eho po\u010d\u00edta\u010da. S\u00fabory cookies pou\u017e\u00edv\u00e1me k tomu, aby sme porozumeli tomu, ak\u00fdm sp\u00f4sobom s\u00fa na\u0161e str\u00e1nky pou\u017e\u00edv\u00e1n\u00e9 a aby sme ich mohli optimalizova\u0165 k\u00a0lep\u0161\u00edm v\u00fdsledkom. S\u00fabory cookies u\u013eah\u010duj\u00fa prev\u00e1dzkovanie webovej str\u00e1nky t\u00fdm, \u017ee prostredn\u00edctvom anal\u00fdzy pohybu n\u00e1m umo\u017e\u0148uj\u00fa sledova\u0165, \u010do je funk\u010dn\u00e9 a \u010do nie.<\/p>\n<p>V pr\u00edpade, \u017ee n\u00e1v\u0161tevn\u00edk nes\u00fahlas\u00ed s vyu\u017eit\u00edm slu\u017eby poskytovanej tzv. cookies, m\u00f4\u017ee postupova\u0165 pod\u013ea pokynov uveden\u00fdch v z\u00e1lo\u017eke svojho internetov\u00e9ho prehliada\u010da \u201eHELP\u201c a deaktivova\u0165 tak ukladanie v\u0161etk\u00fdch s\u00faborov cookies vo svojom po\u010d\u00edta\u010di. Okrem trvalej deaktiv\u00e1cie ukladania cookies je mo\u017en\u00e9 tieto s\u00fabory manu\u00e1lne zmaza\u0165 z po\u010d\u00edta\u010da (obvykle pomocou kl\u00e1vesovej skratky: CTRL + SHIFT + Delete) po ka\u017edej n\u00e1v\u0161teve webovej str\u00e1nky.<\/p>\n<p>Pri pr\u00e1ci s cookies budeme vyu\u017e\u00edva\u0165 tieto druhy cookies:<\/p>\n<ul>\n<li><strong>Aplika\u010dn\u00e9 cookies<\/strong> \u2013 nutn\u00e9 pre spr\u00e1vny beh aplik\u00e1cie<\/li>\n<li><strong>Cookies s preferenciou u\u017e\u00edvate\u013esk\u00fdch\u00a0 \u00fadajov<\/strong> \u2013 ukladaj\u00fa sk\u00f4r zadan\u00e9 \u00fadaje napr. o \u00fadajoch k\u00a0prihl\u00e1seniu, preferenci\u00e1ch at\u010f.<\/li>\n<li><strong>Meracie cookies<\/strong> \u2013 najm\u00e4 pre monitoring n\u00e1v\u0161tevnosti a v\u00fdkonu webov\u00fdch str\u00e1nok (Google Analytics)<\/li>\n<li><strong>Cookies ur\u010den\u00e9 na personaliz\u00e1ciu reklamy <\/strong><\/li>\n<\/ul>\n<h3>Toto s\u00fa va\u0161e pr\u00e1va:<\/h3>\n<ol>\n<li>M\u00e1te pr\u00e1vo na inform\u00e1cie o sp\u00f4sobe spracovania va\u0161ich osobn\u00fdch \u00fadajov.<\/li>\n<li>Svoje nastavenia s\u00fakromia m\u00f4\u017eete kedyko\u013evek zmeni\u0165, napr\u00edklad v s\u00favislosti s priamym marketingom, a m\u00f4\u017eete po\u017eadova\u0165, aby sa va\u0161e osobn\u00e9 \u00fadaje spracovali alebo nespracovali.<\/li>\n<li>M\u00e1te pr\u00e1vo na pr\u00edstup k inform\u00e1ci\u00e1m, ktor\u00e9 o v\u00e1s uchov\u00e1vame a na ich opravu.<\/li>\n<li>M\u00f4\u017eete po\u017eiada\u0165 o zaslanie svojich osobn\u00fdch \u00fadajov, ktor\u00e9 ste n\u00e1m poskytli, v \u0161trukt\u00farovanom, be\u017ene pou\u017e\u00edvanom a po\u010d\u00edta\u010dom spracovate\u013enom form\u00e1te (ak si ich \u017eel\u00e1te zdie\u013ea\u0165 s inou spolo\u010dnos\u0165ou).<\/li>\n<li>M\u00f4\u017eete po\u017eiada\u0165 o vymazanie svojich osobn\u00fdch \u00fadajov.<\/li>\n<\/ol>\n<p>Pokia\u013e si \u017eel\u00e1te uplatni\u0165 niektor\u00e9 z t\u00fdchto svojich pr\u00e1v, po\u0161lite n\u00e1m e-mail na adresu: <a href=\"mailto:info@cedera-okna.sk\">info@cedera-okna.sk<\/a>. V\u0161eobecn\u00e9 eur\u00f3pske nariadenie o ochrane \u00fadajov v\u00e1m tie\u017e zaru\u010duje pr\u00e1vo poda\u0165 s\u0165a\u017enos\u0165 <a href=\"http:\/\/www.dataprotection.gov.sk\/\" target=\"_blank\" rel=\"noopener\">komis\u00e1rovi pre ochranu \u00fadajov<\/a>.<\/p>\n","protected":false},"excerpt":{"rendered":"<p>Spr\u00e1vca osobn\u00fdch \u00fadajov: CEDERA plus s.r.o. Syslia 12 82105 Bratislava I\u010cO:\u00a043971199, I\u010c DPH: SK2022538650 Spolo\u010dnos\u0165 je zap\u00edsan\u00e1 v\u00a0obchodnom registri Okresn\u00e9ho s\u00fadu \u00a0Bratislava I, oddiel Sro, vlo\u017eka 50533\/B. \u00da\u010del spracovania \u00fadajov: \u00da\u010del spracovania Pr\u00e1vny titul 1) vybavenie dopytu plnenie zmluvy 2) zodpovedanie va\u0161ich ot\u00e1zok cez e-mail, chat, formul\u00e1r opr\u00e1vnen\u00fd z\u00e1ujem 3) marketingov\u00e1 akcia s\u00fahlas 4) hodnotenie [&hellip;]<\/p>\n","protected":false},"author":3,"featured_media":0,"parent":0,"menu_order":0,"comment_status":"closed","ping_status":"closed","template":"","meta":{"footnotes":""},"class_list":["post-3521","page","type-page","status-publish","hentry"],"yoast_head":"<!-- This site is optimized with the Yoast SEO plugin v27.4 - https:\/\/yoast.com\/product\/yoast-seo-wordpress\/ -->\n<title>Z\u00e1sady ochrany s\u00fakromia - Cedera<\/title>\n<meta name=\"robots\" content=\"index, follow, max-snippet:-1, max-image-preview:large, max-video-preview:-1\" \/>\n<link rel=\"canonical\" href=\"https:\/\/www.cedera-okna.sk\/sk\/zasady-ochrany-sukromia\/\" \/>\n<meta property=\"og:locale\" content=\"sk_SK\" \/>\n<meta property=\"og:type\" content=\"article\" \/>\n<meta property=\"og:title\" content=\"Z\u00e1sady ochrany s\u00fakromia - Cedera\" \/>\n<meta property=\"og:description\" content=\"Spr\u00e1vca osobn\u00fdch \u00fadajov: CEDERA plus s.r.o. Syslia 12 82105 Bratislava I\u010cO:\u00a043971199, I\u010c DPH: SK2022538650 Spolo\u010dnos\u0165 je zap\u00edsan\u00e1 v\u00a0obchodnom registri Okresn\u00e9ho s\u00fadu \u00a0Bratislava I, oddiel Sro, vlo\u017eka 50533\/B. \u00da\u010del spracovania \u00fadajov: \u00da\u010del spracovania Pr\u00e1vny titul 1) vybavenie dopytu plnenie zmluvy 2) zodpovedanie va\u0161ich ot\u00e1zok cez e-mail, chat, formul\u00e1r opr\u00e1vnen\u00fd z\u00e1ujem 3) marketingov\u00e1 akcia s\u00fahlas 4) hodnotenie [&hellip;]\" \/>\n<meta property=\"og:url\" content=\"https:\/\/www.cedera-okna.sk\/sk\/zasady-ochrany-sukromia\/\" \/>\n<meta property=\"og:site_name\" content=\"Cedera\" \/>\n<meta property=\"article:publisher\" content=\"https:\/\/www.facebook.com\/okna.cedera\/\" \/>\n<meta property=\"article:modified_time\" content=\"2018-06-11T13:09:29+00:00\" \/>\n<meta name=\"twitter:label1\" content=\"Predpokladan\u00fd \u010das \u010d\u00edtania\" \/>\n\t<meta name=\"twitter:data1\" content=\"4 min\u00faty\" \/>\n<!-- \/ Yoast SEO plugin. -->","yoast_head_json":{"title":"Z\u00e1sady ochrany s\u00fakromia - Cedera","robots":{"index":"index","follow":"follow","max-snippet":"max-snippet:-1","max-image-preview":"max-image-preview:large","max-video-preview":"max-video-preview:-1"},"canonical":"https:\/\/www.cedera-okna.sk\/sk\/zasady-ochrany-sukromia\/","og_locale":"sk_SK","og_type":"article","og_title":"Z\u00e1sady ochrany s\u00fakromia - Cedera","og_description":"Spr\u00e1vca osobn\u00fdch \u00fadajov: CEDERA plus s.r.o. Syslia 12 82105 Bratislava I\u010cO:\u00a043971199, I\u010c DPH: SK2022538650 Spolo\u010dnos\u0165 je zap\u00edsan\u00e1 v\u00a0obchodnom registri Okresn\u00e9ho s\u00fadu \u00a0Bratislava I, oddiel Sro, vlo\u017eka 50533\/B. \u00da\u010del spracovania \u00fadajov: \u00da\u010del spracovania Pr\u00e1vny titul 1) vybavenie dopytu plnenie zmluvy 2) zodpovedanie va\u0161ich ot\u00e1zok cez e-mail, chat, formul\u00e1r opr\u00e1vnen\u00fd z\u00e1ujem 3) marketingov\u00e1 akcia s\u00fahlas 4) hodnotenie [&hellip;]","og_url":"https:\/\/www.cedera-okna.sk\/sk\/zasady-ochrany-sukromia\/","og_site_name":"Cedera","article_publisher":"https:\/\/www.facebook.com\/okna.cedera\/","article_modified_time":"2018-06-11T13:09:29+00:00","twitter_misc":{"Predpokladan\u00fd \u010das \u010d\u00edtania":"4 min\u00faty"},"schema":{"@context":"https:\/\/schema.org","@graph":[{"@type":"WebPage","@id":"https:\/\/www.cedera-okna.sk\/sk\/zasady-ochrany-sukromia\/","url":"https:\/\/www.cedera-okna.sk\/sk\/zasady-ochrany-sukromia\/","name":"Z\u00e1sady ochrany s\u00fakromia - Cedera","isPartOf":{"@id":"https:\/\/www.cedera-okna.sk\/sk\/#website"},"datePublished":"2018-06-11T08:43:25+00:00","dateModified":"2018-06-11T13:09:29+00:00","breadcrumb":{"@id":"https:\/\/www.cedera-okna.sk\/sk\/zasady-ochrany-sukromia\/#breadcrumb"},"inLanguage":"sk-SK","potentialAction":[{"@type":"ReadAction","target":["https:\/\/www.cedera-okna.sk\/sk\/zasady-ochrany-sukromia\/"]}]},{"@type":"BreadcrumbList","@id":"https:\/\/www.cedera-okna.sk\/sk\/zasady-ochrany-sukromia\/#breadcrumb","itemListElement":[{"@type":"ListItem","position":1,"name":"Domovsk\u00e1 str\u00e1nka","item":"https:\/\/www.cedera-okna.sk\/sk\/"},{"@type":"ListItem","position":2,"name":"Z\u00e1sady ochrany s\u00fakromia"}]},{"@type":"WebSite","@id":"https:\/\/www.cedera-okna.sk\/sk\/#website","url":"https:\/\/www.cedera-okna.sk\/sk\/","name":"Cedera","description":"Plastov\u00e9 okn\u00e1 Bratislava","publisher":{"@id":"https:\/\/www.cedera-okna.sk\/sk\/#organization"},"potentialAction":[{"@type":"SearchAction","target":{"@type":"EntryPoint","urlTemplate":"https:\/\/www.cedera-okna.sk\/sk\/?s={search_term_string}"},"query-input":{"@type":"PropertyValueSpecification","valueRequired":true,"valueName":"search_term_string"}}],"inLanguage":"sk-SK"},{"@type":"Organization","@id":"https:\/\/www.cedera-okna.sk\/sk\/#organization","name":"CEDERA s.r.o.","url":"https:\/\/www.cedera-okna.sk\/sk\/","logo":{"@type":"ImageObject","inLanguage":"sk-SK","@id":"https:\/\/www.cedera-okna.sk\/sk\/#\/schema\/logo\/image\/","url":"https:\/\/www.cedera-okna.sk\/wp-content\/uploads\/2018\/10\/Cedera-logo.png","contentUrl":"https:\/\/www.cedera-okna.sk\/wp-content\/uploads\/2018\/10\/Cedera-logo.png","width":190,"height":66,"caption":"CEDERA s.r.o."},"image":{"@id":"https:\/\/www.cedera-okna.sk\/sk\/#\/schema\/logo\/image\/"},"sameAs":["https:\/\/www.facebook.com\/okna.cedera\/"]}]}},"_links":{"self":[{"href":"https:\/\/www.cedera-okna.sk\/sk\/wp-json\/wp\/v2\/pages\/3521","targetHints":{"allow":["GET"]}}],"collection":[{"href":"https:\/\/www.cedera-okna.sk\/sk\/wp-json\/wp\/v2\/pages"}],"about":[{"href":"https:\/\/www.cedera-okna.sk\/sk\/wp-json\/wp\/v2\/types\/page"}],"author":[{"embeddable":true,"href":"https:\/\/www.cedera-okna.sk\/sk\/wp-json\/wp\/v2\/users\/3"}],"replies":[{"embeddable":true,"href":"https:\/\/www.cedera-okna.sk\/sk\/wp-json\/wp\/v2\/comments?post=3521"}],"version-history":[{"count":8,"href":"https:\/\/www.cedera-okna.sk\/sk\/wp-json\/wp\/v2\/pages\/3521\/revisions"}],"predecessor-version":[{"id":3531,"href":"https:\/\/www.cedera-okna.sk\/sk\/wp-json\/wp\/v2\/pages\/3521\/revisions\/3531"}],"wp:attachment":[{"href":"https:\/\/www.cedera-okna.sk\/sk\/wp-json\/wp\/v2\/media?parent=3521"}],"curies":[{"name":"wp","href":"https:\/\/api.w.org\/{rel}","templated":true}]}}