{"id":34829,"date":"2026-05-03T17:17:40","date_gmt":"2026-05-03T15:17:40","guid":{"rendered":"https:\/\/www.cedera-okna.sk\/sk\/?page_id=34829"},"modified":"2026-05-03T17:32:34","modified_gmt":"2026-05-03T15:32:34","slug":"vchodove-dvere","status":"publish","type":"page","link":"https:\/\/www.cedera-okna.sk\/sk\/vchodove-dvere\/","title":{"rendered":"Vchodov\u00e9 dvere"},"content":{"rendered":"<div class=\"wpb-content-wrapper\"><p>[vc_row][vc_column css=&#8221;.vc_custom_1777821289662{margin-bottom: 20px !important;}&#8221;][vc_column_text css=&#8221;&#8221;]Kvalitn\u00e9 vonkaj\u0161ie dvere na mieru \u2013 plastov\u00e9, hlin\u00edkov\u00e9 aj dreven\u00e9 rie\u0161enia s d\u00f4razom na dizajn, bezpe\u010dnos\u0165 a dlh\u00fa \u017eivotnos\u0165.[\/vc_column_text][\/vc_column][\/vc_row][vc_row][vc_column]<div class=\"columns_wrap sc_columns columns_nofluid sc_columns_count_3\" style=\"````\"><div class=\"column-1_3 sc_column_item sc_column_item_1 odd first\" style=\"````\">[vc_cta h2=&#8221;&#8221; css=&#8221;&#8221;]<\/p>\n<h2><a href=\"https:\/\/www.cedera-okna.sk\/sk\/plastove-vchodove-dvere\/\"><img decoding=\"async\" class=\"alignnone size-medium wp-image-35051\" src=\"https:\/\/www.cedera-okna.sk\/wp-content\/uploads\/2026\/05\/plastove_dvere-300x300.png\" alt=\"\" width=\"300\" height=\"300\" srcset=\"https:\/\/www.cedera-okna.sk\/wp-content\/uploads\/2026\/05\/plastove_dvere-300x300.png 300w, https:\/\/www.cedera-okna.sk\/wp-content\/uploads\/2026\/05\/plastove_dvere-1024x1024.png 1024w, https:\/\/www.cedera-okna.sk\/wp-content\/uploads\/2026\/05\/plastove_dvere-150x150.png 150w, https:\/\/www.cedera-okna.sk\/wp-content\/uploads\/2026\/05\/plastove_dvere-768x768.png 768w, https:\/\/www.cedera-okna.sk\/wp-content\/uploads\/2026\/05\/plastove_dvere-1170x1170.png 1170w, https:\/\/www.cedera-okna.sk\/wp-content\/uploads\/2026\/05\/plastove_dvere-390x390.png 390w, https:\/\/www.cedera-okna.sk\/wp-content\/uploads\/2026\/05\/plastove_dvere-870x870.png 870w, https:\/\/www.cedera-okna.sk\/wp-content\/uploads\/2026\/05\/plastove_dvere-75x75.png 75w, https:\/\/www.cedera-okna.sk\/wp-content\/uploads\/2026\/05\/plastove_dvere.png 1254w\" sizes=\"(max-width: 300px) 100vw, 300px\" \/><\/a><\/h2>\n<h2><a href=\"https:\/\/www.cedera-okna.sk\/sk\/plastove-vchodove-dvere\/\">Plastov\u00e9 vchodov\u00e9 dvere<\/a><\/h2>\n<p>[\/vc_cta]<\/div><div class=\"column-1_3 sc_column_item sc_column_item_2 even\">[vc_cta h2=&#8221;&#8221; css=&#8221;&#8221;]<\/p>\n<h2><a href=\"https:\/\/www.cedera-okna.sk\/sk\/hlinikove-vchodove-dvere\/\"><img decoding=\"async\" class=\"alignnone wp-image-33105 size-medium\" src=\"https:\/\/www.cedera-okna.sk\/wp-content\/uploads\/2026\/01\/DP08-300x300.jpg\" alt=\"\" width=\"300\" height=\"300\" srcset=\"https:\/\/www.cedera-okna.sk\/wp-content\/uploads\/2026\/01\/DP08-300x300.jpg 300w, https:\/\/www.cedera-okna.sk\/wp-content\/uploads\/2026\/01\/DP08-1024x1024.jpg 1024w, https:\/\/www.cedera-okna.sk\/wp-content\/uploads\/2026\/01\/DP08-150x150.jpg 150w, https:\/\/www.cedera-okna.sk\/wp-content\/uploads\/2026\/01\/DP08-768x768.jpg 768w, https:\/\/www.cedera-okna.sk\/wp-content\/uploads\/2026\/01\/DP08-1536x1536.jpg 1536w, https:\/\/www.cedera-okna.sk\/wp-content\/uploads\/2026\/01\/DP08-1170x1170.jpg 1170w, https:\/\/www.cedera-okna.sk\/wp-content\/uploads\/2026\/01\/DP08-390x390.jpg 390w, https:\/\/www.cedera-okna.sk\/wp-content\/uploads\/2026\/01\/DP08-870x870.jpg 870w, https:\/\/www.cedera-okna.sk\/wp-content\/uploads\/2026\/01\/DP08-75x75.jpg 75w, https:\/\/www.cedera-okna.sk\/wp-content\/uploads\/2026\/01\/DP08.jpg 2000w\" sizes=\"(max-width: 300px) 100vw, 300px\" \/><\/a><\/h2>\n<h2><a href=\"https:\/\/www.cedera-okna.sk\/sk\/hlinikove-vchodove-dvere\/\">Hlin\u00edkov\u00e9 vchodov\u00e9 dvere<\/a><\/h2>\n<p>[\/vc_cta]<\/div><div class=\"column-1_3 sc_column_item sc_column_item_3 odd\">[vc_cta h2=&#8221;&#8221; css=&#8221;&#8221;]<\/p>\n<h2><a href=\"https:\/\/www.cedera-okna.sk\/sk\/drevene-vchodove-dvere\/\"><img decoding=\"async\" class=\"alignnone size-medium wp-image-33172\" src=\"https:\/\/www.cedera-okna.sk\/wp-content\/uploads\/2026\/01\/drevene_dvere_25-300x300.jpg\" alt=\"\" width=\"300\" height=\"300\" srcset=\"https:\/\/www.cedera-okna.sk\/wp-content\/uploads\/2026\/01\/drevene_dvere_25-300x300.jpg 300w, https:\/\/www.cedera-okna.sk\/wp-content\/uploads\/2026\/01\/drevene_dvere_25-1024x1024.jpg 1024w, https:\/\/www.cedera-okna.sk\/wp-content\/uploads\/2026\/01\/drevene_dvere_25-150x150.jpg 150w, https:\/\/www.cedera-okna.sk\/wp-content\/uploads\/2026\/01\/drevene_dvere_25-768x768.jpg 768w, https:\/\/www.cedera-okna.sk\/wp-content\/uploads\/2026\/01\/drevene_dvere_25-1536x1536.jpg 1536w, https:\/\/www.cedera-okna.sk\/wp-content\/uploads\/2026\/01\/drevene_dvere_25-1170x1170.jpg 1170w, https:\/\/www.cedera-okna.sk\/wp-content\/uploads\/2026\/01\/drevene_dvere_25-390x390.jpg 390w, https:\/\/www.cedera-okna.sk\/wp-content\/uploads\/2026\/01\/drevene_dvere_25-870x870.jpg 870w, https:\/\/www.cedera-okna.sk\/wp-content\/uploads\/2026\/01\/drevene_dvere_25-75x75.jpg 75w, https:\/\/www.cedera-okna.sk\/wp-content\/uploads\/2026\/01\/drevene_dvere_25.jpg 2000w\" sizes=\"(max-width: 300px) 100vw, 300px\" \/><\/a><\/h2>\n<h2><a href=\"https:\/\/www.cedera-okna.sk\/sk\/drevene-vchodove-dvere\/\">Dreven\u00e9 vchodov\u00e9 dvere<\/a><\/h2>\n<p>[\/vc_cta]<\/div><\/div>[\/vc_column][\/vc_row][vc_row][vc_column width=&#8221;1\/2&#8243;][vc_column_text css=&#8221;&#8221;]<\/p>\n<h2>Vonkaj\u0161ie vchodov\u00e9 dvere na mieru<\/h2>\n<p>Vchodov\u00e9 dvere s\u00fa vizitkou ka\u017ed\u00e9ho domu. Okrem dizajnu v\u0161ak zohr\u00e1vaj\u00fa k\u013e\u00fa\u010dov\u00fa \u00falohu aj v oblasti bezpe\u010dnosti, tepelnej izol\u00e1cie a komfortu b\u00fdvania.<\/p>\n<p>Pon\u00fakame vonkaj\u0161ie vchodov\u00e9 dvere na mieru, ktor\u00e9 sp\u013a\u0148aj\u00fa vysok\u00e9 n\u00e1roky na kvalitu aj funk\u010dnos\u0165. Samozrejmos\u0165ou je profesion\u00e1lne zameranie, odborn\u00e1 mont\u00e1\u017e a individu\u00e1lny pr\u00edstup ku ka\u017ed\u00e9mu projektu.<\/p>\n<p>Vybra\u0165 si m\u00f4\u017eete z r\u00f4znych materi\u00e1lov, dizajnov a doplnkov tak, aby dvere dokonale ladili s va\u0161\u00edm domom.[\/vc_column_text][\/vc_column][vc_column width=&#8221;1\/2&#8243;][vc_column_text css=&#8221;&#8221;]<\/p>\n<p>&nbsp;<\/p>\n<p><img decoding=\"async\" class=\"alignnone size-medium wp-image-33150\" src=\"https:\/\/www.cedera-okna.sk\/wp-content\/uploads\/2026\/01\/DP38-300x300.jpg\" alt=\"\" width=\"300\" height=\"300\" srcset=\"https:\/\/www.cedera-okna.sk\/wp-content\/uploads\/2026\/01\/DP38-300x300.jpg 300w, https:\/\/www.cedera-okna.sk\/wp-content\/uploads\/2026\/01\/DP38-1024x1024.jpg 1024w, https:\/\/www.cedera-okna.sk\/wp-content\/uploads\/2026\/01\/DP38-150x150.jpg 150w, https:\/\/www.cedera-okna.sk\/wp-content\/uploads\/2026\/01\/DP38-768x768.jpg 768w, https:\/\/www.cedera-okna.sk\/wp-content\/uploads\/2026\/01\/DP38-1536x1536.jpg 1536w, https:\/\/www.cedera-okna.sk\/wp-content\/uploads\/2026\/01\/DP38-1170x1170.jpg 1170w, https:\/\/www.cedera-okna.sk\/wp-content\/uploads\/2026\/01\/DP38-390x390.jpg 390w, https:\/\/www.cedera-okna.sk\/wp-content\/uploads\/2026\/01\/DP38-870x870.jpg 870w, https:\/\/www.cedera-okna.sk\/wp-content\/uploads\/2026\/01\/DP38-75x75.jpg 75w, https:\/\/www.cedera-okna.sk\/wp-content\/uploads\/2026\/01\/DP38.jpg 2000w\" sizes=\"(max-width: 300px) 100vw, 300px\" \/>[\/vc_column_text][\/vc_column][\/vc_row][vc_row][vc_column][vc_column_text css=&#8221;&#8221;]<\/p>\n<h2>Rie\u0161enia pod\u013ea va\u0161ich potrieb<\/h2>\n<p>[\/vc_column_text][\/vc_column][\/vc_row][vc_row css=&#8221;.vc_custom_1777818486612{margin-bottom: 30px !important;}&#8221;][vc_column width=&#8221;1\/3&#8243;][vc_column_text css=&#8221;&#8221;]<\/p>\n<h2>Dvere so svetl\u00edkom<\/h2>\n<p>Viac svetla do vstupn\u00e9ho priestoru a modern\u00fd vzh\u013ead. Svetl\u00edky je mo\u017en\u00e9 prisp\u00f4sobi\u0165 pod\u013ea rozmerov aj dizajnu.[\/vc_column_text][\/vc_column][vc_column width=&#8221;1\/3&#8243;][vc_column_text css=&#8221;&#8221;]<\/p>\n<h2>Vchodov\u00e9 dvere na mieru<\/h2>\n<p>Ka\u017ed\u00fd projekt rie\u0161ime individu\u00e1lne \u2013 od v\u00fdberu materi\u00e1lu a\u017e po fin\u00e1lne prevedenie.[\/vc_column_text][\/vc_column][vc_column width=&#8221;1\/3&#8243;][vc_column_text css=&#8221;&#8221;]<\/p>\n<h2>Vchodov\u00e9 dvere skladom<\/h2>\n<p>R\u00fdchle rie\u0161enie pre t\u00fdch, ktor\u00ed potrebuj\u00fa dvere bez dlh\u00e9ho \u010dakania.[\/vc_column_text][\/vc_column][\/vc_row][vc_row][vc_column][vc_cta h2=&#8221;&#8221; css=&#8221;&#8221;]<\/p>\n<h2>Ko\u013eko stoja vchodov\u00e9 dvere?<\/h2>\n<p>Cena vchodov\u00fdch dver\u00ed z\u00e1vis\u00ed od viacer\u00fdch faktorov \u2013 materi\u00e1lu, rozmerov, typu v\u00fdplne, doplnkov a n\u00e1ro\u010dnosti mont\u00e1\u017ee.<\/p>\n<p data-start=\"3282\" data-end=\"3358\">Radi v\u00e1m priprav\u00edme <a href=\"https:\/\/www.cedera-okna.sk\/sk\/nezavazna-cenova-ponuka\/\">nez\u00e1v\u00e4zn\u00fa cenov\u00fa ponuku<\/a> presne pod\u013ea va\u0161ich po\u017eiadaviek.<\/p>\n<p>[\/vc_cta][\/vc_column][\/vc_row][vc_row][vc_column][vc_column_text css=&#8221;.vc_custom_1777820542115{margin-bottom: 35px !important;}&#8221;]<\/p>\n<h2>Pre\u010do si vybra\u0165 firmu Cedera<\/h2>\n<p>[\/vc_column_text][\/vc_column][\/vc_row][vc_row css=&#8221;.vc_custom_1777822185659{margin-bottom: 20px !important;}&#8221;][vc_column width=&#8221;1\/4&#8243; css=&#8221;.vc_custom_1777822171951{margin-bottom: 20px !important;}&#8221;][vc_icon icon_fontawesome=&#8221;far fa-handshake&#8221; color=&#8221;custom&#8221; size=&#8221;lg&#8221; align=&#8221;center&#8221; css=&#8221;&#8221; custom_color=&#8221;#72BF44&#8243;][vc_column_text css=&#8221;&#8221;]<\/p>\n<h5 class=\"sc_title sc_title_regular margin_top_none\" style=\"text-align: center;\">Dlhoro\u010dn\u00e9 sk\u00fasenosti v odbore<\/h5>\n<p>[\/vc_column_text][\/vc_column][vc_column width=&#8221;1\/4&#8243; css=&#8221;.vc_custom_1777822166692{margin-bottom: 20px !important;}&#8221;][vc_icon icon_fontawesome=&#8221;fas fa-tools&#8221; color=&#8221;custom&#8221; size=&#8221;lg&#8221; align=&#8221;center&#8221; css=&#8221;&#8221; custom_color=&#8221;#72BF44&#8243;][vc_column_text css=&#8221;&#8221;]<\/p>\n<h5 class=\"sc_title sc_title_regular margin_top_none\" style=\"text-align: center;\">Mont\u00e1\u017ene partie s dlhoro\u010dn\u00fdmi sk\u00fasenos\u0165ami<\/h5>\n<p>[\/vc_column_text][\/vc_column][vc_column width=&#8221;1\/4&#8243; css=&#8221;.vc_custom_1777822178468{margin-bottom: 20px !important;}&#8221;][vc_icon icon_fontawesome=&#8221;far fa-building&#8221; color=&#8221;custom&#8221; size=&#8221;lg&#8221; align=&#8221;center&#8221; css=&#8221;&#8221; custom_color=&#8221;#72BF44&#8243;][vc_column_text css=&#8221;&#8221;]<\/p>\n<h5 class=\"sc_title sc_title_regular margin_top_none\" style=\"text-align: center;\">Kompletn\u00e1 dod\u00e1vka od \u0161tandardu po atypick\u00e9 rie\u0161enia<\/h5>\n<p>[\/vc_column_text][\/vc_column][vc_column width=&#8221;1\/4&#8243;][vc_icon icon_fontawesome=&#8221;fas fa-comments&#8221; color=&#8221;custom&#8221; size=&#8221;lg&#8221; align=&#8221;center&#8221; css=&#8221;&#8221; custom_color=&#8221;#72BF44&#8243;][vc_column_text css=&#8221;&#8221;]<\/p>\n<h5 class=\"sc_title sc_title_regular margin_top_none\" style=\"text-align: center;\">Stovky referenci\u00ed doma i v zahrani\u010d\u00ed<\/h5>\n<p>[\/vc_column_text][\/vc_column][\/vc_row][vc_row][vc_column][vc_column_text css=&#8221;&#8221;]<\/p>\n<div class=\"wpb_text_column wpb_content_element\">\n<div class=\"wpb_wrapper\">\n<h2 style=\"text-align: center;\">M\u00e1te z\u00e1ujem o nov\u00e9 vchodov\u00e9 dvere alebo si necha\u0165 poradi\u0165? Vypl\u0148te formul\u00e1r ni\u017e\u0161ie a ozveme sa v\u00e1m do 24 hod\u00edn.<\/h2>\n<\/div>\n<\/div>\n<div id=\"wpcf7-f2486-p10400-o1\" class=\"wpcf7 js\" dir=\"ltr\" lang=\"sk-SK\" data-wpcf7-id=\"2486\"><\/div>\n<p>[\/vc_column_text]\n<div class=\"wpcf7 no-js\" id=\"wpcf7-f2486-o1\" lang=\"sk-SK\" dir=\"ltr\" data-wpcf7-id=\"2486\">\n<div class=\"screen-reader-response\"><p role=\"status\" aria-live=\"polite\" aria-atomic=\"true\"><\/p> <ul><\/ul><\/div>\n<form action=\"\/sk\/wp-json\/wp\/v2\/pages\/34829#wpcf7-f2486-o1\" method=\"post\" class=\"wpcf7-form init\" aria-label=\"Kontaktn\u00fd formul\u00e1r\" novalidate=\"novalidate\" data-status=\"init\">\n<fieldset class=\"hidden-fields-container\"><input type=\"hidden\" name=\"_wpcf7\" value=\"2486\" \/><input type=\"hidden\" name=\"_wpcf7_version\" value=\"6.1.5\" \/><input type=\"hidden\" name=\"_wpcf7_locale\" value=\"sk_SK\" \/><input type=\"hidden\" name=\"_wpcf7_unit_tag\" value=\"wpcf7-f2486-o1\" \/><input type=\"hidden\" name=\"_wpcf7_container_post\" value=\"0\" \/><input type=\"hidden\" name=\"_wpcf7_posted_data_hash\" value=\"\" \/><input type=\"hidden\" name=\"_wpcf7_recaptcha_response\" value=\"\" \/>\n<\/fieldset>\n<p><label><br \/>\n<span class=\"wpcf7-form-control-wrap\" data-name=\"your-name\"><input size=\"40\" maxlength=\"400\" class=\"wpcf7-form-control wpcf7-text wpcf7-validates-as-required\" aria-required=\"true\" aria-invalid=\"false\" placeholder=\"Meno*\" value=\"\" type=\"text\" name=\"your-name\" \/><\/span> <\/label>\n<\/p>\n<div class=\"sc_form_info columns_wrap\">\n\t<div class=\"sc_form_item sc_form_field label_over column-1_2\">\n\t\t<p><label><br \/>\n<span class=\"wpcf7-form-control-wrap\" data-name=\"your-telefon\"><input size=\"40\" maxlength=\"400\" class=\"wpcf7-form-control wpcf7-tel wpcf7-validates-as-required wpcf7-text wpcf7-validates-as-tel\" aria-required=\"true\" aria-invalid=\"false\" placeholder=\"Telef\u00f3n*\" value=\"\" type=\"tel\" name=\"your-telefon\" \/><\/span> <\/label>\n\t\t<\/p>\n\t<\/div>\n\t<div class=\"sc_form_item sc_form_field label_over column-1_2 pading0\">\n\t\t<p><label><br \/>\n<span class=\"wpcf7-form-control-wrap\" data-name=\"your-email\"><input size=\"40\" maxlength=\"400\" class=\"wpcf7-form-control wpcf7-email wpcf7-validates-as-required wpcf7-text wpcf7-validates-as-email\" aria-required=\"true\" aria-invalid=\"false\" placeholder=\"E-mail*\" value=\"\" type=\"email\" name=\"your-email\" \/><\/span><\/label>\n\t\t<\/p>\n\t<\/div>\n<\/div>\n<p><label><br \/>\n<span class=\"wpcf7-form-control-wrap\" data-name=\"your-message\"><textarea cols=\"40\" rows=\"10\" maxlength=\"2000\" class=\"wpcf7-form-control wpcf7-textarea\" aria-invalid=\"false\" placeholder=\"Pros\u00edm kontaktujte ma oh\u013eadom...\" name=\"your-message\"><\/textarea><\/span> <\/label>\n<\/p>\n<p><span class=\"wpcf7-form-control-wrap\" data-name=\"checkbox-597\"><span class=\"wpcf7-form-control wpcf7-checkbox wpcf7-validates-as-required\"><span class=\"wpcf7-list-item first last\"><input type=\"checkbox\" name=\"checkbox-597[]\" value=\"S\u00fahlas\u00edm so zpracovan\u00edm osobn\u00fdch \u00fadajov*\" \/><span class=\"wpcf7-list-item-label\">S\u00fahlas\u00edm so zpracovan\u00edm osobn\u00fdch \u00fadajov*<\/span><\/span><\/span><\/span>\n<\/p>\n<p><input class=\"wpcf7-form-control wpcf7-submit has-spinner\" type=\"submit\" value=\"Posla\u0165 po\u017eiadavku\" \/>\n<\/p>\n<p>*polo\u017eka je povinn\u00e1\n<\/p><div class=\"wpcf7-response-output\" aria-hidden=\"true\"><\/div>\n<\/form>\n<\/div>\n[\/vc_column][\/vc_row]<\/p>\n<\/div>","protected":false},"excerpt":{"rendered":"<p>[vc_row][vc_column css=&#8221;.vc_custom_1777821289662{margin-bottom: 20px !important;}&#8221;][vc_column_text css=&#8221;&#8221;]Kvalitn\u00e9 vonkaj\u0161ie dvere na mieru \u2013 plastov\u00e9, hlin\u00edkov\u00e9 aj dreven\u00e9 rie\u0161enia s d\u00f4razom na dizajn, bezpe\u010dnos\u0165 a dlh\u00fa \u017eivotnos\u0165.[\/vc_column_text][\/vc_column][\/vc_row][vc_row][vc_column][\/vc_column][\/vc_row][vc_row][vc_column width=&#8221;1\/2&#8243;][vc_column_text css=&#8221;&#8221;] Vonkaj\u0161ie vchodov\u00e9 dvere na mieru Vchodov\u00e9 dvere s\u00fa vizitkou ka\u017ed\u00e9ho domu. Okrem dizajnu v\u0161ak zohr\u00e1vaj\u00fa k\u013e\u00fa\u010dov\u00fa \u00falohu aj v oblasti bezpe\u010dnosti, tepelnej izol\u00e1cie a komfortu b\u00fdvania. Pon\u00fakame vonkaj\u0161ie vchodov\u00e9 dvere [&hellip;]<\/p>\n","protected":false},"author":3,"featured_media":0,"parent":0,"menu_order":0,"comment_status":"closed","ping_status":"closed","template":"","meta":{"footnotes":""},"class_list":["post-34829","page","type-page","status-publish","hentry"],"yoast_head":"<!-- This site is optimized with the Yoast SEO plugin v27.5 - https:\/\/yoast.com\/product\/yoast-seo-wordpress\/ -->\n<title>Vchodov\u00e9 dvere na mieru | Vonkaj\u0161ie dvere \u2013 cena a mont\u00e1\u017e | Cedera<\/title>\n<meta name=\"description\" content=\"Kvalitn\u00e9 vchodov\u00e9 dvere na mieru \u2013 hlin\u00edkov\u00e9, plastov\u00e9 aj dreven\u00e9. Modern\u00fd dizajn, vysok\u00e1 bezpe\u010dnos\u0165 a odborn\u00e1 mont\u00e1\u017e. Nez\u00e1v\u00e4zn\u00e1 cenov\u00e1 ponuka.\" \/>\n<meta name=\"robots\" content=\"index, follow, max-snippet:-1, max-image-preview:large, max-video-preview:-1\" \/>\n<link rel=\"canonical\" href=\"https:\/\/www.cedera-okna.sk\/sk\/vchodove-dvere\/\" \/>\n<meta property=\"og:locale\" content=\"sk_SK\" \/>\n<meta property=\"og:type\" content=\"article\" \/>\n<meta property=\"og:title\" content=\"Vchodov\u00e9 dvere na mieru | Vonkaj\u0161ie dvere \u2013 cena a mont\u00e1\u017e | Cedera\" \/>\n<meta property=\"og:description\" content=\"Kvalitn\u00e9 vchodov\u00e9 dvere na mieru \u2013 hlin\u00edkov\u00e9, plastov\u00e9 aj dreven\u00e9. Modern\u00fd dizajn, vysok\u00e1 bezpe\u010dnos\u0165 a odborn\u00e1 mont\u00e1\u017e. Nez\u00e1v\u00e4zn\u00e1 cenov\u00e1 ponuka.\" \/>\n<meta property=\"og:url\" content=\"https:\/\/www.cedera-okna.sk\/sk\/vchodove-dvere\/\" \/>\n<meta property=\"og:site_name\" content=\"Cedera\" \/>\n<meta property=\"article:publisher\" content=\"https:\/\/www.facebook.com\/okna.cedera\/\" \/>\n<meta property=\"article:modified_time\" content=\"2026-05-03T15:32:34+00:00\" \/>\n<meta property=\"og:image\" content=\"https:\/\/www.cedera-okna.sk\/wp-content\/uploads\/2026\/05\/plastove_dvere.png\" \/>\n\t<meta property=\"og:image:width\" content=\"1254\" \/>\n\t<meta property=\"og:image:height\" content=\"1254\" \/>\n\t<meta property=\"og:image:type\" content=\"image\/png\" \/>\n<meta name=\"twitter:label1\" content=\"Predpokladan\u00fd \u010das \u010d\u00edtania\" \/>\n\t<meta name=\"twitter:data1\" content=\"3 min\u00faty\" \/>\n<!-- \/ Yoast SEO plugin. -->","yoast_head_json":{"title":"Vchodov\u00e9 dvere na mieru | Vonkaj\u0161ie dvere \u2013 cena a mont\u00e1\u017e | Cedera","description":"Kvalitn\u00e9 vchodov\u00e9 dvere na mieru \u2013 hlin\u00edkov\u00e9, plastov\u00e9 aj dreven\u00e9. Modern\u00fd dizajn, vysok\u00e1 bezpe\u010dnos\u0165 a odborn\u00e1 mont\u00e1\u017e. Nez\u00e1v\u00e4zn\u00e1 cenov\u00e1 ponuka.","robots":{"index":"index","follow":"follow","max-snippet":"max-snippet:-1","max-image-preview":"max-image-preview:large","max-video-preview":"max-video-preview:-1"},"canonical":"https:\/\/www.cedera-okna.sk\/sk\/vchodove-dvere\/","og_locale":"sk_SK","og_type":"article","og_title":"Vchodov\u00e9 dvere na mieru | Vonkaj\u0161ie dvere \u2013 cena a mont\u00e1\u017e | Cedera","og_description":"Kvalitn\u00e9 vchodov\u00e9 dvere na mieru \u2013 hlin\u00edkov\u00e9, plastov\u00e9 aj dreven\u00e9. Modern\u00fd dizajn, vysok\u00e1 bezpe\u010dnos\u0165 a odborn\u00e1 mont\u00e1\u017e. Nez\u00e1v\u00e4zn\u00e1 cenov\u00e1 ponuka.","og_url":"https:\/\/www.cedera-okna.sk\/sk\/vchodove-dvere\/","og_site_name":"Cedera","article_publisher":"https:\/\/www.facebook.com\/okna.cedera\/","article_modified_time":"2026-05-03T15:32:34+00:00","og_image":[{"width":1254,"height":1254,"url":"https:\/\/www.cedera-okna.sk\/wp-content\/uploads\/2026\/05\/plastove_dvere.png","type":"image\/png"}],"twitter_misc":{"Predpokladan\u00fd \u010das \u010d\u00edtania":"3 min\u00faty"},"schema":{"@context":"https:\/\/schema.org","@graph":[{"@type":"WebPage","@id":"https:\/\/www.cedera-okna.sk\/sk\/vchodove-dvere\/","url":"https:\/\/www.cedera-okna.sk\/sk\/vchodove-dvere\/","name":"Vchodov\u00e9 dvere na mieru | Vonkaj\u0161ie dvere \u2013 cena a mont\u00e1\u017e | Cedera","isPartOf":{"@id":"https:\/\/www.cedera-okna.sk\/sk\/#website"},"primaryImageOfPage":{"@id":"https:\/\/www.cedera-okna.sk\/sk\/vchodove-dvere\/#primaryimage"},"image":{"@id":"https:\/\/www.cedera-okna.sk\/sk\/vchodove-dvere\/#primaryimage"},"thumbnailUrl":"https:\/\/www.cedera-okna.sk\/wp-content\/uploads\/2026\/05\/plastove_dvere-300x300.png","datePublished":"2026-05-03T15:17:40+00:00","dateModified":"2026-05-03T15:32:34+00:00","description":"Kvalitn\u00e9 vchodov\u00e9 dvere na mieru \u2013 hlin\u00edkov\u00e9, plastov\u00e9 aj dreven\u00e9. Modern\u00fd dizajn, vysok\u00e1 bezpe\u010dnos\u0165 a odborn\u00e1 mont\u00e1\u017e. Nez\u00e1v\u00e4zn\u00e1 cenov\u00e1 ponuka.","breadcrumb":{"@id":"https:\/\/www.cedera-okna.sk\/sk\/vchodove-dvere\/#breadcrumb"},"inLanguage":"sk-SK","potentialAction":[{"@type":"ReadAction","target":["https:\/\/www.cedera-okna.sk\/sk\/vchodove-dvere\/"]}]},{"@type":"ImageObject","inLanguage":"sk-SK","@id":"https:\/\/www.cedera-okna.sk\/sk\/vchodove-dvere\/#primaryimage","url":"https:\/\/www.cedera-okna.sk\/wp-content\/uploads\/2026\/05\/plastove_dvere-300x300.png","contentUrl":"https:\/\/www.cedera-okna.sk\/wp-content\/uploads\/2026\/05\/plastove_dvere-300x300.png"},{"@type":"BreadcrumbList","@id":"https:\/\/www.cedera-okna.sk\/sk\/vchodove-dvere\/#breadcrumb","itemListElement":[{"@type":"ListItem","position":1,"name":"Domovsk\u00e1 str\u00e1nka","item":"https:\/\/www.cedera-okna.sk\/sk\/"},{"@type":"ListItem","position":2,"name":"Vchodov\u00e9 dvere"}]},{"@type":"WebSite","@id":"https:\/\/www.cedera-okna.sk\/sk\/#website","url":"https:\/\/www.cedera-okna.sk\/sk\/","name":"Cedera","description":"Plastov\u00e9 okn\u00e1 Bratislava","publisher":{"@id":"https:\/\/www.cedera-okna.sk\/sk\/#organization"},"potentialAction":[{"@type":"SearchAction","target":{"@type":"EntryPoint","urlTemplate":"https:\/\/www.cedera-okna.sk\/sk\/?s={search_term_string}"},"query-input":{"@type":"PropertyValueSpecification","valueRequired":true,"valueName":"search_term_string"}}],"inLanguage":"sk-SK"},{"@type":"Organization","@id":"https:\/\/www.cedera-okna.sk\/sk\/#organization","name":"CEDERA s.r.o.","url":"https:\/\/www.cedera-okna.sk\/sk\/","logo":{"@type":"ImageObject","inLanguage":"sk-SK","@id":"https:\/\/www.cedera-okna.sk\/sk\/#\/schema\/logo\/image\/","url":"https:\/\/www.cedera-okna.sk\/wp-content\/uploads\/2018\/10\/Cedera-logo.png","contentUrl":"https:\/\/www.cedera-okna.sk\/wp-content\/uploads\/2018\/10\/Cedera-logo.png","width":190,"height":66,"caption":"CEDERA s.r.o."},"image":{"@id":"https:\/\/www.cedera-okna.sk\/sk\/#\/schema\/logo\/image\/"},"sameAs":["https:\/\/www.facebook.com\/okna.cedera\/"]}]}},"_links":{"self":[{"href":"https:\/\/www.cedera-okna.sk\/sk\/wp-json\/wp\/v2\/pages\/34829","targetHints":{"allow":["GET"]}}],"collection":[{"href":"https:\/\/www.cedera-okna.sk\/sk\/wp-json\/wp\/v2\/pages"}],"about":[{"href":"https:\/\/www.cedera-okna.sk\/sk\/wp-json\/wp\/v2\/types\/page"}],"author":[{"embeddable":true,"href":"https:\/\/www.cedera-okna.sk\/sk\/wp-json\/wp\/v2\/users\/3"}],"replies":[{"embeddable":true,"href":"https:\/\/www.cedera-okna.sk\/sk\/wp-json\/wp\/v2\/comments?post=34829"}],"version-history":[{"count":68,"href":"https:\/\/www.cedera-okna.sk\/sk\/wp-json\/wp\/v2\/pages\/34829\/revisions"}],"predecessor-version":[{"id":35105,"href":"https:\/\/www.cedera-okna.sk\/sk\/wp-json\/wp\/v2\/pages\/34829\/revisions\/35105"}],"wp:attachment":[{"href":"https:\/\/www.cedera-okna.sk\/sk\/wp-json\/wp\/v2\/media?parent=34829"}],"curies":[{"name":"wp","href":"https:\/\/api.w.org\/{rel}","templated":true}]}}