{"id":32694,"date":"2025-11-17T16:06:33","date_gmt":"2025-11-17T15:06:33","guid":{"rendered":"https:\/\/www.cedera-okna.sk\/sk\/?page_id=32694"},"modified":"2025-11-17T16:06:33","modified_gmt":"2025-11-17T15:06:33","slug":"parapety-vonkajsie","status":"publish","type":"page","link":"https:\/\/www.cedera-okna.sk\/sk\/parapety-vonkajsie\/","title":{"rendered":"Parapety vonkaj\u0161ie"},"content":{"rendered":"<div class=\"wpb-content-wrapper\"><p>[vc_row][vc_column][vc_column_text css=&#8221;&#8221;]<strong>Vonkaj\u0161ie parapety<\/strong> plnia predov\u0161etk\u00fdm ochrann\u00fa funkciu \u2014 spo\u013eahlivo odv\u00e1dzaj\u00fa da\u017e\u010fov\u00fa vodu od okna a zabra\u0148uj\u00fa jej prenikaniu do muriva. Chr\u00e1nia tak fas\u00e1du a cel\u00fa okenn\u00fa kon\u0161trukciu pred vlhkos\u0165ou, \u010do zvy\u0161uje \u017eivotnos\u0165 <strong>plastov\u00fdch, hlin\u00edkov\u00fdch aj dreven\u00fdch okien<\/strong>.[\/vc_column_text][\/vc_column][\/vc_row][vc_row][vc_column][vc_column_text css=&#8221;&#8221;]<\/p>\n<h2>Materi\u00e1ly vonkaj\u0161\u00edch parapetov<\/h2>\n<p>Naj\u010dastej\u0161ie pou\u017e\u00edvan\u00e9 materi\u00e1ly:<\/p>\n<ul>\n<li><strong>Hlin\u00edkov\u00e9 parapety<\/strong> \u2013 ve\u013emi odoln\u00e9 vo\u010di po\u010dasiu, s dlhou \u017eivotnos\u0165ou, dostupn\u00e9 v mnoh\u00fdch RAL odtie\u0148och.<\/li>\n<li><strong>Pozinkovan\u00e9 oce\u013eov\u00e9 parapety<\/strong> \u2013 ekonomick\u00e9 rie\u0161enie s pevnou kon\u0161trukciou, vhodn\u00e9 na rodinn\u00e9 domy aj bytov\u00e9 objekty.<\/li>\n<li><strong>Tit\u00e1nzinkov\u00e9 alebo meden\u00e9 parapety<\/strong> \u2013 pr\u00e9miov\u00e9 rie\u0161enie s v\u00fdnimo\u010dnou trv\u00e1cnos\u0165ou a exkluz\u00edvnym vzh\u013eadom.<\/li>\n<\/ul>\n<p>[\/vc_column_text][\/vc_column][\/vc_row][vc_row][vc_column][vc_column_text css=&#8221;&#8221;]<\/p>\n<h2>Funk\u010dnos\u0165 a v\u00fdhody<\/h2>\n<ul>\n<li>efekt\u00edvne odv\u00e1dzanie vody od fas\u00e1dy<\/li>\n<li>ochrana muriva pred po\u0161koden\u00edm<\/li>\n<li>zv\u00fd\u0161enie \u017eivotnosti okna a celej stavby<\/li>\n<li>mo\u017enos\u0165 v\u00fdberu farebn\u00e9ho prevedenia v s\u00falade s r\u00e1mom okna \u010di fas\u00e1dou<\/li>\n<li>odolnos\u0165 vo\u010di UV \u017eiareniu, krupobitiu a mechanick\u00e9mu opotrebovaniu<\/li>\n<\/ul>\n<p>[\/vc_column_text][\/vc_column][\/vc_row][vc_row][vc_column][vc_column_text css=&#8221;&#8221;]<\/p>\n<h2>Mont\u00e1\u017e vonkaj\u0161\u00edch parapetov<\/h2>\n<p>K\u013e\u00fa\u010dom k funk\u010dn\u00e9mu vonkaj\u0161iemu parapetu je jeho spr\u00e1vne osadenie. Nutn\u00e9 je dodr\u017ea\u0165:<\/p>\n<ul>\n<li>predp\u00edsan\u00fd sklon pre odtok vody<\/li>\n<li>presn\u00e9 utesnenie napojenia na r\u00e1m okna<\/li>\n<li>mont\u00e1\u017e bo\u010dn\u00fdch z\u00e1slepiek<\/li>\n<li>ochranu parapetu pred prehrievan\u00edm a vibr\u00e1ciami<\/li>\n<\/ul>\n<p data-start=\"3228\" data-end=\"3398\">Profesion\u00e1lna mont\u00e1\u017e zabezpe\u010d\u00ed, \u017ee parapet bude plni\u0165 svoju funkciu dlhodobo a bez probl\u00e9mov, \u010do je d\u00f4le\u017eit\u00e9 najm\u00e4 pri novostavb\u00e1ch aj pri rekon\u0161trukci\u00e1ch star\u0161\u00edch domov.<\/p>\n<p>[\/vc_column_text][\/vc_column][\/vc_row][vc_row][vc_column][vc_column_text css=&#8221;&#8221;]<\/p>\n<h2 style=\"text-align: center;\"><span class=\"HwtZe\" lang=\"sk\"><span class=\"jCAhz ChMk0b\"><span class=\"ryNqvb\">Potrebujete poradi\u0165 s v\u00fdberom alebo viac inform\u00e1ci\u00ed?<\/span><\/span><\/span><br \/>\nVypl\u0148te formul\u00e1r ni\u017e\u0161ie a ozveme sa v\u00e1m do 24 hod\u00edn.<\/h2>\n<p>[\/vc_column_text]\n<div class=\"wpcf7 no-js\" id=\"wpcf7-f2486-o1\" lang=\"sk-SK\" dir=\"ltr\" data-wpcf7-id=\"2486\">\n<div class=\"screen-reader-response\"><p role=\"status\" aria-live=\"polite\" aria-atomic=\"true\"><\/p> <ul><\/ul><\/div>\n<form action=\"\/sk\/wp-json\/wp\/v2\/pages\/32694#wpcf7-f2486-o1\" method=\"post\" class=\"wpcf7-form init\" aria-label=\"Kontaktn\u00fd formul\u00e1r\" novalidate=\"novalidate\" data-status=\"init\">\n<fieldset class=\"hidden-fields-container\"><input type=\"hidden\" name=\"_wpcf7\" value=\"2486\" \/><input type=\"hidden\" name=\"_wpcf7_version\" value=\"6.1.5\" \/><input type=\"hidden\" name=\"_wpcf7_locale\" value=\"sk_SK\" \/><input type=\"hidden\" name=\"_wpcf7_unit_tag\" value=\"wpcf7-f2486-o1\" \/><input type=\"hidden\" name=\"_wpcf7_container_post\" value=\"0\" \/><input type=\"hidden\" name=\"_wpcf7_posted_data_hash\" value=\"\" \/><input type=\"hidden\" name=\"_wpcf7_recaptcha_response\" value=\"\" \/>\n<\/fieldset>\n<p><label><br \/>\n<span class=\"wpcf7-form-control-wrap\" data-name=\"your-name\"><input size=\"40\" maxlength=\"400\" class=\"wpcf7-form-control wpcf7-text wpcf7-validates-as-required\" aria-required=\"true\" aria-invalid=\"false\" placeholder=\"Meno*\" value=\"\" type=\"text\" name=\"your-name\" \/><\/span> <\/label>\n<\/p>\n<div class=\"sc_form_info columns_wrap\">\n\t<div class=\"sc_form_item sc_form_field label_over column-1_2\">\n\t\t<p><label><br \/>\n<span class=\"wpcf7-form-control-wrap\" data-name=\"your-telefon\"><input size=\"40\" maxlength=\"400\" class=\"wpcf7-form-control wpcf7-tel wpcf7-validates-as-required wpcf7-text wpcf7-validates-as-tel\" aria-required=\"true\" aria-invalid=\"false\" placeholder=\"Telef\u00f3n*\" value=\"\" type=\"tel\" name=\"your-telefon\" \/><\/span> <\/label>\n\t\t<\/p>\n\t<\/div>\n\t<div class=\"sc_form_item sc_form_field label_over column-1_2 pading0\">\n\t\t<p><label><br \/>\n<span class=\"wpcf7-form-control-wrap\" data-name=\"your-email\"><input size=\"40\" maxlength=\"400\" class=\"wpcf7-form-control wpcf7-email wpcf7-validates-as-required wpcf7-text wpcf7-validates-as-email\" aria-required=\"true\" aria-invalid=\"false\" placeholder=\"E-mail*\" value=\"\" type=\"email\" name=\"your-email\" \/><\/span><\/label>\n\t\t<\/p>\n\t<\/div>\n<\/div>\n<p><label><br \/>\n<span class=\"wpcf7-form-control-wrap\" data-name=\"your-message\"><textarea cols=\"40\" rows=\"10\" maxlength=\"2000\" class=\"wpcf7-form-control wpcf7-textarea\" aria-invalid=\"false\" placeholder=\"Pros\u00edm kontaktujte ma oh\u013eadom...\" name=\"your-message\"><\/textarea><\/span> <\/label>\n<\/p>\n<p><span class=\"wpcf7-form-control-wrap\" data-name=\"checkbox-597\"><span class=\"wpcf7-form-control wpcf7-checkbox wpcf7-validates-as-required\"><span class=\"wpcf7-list-item first last\"><input type=\"checkbox\" name=\"checkbox-597[]\" value=\"S\u00fahlas\u00edm so zpracovan\u00edm osobn\u00fdch \u00fadajov*\" \/><span class=\"wpcf7-list-item-label\">S\u00fahlas\u00edm so zpracovan\u00edm osobn\u00fdch \u00fadajov*<\/span><\/span><\/span><\/span>\n<\/p>\n<p><input class=\"wpcf7-form-control wpcf7-submit has-spinner\" type=\"submit\" value=\"Posla\u0165 po\u017eiadavku\" \/>\n<\/p>\n<p>*polo\u017eka je povinn\u00e1\n<\/p><div class=\"wpcf7-response-output\" aria-hidden=\"true\"><\/div>\n<\/form>\n<\/div>\n[\/vc_column][\/vc_row]<\/p>\n<\/div>","protected":false},"excerpt":{"rendered":"<p>[vc_row][vc_column][vc_column_text css=&#8221;&#8221;]Vonkaj\u0161ie parapety plnia predov\u0161etk\u00fdm ochrann\u00fa funkciu \u2014 spo\u013eahlivo odv\u00e1dzaj\u00fa da\u017e\u010fov\u00fa vodu od okna a zabra\u0148uj\u00fa jej prenikaniu do muriva. Chr\u00e1nia tak fas\u00e1du a cel\u00fa okenn\u00fa kon\u0161trukciu pred vlhkos\u0165ou, \u010do zvy\u0161uje \u017eivotnos\u0165 plastov\u00fdch, hlin\u00edkov\u00fdch aj dreven\u00fdch okien.[\/vc_column_text][\/vc_column][\/vc_row][vc_row][vc_column][vc_column_text css=&#8221;&#8221;] Materi\u00e1ly vonkaj\u0161\u00edch parapetov Naj\u010dastej\u0161ie pou\u017e\u00edvan\u00e9 materi\u00e1ly: Hlin\u00edkov\u00e9 parapety \u2013 ve\u013emi odoln\u00e9 vo\u010di po\u010dasiu, s dlhou \u017eivotnos\u0165ou, dostupn\u00e9 [&hellip;]<\/p>\n","protected":false},"author":3,"featured_media":0,"parent":0,"menu_order":0,"comment_status":"closed","ping_status":"closed","template":"","meta":{"footnotes":""},"class_list":["post-32694","page","type-page","status-publish","hentry"],"yoast_head":"<!-- This site is optimized with the Yoast SEO plugin v27.4 - https:\/\/yoast.com\/product\/yoast-seo-wordpress\/ -->\n<title>Vonkaj\u0161ie parapety \u2013 odoln\u00e9 rie\u0161enia pre fas\u00e1dy | Cedera<\/title>\n<meta name=\"description\" content=\"Vonkaj\u0161ie parapety chr\u00e1nia fas\u00e1du pred vlhkos\u0165ou a zatek\u00e1n\u00edm. Pozrite si preh\u013ead materi\u00e1lov, v\u00fdhody a odpor\u00fa\u010dania pre spr\u00e1vnu mont\u00e1\u017e.\" \/>\n<meta name=\"robots\" content=\"index, follow, max-snippet:-1, max-image-preview:large, max-video-preview:-1\" \/>\n<link rel=\"canonical\" href=\"https:\/\/www.cedera-okna.sk\/sk\/parapety-vonkajsie\/\" \/>\n<meta property=\"og:locale\" content=\"sk_SK\" \/>\n<meta property=\"og:type\" content=\"article\" \/>\n<meta property=\"og:title\" content=\"Vonkaj\u0161ie parapety \u2013 odoln\u00e9 rie\u0161enia pre fas\u00e1dy | Cedera\" \/>\n<meta property=\"og:description\" content=\"Vonkaj\u0161ie parapety chr\u00e1nia fas\u00e1du pred vlhkos\u0165ou a zatek\u00e1n\u00edm. Pozrite si preh\u013ead materi\u00e1lov, v\u00fdhody a odpor\u00fa\u010dania pre spr\u00e1vnu mont\u00e1\u017e.\" \/>\n<meta property=\"og:url\" content=\"https:\/\/www.cedera-okna.sk\/sk\/parapety-vonkajsie\/\" \/>\n<meta property=\"og:site_name\" content=\"Cedera\" \/>\n<meta property=\"article:publisher\" content=\"https:\/\/www.facebook.com\/okna.cedera\/\" \/>\n<meta name=\"twitter:label1\" content=\"Predpokladan\u00fd \u010das \u010d\u00edtania\" \/>\n\t<meta name=\"twitter:data1\" content=\"2 min\u00faty\" \/>\n<!-- \/ Yoast SEO plugin. -->","yoast_head_json":{"title":"Vonkaj\u0161ie parapety \u2013 odoln\u00e9 rie\u0161enia pre fas\u00e1dy | Cedera","description":"Vonkaj\u0161ie parapety chr\u00e1nia fas\u00e1du pred vlhkos\u0165ou a zatek\u00e1n\u00edm. Pozrite si preh\u013ead materi\u00e1lov, v\u00fdhody a odpor\u00fa\u010dania pre spr\u00e1vnu mont\u00e1\u017e.","robots":{"index":"index","follow":"follow","max-snippet":"max-snippet:-1","max-image-preview":"max-image-preview:large","max-video-preview":"max-video-preview:-1"},"canonical":"https:\/\/www.cedera-okna.sk\/sk\/parapety-vonkajsie\/","og_locale":"sk_SK","og_type":"article","og_title":"Vonkaj\u0161ie parapety \u2013 odoln\u00e9 rie\u0161enia pre fas\u00e1dy | Cedera","og_description":"Vonkaj\u0161ie parapety chr\u00e1nia fas\u00e1du pred vlhkos\u0165ou a zatek\u00e1n\u00edm. Pozrite si preh\u013ead materi\u00e1lov, v\u00fdhody a odpor\u00fa\u010dania pre spr\u00e1vnu mont\u00e1\u017e.","og_url":"https:\/\/www.cedera-okna.sk\/sk\/parapety-vonkajsie\/","og_site_name":"Cedera","article_publisher":"https:\/\/www.facebook.com\/okna.cedera\/","twitter_misc":{"Predpokladan\u00fd \u010das \u010d\u00edtania":"2 min\u00faty"},"schema":{"@context":"https:\/\/schema.org","@graph":[{"@type":"WebPage","@id":"https:\/\/www.cedera-okna.sk\/sk\/parapety-vonkajsie\/","url":"https:\/\/www.cedera-okna.sk\/sk\/parapety-vonkajsie\/","name":"Vonkaj\u0161ie parapety \u2013 odoln\u00e9 rie\u0161enia pre fas\u00e1dy | Cedera","isPartOf":{"@id":"https:\/\/www.cedera-okna.sk\/sk\/#website"},"datePublished":"2025-11-17T15:06:33+00:00","description":"Vonkaj\u0161ie parapety chr\u00e1nia fas\u00e1du pred vlhkos\u0165ou a zatek\u00e1n\u00edm. Pozrite si preh\u013ead materi\u00e1lov, v\u00fdhody a odpor\u00fa\u010dania pre spr\u00e1vnu mont\u00e1\u017e.","breadcrumb":{"@id":"https:\/\/www.cedera-okna.sk\/sk\/parapety-vonkajsie\/#breadcrumb"},"inLanguage":"sk-SK","potentialAction":[{"@type":"ReadAction","target":["https:\/\/www.cedera-okna.sk\/sk\/parapety-vonkajsie\/"]}]},{"@type":"BreadcrumbList","@id":"https:\/\/www.cedera-okna.sk\/sk\/parapety-vonkajsie\/#breadcrumb","itemListElement":[{"@type":"ListItem","position":1,"name":"Domovsk\u00e1 str\u00e1nka","item":"https:\/\/www.cedera-okna.sk\/sk\/"},{"@type":"ListItem","position":2,"name":"Parapety vonkaj\u0161ie"}]},{"@type":"WebSite","@id":"https:\/\/www.cedera-okna.sk\/sk\/#website","url":"https:\/\/www.cedera-okna.sk\/sk\/","name":"Cedera","description":"Plastov\u00e9 okn\u00e1 Bratislava","publisher":{"@id":"https:\/\/www.cedera-okna.sk\/sk\/#organization"},"potentialAction":[{"@type":"SearchAction","target":{"@type":"EntryPoint","urlTemplate":"https:\/\/www.cedera-okna.sk\/sk\/?s={search_term_string}"},"query-input":{"@type":"PropertyValueSpecification","valueRequired":true,"valueName":"search_term_string"}}],"inLanguage":"sk-SK"},{"@type":"Organization","@id":"https:\/\/www.cedera-okna.sk\/sk\/#organization","name":"CEDERA s.r.o.","url":"https:\/\/www.cedera-okna.sk\/sk\/","logo":{"@type":"ImageObject","inLanguage":"sk-SK","@id":"https:\/\/www.cedera-okna.sk\/sk\/#\/schema\/logo\/image\/","url":"https:\/\/www.cedera-okna.sk\/wp-content\/uploads\/2018\/10\/Cedera-logo.png","contentUrl":"https:\/\/www.cedera-okna.sk\/wp-content\/uploads\/2018\/10\/Cedera-logo.png","width":190,"height":66,"caption":"CEDERA s.r.o."},"image":{"@id":"https:\/\/www.cedera-okna.sk\/sk\/#\/schema\/logo\/image\/"},"sameAs":["https:\/\/www.facebook.com\/okna.cedera\/"]}]}},"_links":{"self":[{"href":"https:\/\/www.cedera-okna.sk\/sk\/wp-json\/wp\/v2\/pages\/32694","targetHints":{"allow":["GET"]}}],"collection":[{"href":"https:\/\/www.cedera-okna.sk\/sk\/wp-json\/wp\/v2\/pages"}],"about":[{"href":"https:\/\/www.cedera-okna.sk\/sk\/wp-json\/wp\/v2\/types\/page"}],"author":[{"embeddable":true,"href":"https:\/\/www.cedera-okna.sk\/sk\/wp-json\/wp\/v2\/users\/3"}],"replies":[{"embeddable":true,"href":"https:\/\/www.cedera-okna.sk\/sk\/wp-json\/wp\/v2\/comments?post=32694"}],"version-history":[{"count":3,"href":"https:\/\/www.cedera-okna.sk\/sk\/wp-json\/wp\/v2\/pages\/32694\/revisions"}],"predecessor-version":[{"id":32698,"href":"https:\/\/www.cedera-okna.sk\/sk\/wp-json\/wp\/v2\/pages\/32694\/revisions\/32698"}],"wp:attachment":[{"href":"https:\/\/www.cedera-okna.sk\/sk\/wp-json\/wp\/v2\/media?parent=32694"}],"curies":[{"name":"wp","href":"https:\/\/api.w.org\/{rel}","templated":true}]}}