{"id":319,"date":"2016-03-17T15:45:20","date_gmt":"2016-03-17T14:45:20","guid":{"rendered":"http:\/\/cedera-okna.sk\/index.php\/odoslane-callback\/"},"modified":"2016-08-18T10:49:28","modified_gmt":"2016-08-18T08:49:28","slug":"odoslane-callback","status":"publish","type":"page","link":"https:\/\/www.cedera-okna.sk\/sk\/odoslane-callback\/","title":{"rendered":"Budeme V\u00e1s kontaktova\u0165"},"content":{"rendered":"<h2>\u010eakujeme za d\u00f4veru. Na\u0161i pracovn\u00edci V\u00e1s bud\u00fa kontaktova\u0165 hne\u010f ako to bude mo\u017en\u00e9<\/h2>\n","protected":false},"excerpt":{"rendered":"<p>\u010eakujeme za d\u00f4veru. Na\u0161i pracovn\u00edci V\u00e1s bud\u00fa kontaktova\u0165 hne\u010f ako to bude mo\u017en\u00e9<\/p>\n","protected":false},"author":3,"featured_media":0,"parent":0,"menu_order":2,"comment_status":"closed","ping_status":"closed","template":"page.php","meta":{"footnotes":""},"class_list":["post-319","page","type-page","status-publish","hentry"],"yoast_head":"<!-- This site is optimized with the Yoast SEO plugin v27.5 - https:\/\/yoast.com\/product\/yoast-seo-wordpress\/ -->\n<title>Budeme V\u00e1s kontaktova\u0165 - Cedera<\/title>\n<meta name=\"robots\" content=\"index, follow, max-snippet:-1, max-image-preview:large, max-video-preview:-1\" \/>\n<link rel=\"canonical\" href=\"https:\/\/www.cedera-okna.sk\/sk\/odoslane-callback\/\" \/>\n<meta property=\"og:locale\" content=\"sk_SK\" \/>\n<meta property=\"og:type\" content=\"article\" \/>\n<meta property=\"og:title\" content=\"Budeme V\u00e1s kontaktova\u0165 - Cedera\" \/>\n<meta property=\"og:description\" content=\"\u010eakujeme za d\u00f4veru. Na\u0161i pracovn\u00edci V\u00e1s bud\u00fa kontaktova\u0165 hne\u010f ako to bude mo\u017en\u00e9\" \/>\n<meta property=\"og:url\" content=\"https:\/\/www.cedera-okna.sk\/sk\/odoslane-callback\/\" \/>\n<meta property=\"og:site_name\" content=\"Cedera\" \/>\n<meta property=\"article:publisher\" content=\"https:\/\/www.facebook.com\/okna.cedera\/\" \/>\n<meta property=\"article:modified_time\" content=\"2016-08-18T08:49:28+00:00\" \/>\n<!-- \/ Yoast SEO plugin. -->","yoast_head_json":{"title":"Budeme V\u00e1s kontaktova\u0165 - Cedera","robots":{"index":"index","follow":"follow","max-snippet":"max-snippet:-1","max-image-preview":"max-image-preview:large","max-video-preview":"max-video-preview:-1"},"canonical":"https:\/\/www.cedera-okna.sk\/sk\/odoslane-callback\/","og_locale":"sk_SK","og_type":"article","og_title":"Budeme V\u00e1s kontaktova\u0165 - Cedera","og_description":"\u010eakujeme za d\u00f4veru. Na\u0161i pracovn\u00edci V\u00e1s bud\u00fa kontaktova\u0165 hne\u010f ako to bude mo\u017en\u00e9","og_url":"https:\/\/www.cedera-okna.sk\/sk\/odoslane-callback\/","og_site_name":"Cedera","article_publisher":"https:\/\/www.facebook.com\/okna.cedera\/","article_modified_time":"2016-08-18T08:49:28+00:00","schema":{"@context":"https:\/\/schema.org","@graph":[{"@type":"WebPage","@id":"https:\/\/www.cedera-okna.sk\/sk\/odoslane-callback\/","url":"https:\/\/www.cedera-okna.sk\/sk\/odoslane-callback\/","name":"Budeme V\u00e1s kontaktova\u0165 - Cedera","isPartOf":{"@id":"https:\/\/www.cedera-okna.sk\/sk\/#website"},"datePublished":"2016-03-17T14:45:20+00:00","dateModified":"2016-08-18T08:49:28+00:00","breadcrumb":{"@id":"https:\/\/www.cedera-okna.sk\/sk\/odoslane-callback\/#breadcrumb"},"inLanguage":"sk-SK","potentialAction":[{"@type":"ReadAction","target":["https:\/\/www.cedera-okna.sk\/sk\/odoslane-callback\/"]}]},{"@type":"BreadcrumbList","@id":"https:\/\/www.cedera-okna.sk\/sk\/odoslane-callback\/#breadcrumb","itemListElement":[{"@type":"ListItem","position":1,"name":"Domovsk\u00e1 str\u00e1nka","item":"https:\/\/www.cedera-okna.sk\/sk\/"},{"@type":"ListItem","position":2,"name":"Budeme V\u00e1s kontaktova\u0165"}]},{"@type":"WebSite","@id":"https:\/\/www.cedera-okna.sk\/sk\/#website","url":"https:\/\/www.cedera-okna.sk\/sk\/","name":"Cedera","description":"Plastov\u00e9 okn\u00e1 Bratislava","publisher":{"@id":"https:\/\/www.cedera-okna.sk\/sk\/#organization"},"potentialAction":[{"@type":"SearchAction","target":{"@type":"EntryPoint","urlTemplate":"https:\/\/www.cedera-okna.sk\/sk\/?s={search_term_string}"},"query-input":{"@type":"PropertyValueSpecification","valueRequired":true,"valueName":"search_term_string"}}],"inLanguage":"sk-SK"},{"@type":"Organization","@id":"https:\/\/www.cedera-okna.sk\/sk\/#organization","name":"CEDERA s.r.o.","url":"https:\/\/www.cedera-okna.sk\/sk\/","logo":{"@type":"ImageObject","inLanguage":"sk-SK","@id":"https:\/\/www.cedera-okna.sk\/sk\/#\/schema\/logo\/image\/","url":"https:\/\/www.cedera-okna.sk\/wp-content\/uploads\/2018\/10\/Cedera-logo.png","contentUrl":"https:\/\/www.cedera-okna.sk\/wp-content\/uploads\/2018\/10\/Cedera-logo.png","width":190,"height":66,"caption":"CEDERA s.r.o."},"image":{"@id":"https:\/\/www.cedera-okna.sk\/sk\/#\/schema\/logo\/image\/"},"sameAs":["https:\/\/www.facebook.com\/okna.cedera\/"]}]}},"_links":{"self":[{"href":"https:\/\/www.cedera-okna.sk\/sk\/wp-json\/wp\/v2\/pages\/319","targetHints":{"allow":["GET"]}}],"collection":[{"href":"https:\/\/www.cedera-okna.sk\/sk\/wp-json\/wp\/v2\/pages"}],"about":[{"href":"https:\/\/www.cedera-okna.sk\/sk\/wp-json\/wp\/v2\/types\/page"}],"author":[{"embeddable":true,"href":"https:\/\/www.cedera-okna.sk\/sk\/wp-json\/wp\/v2\/users\/3"}],"replies":[{"embeddable":true,"href":"https:\/\/www.cedera-okna.sk\/sk\/wp-json\/wp\/v2\/comments?post=319"}],"version-history":[{"count":1,"href":"https:\/\/www.cedera-okna.sk\/sk\/wp-json\/wp\/v2\/pages\/319\/revisions"}],"predecessor-version":[{"id":2488,"href":"https:\/\/www.cedera-okna.sk\/sk\/wp-json\/wp\/v2\/pages\/319\/revisions\/2488"}],"wp:attachment":[{"href":"https:\/\/www.cedera-okna.sk\/sk\/wp-json\/wp\/v2\/media?parent=319"}],"curies":[{"name":"wp","href":"https:\/\/api.w.org\/{rel}","templated":true}]}}