{"id":27959,"date":"2025-07-20T15:21:34","date_gmt":"2025-07-20T13:21:34","guid":{"rendered":"https:\/\/www.cedera-okna.sk\/sk\/?page_id=27959"},"modified":"2025-07-20T15:21:34","modified_gmt":"2025-07-20T13:21:34","slug":"naturo-80-hst-alu","status":"publish","type":"page","link":"https:\/\/www.cedera-okna.sk\/sk\/naturo-80-hst-alu\/","title":{"rendered":"Naturo 80 HST ALU"},"content":{"rendered":"<div class=\"wpb-content-wrapper\"><p>[vc_row][vc_column][vc_column_text css=&#8221;&#8221;]Dreven\u00fd zdvi\u017eno-posuvn\u00fd syst\u00e9m Naturo 80 HST ALU je rie\u0161en\u00edm pre n\u00e1ro\u010dn\u00fdch investorov. Umo\u017e\u0148uje zavedenie prest\u00ed\u017enych dreven\u00fdch rie\u0161en\u00ed do modern\u00fdch priestorov, ktor\u00e9 napriek pou\u017eitiu pr\u00edrodn\u00e9ho materi\u00e1lu pon\u00fakaj\u00fa ve\u013ek\u00e9 zasklen\u00e9 plochy, pohodln\u00fa obsluhu a\u00a0dobr\u00e9 tepeln\u00e9 parametre.[\/vc_column_text][\/vc_column][\/vc_row][vc_row][vc_column width=&#8221;1\/2&#8243;][vc_column_text css=&#8221;&#8221;]<\/p>\n<h3>Technick\u00e9 parametre:<\/h3>\n<ul>\n<li>Stavebn\u00e1 h\u013abka: 188 mm<\/li>\n<li>Zasklenie: zasklenie od 34 do 45 mm<\/li>\n<li>3-4 vrstvy lepen\u00e9ho dreva<\/li>\n<li>4-vrstvov\u00fd n\u00e1terov\u00fd povrch<\/li>\n<li>Dostupn\u00e9 otv\u00e1racie sch\u00e9my: A (OX), C (OXXO), D (XX)<\/li>\n<li>Dostupn\u00e9 kryty: Gemini Classic, Gemini Quadrat (kompatibiln\u00e9 s Gemini Quadrat FB)<\/li>\n<li>Spolupracujeme s dod\u00e1vate\u013emi, ktor\u00ed maj\u00fa certifik\u00e1t FSC<\/li>\n<\/ul>\n<p>[\/vc_column_text][\/vc_column][vc_column width=&#8221;1\/2&#8243;][vc_gallery interval=&#8221;0&#8243; images=&#8221;27960,27961,27962&#8243; img_size=&#8221;large&#8221; css=&#8221;&#8221;][\/vc_column][\/vc_row][vc_row][vc_column][vc_column_text css=&#8221;&#8221;]<\/p>\n<h3>3 najd\u00f4le\u017eitej\u0161ie vlastnosti Naturo 80 HST ALU:<\/h3>\n<ul>\n<li>Jedine\u010dn\u00fd p\u00f4\u017eitok z kontaktu s pr\u00edrodn\u00fdm materi\u00e1lom, ak\u00fdm je drevo<\/li>\n<li>Ohromuj\u00faci dizajn, ktor\u00fd m\u00f4\u017eete prisp\u00f4sobi\u0165 pomocou hlin\u00edkov\u00fdch krytov a mnoh\u00fdch mo\u017enost\u00ed povrchovej \u00fapravy dreva<\/li>\n<li>Pohodlie pri ka\u017edodennom pou\u017e\u00edvan\u00ed v\u010faka zdvi\u017eno-posuvn\u00e9mu mechanizmu a n\u00edzkemu prahu s v\u00fd\u0161kou iba 24 mm<\/li>\n<\/ul>\n<p>[\/vc_column_text][\/vc_column][\/vc_row][vc_row][vc_column][vc_column_text css=&#8221;&#8221;]<\/p>\n<h3>Vyberte Naturo 80 HST ALU, ak:<\/h3>\n<ul>\n<li>O\u010dak\u00e1vate dreven\u00fd produkt, ktor\u00fd z vonkaj\u0161ej strany pon\u00faka modern\u00fd hlin\u00edkov\u00fd dizajn<\/li>\n<li>Potrebujete tepl\u00fd a nadpriemerne tesn\u00fd posuvn\u00fd syst\u00e9m<\/li>\n<li>Chcete spoji\u0165 ve\u013emi ve\u013ek\u00e9 presklenia s vynikaj\u00facimi tepelnoizola\u010dn\u00fdmi vlastnos\u0165ami<\/li>\n<\/ul>\n<p>[\/vc_column_text][\/vc_column][\/vc_row][vc_row][vc_column][vc_column_text css=&#8221;&#8221;]<\/p>\n<h3>Viac inform\u00e1ci\u00ed o posuvnom syst\u00e9me Naturo 80 HST ALU:<\/h3>\n<ul>\n<li>Max. hmotnos\u0165 kr\u00eddla: 400 kg<\/li>\n<li>Min. \u0161\u00edrka kr\u00eddla: 800 mm<\/li>\n<li>Max. \u0161\u00edrka kr\u00eddla: 3300 mm<\/li>\n<li>V\u00fd\u0161ka prahu: 24 alebo 50 mm<\/li>\n<li>Typy dreva: borovica, smrek, meranti, dub<\/li>\n<li>Typy \u00faprav dreva: farby z palety Lazur, farby z palety RAL, \u010d\u00edry lak, \u010d\u00edry impregnant, surov\u00e9 drevo<\/li>\n<\/ul>\n<p>[\/vc_column_text][\/vc_column][\/vc_row][vc_row][vc_column][vc_column_text css=&#8221;&#8221;]<\/p>\n<h2 style=\"text-align: center;\">M\u00e1te z\u00e1ujem o posuvn\u00e9 dreven\u00e9 syst\u00e9my alebo si necha\u0165 poradi\u0165?<br \/>\nVypl\u0148te formul\u00e1r ni\u017e\u0161ie a ozveme sa v\u00e1m do 24 hod\u00edn.<\/h2>\n<p>[\/vc_column_text]\n<div class=\"wpcf7 no-js\" id=\"wpcf7-f2486-o1\" lang=\"sk-SK\" dir=\"ltr\" data-wpcf7-id=\"2486\">\n<div class=\"screen-reader-response\"><p role=\"status\" aria-live=\"polite\" aria-atomic=\"true\"><\/p> <ul><\/ul><\/div>\n<form action=\"\/sk\/wp-json\/wp\/v2\/pages\/27959#wpcf7-f2486-o1\" method=\"post\" class=\"wpcf7-form init\" aria-label=\"Kontaktn\u00fd formul\u00e1r\" novalidate=\"novalidate\" data-status=\"init\">\n<fieldset class=\"hidden-fields-container\"><input type=\"hidden\" name=\"_wpcf7\" value=\"2486\" \/><input type=\"hidden\" name=\"_wpcf7_version\" value=\"6.1.5\" \/><input type=\"hidden\" name=\"_wpcf7_locale\" value=\"sk_SK\" \/><input type=\"hidden\" name=\"_wpcf7_unit_tag\" value=\"wpcf7-f2486-o1\" \/><input type=\"hidden\" name=\"_wpcf7_container_post\" value=\"0\" \/><input type=\"hidden\" name=\"_wpcf7_posted_data_hash\" value=\"\" \/><input type=\"hidden\" name=\"_wpcf7_recaptcha_response\" value=\"\" \/>\n<\/fieldset>\n<p><label><br \/>\n<span class=\"wpcf7-form-control-wrap\" data-name=\"your-name\"><input size=\"40\" maxlength=\"400\" class=\"wpcf7-form-control wpcf7-text wpcf7-validates-as-required\" aria-required=\"true\" aria-invalid=\"false\" placeholder=\"Meno*\" value=\"\" type=\"text\" name=\"your-name\" \/><\/span> <\/label>\n<\/p>\n<div class=\"sc_form_info columns_wrap\">\n\t<div class=\"sc_form_item sc_form_field label_over column-1_2\">\n\t\t<p><label><br \/>\n<span class=\"wpcf7-form-control-wrap\" data-name=\"your-telefon\"><input size=\"40\" maxlength=\"400\" class=\"wpcf7-form-control wpcf7-tel wpcf7-validates-as-required wpcf7-text wpcf7-validates-as-tel\" aria-required=\"true\" aria-invalid=\"false\" placeholder=\"Telef\u00f3n*\" value=\"\" type=\"tel\" name=\"your-telefon\" \/><\/span> <\/label>\n\t\t<\/p>\n\t<\/div>\n\t<div class=\"sc_form_item sc_form_field label_over column-1_2 pading0\">\n\t\t<p><label><br \/>\n<span class=\"wpcf7-form-control-wrap\" data-name=\"your-email\"><input size=\"40\" maxlength=\"400\" class=\"wpcf7-form-control wpcf7-email wpcf7-validates-as-required wpcf7-text wpcf7-validates-as-email\" aria-required=\"true\" aria-invalid=\"false\" placeholder=\"E-mail*\" value=\"\" type=\"email\" name=\"your-email\" \/><\/span><\/label>\n\t\t<\/p>\n\t<\/div>\n<\/div>\n<p><label><br \/>\n<span class=\"wpcf7-form-control-wrap\" data-name=\"your-message\"><textarea cols=\"40\" rows=\"10\" maxlength=\"2000\" class=\"wpcf7-form-control wpcf7-textarea\" aria-invalid=\"false\" placeholder=\"Pros\u00edm kontaktujte ma oh\u013eadom...\" name=\"your-message\"><\/textarea><\/span> <\/label>\n<\/p>\n<p><span class=\"wpcf7-form-control-wrap\" data-name=\"checkbox-597\"><span class=\"wpcf7-form-control wpcf7-checkbox wpcf7-validates-as-required\"><span class=\"wpcf7-list-item first last\"><input type=\"checkbox\" name=\"checkbox-597[]\" value=\"S\u00fahlas\u00edm so zpracovan\u00edm osobn\u00fdch \u00fadajov*\" \/><span class=\"wpcf7-list-item-label\">S\u00fahlas\u00edm so zpracovan\u00edm osobn\u00fdch \u00fadajov*<\/span><\/span><\/span><\/span>\n<\/p>\n<p><input class=\"wpcf7-form-control wpcf7-submit has-spinner\" type=\"submit\" value=\"Posla\u0165 po\u017eiadavku\" \/>\n<\/p>\n<p>*polo\u017eka je povinn\u00e1\n<\/p><div class=\"wpcf7-response-output\" aria-hidden=\"true\"><\/div>\n<\/form>\n<\/div>\n[\/vc_column][\/vc_row]<\/p>\n<\/div>","protected":false},"excerpt":{"rendered":"<p>[vc_row][vc_column][vc_column_text css=&#8221;&#8221;]Dreven\u00fd zdvi\u017eno-posuvn\u00fd syst\u00e9m Naturo 80 HST ALU je rie\u0161en\u00edm pre n\u00e1ro\u010dn\u00fdch investorov. Umo\u017e\u0148uje zavedenie prest\u00ed\u017enych dreven\u00fdch rie\u0161en\u00ed do modern\u00fdch priestorov, ktor\u00e9 napriek pou\u017eitiu pr\u00edrodn\u00e9ho materi\u00e1lu pon\u00fakaj\u00fa ve\u013ek\u00e9 zasklen\u00e9 plochy, pohodln\u00fa obsluhu a\u00a0dobr\u00e9 tepeln\u00e9 parametre.[\/vc_column_text][\/vc_column][\/vc_row][vc_row][vc_column width=&#8221;1\/2&#8243;][vc_column_text css=&#8221;&#8221;] Technick\u00e9 parametre: Stavebn\u00e1 h\u013abka: 188 mm Zasklenie: zasklenie od 34 do 45 mm 3-4 vrstvy lepen\u00e9ho dreva 4-vrstvov\u00fd [&hellip;]<\/p>\n","protected":false},"author":3,"featured_media":0,"parent":0,"menu_order":0,"comment_status":"closed","ping_status":"closed","template":"","meta":{"footnotes":""},"class_list":["post-27959","page","type-page","status-publish","hentry"],"yoast_head":"<!-- This site is optimized with the Yoast SEO plugin v27.4 - https:\/\/yoast.com\/product\/yoast-seo-wordpress\/ -->\n<title>Naturo 80 HST ALU | Posuvn\u00e9 dreven\u00e9 dvere | Cedera<\/title>\n<meta name=\"description\" content=\"Dreven\u00fd zdvi\u017eno-posuvn\u00fd syst\u00e9m Naturo 80 HST ALU umo\u017e\u0148uje zavedenie prest\u00ed\u017enych dreven\u00fdch rie\u0161en\u00ed do modern\u00fdch priestorov. Pou\u017eitiu pr\u00edrodn\u00e9ho materi\u00e1lu pon\u00fakaj\u00fa ve\u013ek\u00e9 zasklen\u00e9 plochy, pohodln\u00fa obsluhu a dobr\u00e9 tepeln\u00e9 parametre.\" \/>\n<meta name=\"robots\" content=\"index, follow, max-snippet:-1, max-image-preview:large, max-video-preview:-1\" \/>\n<link rel=\"canonical\" href=\"https:\/\/www.cedera-okna.sk\/sk\/naturo-80-hst-alu\/\" \/>\n<meta property=\"og:locale\" content=\"sk_SK\" \/>\n<meta property=\"og:type\" content=\"article\" \/>\n<meta property=\"og:title\" content=\"Naturo 80 HST ALU | Posuvn\u00e9 dreven\u00e9 dvere | Cedera\" \/>\n<meta property=\"og:description\" content=\"Dreven\u00fd zdvi\u017eno-posuvn\u00fd syst\u00e9m Naturo 80 HST ALU umo\u017e\u0148uje zavedenie prest\u00ed\u017enych dreven\u00fdch rie\u0161en\u00ed do modern\u00fdch priestorov. Pou\u017eitiu pr\u00edrodn\u00e9ho materi\u00e1lu pon\u00fakaj\u00fa ve\u013ek\u00e9 zasklen\u00e9 plochy, pohodln\u00fa obsluhu a dobr\u00e9 tepeln\u00e9 parametre.\" \/>\n<meta property=\"og:url\" content=\"https:\/\/www.cedera-okna.sk\/sk\/naturo-80-hst-alu\/\" \/>\n<meta property=\"og:site_name\" content=\"Cedera\" \/>\n<meta property=\"article:publisher\" content=\"https:\/\/www.facebook.com\/okna.cedera\/\" \/>\n<meta name=\"twitter:label1\" content=\"Predpokladan\u00fd \u010das \u010d\u00edtania\" \/>\n\t<meta name=\"twitter:data1\" content=\"2 min\u00faty\" \/>\n<!-- \/ Yoast SEO plugin. -->","yoast_head_json":{"title":"Naturo 80 HST ALU | Posuvn\u00e9 dreven\u00e9 dvere | Cedera","description":"Dreven\u00fd zdvi\u017eno-posuvn\u00fd syst\u00e9m Naturo 80 HST ALU umo\u017e\u0148uje zavedenie prest\u00ed\u017enych dreven\u00fdch rie\u0161en\u00ed do modern\u00fdch priestorov. Pou\u017eitiu pr\u00edrodn\u00e9ho materi\u00e1lu pon\u00fakaj\u00fa ve\u013ek\u00e9 zasklen\u00e9 plochy, pohodln\u00fa obsluhu a dobr\u00e9 tepeln\u00e9 parametre.","robots":{"index":"index","follow":"follow","max-snippet":"max-snippet:-1","max-image-preview":"max-image-preview:large","max-video-preview":"max-video-preview:-1"},"canonical":"https:\/\/www.cedera-okna.sk\/sk\/naturo-80-hst-alu\/","og_locale":"sk_SK","og_type":"article","og_title":"Naturo 80 HST ALU | Posuvn\u00e9 dreven\u00e9 dvere | Cedera","og_description":"Dreven\u00fd zdvi\u017eno-posuvn\u00fd syst\u00e9m Naturo 80 HST ALU umo\u017e\u0148uje zavedenie prest\u00ed\u017enych dreven\u00fdch rie\u0161en\u00ed do modern\u00fdch priestorov. Pou\u017eitiu pr\u00edrodn\u00e9ho materi\u00e1lu pon\u00fakaj\u00fa ve\u013ek\u00e9 zasklen\u00e9 plochy, pohodln\u00fa obsluhu a dobr\u00e9 tepeln\u00e9 parametre.","og_url":"https:\/\/www.cedera-okna.sk\/sk\/naturo-80-hst-alu\/","og_site_name":"Cedera","article_publisher":"https:\/\/www.facebook.com\/okna.cedera\/","twitter_misc":{"Predpokladan\u00fd \u010das \u010d\u00edtania":"2 min\u00faty"},"schema":{"@context":"https:\/\/schema.org","@graph":[{"@type":"WebPage","@id":"https:\/\/www.cedera-okna.sk\/sk\/naturo-80-hst-alu\/","url":"https:\/\/www.cedera-okna.sk\/sk\/naturo-80-hst-alu\/","name":"Naturo 80 HST ALU | Posuvn\u00e9 dreven\u00e9 dvere | Cedera","isPartOf":{"@id":"https:\/\/www.cedera-okna.sk\/sk\/#website"},"datePublished":"2025-07-20T13:21:34+00:00","description":"Dreven\u00fd zdvi\u017eno-posuvn\u00fd syst\u00e9m Naturo 80 HST ALU umo\u017e\u0148uje zavedenie prest\u00ed\u017enych dreven\u00fdch rie\u0161en\u00ed do modern\u00fdch priestorov. Pou\u017eitiu pr\u00edrodn\u00e9ho materi\u00e1lu pon\u00fakaj\u00fa ve\u013ek\u00e9 zasklen\u00e9 plochy, pohodln\u00fa obsluhu a dobr\u00e9 tepeln\u00e9 parametre.","breadcrumb":{"@id":"https:\/\/www.cedera-okna.sk\/sk\/naturo-80-hst-alu\/#breadcrumb"},"inLanguage":"sk-SK","potentialAction":[{"@type":"ReadAction","target":["https:\/\/www.cedera-okna.sk\/sk\/naturo-80-hst-alu\/"]}]},{"@type":"BreadcrumbList","@id":"https:\/\/www.cedera-okna.sk\/sk\/naturo-80-hst-alu\/#breadcrumb","itemListElement":[{"@type":"ListItem","position":1,"name":"Domovsk\u00e1 str\u00e1nka","item":"https:\/\/www.cedera-okna.sk\/sk\/"},{"@type":"ListItem","position":2,"name":"Naturo 80 HST ALU"}]},{"@type":"WebSite","@id":"https:\/\/www.cedera-okna.sk\/sk\/#website","url":"https:\/\/www.cedera-okna.sk\/sk\/","name":"Cedera","description":"Plastov\u00e9 okn\u00e1 Bratislava","publisher":{"@id":"https:\/\/www.cedera-okna.sk\/sk\/#organization"},"potentialAction":[{"@type":"SearchAction","target":{"@type":"EntryPoint","urlTemplate":"https:\/\/www.cedera-okna.sk\/sk\/?s={search_term_string}"},"query-input":{"@type":"PropertyValueSpecification","valueRequired":true,"valueName":"search_term_string"}}],"inLanguage":"sk-SK"},{"@type":"Organization","@id":"https:\/\/www.cedera-okna.sk\/sk\/#organization","name":"CEDERA s.r.o.","url":"https:\/\/www.cedera-okna.sk\/sk\/","logo":{"@type":"ImageObject","inLanguage":"sk-SK","@id":"https:\/\/www.cedera-okna.sk\/sk\/#\/schema\/logo\/image\/","url":"https:\/\/www.cedera-okna.sk\/wp-content\/uploads\/2018\/10\/Cedera-logo.png","contentUrl":"https:\/\/www.cedera-okna.sk\/wp-content\/uploads\/2018\/10\/Cedera-logo.png","width":190,"height":66,"caption":"CEDERA s.r.o."},"image":{"@id":"https:\/\/www.cedera-okna.sk\/sk\/#\/schema\/logo\/image\/"},"sameAs":["https:\/\/www.facebook.com\/okna.cedera\/"]}]}},"_links":{"self":[{"href":"https:\/\/www.cedera-okna.sk\/sk\/wp-json\/wp\/v2\/pages\/27959","targetHints":{"allow":["GET"]}}],"collection":[{"href":"https:\/\/www.cedera-okna.sk\/sk\/wp-json\/wp\/v2\/pages"}],"about":[{"href":"https:\/\/www.cedera-okna.sk\/sk\/wp-json\/wp\/v2\/types\/page"}],"author":[{"embeddable":true,"href":"https:\/\/www.cedera-okna.sk\/sk\/wp-json\/wp\/v2\/users\/3"}],"replies":[{"embeddable":true,"href":"https:\/\/www.cedera-okna.sk\/sk\/wp-json\/wp\/v2\/comments?post=27959"}],"version-history":[{"count":1,"href":"https:\/\/www.cedera-okna.sk\/sk\/wp-json\/wp\/v2\/pages\/27959\/revisions"}],"predecessor-version":[{"id":27963,"href":"https:\/\/www.cedera-okna.sk\/sk\/wp-json\/wp\/v2\/pages\/27959\/revisions\/27963"}],"wp:attachment":[{"href":"https:\/\/www.cedera-okna.sk\/sk\/wp-json\/wp\/v2\/media?parent=27959"}],"curies":[{"name":"wp","href":"https:\/\/api.w.org\/{rel}","templated":true}]}}