{"id":27952,"date":"2025-07-20T15:21:01","date_gmt":"2025-07-20T13:21:01","guid":{"rendered":"https:\/\/www.cedera-okna.sk\/sk\/?page_id=27952"},"modified":"2025-07-20T15:21:01","modified_gmt":"2025-07-20T13:21:01","slug":"naturo-80-hst","status":"publish","type":"page","link":"https:\/\/www.cedera-okna.sk\/sk\/naturo-80-hst\/","title":{"rendered":"Naturo 80 HST"},"content":{"rendered":"<div class=\"wpb-content-wrapper\"><p>[vc_row][vc_column][vc_column_text css=&#8221;&#8221;]Elegantn\u00e9 drevo vyzer\u00e1 najlep\u0161ie vo ve\u013ek\u00fdch form\u00e1ch, ako je posuvn\u00fd syst\u00e9m Naturo HST 80. Jeho mohutn\u00e9 a\u00a0odoln\u00e9 kr\u00eddla vyzeraj\u00fa \u0161t\u00edhlo a\u00a0dynamicky, napriek impozantn\u00fdm maxim\u00e1lnym rozmerom, ktor\u00e9 m\u00f4\u017eu dosiahnu\u0165. Ich univerz\u00e1lny dizajn bude cenn\u00fdm pr\u00edrastkom do ka\u017ed\u00e9ho s\u00fakromn\u00e9ho, obchodn\u00e9ho a\u00a0verejn\u00e9ho priestoru.[\/vc_column_text][\/vc_column][\/vc_row][vc_row][vc_column width=&#8221;1\/2&#8243;][vc_column_text css=&#8221;&#8221;]<\/p>\n<h3>Technick\u00e9 parametre:<\/h3>\n<ul>\n<li>stavebn\u00e1 h\u013abka 188 mm<\/li>\n<li>zasklenie so \u0161\u00edrkou 35\u201344 mm<\/li>\n<li>max. hmotnos\u0165 kr\u00eddla 400 kg<\/li>\n<li>min. rozmery kr\u00eddla 800 mm<\/li>\n<li>max. rozmery kr\u00eddla 3300 mm<\/li>\n<li>typy povrchovej \u00fapravy dreva: moridl\u00e1, farby RAL, bezfarebn\u00fd lak, bezfarebn\u00e1 impregn\u00e1cia, hol\u00e9 drevo<\/li>\n<li>spolupracujeme s dod\u00e1vate\u013emi, ktor\u00ed maj\u00fa certifik\u00e1t FSC<\/li>\n<\/ul>\n<p>[\/vc_column_text][\/vc_column][vc_column width=&#8221;1\/2&#8243;][vc_gallery interval=&#8221;0&#8243; images=&#8221;27953,27954,27955&#8243; img_size=&#8221;large&#8221; css=&#8221;&#8221;][\/vc_column][\/vc_row][vc_row][vc_column][vc_column_text css=&#8221;&#8221;]<\/p>\n<p>&nbsp;<\/p>\n<p>Naturo HST 80 je tepl\u00fd syst\u00e9m s dobre izoluj\u00facimi profilmi a\u00a0\u00fa\u010dinn\u00fdmi tesneniami. Umo\u017e\u0148uje tie\u017e in\u0161tal\u00e1ciu dobre izoluj\u00facich zasklievac\u00edch bal\u00edkov. Jeho hmotnos\u0165 je v\u00fdhodou, nie nev\u00fdhodou, preto\u017ee v uzavretej polohe zvy\u0161uje tlak, \u010do zlep\u0161uje tesnos\u0165 vonkaj\u0161ej prie\u010dky.<\/p>\n<p>Bohatstvo met\u00f3d dokon\u010dovania rob\u00ed syst\u00e9m Naturo HST 80 vhodn\u00fdm prakticky pre ka\u017ed\u00fd architektonick\u00fd \u0161t\u00fdl. \u010ci u\u017e je dokon\u010den\u00fd tak, aby zd\u00f4raz\u0148oval jedine\u010dn\u00fd vzh\u013ead dreva, alebo je pokryt\u00fd v\u00fdrazn\u00fdmi, jednoliatymi farbami, ka\u017ed\u00fd u\u017e\u00edvate\u013e si bude m\u00f4c\u0165 u\u017ei\u0165 pr\u00edjemn\u00fa atmosf\u00e9ru vytvoren\u00fa drevom.[\/vc_column_text][\/vc_column][\/vc_row][vc_row][vc_column][vc_column_text css=&#8221;&#8221;]<\/p>\n<h2 style=\"text-align: center;\">M\u00e1te z\u00e1ujem o posuvn\u00e9 dreven\u00e9 syst\u00e9my alebo si necha\u0165 poradi\u0165?<br \/>\nVypl\u0148te formul\u00e1r ni\u017e\u0161ie a ozveme sa v\u00e1m do 24 hod\u00edn.<\/h2>\n<p>[\/vc_column_text]\n<div class=\"wpcf7 no-js\" id=\"wpcf7-f2486-o1\" lang=\"sk-SK\" dir=\"ltr\" data-wpcf7-id=\"2486\">\n<div class=\"screen-reader-response\"><p role=\"status\" aria-live=\"polite\" aria-atomic=\"true\"><\/p> <ul><\/ul><\/div>\n<form action=\"\/sk\/wp-json\/wp\/v2\/pages\/27952#wpcf7-f2486-o1\" method=\"post\" class=\"wpcf7-form init\" aria-label=\"Kontaktn\u00fd formul\u00e1r\" novalidate=\"novalidate\" data-status=\"init\">\n<fieldset class=\"hidden-fields-container\"><input type=\"hidden\" name=\"_wpcf7\" value=\"2486\" \/><input type=\"hidden\" name=\"_wpcf7_version\" value=\"6.1.5\" \/><input type=\"hidden\" name=\"_wpcf7_locale\" value=\"sk_SK\" \/><input type=\"hidden\" name=\"_wpcf7_unit_tag\" value=\"wpcf7-f2486-o1\" \/><input type=\"hidden\" name=\"_wpcf7_container_post\" value=\"0\" \/><input type=\"hidden\" name=\"_wpcf7_posted_data_hash\" value=\"\" \/><input type=\"hidden\" name=\"_wpcf7_recaptcha_response\" value=\"\" \/>\n<\/fieldset>\n<p><label><br \/>\n<span class=\"wpcf7-form-control-wrap\" data-name=\"your-name\"><input size=\"40\" maxlength=\"400\" class=\"wpcf7-form-control wpcf7-text wpcf7-validates-as-required\" aria-required=\"true\" aria-invalid=\"false\" placeholder=\"Meno*\" value=\"\" type=\"text\" name=\"your-name\" \/><\/span> <\/label>\n<\/p>\n<div class=\"sc_form_info columns_wrap\">\n\t<div class=\"sc_form_item sc_form_field label_over column-1_2\">\n\t\t<p><label><br \/>\n<span class=\"wpcf7-form-control-wrap\" data-name=\"your-telefon\"><input size=\"40\" maxlength=\"400\" class=\"wpcf7-form-control wpcf7-tel wpcf7-validates-as-required wpcf7-text wpcf7-validates-as-tel\" aria-required=\"true\" aria-invalid=\"false\" placeholder=\"Telef\u00f3n*\" value=\"\" type=\"tel\" name=\"your-telefon\" \/><\/span> <\/label>\n\t\t<\/p>\n\t<\/div>\n\t<div class=\"sc_form_item sc_form_field label_over column-1_2 pading0\">\n\t\t<p><label><br \/>\n<span class=\"wpcf7-form-control-wrap\" data-name=\"your-email\"><input size=\"40\" maxlength=\"400\" class=\"wpcf7-form-control wpcf7-email wpcf7-validates-as-required wpcf7-text wpcf7-validates-as-email\" aria-required=\"true\" aria-invalid=\"false\" placeholder=\"E-mail*\" value=\"\" type=\"email\" name=\"your-email\" \/><\/span><\/label>\n\t\t<\/p>\n\t<\/div>\n<\/div>\n<p><label><br \/>\n<span class=\"wpcf7-form-control-wrap\" data-name=\"your-message\"><textarea cols=\"40\" rows=\"10\" maxlength=\"2000\" class=\"wpcf7-form-control wpcf7-textarea\" aria-invalid=\"false\" placeholder=\"Pros\u00edm kontaktujte ma oh\u013eadom...\" name=\"your-message\"><\/textarea><\/span> <\/label>\n<\/p>\n<p><span class=\"wpcf7-form-control-wrap\" data-name=\"checkbox-597\"><span class=\"wpcf7-form-control wpcf7-checkbox wpcf7-validates-as-required\"><span class=\"wpcf7-list-item first last\"><input type=\"checkbox\" name=\"checkbox-597[]\" value=\"S\u00fahlas\u00edm so zpracovan\u00edm osobn\u00fdch \u00fadajov*\" \/><span class=\"wpcf7-list-item-label\">S\u00fahlas\u00edm so zpracovan\u00edm osobn\u00fdch \u00fadajov*<\/span><\/span><\/span><\/span>\n<\/p>\n<p><input class=\"wpcf7-form-control wpcf7-submit has-spinner\" type=\"submit\" value=\"Posla\u0165 po\u017eiadavku\" \/>\n<\/p>\n<p>*polo\u017eka je povinn\u00e1\n<\/p><div class=\"wpcf7-response-output\" aria-hidden=\"true\"><\/div>\n<\/form>\n<\/div>\n[\/vc_column][\/vc_row]<\/p>\n<\/div>","protected":false},"excerpt":{"rendered":"<p>[vc_row][vc_column][vc_column_text css=&#8221;&#8221;]Elegantn\u00e9 drevo vyzer\u00e1 najlep\u0161ie vo ve\u013ek\u00fdch form\u00e1ch, ako je posuvn\u00fd syst\u00e9m Naturo HST 80. Jeho mohutn\u00e9 a\u00a0odoln\u00e9 kr\u00eddla vyzeraj\u00fa \u0161t\u00edhlo a\u00a0dynamicky, napriek impozantn\u00fdm maxim\u00e1lnym rozmerom, ktor\u00e9 m\u00f4\u017eu dosiahnu\u0165. Ich univerz\u00e1lny dizajn bude cenn\u00fdm pr\u00edrastkom do ka\u017ed\u00e9ho s\u00fakromn\u00e9ho, obchodn\u00e9ho a\u00a0verejn\u00e9ho priestoru.[\/vc_column_text][\/vc_column][\/vc_row][vc_row][vc_column width=&#8221;1\/2&#8243;][vc_column_text css=&#8221;&#8221;] Technick\u00e9 parametre: stavebn\u00e1 h\u013abka 188 mm zasklenie so \u0161\u00edrkou 35\u201344 mm max. [&hellip;]<\/p>\n","protected":false},"author":3,"featured_media":0,"parent":0,"menu_order":0,"comment_status":"closed","ping_status":"closed","template":"","meta":{"footnotes":""},"class_list":["post-27952","page","type-page","status-publish","hentry"],"yoast_head":"<!-- This site is optimized with the Yoast SEO plugin v27.4 - https:\/\/yoast.com\/product\/yoast-seo-wordpress\/ -->\n<title>Naturo 80 HST | Posuvn\u00e9 dreven\u00e9 dvere | Cedera<\/title>\n<meta name=\"description\" content=\"Naturo HST 80 je tepl\u00fd syst\u00e9m s dobre izoluj\u00facimi profilmi a \u00fa\u010dinn\u00fdmi tesneniami. Jeho hmotnos\u0165 je v\u00fdhodou, preto\u017ee v uzavretej polohe zvy\u0161uje tlak, \u010do zlep\u0161uje tesnos\u0165 vonkaj\u0161ej prie\u010dky.\" \/>\n<meta name=\"robots\" content=\"index, follow, max-snippet:-1, max-image-preview:large, max-video-preview:-1\" \/>\n<link rel=\"canonical\" href=\"https:\/\/www.cedera-okna.sk\/sk\/naturo-80-hst\/\" \/>\n<meta property=\"og:locale\" content=\"sk_SK\" \/>\n<meta property=\"og:type\" content=\"article\" \/>\n<meta property=\"og:title\" content=\"Naturo 80 HST | Posuvn\u00e9 dreven\u00e9 dvere | Cedera\" \/>\n<meta property=\"og:description\" content=\"Naturo HST 80 je tepl\u00fd syst\u00e9m s dobre izoluj\u00facimi profilmi a \u00fa\u010dinn\u00fdmi tesneniami. Jeho hmotnos\u0165 je v\u00fdhodou, preto\u017ee v uzavretej polohe zvy\u0161uje tlak, \u010do zlep\u0161uje tesnos\u0165 vonkaj\u0161ej prie\u010dky.\" \/>\n<meta property=\"og:url\" content=\"https:\/\/www.cedera-okna.sk\/sk\/naturo-80-hst\/\" \/>\n<meta property=\"og:site_name\" content=\"Cedera\" \/>\n<meta property=\"article:publisher\" content=\"https:\/\/www.facebook.com\/okna.cedera\/\" \/>\n<meta name=\"twitter:label1\" content=\"Predpokladan\u00fd \u010das \u010d\u00edtania\" \/>\n\t<meta name=\"twitter:data1\" content=\"2 min\u00faty\" \/>\n<!-- \/ Yoast SEO plugin. -->","yoast_head_json":{"title":"Naturo 80 HST | Posuvn\u00e9 dreven\u00e9 dvere | Cedera","description":"Naturo HST 80 je tepl\u00fd syst\u00e9m s dobre izoluj\u00facimi profilmi a \u00fa\u010dinn\u00fdmi tesneniami. Jeho hmotnos\u0165 je v\u00fdhodou, preto\u017ee v uzavretej polohe zvy\u0161uje tlak, \u010do zlep\u0161uje tesnos\u0165 vonkaj\u0161ej prie\u010dky.","robots":{"index":"index","follow":"follow","max-snippet":"max-snippet:-1","max-image-preview":"max-image-preview:large","max-video-preview":"max-video-preview:-1"},"canonical":"https:\/\/www.cedera-okna.sk\/sk\/naturo-80-hst\/","og_locale":"sk_SK","og_type":"article","og_title":"Naturo 80 HST | Posuvn\u00e9 dreven\u00e9 dvere | Cedera","og_description":"Naturo HST 80 je tepl\u00fd syst\u00e9m s dobre izoluj\u00facimi profilmi a \u00fa\u010dinn\u00fdmi tesneniami. Jeho hmotnos\u0165 je v\u00fdhodou, preto\u017ee v uzavretej polohe zvy\u0161uje tlak, \u010do zlep\u0161uje tesnos\u0165 vonkaj\u0161ej prie\u010dky.","og_url":"https:\/\/www.cedera-okna.sk\/sk\/naturo-80-hst\/","og_site_name":"Cedera","article_publisher":"https:\/\/www.facebook.com\/okna.cedera\/","twitter_misc":{"Predpokladan\u00fd \u010das \u010d\u00edtania":"2 min\u00faty"},"schema":{"@context":"https:\/\/schema.org","@graph":[{"@type":"WebPage","@id":"https:\/\/www.cedera-okna.sk\/sk\/naturo-80-hst\/","url":"https:\/\/www.cedera-okna.sk\/sk\/naturo-80-hst\/","name":"Naturo 80 HST | Posuvn\u00e9 dreven\u00e9 dvere | Cedera","isPartOf":{"@id":"https:\/\/www.cedera-okna.sk\/sk\/#website"},"datePublished":"2025-07-20T13:21:01+00:00","description":"Naturo HST 80 je tepl\u00fd syst\u00e9m s dobre izoluj\u00facimi profilmi a \u00fa\u010dinn\u00fdmi tesneniami. Jeho hmotnos\u0165 je v\u00fdhodou, preto\u017ee v uzavretej polohe zvy\u0161uje tlak, \u010do zlep\u0161uje tesnos\u0165 vonkaj\u0161ej prie\u010dky.","breadcrumb":{"@id":"https:\/\/www.cedera-okna.sk\/sk\/naturo-80-hst\/#breadcrumb"},"inLanguage":"sk-SK","potentialAction":[{"@type":"ReadAction","target":["https:\/\/www.cedera-okna.sk\/sk\/naturo-80-hst\/"]}]},{"@type":"BreadcrumbList","@id":"https:\/\/www.cedera-okna.sk\/sk\/naturo-80-hst\/#breadcrumb","itemListElement":[{"@type":"ListItem","position":1,"name":"Domovsk\u00e1 str\u00e1nka","item":"https:\/\/www.cedera-okna.sk\/sk\/"},{"@type":"ListItem","position":2,"name":"Naturo 80 HST"}]},{"@type":"WebSite","@id":"https:\/\/www.cedera-okna.sk\/sk\/#website","url":"https:\/\/www.cedera-okna.sk\/sk\/","name":"Cedera","description":"Plastov\u00e9 okn\u00e1 Bratislava","publisher":{"@id":"https:\/\/www.cedera-okna.sk\/sk\/#organization"},"potentialAction":[{"@type":"SearchAction","target":{"@type":"EntryPoint","urlTemplate":"https:\/\/www.cedera-okna.sk\/sk\/?s={search_term_string}"},"query-input":{"@type":"PropertyValueSpecification","valueRequired":true,"valueName":"search_term_string"}}],"inLanguage":"sk-SK"},{"@type":"Organization","@id":"https:\/\/www.cedera-okna.sk\/sk\/#organization","name":"CEDERA s.r.o.","url":"https:\/\/www.cedera-okna.sk\/sk\/","logo":{"@type":"ImageObject","inLanguage":"sk-SK","@id":"https:\/\/www.cedera-okna.sk\/sk\/#\/schema\/logo\/image\/","url":"https:\/\/www.cedera-okna.sk\/wp-content\/uploads\/2018\/10\/Cedera-logo.png","contentUrl":"https:\/\/www.cedera-okna.sk\/wp-content\/uploads\/2018\/10\/Cedera-logo.png","width":190,"height":66,"caption":"CEDERA s.r.o."},"image":{"@id":"https:\/\/www.cedera-okna.sk\/sk\/#\/schema\/logo\/image\/"},"sameAs":["https:\/\/www.facebook.com\/okna.cedera\/"]}]}},"_links":{"self":[{"href":"https:\/\/www.cedera-okna.sk\/sk\/wp-json\/wp\/v2\/pages\/27952","targetHints":{"allow":["GET"]}}],"collection":[{"href":"https:\/\/www.cedera-okna.sk\/sk\/wp-json\/wp\/v2\/pages"}],"about":[{"href":"https:\/\/www.cedera-okna.sk\/sk\/wp-json\/wp\/v2\/types\/page"}],"author":[{"embeddable":true,"href":"https:\/\/www.cedera-okna.sk\/sk\/wp-json\/wp\/v2\/users\/3"}],"replies":[{"embeddable":true,"href":"https:\/\/www.cedera-okna.sk\/sk\/wp-json\/wp\/v2\/comments?post=27952"}],"version-history":[{"count":3,"href":"https:\/\/www.cedera-okna.sk\/sk\/wp-json\/wp\/v2\/pages\/27952\/revisions"}],"predecessor-version":[{"id":27958,"href":"https:\/\/www.cedera-okna.sk\/sk\/wp-json\/wp\/v2\/pages\/27952\/revisions\/27958"}],"wp:attachment":[{"href":"https:\/\/www.cedera-okna.sk\/sk\/wp-json\/wp\/v2\/media?parent=27952"}],"curies":[{"name":"wp","href":"https:\/\/api.w.org\/{rel}","templated":true}]}}