{"id":279,"date":"2014-09-19T14:48:31","date_gmt":"2014-09-19T12:48:31","guid":{"rendered":"http:\/\/cedera-okna.sk\/index.php\/ako-na-starostlivost-o-plastove-okna\/"},"modified":"2018-01-21T16:36:57","modified_gmt":"2018-01-21T15:36:57","slug":"ako-na-starostlivost-o-plastove-okna","status":"publish","type":"page","link":"https:\/\/www.cedera-okna.sk\/sk\/ako-na-starostlivost-o-plastove-okna\/","title":{"rendered":"Ak\u00fa starostlivos\u0165 vy\u017eaduj\u00fa plastov\u00e9 okn\u00e1?"},"content":{"rendered":"<div class=\"wpb-content-wrapper\"><p>[vc_row][vc_column][vc_column_text]Plastov\u00e9 okn\u00e1 s\u00fa nen\u00e1ro\u010dn\u00e9 na \u00fadr\u017ebu a v porovnan\u00ed s dreven\u00fdmi oknami je starostlivos\u0165 o ne omnoho jednoduch\u0161ia. Ak v\u0161ak maj\u00fa aj po rokoch vyzera\u0165 ako nov\u00e9, ur\u010dit\u00fa starostlivos\u0165 im treba dopria\u0165.<\/p>\n<p><!--more--><\/p>\n<h2>Ako spr\u00e1vne \u010disti\u0165 skl\u00e1?<\/h2>\n<p>Kvalitn\u00e9 plastov\u00e9 okn\u00e1 nepodliehaj\u00fa zna\u010dn\u00e9mu po\u0161kodeniu ani postupom \u010dasu, ak ich pravidelne a hlavne spr\u00e1vne udr\u017eujete. V prvom rade nikdy na \u010distenie skiel nepou\u017e\u00edvajte drsn\u00fd materi\u00e1l a pom\u00f4cky na \u010distenie, ak\u00fdmi s\u00fa dr\u00f4tenky a hubky, ktor\u00e9 by mohli plastov\u00e9 okn\u00e1 po\u0161kriaba\u0165. Inak je \u010distenie plastov\u00fdch okien naozaj bezprobl\u00e9mov\u00e9. Sta\u010d\u00ed m\u00e4kk\u00e1 handri\u010dka a prostriedok na um\u00fdvanie okien. Tento sp\u00f4sob m\u00f4\u017eete pou\u017e\u00edva\u0165 rovnako na skl\u00e1 ako aj na okenn\u00e9 r\u00e1my.<\/p>\n<h2>Ako na odoln\u00fa \u0161pinu? Zvo\u013ete spr\u00e1vne \u010distiace prostriedky<\/h2>\n<p>Ak v\u00e1s tr\u00e1pia star\u0161ie ne\u010distoty a \u0161kvrny, o ktor\u00fdch si myslite, \u017ee sa u\u017e nedaj\u00fa odstr\u00e1ni\u0165, vysk\u00fa\u0161ajte \u010disti\u010de \u0161pecializovan\u00e9 priamo na plastov\u00e9 okn\u00e1. Zabudnite na dr\u00f4tenky, \u010di u\u017e plastov\u00e9 alebo kovov\u00e9, ktor\u00e9 by mohli okno a r\u00e1m po\u0161kriaba\u0165. Ur\u010dite v\u0161ak na \u010distenie plastov\u00fdch okien nepou\u017e\u00edvajte odlakova\u010de, acet\u00f3n, lieh a rozp\u00fa\u0161\u0165adl\u00e1. Tie by mohli v\u00e1\u017ene po\u0161kodi\u0165 nielen skl\u00e1, ale aj r\u00e1my.<\/p>\n<h2>Osobitn\u00fa pozornos\u0165 treba venova\u0165 kovaniu &#8211; raz za rok skontrolujte kovanie<\/h2>\n<p>Udr\u017eiava\u0165 treba aj tie \u010dasti plastov\u00fdch okien, ktor\u00e9 nie s\u00fa po uzavret\u00ed pr\u00edstupn\u00e9. Aspo\u0148 raz do roka by ste sa mali \u0161peci\u00e1lne venova\u0165 aj t\u00fdmto \u010dastiam okien, preto\u017ee aj ke\u010f s\u00fa po uzavret\u00ed takpovediac ,,nevidite\u013en\u00e9&#8221;, pre spr\u00e1vne fungovanie plastov\u00fdch okien s\u00fa nesmierne d\u00f4le\u017eit\u00e9. Preto aspo\u0148 raz do roka je potrebn\u00e9 skontrolova\u0165 a premaza\u0165 aj kovanie okien, skontrolova\u0165 skrutky a v\u0161etky jednotliv\u00e9 \u010dasti kovania. V\u010faka tomu si budete ist\u00ed, \u017ee va\u0161e okn\u00e1 s\u00fa stopercentne funk\u010dn\u00e9 a bud\u00fa v\u00e1m dobre sl\u00fa\u017ei\u0165 aj na\u010falej.<\/p>\n<h2>Pravidelne vetrajte<\/h2>\n<p>Nie je tajomstvom, \u017ee plastov\u00e9 okn\u00e1 sa zvykn\u00fa v chladnej\u0161\u00edch obdobiach rosi\u0165. Nie je to chybou kvality, pr\u00e1ve naopak, sved\u010d\u00ed to o ich vynikaj\u00facich izola\u010dn\u00fdch vlastnostiach. Rosenie v\u0161ak m\u00f4\u017ee zapr\u00ed\u010dini\u0165 vznik plesn\u00ed a h\u00fab. Aby ste tomu zabr\u00e1nili, nezab\u00fadajte pravidelne vetra\u0165. Plastov\u00e9 okn\u00e1 vy\u017eaduj\u00fa intenz\u00edvne vetranie nieko\u013ekokr\u00e1t za de\u0148. Okno otvorte dokor\u00e1n a nechajte ho otvoren\u00e9 5 \u2013 10 min\u00fat.[\/vc_column_text][\/vc_column][\/vc_row][vc_row][vc_column][vc_column_text]<\/p>\n<h2 style=\"text-align: center;\">Pre viac inform\u00e1ci\u00ed alebo nez\u00e1v\u00e4zn\u00fa kalkul\u00e1ciu vypl\u0148te formul\u00e1r ni\u017e\u0161ie. Ozveme sa v\u00e1m do 24 hod\u00edn.<\/h2>\n<p>[\/vc_column_text]\n<div class=\"wpcf7 no-js\" id=\"wpcf7-f2486-o1\" lang=\"sk-SK\" dir=\"ltr\" data-wpcf7-id=\"2486\">\n<div class=\"screen-reader-response\"><p role=\"status\" aria-live=\"polite\" aria-atomic=\"true\"><\/p> <ul><\/ul><\/div>\n<form action=\"\/sk\/wp-json\/wp\/v2\/pages\/279#wpcf7-f2486-o1\" method=\"post\" class=\"wpcf7-form init\" aria-label=\"Kontaktn\u00fd formul\u00e1r\" novalidate=\"novalidate\" data-status=\"init\">\n<fieldset class=\"hidden-fields-container\"><input type=\"hidden\" name=\"_wpcf7\" value=\"2486\" \/><input type=\"hidden\" name=\"_wpcf7_version\" value=\"6.1.5\" \/><input type=\"hidden\" name=\"_wpcf7_locale\" value=\"sk_SK\" \/><input type=\"hidden\" name=\"_wpcf7_unit_tag\" value=\"wpcf7-f2486-o1\" \/><input type=\"hidden\" name=\"_wpcf7_container_post\" value=\"0\" \/><input type=\"hidden\" name=\"_wpcf7_posted_data_hash\" value=\"\" \/><input type=\"hidden\" name=\"_wpcf7_recaptcha_response\" value=\"\" \/>\n<\/fieldset>\n<p><label><br \/>\n<span class=\"wpcf7-form-control-wrap\" data-name=\"your-name\"><input size=\"40\" maxlength=\"400\" class=\"wpcf7-form-control wpcf7-text wpcf7-validates-as-required\" aria-required=\"true\" aria-invalid=\"false\" placeholder=\"Meno*\" value=\"\" type=\"text\" name=\"your-name\" \/><\/span> <\/label>\n<\/p>\n<div class=\"sc_form_info columns_wrap\">\n\t<div class=\"sc_form_item sc_form_field label_over column-1_2\">\n\t\t<p><label><br \/>\n<span class=\"wpcf7-form-control-wrap\" data-name=\"your-telefon\"><input size=\"40\" maxlength=\"400\" class=\"wpcf7-form-control wpcf7-tel wpcf7-validates-as-required wpcf7-text wpcf7-validates-as-tel\" aria-required=\"true\" aria-invalid=\"false\" placeholder=\"Telef\u00f3n*\" value=\"\" type=\"tel\" name=\"your-telefon\" \/><\/span> <\/label>\n\t\t<\/p>\n\t<\/div>\n\t<div class=\"sc_form_item sc_form_field label_over column-1_2 pading0\">\n\t\t<p><label><br \/>\n<span class=\"wpcf7-form-control-wrap\" data-name=\"your-email\"><input size=\"40\" maxlength=\"400\" class=\"wpcf7-form-control wpcf7-email wpcf7-validates-as-required wpcf7-text wpcf7-validates-as-email\" aria-required=\"true\" aria-invalid=\"false\" placeholder=\"E-mail*\" value=\"\" type=\"email\" name=\"your-email\" \/><\/span><\/label>\n\t\t<\/p>\n\t<\/div>\n<\/div>\n<p><label><br \/>\n<span class=\"wpcf7-form-control-wrap\" data-name=\"your-message\"><textarea cols=\"40\" rows=\"10\" maxlength=\"2000\" class=\"wpcf7-form-control wpcf7-textarea\" aria-invalid=\"false\" placeholder=\"Pros\u00edm kontaktujte ma oh\u013eadom...\" name=\"your-message\"><\/textarea><\/span> <\/label>\n<\/p>\n<p><span class=\"wpcf7-form-control-wrap\" data-name=\"checkbox-597\"><span class=\"wpcf7-form-control wpcf7-checkbox wpcf7-validates-as-required\"><span class=\"wpcf7-list-item first last\"><input type=\"checkbox\" name=\"checkbox-597[]\" value=\"S\u00fahlas\u00edm so zpracovan\u00edm osobn\u00fdch \u00fadajov*\" \/><span class=\"wpcf7-list-item-label\">S\u00fahlas\u00edm so zpracovan\u00edm osobn\u00fdch \u00fadajov*<\/span><\/span><\/span><\/span>\n<\/p>\n<p><input class=\"wpcf7-form-control wpcf7-submit has-spinner\" type=\"submit\" value=\"Posla\u0165 po\u017eiadavku\" \/>\n<\/p>\n<p>*polo\u017eka je povinn\u00e1\n<\/p><div class=\"wpcf7-response-output\" aria-hidden=\"true\"><\/div>\n<\/form>\n<\/div>\n[\/vc_column][\/vc_row]<\/p>\n<\/div>","protected":false},"excerpt":{"rendered":"<p>[vc_row][vc_column][vc_column_text]Plastov\u00e9 okn\u00e1 s\u00fa nen\u00e1ro\u010dn\u00e9 na \u00fadr\u017ebu a v porovnan\u00ed s dreven\u00fdmi oknami je starostlivos\u0165 o ne omnoho jednoduch\u0161ia. Ak v\u0161ak maj\u00fa aj po rokoch vyzera\u0165 ako nov\u00e9, ur\u010dit\u00fa starostlivos\u0165 im treba dopria\u0165.<\/p>\n","protected":false},"author":3,"featured_media":0,"parent":0,"menu_order":33,"comment_status":"closed","ping_status":"closed","template":"","meta":{"footnotes":""},"class_list":["post-279","page","type-page","status-publish","hentry"],"yoast_head":"<!-- This site is optimized with the Yoast SEO plugin v27.4 - https:\/\/yoast.com\/product\/yoast-seo-wordpress\/ -->\n<title>Ako na \u010distenie plastov\u00fdch okien a spr\u00e1vnu starostlivos\u0165 - Cedera<\/title>\n<meta name=\"description\" content=\"Hoci starostlivos\u0165 o plastov\u00e9 okn\u00e1 nie je n\u00e1ro\u010dn\u00e1, netreba ju zanedb\u00e1va\u0165. Ak plastov\u00e9 okn\u00e1 pravidelne udr\u017eujete, odv\u010fa\u010dia sa v\u00e1m dlhou \u017eivotnos\u0165ou. Na \u010do pri ich \u00fadr\u017ebe netreba zabudn\u00fa\u0165? Zvo\u013ete spr\u00e1vne \u010distiace prostriedky a zabudnite na dr\u00f4tenky.\" \/>\n<meta name=\"robots\" content=\"index, follow, max-snippet:-1, max-image-preview:large, max-video-preview:-1\" \/>\n<link rel=\"canonical\" href=\"https:\/\/www.cedera-okna.sk\/sk\/ako-na-starostlivost-o-plastove-okna\/\" \/>\n<meta property=\"og:locale\" content=\"sk_SK\" \/>\n<meta property=\"og:type\" content=\"article\" \/>\n<meta property=\"og:title\" content=\"Ako na \u010distenie plastov\u00fdch okien a spr\u00e1vnu starostlivos\u0165 - Cedera\" \/>\n<meta property=\"og:description\" content=\"Hoci starostlivos\u0165 o plastov\u00e9 okn\u00e1 nie je n\u00e1ro\u010dn\u00e1, netreba ju zanedb\u00e1va\u0165. Ak plastov\u00e9 okn\u00e1 pravidelne udr\u017eujete, odv\u010fa\u010dia sa v\u00e1m dlhou \u017eivotnos\u0165ou. Na \u010do pri ich \u00fadr\u017ebe netreba zabudn\u00fa\u0165? Zvo\u013ete spr\u00e1vne \u010distiace prostriedky a zabudnite na dr\u00f4tenky.\" \/>\n<meta property=\"og:url\" content=\"https:\/\/www.cedera-okna.sk\/sk\/ako-na-starostlivost-o-plastove-okna\/\" \/>\n<meta property=\"og:site_name\" content=\"Cedera\" \/>\n<meta property=\"article:publisher\" content=\"https:\/\/www.facebook.com\/okna.cedera\/\" \/>\n<meta property=\"article:modified_time\" content=\"2018-01-21T15:36:57+00:00\" \/>\n<meta name=\"twitter:label1\" content=\"Predpokladan\u00fd \u010das \u010d\u00edtania\" \/>\n\t<meta name=\"twitter:data1\" content=\"2 min\u00faty\" \/>\n<!-- \/ Yoast SEO plugin. -->","yoast_head_json":{"title":"Ako na \u010distenie plastov\u00fdch okien a spr\u00e1vnu starostlivos\u0165 - Cedera","description":"Hoci starostlivos\u0165 o plastov\u00e9 okn\u00e1 nie je n\u00e1ro\u010dn\u00e1, netreba ju zanedb\u00e1va\u0165. Ak plastov\u00e9 okn\u00e1 pravidelne udr\u017eujete, odv\u010fa\u010dia sa v\u00e1m dlhou \u017eivotnos\u0165ou. Na \u010do pri ich \u00fadr\u017ebe netreba zabudn\u00fa\u0165? Zvo\u013ete spr\u00e1vne \u010distiace prostriedky a zabudnite na dr\u00f4tenky.","robots":{"index":"index","follow":"follow","max-snippet":"max-snippet:-1","max-image-preview":"max-image-preview:large","max-video-preview":"max-video-preview:-1"},"canonical":"https:\/\/www.cedera-okna.sk\/sk\/ako-na-starostlivost-o-plastove-okna\/","og_locale":"sk_SK","og_type":"article","og_title":"Ako na \u010distenie plastov\u00fdch okien a spr\u00e1vnu starostlivos\u0165 - Cedera","og_description":"Hoci starostlivos\u0165 o plastov\u00e9 okn\u00e1 nie je n\u00e1ro\u010dn\u00e1, netreba ju zanedb\u00e1va\u0165. Ak plastov\u00e9 okn\u00e1 pravidelne udr\u017eujete, odv\u010fa\u010dia sa v\u00e1m dlhou \u017eivotnos\u0165ou. Na \u010do pri ich \u00fadr\u017ebe netreba zabudn\u00fa\u0165? Zvo\u013ete spr\u00e1vne \u010distiace prostriedky a zabudnite na dr\u00f4tenky.","og_url":"https:\/\/www.cedera-okna.sk\/sk\/ako-na-starostlivost-o-plastove-okna\/","og_site_name":"Cedera","article_publisher":"https:\/\/www.facebook.com\/okna.cedera\/","article_modified_time":"2018-01-21T15:36:57+00:00","twitter_misc":{"Predpokladan\u00fd \u010das \u010d\u00edtania":"2 min\u00faty"},"schema":{"@context":"https:\/\/schema.org","@graph":[{"@type":"WebPage","@id":"https:\/\/www.cedera-okna.sk\/sk\/ako-na-starostlivost-o-plastove-okna\/","url":"https:\/\/www.cedera-okna.sk\/sk\/ako-na-starostlivost-o-plastove-okna\/","name":"Ako na \u010distenie plastov\u00fdch okien a spr\u00e1vnu starostlivos\u0165 - Cedera","isPartOf":{"@id":"https:\/\/www.cedera-okna.sk\/sk\/#website"},"datePublished":"2014-09-19T12:48:31+00:00","dateModified":"2018-01-21T15:36:57+00:00","description":"Hoci starostlivos\u0165 o plastov\u00e9 okn\u00e1 nie je n\u00e1ro\u010dn\u00e1, netreba ju zanedb\u00e1va\u0165. Ak plastov\u00e9 okn\u00e1 pravidelne udr\u017eujete, odv\u010fa\u010dia sa v\u00e1m dlhou \u017eivotnos\u0165ou. Na \u010do pri ich \u00fadr\u017ebe netreba zabudn\u00fa\u0165? Zvo\u013ete spr\u00e1vne \u010distiace prostriedky a zabudnite na dr\u00f4tenky.","breadcrumb":{"@id":"https:\/\/www.cedera-okna.sk\/sk\/ako-na-starostlivost-o-plastove-okna\/#breadcrumb"},"inLanguage":"sk-SK","potentialAction":[{"@type":"ReadAction","target":["https:\/\/www.cedera-okna.sk\/sk\/ako-na-starostlivost-o-plastove-okna\/"]}]},{"@type":"BreadcrumbList","@id":"https:\/\/www.cedera-okna.sk\/sk\/ako-na-starostlivost-o-plastove-okna\/#breadcrumb","itemListElement":[{"@type":"ListItem","position":1,"name":"Domovsk\u00e1 str\u00e1nka","item":"https:\/\/www.cedera-okna.sk\/sk\/"},{"@type":"ListItem","position":2,"name":"Ak\u00fa starostlivos\u0165 vy\u017eaduj\u00fa plastov\u00e9 okn\u00e1?"}]},{"@type":"WebSite","@id":"https:\/\/www.cedera-okna.sk\/sk\/#website","url":"https:\/\/www.cedera-okna.sk\/sk\/","name":"Cedera","description":"Plastov\u00e9 okn\u00e1 Bratislava","publisher":{"@id":"https:\/\/www.cedera-okna.sk\/sk\/#organization"},"potentialAction":[{"@type":"SearchAction","target":{"@type":"EntryPoint","urlTemplate":"https:\/\/www.cedera-okna.sk\/sk\/?s={search_term_string}"},"query-input":{"@type":"PropertyValueSpecification","valueRequired":true,"valueName":"search_term_string"}}],"inLanguage":"sk-SK"},{"@type":"Organization","@id":"https:\/\/www.cedera-okna.sk\/sk\/#organization","name":"CEDERA s.r.o.","url":"https:\/\/www.cedera-okna.sk\/sk\/","logo":{"@type":"ImageObject","inLanguage":"sk-SK","@id":"https:\/\/www.cedera-okna.sk\/sk\/#\/schema\/logo\/image\/","url":"https:\/\/www.cedera-okna.sk\/wp-content\/uploads\/2018\/10\/Cedera-logo.png","contentUrl":"https:\/\/www.cedera-okna.sk\/wp-content\/uploads\/2018\/10\/Cedera-logo.png","width":190,"height":66,"caption":"CEDERA s.r.o."},"image":{"@id":"https:\/\/www.cedera-okna.sk\/sk\/#\/schema\/logo\/image\/"},"sameAs":["https:\/\/www.facebook.com\/okna.cedera\/"]}]}},"_links":{"self":[{"href":"https:\/\/www.cedera-okna.sk\/sk\/wp-json\/wp\/v2\/pages\/279","targetHints":{"allow":["GET"]}}],"collection":[{"href":"https:\/\/www.cedera-okna.sk\/sk\/wp-json\/wp\/v2\/pages"}],"about":[{"href":"https:\/\/www.cedera-okna.sk\/sk\/wp-json\/wp\/v2\/types\/page"}],"author":[{"embeddable":true,"href":"https:\/\/www.cedera-okna.sk\/sk\/wp-json\/wp\/v2\/users\/3"}],"replies":[{"embeddable":true,"href":"https:\/\/www.cedera-okna.sk\/sk\/wp-json\/wp\/v2\/comments?post=279"}],"version-history":[{"count":3,"href":"https:\/\/www.cedera-okna.sk\/sk\/wp-json\/wp\/v2\/pages\/279\/revisions"}],"predecessor-version":[{"id":3319,"href":"https:\/\/www.cedera-okna.sk\/sk\/wp-json\/wp\/v2\/pages\/279\/revisions\/3319"}],"wp:attachment":[{"href":"https:\/\/www.cedera-okna.sk\/sk\/wp-json\/wp\/v2\/media?parent=279"}],"curies":[{"name":"wp","href":"https:\/\/api.w.org\/{rel}","templated":true}]}}