{"id":27683,"date":"2025-07-12T19:36:37","date_gmt":"2025-07-12T17:36:37","guid":{"rendered":"https:\/\/www.cedera-okna.sk\/sk\/?page_id=27683"},"modified":"2026-03-03T18:15:25","modified_gmt":"2026-03-03T17:15:25","slug":"naturo-68","status":"publish","type":"page","link":"https:\/\/www.cedera-okna.sk\/sk\/naturo-68\/","title":{"rendered":"Naturo 68"},"content":{"rendered":"<div class=\"wpb-content-wrapper\"><p>[vc_row][vc_column][vc_column_text css=&#8221;&#8221;]Dreven\u00e9 okn\u00e1 Naturo 68 s\u00fa ide\u00e1lnym rie\u0161en\u00edm pre t\u00fdch, ktor\u00ed chc\u00fa spoji\u0165 prirodzen\u00fd vzh\u013ead s ekologick\u00fdm pr\u00edstupom. Profily s\u00fa zhotoven\u00e9 z trojvrstvov\u00e9ho lepen\u00e9ho dreva, \u010do zabezpe\u010duje pevnos\u0165 pri n\u00edzkej hmotnosti a z\u00e1rove\u0148 umo\u017e\u0148uje \u0161irok\u00fa variabilitu preveden\u00ed.[\/vc_column_text][\/vc_column][\/vc_row][vc_row][vc_column width=&#8221;1\/2&#8243;][vc_column_text css=&#8221;&#8221;]<\/p>\n<h3>Technick\u00e9 parametre:<\/h3>\n<ul>\n<li>stavebn\u00e1 h\u013abka 68 mm<\/li>\n<li>zasklenie so \u0161\u00edrkou 24\u201332 mm<\/li>\n<li>3 vrstvy lepen\u00e9ho dreva<\/li>\n<li>4-vrstvov\u00fd n\u00e1ter<\/li>\n<li>druhy dreva: borovica, smrek, meranti, dub<\/li>\n<li>typy povrchovej \u00fapravy dreva: moridl\u00e1, farby RAL, bezfarebn\u00fd lak, bezfarebn\u00e1 impregn\u00e1cia, hol\u00e9 drevo.<\/li>\n<li>spolupracujeme s dod\u00e1vate\u013emi, ktor\u00ed maj\u00fa certifik\u00e1t FSC<\/li>\n<\/ul>\n<p>[\/vc_column_text][\/vc_column][vc_column width=&#8221;1\/2&#8243;][vc_gallery interval=&#8221;0&#8243; images=&#8221;27688,27689,27690&#8243; img_size=&#8221;large&#8221; css=&#8221;.vc_custom_1752341443905{margin-top: 65px !important;}&#8221;][\/vc_column][\/vc_row][vc_row][vc_column][vc_column_text css=&#8221;&#8221;]<\/p>\n<p>Syst\u00e9m sa d\u00e1 prisp\u00f4sobi\u0165 individu\u00e1lnym potreb\u00e1m \u2013 pon\u00faka belgick\u00e9 alebo holandsk\u00e9 profily, monoblokov\u00e9 rie\u0161enia \u010di otv\u00e1ranie smerom von. Mo\u017enos\u0165 zasklenia a\u017e do 32 mm v kombin\u00e1cii s prirodzen\u00fdmi vlastnos\u0165ami dreva zabezpe\u010duje v\u00fdborn\u00e9 izola\u010dn\u00e9 a akustick\u00e9 vlastnosti. V\u010faka spo\u013eahlivej kon\u0161trukcii a dlhej \u017eivotnosti ide o osved\u010den\u00fa vo\u013ebu pre r\u00f4zne typy projektov.<\/p>\n<p>Okrem jednoduchej manipul\u00e1cie zvy\u0161uje komfort aj vysok\u00e1 tesnos\u0165 okien, ktor\u00e1 prispieva k \u00fatlmu hluku z vonkaj\u0161ieho prostredia. Spojenie v\u00fdborn\u00fdch izola\u010dn\u00fdch vlastnost\u00ed a dlhoro\u010dnej z\u00e1ruky rob\u00ed z modelu Naturo 68 spo\u013eahliv\u00e9 rie\u0161enie pre n\u00e1ro\u010dn\u00fdch investorov.[\/vc_column_text][\/vc_column][\/vc_row][vc_row][vc_column][vc_column_text css=&#8221;&#8221;]<\/p>\n<h2>S\u00favisiace produkty<\/h2>\n<p>[\/vc_column_text][\/vc_column][\/vc_row][vc_row][vc_column width=&#8221;1\/3&#8243;][vc_column_text css=&#8221;&#8221;]<\/p>\n<h3 class=\"page_title\"><a href=\"https:\/\/www.cedera-okna.sk\/sk\/naturo-80\/\">Naturo 80<\/a><\/h3>\n<p>[\/vc_column_text]<figure class=\"sc_image  sc_image_shape_square\" style=\"````\"><a href=\"https:\/\/www.cedera-okna.sk\/sk\/naturo-80\/\" class=\"hover_icon hover_icon_view\"><img decoding=\"async\" src=\"https:\/\/www.cedera-okna.sk\/wp-content\/uploads\/2025\/07\/naturo_80_exterier.png\" alt=\"\" \/><\/a><\/figure>[\/vc_column][vc_column width=&#8221;1\/3&#8243;][vc_column_text css=&#8221;&#8221;]<\/p>\n<h3 class=\"page_title\"><a href=\"https:\/\/www.cedera-okna.sk\/sk\/naturo-92\/\">Naturo 92<\/a><\/h3>\n<p>[\/vc_column_text]<figure class=\"sc_image  sc_image_shape_square\" style=\"````\"><a href=\"https:\/\/www.cedera-okna.sk\/sk\/naturo-92\/\" class=\"hover_icon hover_icon_view\"><img decoding=\"async\" src=\"https:\/\/www.cedera-okna.sk\/wp-content\/uploads\/2025\/07\/naturo_92_exterier.png\" alt=\"\" \/><\/a><\/figure>[\/vc_column][vc_column width=&#8221;1\/3&#8243;][vc_column_text css=&#8221;&#8221;]<\/p>\n<h3 class=\"page_title\"><a href=\"https:\/\/www.cedera-okna.sk\/sk\/esperia-life-80\/\">Esperia Life 80<\/a><\/h3>\n<p>[\/vc_column_text]<figure class=\"sc_image  sc_image_shape_square\" style=\"````\"><a href=\"https:\/\/www.cedera-okna.sk\/sk\/esperia-life-80\/\" class=\"hover_icon hover_icon_view\"><img decoding=\"async\" src=\"https:\/\/www.cedera-okna.sk\/wp-content\/uploads\/2025\/07\/esperia_life_80_exterier.png\" alt=\"\" \/><\/a><\/figure>[\/vc_column][\/vc_row][vc_row][vc_column][vc_column_text css=&#8221;&#8221;]<\/p>\n<h2 style=\"text-align: center;\">M\u00e1te z\u00e1ujem o nov\u00e9 dreven\u00e9 okn\u00e1 alebo si necha\u0165 poradi\u0165?<br \/>\nVypl\u0148te formul\u00e1r ni\u017e\u0161ie a ozveme sa v\u00e1m do 24 hod\u00edn.<\/h2>\n<p>[\/vc_column_text]\n<div class=\"wpcf7 no-js\" id=\"wpcf7-f2486-o1\" lang=\"sk-SK\" dir=\"ltr\" data-wpcf7-id=\"2486\">\n<div class=\"screen-reader-response\"><p role=\"status\" aria-live=\"polite\" aria-atomic=\"true\"><\/p> <ul><\/ul><\/div>\n<form action=\"\/sk\/wp-json\/wp\/v2\/pages\/27683#wpcf7-f2486-o1\" method=\"post\" class=\"wpcf7-form init\" aria-label=\"Kontaktn\u00fd formul\u00e1r\" novalidate=\"novalidate\" data-status=\"init\">\n<fieldset class=\"hidden-fields-container\"><input type=\"hidden\" name=\"_wpcf7\" value=\"2486\" \/><input type=\"hidden\" name=\"_wpcf7_version\" value=\"6.1.5\" \/><input type=\"hidden\" name=\"_wpcf7_locale\" value=\"sk_SK\" \/><input type=\"hidden\" name=\"_wpcf7_unit_tag\" value=\"wpcf7-f2486-o1\" \/><input type=\"hidden\" name=\"_wpcf7_container_post\" value=\"0\" \/><input type=\"hidden\" name=\"_wpcf7_posted_data_hash\" value=\"\" \/><input type=\"hidden\" name=\"_wpcf7_recaptcha_response\" value=\"\" \/>\n<\/fieldset>\n<p><label><br \/>\n<span class=\"wpcf7-form-control-wrap\" data-name=\"your-name\"><input size=\"40\" maxlength=\"400\" class=\"wpcf7-form-control wpcf7-text wpcf7-validates-as-required\" aria-required=\"true\" aria-invalid=\"false\" placeholder=\"Meno*\" value=\"\" type=\"text\" name=\"your-name\" \/><\/span> <\/label>\n<\/p>\n<div class=\"sc_form_info columns_wrap\">\n\t<div class=\"sc_form_item sc_form_field label_over column-1_2\">\n\t\t<p><label><br \/>\n<span class=\"wpcf7-form-control-wrap\" data-name=\"your-telefon\"><input size=\"40\" maxlength=\"400\" class=\"wpcf7-form-control wpcf7-tel wpcf7-validates-as-required wpcf7-text wpcf7-validates-as-tel\" aria-required=\"true\" aria-invalid=\"false\" placeholder=\"Telef\u00f3n*\" value=\"\" type=\"tel\" name=\"your-telefon\" \/><\/span> <\/label>\n\t\t<\/p>\n\t<\/div>\n\t<div class=\"sc_form_item sc_form_field label_over column-1_2 pading0\">\n\t\t<p><label><br \/>\n<span class=\"wpcf7-form-control-wrap\" data-name=\"your-email\"><input size=\"40\" maxlength=\"400\" class=\"wpcf7-form-control wpcf7-email wpcf7-validates-as-required wpcf7-text wpcf7-validates-as-email\" aria-required=\"true\" aria-invalid=\"false\" placeholder=\"E-mail*\" value=\"\" type=\"email\" name=\"your-email\" \/><\/span><\/label>\n\t\t<\/p>\n\t<\/div>\n<\/div>\n<p><label><br \/>\n<span class=\"wpcf7-form-control-wrap\" data-name=\"your-message\"><textarea cols=\"40\" rows=\"10\" maxlength=\"2000\" class=\"wpcf7-form-control wpcf7-textarea\" aria-invalid=\"false\" placeholder=\"Pros\u00edm kontaktujte ma oh\u013eadom...\" name=\"your-message\"><\/textarea><\/span> <\/label>\n<\/p>\n<p><span class=\"wpcf7-form-control-wrap\" data-name=\"checkbox-597\"><span class=\"wpcf7-form-control wpcf7-checkbox wpcf7-validates-as-required\"><span class=\"wpcf7-list-item first last\"><input type=\"checkbox\" name=\"checkbox-597[]\" value=\"S\u00fahlas\u00edm so zpracovan\u00edm osobn\u00fdch \u00fadajov*\" \/><span class=\"wpcf7-list-item-label\">S\u00fahlas\u00edm so zpracovan\u00edm osobn\u00fdch \u00fadajov*<\/span><\/span><\/span><\/span>\n<\/p>\n<p><input class=\"wpcf7-form-control wpcf7-submit has-spinner\" type=\"submit\" value=\"Posla\u0165 po\u017eiadavku\" \/>\n<\/p>\n<p>*polo\u017eka je povinn\u00e1\n<\/p><div class=\"wpcf7-response-output\" aria-hidden=\"true\"><\/div>\n<\/form>\n<\/div>\n[\/vc_column][\/vc_row]<\/p>\n<\/div>","protected":false},"excerpt":{"rendered":"<p>[vc_row][vc_column][vc_column_text css=&#8221;&#8221;]Dreven\u00e9 okn\u00e1 Naturo 68 s\u00fa ide\u00e1lnym rie\u0161en\u00edm pre t\u00fdch, ktor\u00ed chc\u00fa spoji\u0165 prirodzen\u00fd vzh\u013ead s ekologick\u00fdm pr\u00edstupom. Profily s\u00fa zhotoven\u00e9 z trojvrstvov\u00e9ho lepen\u00e9ho dreva, \u010do zabezpe\u010duje pevnos\u0165 pri n\u00edzkej hmotnosti a z\u00e1rove\u0148 umo\u017e\u0148uje \u0161irok\u00fa variabilitu preveden\u00ed.[\/vc_column_text][\/vc_column][\/vc_row][vc_row][vc_column width=&#8221;1\/2&#8243;][vc_column_text css=&#8221;&#8221;] Technick\u00e9 parametre: stavebn\u00e1 h\u013abka 68 mm zasklenie so \u0161\u00edrkou 24\u201332 mm 3 vrstvy lepen\u00e9ho dreva 4-vrstvov\u00fd [&hellip;]<\/p>\n","protected":false},"author":3,"featured_media":0,"parent":0,"menu_order":0,"comment_status":"closed","ping_status":"closed","template":"","meta":{"footnotes":""},"class_list":["post-27683","page","type-page","status-publish","hentry"],"yoast_head":"<!-- This site is optimized with the Yoast SEO plugin v27.4 - https:\/\/yoast.com\/product\/yoast-seo-wordpress\/ -->\n<title>Naturo 68 | Dreven\u00e9 okn\u00e1 | Cedera<\/title>\n<meta name=\"description\" content=\"Dreven\u00e9 okn\u00e1 Naturo 68 pon\u00fakaj\u00fa bohatstvo rie\u0161en\u00ed a mno\u017estvo foriem vyroben\u00fdch z pr\u00edrodnej suroviny - dreva. S\u00fa vyroben\u00e9 z troch vrstiev \u0161peci\u00e1lne pripraven\u00e9ho dreva.\" \/>\n<meta name=\"robots\" content=\"index, follow, max-snippet:-1, max-image-preview:large, max-video-preview:-1\" \/>\n<link rel=\"canonical\" href=\"https:\/\/www.cedera-okna.sk\/sk\/naturo-68\/\" \/>\n<meta property=\"og:locale\" content=\"sk_SK\" \/>\n<meta property=\"og:type\" content=\"article\" \/>\n<meta property=\"og:title\" content=\"Naturo 68 | Dreven\u00e9 okn\u00e1 | Cedera\" \/>\n<meta property=\"og:description\" content=\"Dreven\u00e9 okn\u00e1 Naturo 68 pon\u00fakaj\u00fa bohatstvo rie\u0161en\u00ed a mno\u017estvo foriem vyroben\u00fdch z pr\u00edrodnej suroviny - dreva. S\u00fa vyroben\u00e9 z troch vrstiev \u0161peci\u00e1lne pripraven\u00e9ho dreva.\" \/>\n<meta property=\"og:url\" content=\"https:\/\/www.cedera-okna.sk\/sk\/naturo-68\/\" \/>\n<meta property=\"og:site_name\" content=\"Cedera\" \/>\n<meta property=\"article:publisher\" content=\"https:\/\/www.facebook.com\/okna.cedera\/\" \/>\n<meta property=\"article:modified_time\" content=\"2026-03-03T17:15:25+00:00\" \/>\n<meta name=\"twitter:label1\" content=\"Predpokladan\u00fd \u010das \u010d\u00edtania\" \/>\n\t<meta name=\"twitter:data1\" content=\"3 min\u00faty\" \/>\n<!-- \/ Yoast SEO plugin. -->","yoast_head_json":{"title":"Naturo 68 | Dreven\u00e9 okn\u00e1 | Cedera","description":"Dreven\u00e9 okn\u00e1 Naturo 68 pon\u00fakaj\u00fa bohatstvo rie\u0161en\u00ed a mno\u017estvo foriem vyroben\u00fdch z pr\u00edrodnej suroviny - dreva. S\u00fa vyroben\u00e9 z troch vrstiev \u0161peci\u00e1lne pripraven\u00e9ho dreva.","robots":{"index":"index","follow":"follow","max-snippet":"max-snippet:-1","max-image-preview":"max-image-preview:large","max-video-preview":"max-video-preview:-1"},"canonical":"https:\/\/www.cedera-okna.sk\/sk\/naturo-68\/","og_locale":"sk_SK","og_type":"article","og_title":"Naturo 68 | Dreven\u00e9 okn\u00e1 | Cedera","og_description":"Dreven\u00e9 okn\u00e1 Naturo 68 pon\u00fakaj\u00fa bohatstvo rie\u0161en\u00ed a mno\u017estvo foriem vyroben\u00fdch z pr\u00edrodnej suroviny - dreva. S\u00fa vyroben\u00e9 z troch vrstiev \u0161peci\u00e1lne pripraven\u00e9ho dreva.","og_url":"https:\/\/www.cedera-okna.sk\/sk\/naturo-68\/","og_site_name":"Cedera","article_publisher":"https:\/\/www.facebook.com\/okna.cedera\/","article_modified_time":"2026-03-03T17:15:25+00:00","twitter_misc":{"Predpokladan\u00fd \u010das \u010d\u00edtania":"3 min\u00faty"},"schema":{"@context":"https:\/\/schema.org","@graph":[{"@type":"WebPage","@id":"https:\/\/www.cedera-okna.sk\/sk\/naturo-68\/","url":"https:\/\/www.cedera-okna.sk\/sk\/naturo-68\/","name":"Naturo 68 | Dreven\u00e9 okn\u00e1 | Cedera","isPartOf":{"@id":"https:\/\/www.cedera-okna.sk\/sk\/#website"},"datePublished":"2025-07-12T17:36:37+00:00","dateModified":"2026-03-03T17:15:25+00:00","description":"Dreven\u00e9 okn\u00e1 Naturo 68 pon\u00fakaj\u00fa bohatstvo rie\u0161en\u00ed a mno\u017estvo foriem vyroben\u00fdch z pr\u00edrodnej suroviny - dreva. S\u00fa vyroben\u00e9 z troch vrstiev \u0161peci\u00e1lne pripraven\u00e9ho dreva.","breadcrumb":{"@id":"https:\/\/www.cedera-okna.sk\/sk\/naturo-68\/#breadcrumb"},"inLanguage":"sk-SK","potentialAction":[{"@type":"ReadAction","target":["https:\/\/www.cedera-okna.sk\/sk\/naturo-68\/"]}]},{"@type":"BreadcrumbList","@id":"https:\/\/www.cedera-okna.sk\/sk\/naturo-68\/#breadcrumb","itemListElement":[{"@type":"ListItem","position":1,"name":"Domovsk\u00e1 str\u00e1nka","item":"https:\/\/www.cedera-okna.sk\/sk\/"},{"@type":"ListItem","position":2,"name":"Naturo 68"}]},{"@type":"WebSite","@id":"https:\/\/www.cedera-okna.sk\/sk\/#website","url":"https:\/\/www.cedera-okna.sk\/sk\/","name":"Cedera","description":"Plastov\u00e9 okn\u00e1 Bratislava","publisher":{"@id":"https:\/\/www.cedera-okna.sk\/sk\/#organization"},"potentialAction":[{"@type":"SearchAction","target":{"@type":"EntryPoint","urlTemplate":"https:\/\/www.cedera-okna.sk\/sk\/?s={search_term_string}"},"query-input":{"@type":"PropertyValueSpecification","valueRequired":true,"valueName":"search_term_string"}}],"inLanguage":"sk-SK"},{"@type":"Organization","@id":"https:\/\/www.cedera-okna.sk\/sk\/#organization","name":"CEDERA s.r.o.","url":"https:\/\/www.cedera-okna.sk\/sk\/","logo":{"@type":"ImageObject","inLanguage":"sk-SK","@id":"https:\/\/www.cedera-okna.sk\/sk\/#\/schema\/logo\/image\/","url":"https:\/\/www.cedera-okna.sk\/wp-content\/uploads\/2018\/10\/Cedera-logo.png","contentUrl":"https:\/\/www.cedera-okna.sk\/wp-content\/uploads\/2018\/10\/Cedera-logo.png","width":190,"height":66,"caption":"CEDERA s.r.o."},"image":{"@id":"https:\/\/www.cedera-okna.sk\/sk\/#\/schema\/logo\/image\/"},"sameAs":["https:\/\/www.facebook.com\/okna.cedera\/"]}]}},"_links":{"self":[{"href":"https:\/\/www.cedera-okna.sk\/sk\/wp-json\/wp\/v2\/pages\/27683","targetHints":{"allow":["GET"]}}],"collection":[{"href":"https:\/\/www.cedera-okna.sk\/sk\/wp-json\/wp\/v2\/pages"}],"about":[{"href":"https:\/\/www.cedera-okna.sk\/sk\/wp-json\/wp\/v2\/types\/page"}],"author":[{"embeddable":true,"href":"https:\/\/www.cedera-okna.sk\/sk\/wp-json\/wp\/v2\/users\/3"}],"replies":[{"embeddable":true,"href":"https:\/\/www.cedera-okna.sk\/sk\/wp-json\/wp\/v2\/comments?post=27683"}],"version-history":[{"count":9,"href":"https:\/\/www.cedera-okna.sk\/sk\/wp-json\/wp\/v2\/pages\/27683\/revisions"}],"predecessor-version":[{"id":33815,"href":"https:\/\/www.cedera-okna.sk\/sk\/wp-json\/wp\/v2\/pages\/27683\/revisions\/33815"}],"wp:attachment":[{"href":"https:\/\/www.cedera-okna.sk\/sk\/wp-json\/wp\/v2\/media?parent=27683"}],"curies":[{"name":"wp","href":"https:\/\/api.w.org\/{rel}","templated":true}]}}