{"id":22,"date":"2011-10-27T09:48:47","date_gmt":"2011-10-27T07:48:47","guid":{"rendered":"http:\/\/cedera-okna.sk\/index.php\/drevo\/"},"modified":"2025-02-16T20:12:29","modified_gmt":"2025-02-16T19:12:29","slug":"drevene-eurookna","status":"publish","type":"page","link":"https:\/\/www.cedera-okna.sk\/sk\/drevene-eurookna\/","title":{"rendered":"Dreven\u00e9 eurookn\u00e1 &#8211; typy dreva"},"content":{"rendered":"<div class=\"wpb-content-wrapper\"><p>[vc_row][vc_column width=&#8221;2\/3&#8243;][vc_column_text]<\/p>\n<h3>Borovica<\/h3>\n<p>Pri v\u00fdrobe dreven\u00fdch eurookien sa rad\u00ed medzi\u00a0<b>najpou\u017e\u00edvanej\u0161ie dreviny<\/b>. Charakteristick\u00e1 je vynikaj\u00faca pru\u017enos\u0165. Borovicov\u00e9 drevo dobre zn\u00e1\u0161a vlhkos\u0165 a\u00a0je vhodn\u00e1 do akejko\u013evek stavby. Borovica je relat\u00edvne m\u00e4kk\u00e1 drevina, \u010do v\u0161ak neuber\u00e1 na jeho kvalitat\u00edvnych vlastnostiach. Jej ve\u013ekou v\u00fdhodou je pr\u00e1ve mal\u00e1 objemov\u00e1 hmotnos\u0165 a n\u00edzka cena.[\/vc_column_text][\/vc_column][vc_column width=&#8221;1\/3&#8243;][vc_column_text css=&#8221;&#8221;]<img decoding=\"async\" class=\"size-full\" src=\"https:\/\/cedera-okna.sk\/wp-content\/uploads\/2011\/10\/borovica.jpg\" alt=\"smrek-1.jpg\" \/>[\/vc_column_text][\/vc_column][\/vc_row][vc_row][vc_column width=&#8221;2\/3&#8243;][vc_column_text]<\/p>\n<h3>Meranti \u2013 malajsk\u00fd dub<\/h3>\n<p>Je drevina s\u00a0<b>vynikaj\u00facim pomerom tvrdosti a hmotnosti<\/b>. Ako u\u017e n\u00e1zov prezr\u00e1dza, poch\u00e1dza z \u00c1zie a kresbou je ve\u013emi podobn\u00e1 dubu s n\u00e1dychom \u010dervenej farby. Charakteristick\u00e9 je minim\u00e1lne prij\u00edmanie vlhkosti zo vzduchu, preto je toto drevo mimoriadne vhodn\u00e9 do vlhkej\u0161ieho prostredia (baz\u00e9n, zimn\u00e1 z\u00e1hrada&#8230;).[\/vc_column_text][\/vc_column][vc_column width=&#8221;1\/3&#8243;][vc_column_text css=&#8221;&#8221;]<img decoding=\"async\" class=\"size-full\" src=\"https:\/\/cedera-okna.sk\/images\/web\/meranti.jpg\" alt=\"smrek-1.jpg\" \/>[\/vc_column_text][\/vc_column][\/vc_row][vc_row][vc_column width=&#8221;2\/3&#8243;][vc_column_text]<\/p>\n<h3>Dub<\/h3>\n<p>Dub svojou kr\u00e1snou text\u00farou a vlastnos\u0165ami patr\u00ed k\u00a0<strong>najcennej\u0161\u00edm<\/strong>\u00a0drevin\u00e1m. Vy\u0161\u0161ia mern\u00e1 hmotnos\u0165 dubov\u00e9ho dreva v\u0161ak znamen\u00e1 aj o nie\u010do v\u00e4\u010d\u0161iu z\u00e1\u0165a\u017e na\u00a0<a title=\"Kovanie Maco na eurookn\u00e1\" href=\"\/sk\/kovanie-maco-eurookna\">kovanie<\/a>. Dubov\u00e9 drevo svojou tvrdos\u0165ou minimalizuje mo\u017enos\u0165 mechanick\u00e9ho po\u0161kodenia alebo vzniku r\u00fdh a otla\u010den\u00ed a zaru\u010d\u00ed tak\u00a0<strong>dlh\u00fa \u017eivotnos\u0165<\/strong>\u00a0v\u00e1\u0161ho eurookna.[\/vc_column_text][\/vc_column][vc_column width=&#8221;1\/3&#8243;][vc_column_text css=&#8221;&#8221;]<img decoding=\"async\" class=\"size-full\" src=\"https:\/\/cedera-okna.sk\/images\/web\/dub_flader.jpg\" alt=\"smrek-1.jpg\" \/>[\/vc_column_text][\/vc_column][\/vc_row][vc_row css=&#8221;.vc_custom_1476799756717{margin-top: 50px !important;}&#8221;][vc_column][vc_column_text]<\/p>\n<h2 style=\"text-align: center;\">M\u00e1te z\u00e1ujem o nov\u00e9 dreven\u00e9 okn\u00e1 alebo si necha\u0165 poradi\u0165? Vypl\u0148te formul\u00e1r ni\u017e\u0161ie a ozveme sa v\u00e1m do 24 hod\u00edn.<\/h2>\n<p>[\/vc_column_text]\n<div class=\"wpcf7 no-js\" id=\"wpcf7-f2486-o1\" lang=\"sk-SK\" dir=\"ltr\" data-wpcf7-id=\"2486\">\n<div class=\"screen-reader-response\"><p role=\"status\" aria-live=\"polite\" aria-atomic=\"true\"><\/p> <ul><\/ul><\/div>\n<form action=\"\/sk\/wp-json\/wp\/v2\/pages\/22#wpcf7-f2486-o1\" method=\"post\" class=\"wpcf7-form init\" aria-label=\"Kontaktn\u00fd formul\u00e1r\" novalidate=\"novalidate\" data-status=\"init\">\n<fieldset class=\"hidden-fields-container\"><input type=\"hidden\" name=\"_wpcf7\" value=\"2486\" \/><input type=\"hidden\" name=\"_wpcf7_version\" value=\"6.1.5\" \/><input type=\"hidden\" name=\"_wpcf7_locale\" value=\"sk_SK\" \/><input type=\"hidden\" name=\"_wpcf7_unit_tag\" value=\"wpcf7-f2486-o1\" \/><input type=\"hidden\" name=\"_wpcf7_container_post\" value=\"0\" \/><input type=\"hidden\" name=\"_wpcf7_posted_data_hash\" value=\"\" \/><input type=\"hidden\" name=\"_wpcf7_recaptcha_response\" value=\"\" \/>\n<\/fieldset>\n<p><label><br \/>\n<span class=\"wpcf7-form-control-wrap\" data-name=\"your-name\"><input size=\"40\" maxlength=\"400\" class=\"wpcf7-form-control wpcf7-text wpcf7-validates-as-required\" aria-required=\"true\" aria-invalid=\"false\" placeholder=\"Meno*\" value=\"\" type=\"text\" name=\"your-name\" \/><\/span> <\/label>\n<\/p>\n<div class=\"sc_form_info columns_wrap\">\n\t<div class=\"sc_form_item sc_form_field label_over column-1_2\">\n\t\t<p><label><br \/>\n<span class=\"wpcf7-form-control-wrap\" data-name=\"your-telefon\"><input size=\"40\" maxlength=\"400\" class=\"wpcf7-form-control wpcf7-tel wpcf7-validates-as-required wpcf7-text wpcf7-validates-as-tel\" aria-required=\"true\" aria-invalid=\"false\" placeholder=\"Telef\u00f3n*\" value=\"\" type=\"tel\" name=\"your-telefon\" \/><\/span> <\/label>\n\t\t<\/p>\n\t<\/div>\n\t<div class=\"sc_form_item sc_form_field label_over column-1_2 pading0\">\n\t\t<p><label><br \/>\n<span class=\"wpcf7-form-control-wrap\" data-name=\"your-email\"><input size=\"40\" maxlength=\"400\" class=\"wpcf7-form-control wpcf7-email wpcf7-validates-as-required wpcf7-text wpcf7-validates-as-email\" aria-required=\"true\" aria-invalid=\"false\" placeholder=\"E-mail*\" value=\"\" type=\"email\" name=\"your-email\" \/><\/span><\/label>\n\t\t<\/p>\n\t<\/div>\n<\/div>\n<p><label><br \/>\n<span class=\"wpcf7-form-control-wrap\" data-name=\"your-message\"><textarea cols=\"40\" rows=\"10\" maxlength=\"2000\" class=\"wpcf7-form-control wpcf7-textarea\" aria-invalid=\"false\" placeholder=\"Pros\u00edm kontaktujte ma oh\u013eadom...\" name=\"your-message\"><\/textarea><\/span> <\/label>\n<\/p>\n<p><span class=\"wpcf7-form-control-wrap\" data-name=\"checkbox-597\"><span class=\"wpcf7-form-control wpcf7-checkbox wpcf7-validates-as-required\"><span class=\"wpcf7-list-item first last\"><input type=\"checkbox\" name=\"checkbox-597[]\" value=\"S\u00fahlas\u00edm so zpracovan\u00edm osobn\u00fdch \u00fadajov*\" \/><span class=\"wpcf7-list-item-label\">S\u00fahlas\u00edm so zpracovan\u00edm osobn\u00fdch \u00fadajov*<\/span><\/span><\/span><\/span>\n<\/p>\n<p><input class=\"wpcf7-form-control wpcf7-submit has-spinner\" type=\"submit\" value=\"Posla\u0165 po\u017eiadavku\" \/>\n<\/p>\n<p>*polo\u017eka je povinn\u00e1\n<\/p><div class=\"wpcf7-response-output\" aria-hidden=\"true\"><\/div>\n<\/form>\n<\/div>\n[\/vc_column][\/vc_row]<\/p>\n<\/div>","protected":false},"excerpt":{"rendered":"<p>[vc_row][vc_column width=&#8221;2\/3&#8243;][vc_column_text] Borovica Pri v\u00fdrobe dreven\u00fdch eurookien sa rad\u00ed medzi\u00a0najpou\u017e\u00edvanej\u0161ie dreviny. Charakteristick\u00e1 je vynikaj\u00faca pru\u017enos\u0165. Borovicov\u00e9 drevo dobre zn\u00e1\u0161a vlhkos\u0165 a\u00a0je vhodn\u00e1 do akejko\u013evek stavby. Borovica je relat\u00edvne m\u00e4kk\u00e1 drevina, \u010do v\u0161ak neuber\u00e1 na jeho kvalitat\u00edvnych vlastnostiach. Jej ve\u013ekou v\u00fdhodou je pr\u00e1ve mal\u00e1 objemov\u00e1 hmotnos\u0165 a n\u00edzka cena.[\/vc_column_text][\/vc_column][vc_column width=&#8221;1\/3&#8243;][vc_column_text css=&#8221;&#8221;][\/vc_column_text][\/vc_column][\/vc_row][vc_row][vc_column width=&#8221;2\/3&#8243;][vc_column_text] Meranti \u2013 malajsk\u00fd dub [&hellip;]<\/p>\n","protected":false},"author":3,"featured_media":15,"parent":0,"menu_order":68,"comment_status":"closed","ping_status":"closed","template":"","meta":{"footnotes":""},"class_list":["post-22","page","type-page","status-publish","has-post-thumbnail","hentry"],"yoast_head":"<!-- This site is optimized with the Yoast SEO plugin v27.4 - https:\/\/yoast.com\/product\/yoast-seo-wordpress\/ -->\n<title>Dreven\u00e9 eurookn\u00e1 \u2013 v\u00fdroba len z kvalitn\u00fdch drev\u00edn | Cedera<\/title>\n<meta name=\"description\" content=\"Nie je drevo ako drevo. Preto s\u00fa na\u0161e dreven\u00e9 eurookn\u00e1 vyroben\u00e9 iba z najkvalitnej\u0161\u00edch drev\u00edn ako je borovica, dub alebo malajsk\u00fd dub.\" \/>\n<meta name=\"robots\" content=\"index, follow, max-snippet:-1, max-image-preview:large, max-video-preview:-1\" \/>\n<link rel=\"canonical\" href=\"https:\/\/www.cedera-okna.sk\/sk\/drevene-eurookna\/\" \/>\n<meta property=\"og:locale\" content=\"sk_SK\" \/>\n<meta property=\"og:type\" content=\"article\" \/>\n<meta property=\"og:title\" content=\"Dreven\u00e9 eurookn\u00e1 \u2013 v\u00fdroba len z kvalitn\u00fdch drev\u00edn | Cedera\" \/>\n<meta property=\"og:description\" content=\"Nie je drevo ako drevo. Preto s\u00fa na\u0161e dreven\u00e9 eurookn\u00e1 vyroben\u00e9 iba z najkvalitnej\u0161\u00edch drev\u00edn ako je borovica, dub alebo malajsk\u00fd dub.\" \/>\n<meta property=\"og:url\" content=\"https:\/\/www.cedera-okna.sk\/sk\/drevene-eurookna\/\" \/>\n<meta property=\"og:site_name\" content=\"Cedera\" \/>\n<meta property=\"article:publisher\" content=\"https:\/\/www.facebook.com\/okna.cedera\/\" \/>\n<meta property=\"article:modified_time\" content=\"2025-02-16T19:12:29+00:00\" \/>\n<meta property=\"og:image\" content=\"https:\/\/www.cedera-okna.sk\/wp-content\/uploads\/2011\/10\/smrek-1.jpg\" \/>\n\t<meta property=\"og:image:width\" content=\"127\" \/>\n\t<meta property=\"og:image:height\" content=\"127\" \/>\n\t<meta property=\"og:image:type\" content=\"image\/jpeg\" \/>\n<meta name=\"twitter:label1\" content=\"Predpokladan\u00fd \u010das \u010d\u00edtania\" \/>\n\t<meta name=\"twitter:data1\" content=\"2 min\u00faty\" \/>\n<!-- \/ Yoast SEO plugin. -->","yoast_head_json":{"title":"Dreven\u00e9 eurookn\u00e1 \u2013 v\u00fdroba len z kvalitn\u00fdch drev\u00edn | Cedera","description":"Nie je drevo ako drevo. Preto s\u00fa na\u0161e dreven\u00e9 eurookn\u00e1 vyroben\u00e9 iba z najkvalitnej\u0161\u00edch drev\u00edn ako je borovica, dub alebo malajsk\u00fd dub.","robots":{"index":"index","follow":"follow","max-snippet":"max-snippet:-1","max-image-preview":"max-image-preview:large","max-video-preview":"max-video-preview:-1"},"canonical":"https:\/\/www.cedera-okna.sk\/sk\/drevene-eurookna\/","og_locale":"sk_SK","og_type":"article","og_title":"Dreven\u00e9 eurookn\u00e1 \u2013 v\u00fdroba len z kvalitn\u00fdch drev\u00edn | Cedera","og_description":"Nie je drevo ako drevo. Preto s\u00fa na\u0161e dreven\u00e9 eurookn\u00e1 vyroben\u00e9 iba z najkvalitnej\u0161\u00edch drev\u00edn ako je borovica, dub alebo malajsk\u00fd dub.","og_url":"https:\/\/www.cedera-okna.sk\/sk\/drevene-eurookna\/","og_site_name":"Cedera","article_publisher":"https:\/\/www.facebook.com\/okna.cedera\/","article_modified_time":"2025-02-16T19:12:29+00:00","og_image":[{"width":127,"height":127,"url":"https:\/\/www.cedera-okna.sk\/wp-content\/uploads\/2011\/10\/smrek-1.jpg","type":"image\/jpeg"}],"twitter_misc":{"Predpokladan\u00fd \u010das \u010d\u00edtania":"2 min\u00faty"},"schema":{"@context":"https:\/\/schema.org","@graph":[{"@type":"WebPage","@id":"https:\/\/www.cedera-okna.sk\/sk\/drevene-eurookna\/","url":"https:\/\/www.cedera-okna.sk\/sk\/drevene-eurookna\/","name":"Dreven\u00e9 eurookn\u00e1 \u2013 v\u00fdroba len z kvalitn\u00fdch drev\u00edn | Cedera","isPartOf":{"@id":"https:\/\/www.cedera-okna.sk\/sk\/#website"},"primaryImageOfPage":{"@id":"https:\/\/www.cedera-okna.sk\/sk\/drevene-eurookna\/#primaryimage"},"image":{"@id":"https:\/\/www.cedera-okna.sk\/sk\/drevene-eurookna\/#primaryimage"},"thumbnailUrl":"https:\/\/www.cedera-okna.sk\/wp-content\/uploads\/2011\/10\/smrek-1.jpg","datePublished":"2011-10-27T07:48:47+00:00","dateModified":"2025-02-16T19:12:29+00:00","description":"Nie je drevo ako drevo. Preto s\u00fa na\u0161e dreven\u00e9 eurookn\u00e1 vyroben\u00e9 iba z najkvalitnej\u0161\u00edch drev\u00edn ako je borovica, dub alebo malajsk\u00fd dub.","breadcrumb":{"@id":"https:\/\/www.cedera-okna.sk\/sk\/drevene-eurookna\/#breadcrumb"},"inLanguage":"sk-SK","potentialAction":[{"@type":"ReadAction","target":["https:\/\/www.cedera-okna.sk\/sk\/drevene-eurookna\/"]}]},{"@type":"ImageObject","inLanguage":"sk-SK","@id":"https:\/\/www.cedera-okna.sk\/sk\/drevene-eurookna\/#primaryimage","url":"https:\/\/www.cedera-okna.sk\/wp-content\/uploads\/2011\/10\/smrek-1.jpg","contentUrl":"https:\/\/www.cedera-okna.sk\/wp-content\/uploads\/2011\/10\/smrek-1.jpg","width":127,"height":127,"caption":"plastov\u00e9 okn\u00e1, eurookn\u00e1"},{"@type":"BreadcrumbList","@id":"https:\/\/www.cedera-okna.sk\/sk\/drevene-eurookna\/#breadcrumb","itemListElement":[{"@type":"ListItem","position":1,"name":"Domovsk\u00e1 str\u00e1nka","item":"https:\/\/www.cedera-okna.sk\/sk\/"},{"@type":"ListItem","position":2,"name":"Dreven\u00e9 eurookn\u00e1 &#8211; typy dreva"}]},{"@type":"WebSite","@id":"https:\/\/www.cedera-okna.sk\/sk\/#website","url":"https:\/\/www.cedera-okna.sk\/sk\/","name":"Cedera","description":"Plastov\u00e9 okn\u00e1 Bratislava","publisher":{"@id":"https:\/\/www.cedera-okna.sk\/sk\/#organization"},"potentialAction":[{"@type":"SearchAction","target":{"@type":"EntryPoint","urlTemplate":"https:\/\/www.cedera-okna.sk\/sk\/?s={search_term_string}"},"query-input":{"@type":"PropertyValueSpecification","valueRequired":true,"valueName":"search_term_string"}}],"inLanguage":"sk-SK"},{"@type":"Organization","@id":"https:\/\/www.cedera-okna.sk\/sk\/#organization","name":"CEDERA s.r.o.","url":"https:\/\/www.cedera-okna.sk\/sk\/","logo":{"@type":"ImageObject","inLanguage":"sk-SK","@id":"https:\/\/www.cedera-okna.sk\/sk\/#\/schema\/logo\/image\/","url":"https:\/\/www.cedera-okna.sk\/wp-content\/uploads\/2018\/10\/Cedera-logo.png","contentUrl":"https:\/\/www.cedera-okna.sk\/wp-content\/uploads\/2018\/10\/Cedera-logo.png","width":190,"height":66,"caption":"CEDERA s.r.o."},"image":{"@id":"https:\/\/www.cedera-okna.sk\/sk\/#\/schema\/logo\/image\/"},"sameAs":["https:\/\/www.facebook.com\/okna.cedera\/"]}]}},"_links":{"self":[{"href":"https:\/\/www.cedera-okna.sk\/sk\/wp-json\/wp\/v2\/pages\/22","targetHints":{"allow":["GET"]}}],"collection":[{"href":"https:\/\/www.cedera-okna.sk\/sk\/wp-json\/wp\/v2\/pages"}],"about":[{"href":"https:\/\/www.cedera-okna.sk\/sk\/wp-json\/wp\/v2\/types\/page"}],"author":[{"embeddable":true,"href":"https:\/\/www.cedera-okna.sk\/sk\/wp-json\/wp\/v2\/users\/3"}],"replies":[{"embeddable":true,"href":"https:\/\/www.cedera-okna.sk\/sk\/wp-json\/wp\/v2\/comments?post=22"}],"version-history":[{"count":10,"href":"https:\/\/www.cedera-okna.sk\/sk\/wp-json\/wp\/v2\/pages\/22\/revisions"}],"predecessor-version":[{"id":22713,"href":"https:\/\/www.cedera-okna.sk\/sk\/wp-json\/wp\/v2\/pages\/22\/revisions\/22713"}],"wp:featuredmedia":[{"embeddable":true,"href":"https:\/\/www.cedera-okna.sk\/sk\/wp-json\/wp\/v2\/media\/15"}],"wp:attachment":[{"href":"https:\/\/www.cedera-okna.sk\/sk\/wp-json\/wp\/v2\/media?parent=22"}],"curies":[{"name":"wp","href":"https:\/\/api.w.org\/{rel}","templated":true}]}}