{"id":21352,"date":"2025-01-05T11:49:23","date_gmt":"2025-01-05T10:49:23","guid":{"rendered":"https:\/\/www.cedera-okna.sk\/sk\/?page_id=21352"},"modified":"2026-02-22T14:56:24","modified_gmt":"2026-02-22T13:56:24","slug":"montaz-plastovych-okien-krok-za-krokom","status":"publish","type":"page","link":"https:\/\/www.cedera-okna.sk\/sk\/montaz-plastovych-okien-krok-za-krokom\/","title":{"rendered":"Mont\u00e1\u017e plastov\u00fdch okien krok za krokom"},"content":{"rendered":"<div class=\"wpb-content-wrapper\"><p>[vc_row][vc_column][vc_column_text css=&#8221;&#8221;]Zauj\u00edma v\u00e1s ako prebieha v\u00fdmena star\u00fdch okien a mont\u00e1\u017e nov\u00fdch plastov\u00fdch okien krok za krokom? Pripravili sme pre v\u00e1s s\u00e9riu fotiek z realiz\u00e1cie mont\u00e1\u017ee okien na\u0161imi sk\u00fasen\u00fdmi mont\u00e1\u017enikmi.<\/p>\n<p>&nbsp;<\/p>\n<p>[\/vc_column_text][\/vc_column][\/vc_row][vc_row][vc_column][vc_gallery type=&#8221;image_grid&#8221; images=&#8221;20505,20506,20507,20508,20509,20510,20511,20512,20513,20514,20515,20516,20517,20518,20519,20520,20521,20522,20524,20525,20527,20528,20529,20530,20531,20532,20533,20534,20535,20536,20537,20538,20539,20541,20542,20543,20544,20545,20546,20547,20548,20549,20551,20552,20553,20554,20555,20556,20557,20558,20559,20560,20561,20562,20563,20564,20565,20566,20567,20568,20569,20570,20573,20574,20576,20577,20578,20579,20580,20581,20582,20583,20584,21025,21026,21027,21028,21029,21032,21033,21034,21035,21036,21037,21038,21039,21041,21042,21043,21044,21045,21046,21048,21049,21050,21051,21052,21053,21054,21055,21056,21057,21058,21059,21060,21061,21062,21063,21064,21065&#8243; css=&#8221;&#8221;][\/vc_column][\/vc_row][vc_row][vc_column][vc_column_text css=&#8221;&#8221;]<\/p>\n<h2 style=\"text-align: center;\">M\u00e1te z\u00e1ujem o mont\u00e1\u017e plastov\u00fdch okien alebo potrebujete poradi\u0165? Vypl\u0148te formul\u00e1r ni\u017e\u0161ie a ozveme sa v\u00e1m do 24 hod\u00edn.<\/h2>\n<p>[\/vc_column_text]\n<div class=\"wpcf7 no-js\" id=\"wpcf7-f2486-o1\" lang=\"sk-SK\" dir=\"ltr\" data-wpcf7-id=\"2486\">\n<div class=\"screen-reader-response\"><p role=\"status\" aria-live=\"polite\" aria-atomic=\"true\"><\/p> <ul><\/ul><\/div>\n<form action=\"\/sk\/wp-json\/wp\/v2\/pages\/21352#wpcf7-f2486-o1\" method=\"post\" class=\"wpcf7-form init\" aria-label=\"Kontaktn\u00fd formul\u00e1r\" novalidate=\"novalidate\" data-status=\"init\">\n<fieldset class=\"hidden-fields-container\"><input type=\"hidden\" name=\"_wpcf7\" value=\"2486\" \/><input type=\"hidden\" name=\"_wpcf7_version\" value=\"6.1.5\" \/><input type=\"hidden\" name=\"_wpcf7_locale\" value=\"sk_SK\" \/><input type=\"hidden\" name=\"_wpcf7_unit_tag\" value=\"wpcf7-f2486-o1\" \/><input type=\"hidden\" name=\"_wpcf7_container_post\" value=\"0\" \/><input type=\"hidden\" name=\"_wpcf7_posted_data_hash\" value=\"\" \/><input type=\"hidden\" name=\"_wpcf7_recaptcha_response\" value=\"\" \/>\n<\/fieldset>\n<p><label><br \/>\n<span class=\"wpcf7-form-control-wrap\" data-name=\"your-name\"><input size=\"40\" maxlength=\"400\" class=\"wpcf7-form-control wpcf7-text wpcf7-validates-as-required\" aria-required=\"true\" aria-invalid=\"false\" placeholder=\"Meno*\" value=\"\" type=\"text\" name=\"your-name\" \/><\/span> <\/label>\n<\/p>\n<div class=\"sc_form_info columns_wrap\">\n\t<div class=\"sc_form_item sc_form_field label_over column-1_2\">\n\t\t<p><label><br \/>\n<span class=\"wpcf7-form-control-wrap\" data-name=\"your-telefon\"><input size=\"40\" maxlength=\"400\" class=\"wpcf7-form-control wpcf7-tel wpcf7-validates-as-required wpcf7-text wpcf7-validates-as-tel\" aria-required=\"true\" aria-invalid=\"false\" placeholder=\"Telef\u00f3n*\" value=\"\" type=\"tel\" name=\"your-telefon\" \/><\/span> <\/label>\n\t\t<\/p>\n\t<\/div>\n\t<div class=\"sc_form_item sc_form_field label_over column-1_2 pading0\">\n\t\t<p><label><br \/>\n<span class=\"wpcf7-form-control-wrap\" data-name=\"your-email\"><input size=\"40\" maxlength=\"400\" class=\"wpcf7-form-control wpcf7-email wpcf7-validates-as-required wpcf7-text wpcf7-validates-as-email\" aria-required=\"true\" aria-invalid=\"false\" placeholder=\"E-mail*\" value=\"\" type=\"email\" name=\"your-email\" \/><\/span><\/label>\n\t\t<\/p>\n\t<\/div>\n<\/div>\n<p><label><br \/>\n<span class=\"wpcf7-form-control-wrap\" data-name=\"your-message\"><textarea cols=\"40\" rows=\"10\" maxlength=\"2000\" class=\"wpcf7-form-control wpcf7-textarea\" aria-invalid=\"false\" placeholder=\"Pros\u00edm kontaktujte ma oh\u013eadom...\" name=\"your-message\"><\/textarea><\/span> <\/label>\n<\/p>\n<p><span class=\"wpcf7-form-control-wrap\" data-name=\"checkbox-597\"><span class=\"wpcf7-form-control wpcf7-checkbox wpcf7-validates-as-required\"><span class=\"wpcf7-list-item first last\"><input type=\"checkbox\" name=\"checkbox-597[]\" value=\"S\u00fahlas\u00edm so zpracovan\u00edm osobn\u00fdch \u00fadajov*\" \/><span class=\"wpcf7-list-item-label\">S\u00fahlas\u00edm so zpracovan\u00edm osobn\u00fdch \u00fadajov*<\/span><\/span><\/span><\/span>\n<\/p>\n<p><input class=\"wpcf7-form-control wpcf7-submit has-spinner\" type=\"submit\" value=\"Posla\u0165 po\u017eiadavku\" \/>\n<\/p>\n<p>*polo\u017eka je povinn\u00e1\n<\/p><div class=\"wpcf7-response-output\" aria-hidden=\"true\"><\/div>\n<\/form>\n<\/div>\n[\/vc_column][\/vc_row]<\/p>\n<\/div>","protected":false},"excerpt":{"rendered":"<p>[vc_row][vc_column][vc_column_text css=&#8221;&#8221;]Zauj\u00edma v\u00e1s ako prebieha v\u00fdmena star\u00fdch okien a mont\u00e1\u017e nov\u00fdch plastov\u00fdch okien krok za krokom? Pripravili sme pre v\u00e1s s\u00e9riu fotiek z realiz\u00e1cie mont\u00e1\u017ee okien na\u0161imi sk\u00fasen\u00fdmi mont\u00e1\u017enikmi. &nbsp; [\/vc_column_text][\/vc_column][\/vc_row][vc_row][vc_column][vc_gallery type=&#8221;image_grid&#8221; images=&#8221;20505,20506,20507,20508,20509,20510,20511,20512,20513,20514,20515,20516,20517,20518,20519,20520,20521,20522,20524,20525,20527,20528,20529,20530,20531,20532,20533,20534,20535,20536,20537,20538,20539,20541,20542,20543,20544,20545,20546,20547,20548,20549,20551,20552,20553,20554,20555,20556,20557,20558,20559,20560,20561,20562,20563,20564,20565,20566,20567,20568,20569,20570,20573,20574,20576,20577,20578,20579,20580,20581,20582,20583,20584,21025,21026,21027,21028,21029,21032,21033,21034,21035,21036,21037,21038,21039,21041,21042,21043,21044,21045,21046,21048,21049,21050,21051,21052,21053,21054,21055,21056,21057,21058,21059,21060,21061,21062,21063,21064,21065&#8243; css=&#8221;&#8221;][\/vc_column][\/vc_row][vc_row][vc_column][vc_column_text css=&#8221;&#8221;] M\u00e1te z\u00e1ujem o mont\u00e1\u017e plastov\u00fdch okien alebo potrebujete poradi\u0165? Vypl\u0148te formul\u00e1r ni\u017e\u0161ie a ozveme sa v\u00e1m do 24 hod\u00edn. [\/vc_column_text][\/vc_column][\/vc_row]<\/p>\n","protected":false},"author":3,"featured_media":0,"parent":0,"menu_order":0,"comment_status":"closed","ping_status":"closed","template":"","meta":{"footnotes":""},"class_list":["post-21352","page","type-page","status-publish","hentry"],"yoast_head":"<!-- This site is optimized with the Yoast SEO plugin v27.4 - https:\/\/yoast.com\/product\/yoast-seo-wordpress\/ -->\n<title>Mont\u00e1\u017e plastov\u00fdch okien krok za krokom | Cedera<\/title>\n<meta name=\"description\" content=\"Pozrite sa ako prebieha mont\u00e1\u017e plastov\u00fdch okien od firmy Cedera krok za krokom. Fotogal\u00e9ria z mont\u00e1\u017ee okien.\" \/>\n<meta name=\"robots\" content=\"index, follow, max-snippet:-1, max-image-preview:large, max-video-preview:-1\" \/>\n<link rel=\"canonical\" href=\"https:\/\/www.cedera-okna.sk\/sk\/montaz-plastovych-okien-krok-za-krokom\/\" \/>\n<meta property=\"og:locale\" content=\"sk_SK\" \/>\n<meta property=\"og:type\" content=\"article\" \/>\n<meta property=\"og:title\" content=\"Mont\u00e1\u017e plastov\u00fdch okien krok za krokom | Cedera\" \/>\n<meta property=\"og:description\" content=\"Pozrite sa ako prebieha mont\u00e1\u017e plastov\u00fdch okien od firmy Cedera krok za krokom. Fotogal\u00e9ria z mont\u00e1\u017ee okien.\" \/>\n<meta property=\"og:url\" content=\"https:\/\/www.cedera-okna.sk\/sk\/montaz-plastovych-okien-krok-za-krokom\/\" \/>\n<meta property=\"og:site_name\" content=\"Cedera\" \/>\n<meta property=\"article:publisher\" content=\"https:\/\/www.facebook.com\/okna.cedera\/\" \/>\n<meta property=\"article:modified_time\" content=\"2026-02-22T13:56:24+00:00\" \/>\n<meta name=\"twitter:label1\" content=\"Predpokladan\u00fd \u010das \u010d\u00edtania\" \/>\n\t<meta name=\"twitter:data1\" content=\"8 min\u00fat\" \/>\n<!-- \/ Yoast SEO plugin. -->","yoast_head_json":{"title":"Mont\u00e1\u017e plastov\u00fdch okien krok za krokom | Cedera","description":"Pozrite sa ako prebieha mont\u00e1\u017e plastov\u00fdch okien od firmy Cedera krok za krokom. Fotogal\u00e9ria z mont\u00e1\u017ee okien.","robots":{"index":"index","follow":"follow","max-snippet":"max-snippet:-1","max-image-preview":"max-image-preview:large","max-video-preview":"max-video-preview:-1"},"canonical":"https:\/\/www.cedera-okna.sk\/sk\/montaz-plastovych-okien-krok-za-krokom\/","og_locale":"sk_SK","og_type":"article","og_title":"Mont\u00e1\u017e plastov\u00fdch okien krok za krokom | Cedera","og_description":"Pozrite sa ako prebieha mont\u00e1\u017e plastov\u00fdch okien od firmy Cedera krok za krokom. Fotogal\u00e9ria z mont\u00e1\u017ee okien.","og_url":"https:\/\/www.cedera-okna.sk\/sk\/montaz-plastovych-okien-krok-za-krokom\/","og_site_name":"Cedera","article_publisher":"https:\/\/www.facebook.com\/okna.cedera\/","article_modified_time":"2026-02-22T13:56:24+00:00","twitter_misc":{"Predpokladan\u00fd \u010das \u010d\u00edtania":"8 min\u00fat"},"schema":{"@context":"https:\/\/schema.org","@graph":[{"@type":"WebPage","@id":"https:\/\/www.cedera-okna.sk\/sk\/montaz-plastovych-okien-krok-za-krokom\/","url":"https:\/\/www.cedera-okna.sk\/sk\/montaz-plastovych-okien-krok-za-krokom\/","name":"Mont\u00e1\u017e plastov\u00fdch okien krok za krokom | Cedera","isPartOf":{"@id":"https:\/\/www.cedera-okna.sk\/sk\/#website"},"datePublished":"2025-01-05T10:49:23+00:00","dateModified":"2026-02-22T13:56:24+00:00","description":"Pozrite sa ako prebieha mont\u00e1\u017e plastov\u00fdch okien od firmy Cedera krok za krokom. Fotogal\u00e9ria z mont\u00e1\u017ee okien.","breadcrumb":{"@id":"https:\/\/www.cedera-okna.sk\/sk\/montaz-plastovych-okien-krok-za-krokom\/#breadcrumb"},"inLanguage":"sk-SK","potentialAction":[{"@type":"ReadAction","target":["https:\/\/www.cedera-okna.sk\/sk\/montaz-plastovych-okien-krok-za-krokom\/"]}]},{"@type":"BreadcrumbList","@id":"https:\/\/www.cedera-okna.sk\/sk\/montaz-plastovych-okien-krok-za-krokom\/#breadcrumb","itemListElement":[{"@type":"ListItem","position":1,"name":"Domovsk\u00e1 str\u00e1nka","item":"https:\/\/www.cedera-okna.sk\/sk\/"},{"@type":"ListItem","position":2,"name":"Mont\u00e1\u017e plastov\u00fdch okien krok za krokom"}]},{"@type":"WebSite","@id":"https:\/\/www.cedera-okna.sk\/sk\/#website","url":"https:\/\/www.cedera-okna.sk\/sk\/","name":"Cedera","description":"Plastov\u00e9 okn\u00e1 Bratislava","publisher":{"@id":"https:\/\/www.cedera-okna.sk\/sk\/#organization"},"potentialAction":[{"@type":"SearchAction","target":{"@type":"EntryPoint","urlTemplate":"https:\/\/www.cedera-okna.sk\/sk\/?s={search_term_string}"},"query-input":{"@type":"PropertyValueSpecification","valueRequired":true,"valueName":"search_term_string"}}],"inLanguage":"sk-SK"},{"@type":"Organization","@id":"https:\/\/www.cedera-okna.sk\/sk\/#organization","name":"CEDERA s.r.o.","url":"https:\/\/www.cedera-okna.sk\/sk\/","logo":{"@type":"ImageObject","inLanguage":"sk-SK","@id":"https:\/\/www.cedera-okna.sk\/sk\/#\/schema\/logo\/image\/","url":"https:\/\/www.cedera-okna.sk\/wp-content\/uploads\/2018\/10\/Cedera-logo.png","contentUrl":"https:\/\/www.cedera-okna.sk\/wp-content\/uploads\/2018\/10\/Cedera-logo.png","width":190,"height":66,"caption":"CEDERA s.r.o."},"image":{"@id":"https:\/\/www.cedera-okna.sk\/sk\/#\/schema\/logo\/image\/"},"sameAs":["https:\/\/www.facebook.com\/okna.cedera\/"]}]}},"_links":{"self":[{"href":"https:\/\/www.cedera-okna.sk\/sk\/wp-json\/wp\/v2\/pages\/21352","targetHints":{"allow":["GET"]}}],"collection":[{"href":"https:\/\/www.cedera-okna.sk\/sk\/wp-json\/wp\/v2\/pages"}],"about":[{"href":"https:\/\/www.cedera-okna.sk\/sk\/wp-json\/wp\/v2\/types\/page"}],"author":[{"embeddable":true,"href":"https:\/\/www.cedera-okna.sk\/sk\/wp-json\/wp\/v2\/users\/3"}],"replies":[{"embeddable":true,"href":"https:\/\/www.cedera-okna.sk\/sk\/wp-json\/wp\/v2\/comments?post=21352"}],"version-history":[{"count":7,"href":"https:\/\/www.cedera-okna.sk\/sk\/wp-json\/wp\/v2\/pages\/21352\/revisions"}],"predecessor-version":[{"id":33687,"href":"https:\/\/www.cedera-okna.sk\/sk\/wp-json\/wp\/v2\/pages\/21352\/revisions\/33687"}],"wp:attachment":[{"href":"https:\/\/www.cedera-okna.sk\/sk\/wp-json\/wp\/v2\/media?parent=21352"}],"curies":[{"name":"wp","href":"https:\/\/api.w.org\/{rel}","templated":true}]}}