{"id":186,"date":"2012-05-03T13:13:25","date_gmt":"2012-05-03T11:13:25","guid":{"rendered":"http:\/\/cedera-okna.sk\/index.php\/pobocka-bratislava\/"},"modified":"2024-08-12T17:59:33","modified_gmt":"2024-08-12T15:59:33","slug":"plastove-okna-bratislava","status":"publish","type":"page","link":"https:\/\/www.cedera-okna.sk\/sk\/plastove-okna-bratislava\/","title":{"rendered":"Plastov\u00e9 okn\u00e1 od firmy CEDERA"},"content":{"rendered":"<div class=\"wpb-content-wrapper\"><p>[vc_row][vc_column][vc_column_text css=&#8221;&#8221;]Plastov\u00e9 okn\u00e1 s\u00fa ve\u013emi univerz\u00e1lne, hodia sa ako do bytu v panel\u00e1ku, tak do rodinn\u00e9ho domu. Pon\u00fakame \u0161pi\u010dkov\u00e9 okenn\u00e9 profily Salamander, ktor\u00e9 sa v\u010faka svojim vlastnostiam a parametrom hodia aj do pas\u00edvnych domov.<\/p>\n<p>Zais\u0165ujeme kompletn\u00e9 dielo na k\u013e\u00fa\u010d od poradenstva, zamerania, dod\u00e1vky okien, mont\u00e1\u017ee a pr\u00edpadn\u00e9ho odvozu a likvid\u00e1cie star\u00fdch okien. Samozrejmos\u0165ou je aj n\u00e1sledn\u00fd servis.<\/p>\n<p>Plastov\u00e9 okn\u00e1 dod\u00e1me pod\u013ea va\u0161ich po\u017eiadaviek a dispoz\u00edci\u00ed stavby. M\u00e1me sk\u00fasenosti s dod\u00e1vkou a mont\u00e1\u017eou ve\u013ek\u00fdch presklen\u00fdch franc\u00fazskych okien a dver\u00ed, rovnako tak ako vieme doda\u0165 okn\u00e1 do kuchyne, sp\u00e1lne alebo mal\u00e9 okn\u00e1 do pivni\u010dn\u00e9ho priestoru.<\/p>\n<p>Plastov\u00e9 okn\u00e1 Salamander m\u00f4\u017eu by\u0165 otv\u00e1rav\u00e9, posuvn\u00e9, sklopn\u00e9 alebo fixn\u00e9. Jednokr\u00eddlov\u00e1 aj viackr\u00eddlov\u00e1. V na\u0161ej ponuke n\u00e1jdete aj posuvn\u00e9 syst\u00e9my alebo plastov\u00e9 balk\u00f3nov\u00e9 a vchodov\u00e9 dvere.<\/p>\n<p>Samozrejme pon\u00fakame aj mno\u017estvo doplnkov ako s\u00fa parapety, kovania alebo tieniaca technika v podobe \u017eal\u00fazi\u00ed a roliet.[\/vc_column_text][\/vc_column][\/vc_row][vc_row][vc_column][vc_cta h2=&#8221;Ak\u00e9 plastov\u00e9 okn\u00e1 pon\u00fakame?&#8221; css=&#8221;.vc_custom_1723476592975{margin-top: 20px !important;}&#8221;]<img decoding=\"async\" class=\"size-medium wp-image-3327 alignright\" src=\"https:\/\/www.cedera-okna.sk\/wp-content\/uploads\/2011\/10\/Salamander-Bluevolution-82-MD-300x255.jpg\" alt=\"Salamander Bluevolution 82 MD\" width=\"300\" height=\"255\" srcset=\"https:\/\/www.cedera-okna.sk\/wp-content\/uploads\/2011\/10\/Salamander-Bluevolution-82-MD-300x255.jpg 300w, https:\/\/www.cedera-okna.sk\/wp-content\/uploads\/2011\/10\/Salamander-Bluevolution-82-MD-390x331.jpg 390w, https:\/\/www.cedera-okna.sk\/wp-content\/uploads\/2011\/10\/Salamander-Bluevolution-82-MD.jpg 600w\" sizes=\"(max-width: 300px) 100vw, 300px\" \/>Pon\u00fakame plastov\u00e9 profily nemeck\u00e9ho v\u00fdrobcu SALAMANDER. T\u00e1to zaru\u010den\u00e1 nemeck\u00e1 kvalita n\u00e1m umo\u017e\u0148uje ru\u010di\u0165 za kvalitu plastov\u00fdch okien aj dver\u00ed od tejto firmy.<\/p>\n<p>Viac o v\u00fdrobe, parametroch a profiloch <a href=\"https:\/\/www.cedera-okna.sk\/sk\/plastove-okna-salamander\/\">plastov\u00fdch okien Salamander<\/a>.<\/p>\n<p><strong><span class=\"HwtZe\" lang=\"sk\"><span class=\"jCAhz ChMk0b\"><span class=\"ryNqvb\">Pon\u00fakame tieto plastov\u00e9 okn\u00e1 Salamander<\/span><\/span><\/span>:<\/strong><\/p>\n<ul>\n<li><a href=\"https:\/\/www.cedera-okna.sk\/sk\/plastove-okna-salamander-streamline-76\/\">Streamline 76<\/a><\/li>\n<li><a href=\"https:\/\/www.cedera-okna.sk\/sk\/plastove-okna-salamander-bluevolution-82\/\">bluEvolution 82<\/a><\/li>\n<li><a href=\"https:\/\/www.cedera-okna.sk\/sk\/plastove-okna-salamander-bluevolution-92\/\">bluEvolution 92<\/a><\/li>\n<li><a href=\"https:\/\/www.cedera-okna.sk\/sk\/salamander-greenevolution-free\/\">greenEvolution free<\/a><\/li>\n<li><a href=\"https:\/\/www.cedera-okna.sk\/sk\/salamander-greenevolution-box\/\">greenEvolution box<\/a><\/li>\n<li><a href=\"https:\/\/www.cedera-okna.sk\/sk\/salamander-greenevolution-flex\/\">greenEvolution flex \/ flex A<\/a><\/li>\n<li><a href=\"https:\/\/www.cedera-okna.sk\/sk\/salamander-greenevolution-curve\/\">greenEvolution curve<\/a><\/li>\n<\/ul>\n<p>[\/vc_cta][\/vc_column][\/vc_row][vc_row][vc_column][vc_column_text]<\/p>\n<h2 style=\"text-align: left;\" align=\"center\">Ak\u00e9 s\u00fa v\u00fdhody plastov\u00fdch okien<\/h2>\n<p>Medzi hlavn\u00e9 v\u00fdhody plastov\u00fdch okien patr\u00ed ich nen\u00e1ro\u010dn\u00e1 \u00fadr\u017eba, pekn\u00fd vzh\u013ead a v na\u0161om pr\u00edpade aj prvotriedna kvalita. Pri v\u00fdmene star\u00fdch okien ide samozrejme o v\u00fdrazn\u00e9 u\u0161etrenie n\u00e1kladov na vykurovanie. A\u017e 70% tepla unik\u00e1 cez nekvalitn\u00e9 okn\u00e1 a dvere. Mont\u00e1\u017eou plastov\u00fdch okien <strong>u\u0161etr\u00edte a\u017e 40% n\u00e1kladov na vykurovanie<\/strong> v z\u00e1vislos\u0165 na pou\u017eit\u00fdch materi\u00e1loch. Nemenej v\u00fdhodn\u00fd je aj pomer cena verzus kvalita okien.<\/p>\n<p>Nielen\u017ee okn\u00e1 zabr\u00e1nia \u00faniku tepla, ale tie\u017e ochr\u00e1nia v\u00e1\u0161 domov pred hlukom a prachom z vonkaj\u0161ieho prostredia. V\u00fdraznou mierou zn\u00ed\u017ei hladinu hluku z exteri\u00e9ru aj na hlu\u010dn\u00fdch a ru\u0161n\u00fdch uliciach.[\/vc_column_text][vc_column_text]<\/p>\n<h2>Ako vyzer\u00e1 na\u0161a pr\u00e1ca<\/h2>\n<p>[\/vc_column_text][vc_gallery type=&#8221;image_grid&#8221; images=&#8221;6452,6451,6450,6454&#8243;][vc_column_text]Kvalitn\u00e9 plastov\u00e9 okn\u00e1 vy\u017eaduj\u00fa len minim\u00e1lnu \u00fadr\u017ebu a bud\u00fa v\u00e1m sl\u00fa\u017ei\u0165 nieko\u013eko desiatok rokov. Pri spr\u00e1vnej \u00fadr\u017ebe si zachovaj\u00fa rovnak\u00e9 vlastnosti aj viac ako 40 rokov. Ide o invest\u00edciu, ktor\u00e1 sa naozaj oplat\u00ed. Namontovan\u00edm plastov\u00fdch okien rozhodne zvy\u0161ujete hodnotu svojej nehnute\u013enosti.<\/p>\n<p>Plastov\u00e9 okn\u00e1 dod\u00e1vame v r\u00f4znych farebn\u00fdch prevedeniach a ve\u013ekostiach, ktor\u00e9 presne padn\u00fa v\u00e1\u0161mu domu alebo bytu. Ve\u013emi ob\u013e\u00faben\u00e9 s\u00fa biele plastov\u00e9 okn\u00e1, ale m\u00f4\u017eete vybera\u0165 aj z ponuky napr\u00edklad \u0161ed\u00fdch, hned\u00fdch alebo okien s imit\u00e1ciou dreva alebo hlin\u00edka.[\/vc_column_text][\/vc_column][\/vc_row][vc_row][vc_column][vc_column_text]<\/p>\n<h2>Pre\u010do si vybra\u0165 pr\u00e1ve firmu Cedera?<\/h2>\n<p>Sme dlhoro\u010dn\u00fd predajca plastov\u00fdch okien v Bratislave. M\u00e1me mnohoro\u010dn\u00e9 sk\u00fasenosti s kompletnou mont\u00e1\u017eou okien a pon\u00fakame iba prvotriedne produkty. Pozrite sa na na\u0161e <a href=\"http:\/\/cedera-okna.sk\/sk\/referencie\/\">referencie<\/a>. Z na\u0161ej ponuky si ur\u010dite vyberiete.[\/vc_column_text][\/vc_column][\/vc_row][vc_row][vc_column][vc_column_text]<\/p>\n<h2>Niektor\u00e9 na\u0161e realiz\u00e1cie<\/h2>\n<p>[\/vc_column_text][vc_gallery type=&#8221;image_grid&#8221; images=&#8221;2603,2589,2583,13264&#8243;][vc_column_text]<\/p>\n<h2 style=\"text-align: center;\">Pre viac inform\u00e1ci\u00ed alebo nez\u00e1v\u00e4zn\u00fa kalkul\u00e1ciu plastov\u00fdch okien vypl\u0148te formul\u00e1r ni\u017e\u0161ie. Ozveme sa v\u00e1m do 24 hod\u00edn.<\/h2>\n<p>[\/vc_column_text]\n<div class=\"wpcf7 no-js\" id=\"wpcf7-f2486-o1\" lang=\"sk-SK\" dir=\"ltr\" data-wpcf7-id=\"2486\">\n<div class=\"screen-reader-response\"><p role=\"status\" aria-live=\"polite\" aria-atomic=\"true\"><\/p> <ul><\/ul><\/div>\n<form action=\"\/sk\/wp-json\/wp\/v2\/pages\/186#wpcf7-f2486-o1\" method=\"post\" class=\"wpcf7-form init\" aria-label=\"Kontaktn\u00fd formul\u00e1r\" novalidate=\"novalidate\" data-status=\"init\">\n<fieldset class=\"hidden-fields-container\"><input type=\"hidden\" name=\"_wpcf7\" value=\"2486\" \/><input type=\"hidden\" name=\"_wpcf7_version\" value=\"6.1.5\" \/><input type=\"hidden\" name=\"_wpcf7_locale\" value=\"sk_SK\" \/><input type=\"hidden\" name=\"_wpcf7_unit_tag\" value=\"wpcf7-f2486-o1\" \/><input type=\"hidden\" name=\"_wpcf7_container_post\" value=\"0\" \/><input type=\"hidden\" name=\"_wpcf7_posted_data_hash\" value=\"\" \/><input type=\"hidden\" name=\"_wpcf7_recaptcha_response\" value=\"\" \/>\n<\/fieldset>\n<p><label><br \/>\n<span class=\"wpcf7-form-control-wrap\" data-name=\"your-name\"><input size=\"40\" maxlength=\"400\" class=\"wpcf7-form-control wpcf7-text wpcf7-validates-as-required\" aria-required=\"true\" aria-invalid=\"false\" placeholder=\"Meno*\" value=\"\" type=\"text\" name=\"your-name\" \/><\/span> <\/label>\n<\/p>\n<div class=\"sc_form_info columns_wrap\">\n\t<div class=\"sc_form_item sc_form_field label_over column-1_2\">\n\t\t<p><label><br \/>\n<span class=\"wpcf7-form-control-wrap\" data-name=\"your-telefon\"><input size=\"40\" maxlength=\"400\" class=\"wpcf7-form-control wpcf7-tel wpcf7-validates-as-required wpcf7-text wpcf7-validates-as-tel\" aria-required=\"true\" aria-invalid=\"false\" placeholder=\"Telef\u00f3n*\" value=\"\" type=\"tel\" name=\"your-telefon\" \/><\/span> <\/label>\n\t\t<\/p>\n\t<\/div>\n\t<div class=\"sc_form_item sc_form_field label_over column-1_2 pading0\">\n\t\t<p><label><br \/>\n<span class=\"wpcf7-form-control-wrap\" data-name=\"your-email\"><input size=\"40\" maxlength=\"400\" class=\"wpcf7-form-control wpcf7-email wpcf7-validates-as-required wpcf7-text wpcf7-validates-as-email\" aria-required=\"true\" aria-invalid=\"false\" placeholder=\"E-mail*\" value=\"\" type=\"email\" name=\"your-email\" \/><\/span><\/label>\n\t\t<\/p>\n\t<\/div>\n<\/div>\n<p><label><br \/>\n<span class=\"wpcf7-form-control-wrap\" data-name=\"your-message\"><textarea cols=\"40\" rows=\"10\" maxlength=\"2000\" class=\"wpcf7-form-control wpcf7-textarea\" aria-invalid=\"false\" placeholder=\"Pros\u00edm kontaktujte ma oh\u013eadom...\" name=\"your-message\"><\/textarea><\/span> <\/label>\n<\/p>\n<p><span class=\"wpcf7-form-control-wrap\" data-name=\"checkbox-597\"><span class=\"wpcf7-form-control wpcf7-checkbox wpcf7-validates-as-required\"><span class=\"wpcf7-list-item first last\"><input type=\"checkbox\" name=\"checkbox-597[]\" value=\"S\u00fahlas\u00edm so zpracovan\u00edm osobn\u00fdch \u00fadajov*\" \/><span class=\"wpcf7-list-item-label\">S\u00fahlas\u00edm so zpracovan\u00edm osobn\u00fdch \u00fadajov*<\/span><\/span><\/span><\/span>\n<\/p>\n<p><input class=\"wpcf7-form-control wpcf7-submit has-spinner\" type=\"submit\" value=\"Posla\u0165 po\u017eiadavku\" \/>\n<\/p>\n<p>*polo\u017eka je povinn\u00e1\n<\/p><div class=\"wpcf7-response-output\" aria-hidden=\"true\"><\/div>\n<\/form>\n<\/div>\n[\/vc_column][\/vc_row]<\/p>\n<\/div>","protected":false},"excerpt":{"rendered":"<p>[vc_row][vc_column][vc_column_text css=&#8221;&#8221;]Plastov\u00e9 okn\u00e1 s\u00fa ve\u013emi univerz\u00e1lne, hodia sa ako do bytu v panel\u00e1ku, tak do rodinn\u00e9ho domu. Pon\u00fakame \u0161pi\u010dkov\u00e9 okenn\u00e9 profily Salamander, ktor\u00e9 sa v\u010faka svojim vlastnostiam a parametrom hodia aj do pas\u00edvnych domov. Zais\u0165ujeme kompletn\u00e9 dielo na k\u013e\u00fa\u010d od poradenstva, zamerania, dod\u00e1vky okien, mont\u00e1\u017ee a pr\u00edpadn\u00e9ho odvozu a likvid\u00e1cie star\u00fdch okien. Samozrejmos\u0165ou je aj [&hellip;]<\/p>\n","protected":false},"author":3,"featured_media":0,"parent":0,"menu_order":12,"comment_status":"closed","ping_status":"closed","template":"","meta":{"footnotes":""},"class_list":["post-186","page","type-page","status-publish","hentry"],"yoast_head":"<!-- This site is optimized with the Yoast SEO plugin v27.4 - https:\/\/yoast.com\/product\/yoast-seo-wordpress\/ -->\n<title>Plastov\u00e9 okn\u00e1 | CEDERA<\/title>\n<meta name=\"description\" content=\"H\u013ead\u00e1te plastov\u00e9 okn\u00e1 do domu, bytu alebo novostavby? Pozrite sa na na\u0161u ponuku plastov\u00fdch okien alebo nav\u0161t\u00edvte na\u0161u predaj\u0148u v Bratislave, kde v\u00e1m s v\u00fdberom porad\u00edme.\" \/>\n<meta name=\"robots\" content=\"index, follow, max-snippet:-1, max-image-preview:large, max-video-preview:-1\" \/>\n<link rel=\"canonical\" href=\"https:\/\/www.cedera-okna.sk\/sk\/plastove-okna-bratislava\/\" \/>\n<meta property=\"og:locale\" content=\"sk_SK\" \/>\n<meta property=\"og:type\" content=\"article\" \/>\n<meta property=\"og:title\" content=\"Plastov\u00e9 okn\u00e1 | CEDERA\" \/>\n<meta property=\"og:description\" content=\"H\u013ead\u00e1te plastov\u00e9 okn\u00e1 do domu, bytu alebo novostavby? Pozrite sa na na\u0161u ponuku plastov\u00fdch okien alebo nav\u0161t\u00edvte na\u0161u predaj\u0148u v Bratislave, kde v\u00e1m s v\u00fdberom porad\u00edme.\" \/>\n<meta property=\"og:url\" content=\"https:\/\/www.cedera-okna.sk\/sk\/plastove-okna-bratislava\/\" \/>\n<meta property=\"og:site_name\" content=\"Cedera\" \/>\n<meta property=\"article:publisher\" content=\"https:\/\/www.facebook.com\/okna.cedera\/\" \/>\n<meta property=\"article:modified_time\" content=\"2024-08-12T15:59:33+00:00\" \/>\n<meta property=\"og:image\" content=\"https:\/\/www.cedera-okna.sk\/wp-content\/uploads\/2011\/10\/Salamander-Bluevolution-82-MD-300x255.jpg\" \/>\n<meta name=\"twitter:label1\" content=\"Predpokladan\u00fd \u010das \u010d\u00edtania\" \/>\n\t<meta name=\"twitter:data1\" content=\"5 min\u00fat\" \/>\n<!-- \/ Yoast SEO plugin. -->","yoast_head_json":{"title":"Plastov\u00e9 okn\u00e1 | CEDERA","description":"H\u013ead\u00e1te plastov\u00e9 okn\u00e1 do domu, bytu alebo novostavby? Pozrite sa na na\u0161u ponuku plastov\u00fdch okien alebo nav\u0161t\u00edvte na\u0161u predaj\u0148u v Bratislave, kde v\u00e1m s v\u00fdberom porad\u00edme.","robots":{"index":"index","follow":"follow","max-snippet":"max-snippet:-1","max-image-preview":"max-image-preview:large","max-video-preview":"max-video-preview:-1"},"canonical":"https:\/\/www.cedera-okna.sk\/sk\/plastove-okna-bratislava\/","og_locale":"sk_SK","og_type":"article","og_title":"Plastov\u00e9 okn\u00e1 | CEDERA","og_description":"H\u013ead\u00e1te plastov\u00e9 okn\u00e1 do domu, bytu alebo novostavby? Pozrite sa na na\u0161u ponuku plastov\u00fdch okien alebo nav\u0161t\u00edvte na\u0161u predaj\u0148u v Bratislave, kde v\u00e1m s v\u00fdberom porad\u00edme.","og_url":"https:\/\/www.cedera-okna.sk\/sk\/plastove-okna-bratislava\/","og_site_name":"Cedera","article_publisher":"https:\/\/www.facebook.com\/okna.cedera\/","article_modified_time":"2024-08-12T15:59:33+00:00","og_image":[{"url":"https:\/\/www.cedera-okna.sk\/wp-content\/uploads\/2011\/10\/Salamander-Bluevolution-82-MD-300x255.jpg","type":"","width":"","height":""}],"twitter_misc":{"Predpokladan\u00fd \u010das \u010d\u00edtania":"5 min\u00fat"},"schema":{"@context":"https:\/\/schema.org","@graph":[{"@type":"WebPage","@id":"https:\/\/www.cedera-okna.sk\/sk\/plastove-okna-bratislava\/","url":"https:\/\/www.cedera-okna.sk\/sk\/plastove-okna-bratislava\/","name":"Plastov\u00e9 okn\u00e1 | CEDERA","isPartOf":{"@id":"https:\/\/www.cedera-okna.sk\/sk\/#website"},"primaryImageOfPage":{"@id":"https:\/\/www.cedera-okna.sk\/sk\/plastove-okna-bratislava\/#primaryimage"},"image":{"@id":"https:\/\/www.cedera-okna.sk\/sk\/plastove-okna-bratislava\/#primaryimage"},"thumbnailUrl":"https:\/\/www.cedera-okna.sk\/wp-content\/uploads\/2011\/10\/Salamander-Bluevolution-82-MD-300x255.jpg","datePublished":"2012-05-03T11:13:25+00:00","dateModified":"2024-08-12T15:59:33+00:00","description":"H\u013ead\u00e1te plastov\u00e9 okn\u00e1 do domu, bytu alebo novostavby? Pozrite sa na na\u0161u ponuku plastov\u00fdch okien alebo nav\u0161t\u00edvte na\u0161u predaj\u0148u v Bratislave, kde v\u00e1m s v\u00fdberom porad\u00edme.","breadcrumb":{"@id":"https:\/\/www.cedera-okna.sk\/sk\/plastove-okna-bratislava\/#breadcrumb"},"inLanguage":"sk-SK","potentialAction":[{"@type":"ReadAction","target":["https:\/\/www.cedera-okna.sk\/sk\/plastove-okna-bratislava\/"]}]},{"@type":"ImageObject","inLanguage":"sk-SK","@id":"https:\/\/www.cedera-okna.sk\/sk\/plastove-okna-bratislava\/#primaryimage","url":"https:\/\/www.cedera-okna.sk\/wp-content\/uploads\/2011\/10\/Salamander-Bluevolution-82-MD-300x255.jpg","contentUrl":"https:\/\/www.cedera-okna.sk\/wp-content\/uploads\/2011\/10\/Salamander-Bluevolution-82-MD-300x255.jpg"},{"@type":"BreadcrumbList","@id":"https:\/\/www.cedera-okna.sk\/sk\/plastove-okna-bratislava\/#breadcrumb","itemListElement":[{"@type":"ListItem","position":1,"name":"Domovsk\u00e1 str\u00e1nka","item":"https:\/\/www.cedera-okna.sk\/sk\/"},{"@type":"ListItem","position":2,"name":"Plastov\u00e9 okn\u00e1 od firmy CEDERA"}]},{"@type":"WebSite","@id":"https:\/\/www.cedera-okna.sk\/sk\/#website","url":"https:\/\/www.cedera-okna.sk\/sk\/","name":"Cedera","description":"Plastov\u00e9 okn\u00e1 Bratislava","publisher":{"@id":"https:\/\/www.cedera-okna.sk\/sk\/#organization"},"potentialAction":[{"@type":"SearchAction","target":{"@type":"EntryPoint","urlTemplate":"https:\/\/www.cedera-okna.sk\/sk\/?s={search_term_string}"},"query-input":{"@type":"PropertyValueSpecification","valueRequired":true,"valueName":"search_term_string"}}],"inLanguage":"sk-SK"},{"@type":"Organization","@id":"https:\/\/www.cedera-okna.sk\/sk\/#organization","name":"CEDERA s.r.o.","url":"https:\/\/www.cedera-okna.sk\/sk\/","logo":{"@type":"ImageObject","inLanguage":"sk-SK","@id":"https:\/\/www.cedera-okna.sk\/sk\/#\/schema\/logo\/image\/","url":"https:\/\/www.cedera-okna.sk\/wp-content\/uploads\/2018\/10\/Cedera-logo.png","contentUrl":"https:\/\/www.cedera-okna.sk\/wp-content\/uploads\/2018\/10\/Cedera-logo.png","width":190,"height":66,"caption":"CEDERA s.r.o."},"image":{"@id":"https:\/\/www.cedera-okna.sk\/sk\/#\/schema\/logo\/image\/"},"sameAs":["https:\/\/www.facebook.com\/okna.cedera\/"]}]}},"_links":{"self":[{"href":"https:\/\/www.cedera-okna.sk\/sk\/wp-json\/wp\/v2\/pages\/186","targetHints":{"allow":["GET"]}}],"collection":[{"href":"https:\/\/www.cedera-okna.sk\/sk\/wp-json\/wp\/v2\/pages"}],"about":[{"href":"https:\/\/www.cedera-okna.sk\/sk\/wp-json\/wp\/v2\/types\/page"}],"author":[{"embeddable":true,"href":"https:\/\/www.cedera-okna.sk\/sk\/wp-json\/wp\/v2\/users\/3"}],"replies":[{"embeddable":true,"href":"https:\/\/www.cedera-okna.sk\/sk\/wp-json\/wp\/v2\/comments?post=186"}],"version-history":[{"count":21,"href":"https:\/\/www.cedera-okna.sk\/sk\/wp-json\/wp\/v2\/pages\/186\/revisions"}],"predecessor-version":[{"id":17479,"href":"https:\/\/www.cedera-okna.sk\/sk\/wp-json\/wp\/v2\/pages\/186\/revisions\/17479"}],"wp:attachment":[{"href":"https:\/\/www.cedera-okna.sk\/sk\/wp-json\/wp\/v2\/media?parent=186"}],"curies":[{"name":"wp","href":"https:\/\/api.w.org\/{rel}","templated":true}]}}