{"id":184,"date":"2012-05-03T13:05:19","date_gmt":"2012-05-03T11:05:19","guid":{"rendered":"http:\/\/cedera-okna.sk\/index.php\/pobocka-senec\/"},"modified":"2018-01-21T15:59:40","modified_gmt":"2018-01-21T14:59:40","slug":"pobocka-senec","status":"publish","type":"page","link":"https:\/\/www.cedera-okna.sk\/sk\/pobocka-senec\/","title":{"rendered":"Predaj plastov\u00fdch okien v Senci"},"content":{"rendered":"<div class=\"wpb-content-wrapper\"><p>[vc_row][vc_column][vc_column_text]<\/p>\n<div>Na\u0161e <a href=\"http:\/\/cedera-okna.sk\/sk\/plastove-okna-bratislava\/\">plastov\u00e9 okn\u00e1<\/a> a plastov\u00e9 dvere s\u00fa vyroben\u00e9 z nemeck\u00e9ho <a href=\"http:\/\/cedera-okna.sk\/sk\/profily-salamander\/\">profilov\u00e9ho syst\u00e9mu SALAMANDER<\/a> &#8211; spolo\u010dnos\u0165ou Salamander Industrie Produkte GmbH (SIP), ktor\u00e1 patr\u00ed s desiatkami rokov sk\u00fasenost\u00ed s v\u00fdvojom a v\u00fdrobou plastov\u00fdch profilov pre okn\u00e1 a dvere medzi popredn\u00fdch v\u00fdrobcov so \u0161pi\u010dkovou kvalitou. SIP ako \u0161pecialista vo v\u00fdrobe PVC extr\u00fazie disponuje najv\u00fdkonnej\u0161\u00edm strojov\u00fdm vybaven\u00edm s automatizovan\u00fdm riaden\u00edm v\u00fdroby a prepracovan\u00fdm z\u00e1kazn\u00edckym servisom. Vlastn\u00fd v\u00fdvoj recept\u00fary a zmesi ako aj v\u00fdroba vlastn\u00fdch \u0161pecializovan\u00fdch n\u00e1strojov zais\u0165uje vysok\u00fa kvalitu v\u00fdrobkov, ktor\u00e1 je pre SIP najvy\u0161\u0161ou prioritou.<\/div>\n<div>Bez oh\u013eadu na to, ak\u00fd typ profilov\u00e9ho syst\u00e9mu Salamander si zvol\u00edte, tak z\u00edskate jeden z najkvalitnej\u0161\u00edch nemeck\u00fdch profilov na trhu. Spolo\u010dnos\u0165 SIP pri v\u00fdvoji a v\u00fdrobe plastov\u00fdch profilov kladie d\u00f4raz na vysok\u00fa kvalitu svojich produktov, ich farbost\u00e1los\u0165, tepeln\u00fa \u00fasporu a maxim\u00e1lny komfort pri ich pou\u017e\u00edvan\u00ed. Tento \u0161pi\u010dkov\u00fd okenn\u00fd syst\u00e9m s modern\u00fdm designom, vysokou pevnos\u0165ou, nad\u0161tandarnou stavebnou h\u013abkou \u010di\u00a0\u0161pecifickou \u017eiarivou belos\u0165ou spl\u0148uje po\u017eiadavky i t\u00fdch najn\u00e1ro\u010dnej\u0161\u00edch z\u00e1kazn\u00edkov. Aj v\u010faka premyslenej kon\u0161trukcii a stavbe kom\u00f4r dosahuj\u00fa profily vynikaj\u00face tepelno-izola\u010dn\u00e9 vlastnosti, ktor\u00e9 u\u0161etria nadbyto\u010dn\u00e9 v\u00fddaje na st\u00e1le zvy\u0161uj\u00facich sa poplatkoch za energie. <a href=\"http:\/\/cedera-okna.sk\/sk\/plastove-okna-salamander\/\">Plastov\u00e9 okn\u00e1 Salamander<\/a> s\u00fa v\u0161estranne pou\u017eite\u013en\u00e9 pre stavby rodinn\u00fdch domov ich rekon\u0161trukcie \u010di v\u00fdmenu v\u00a0bytoch alebo obchodn\u00fdch priestoroch.<\/div>\n<div>Samozrejmos\u0165ou s\u00fa pozinkovan\u00e9 profilov\u00e9 v\u00fdztuhy, kvalitn\u00e9 celoobvodov\u00e9 kovanie, v\u00fdber zo \u0161irok\u00e9ho spektra skiel s\u00a0r\u00f4znymi vlastnos\u0165ami \u010di v\u00fdber zo \u0161irokej \u0161k\u00e1ly lamin\u00e1ci\u00ed dreven\u00fdch dekorov pod\u013ea va\u0161eho vkusu, ktor\u00e9 s\u00fa vyroben\u00e9 zo \u0161trukturovanej f\u00f3lie s\u00a0vysokou odolnos\u0165ou vo\u010di UV \u017eiareniu a mechanick\u00e9mu po\u0161kodeniu. \u010ci u\u017e staviate rodinn\u00fd dom alebo renovujete byt, stoj\u00edte pred d\u00f4le\u017eit\u00fdm rozhodnut\u00edm, lebo okn\u00e1 s\u00fa invest\u00edciou na dlh\u00e9 obdobie.<\/div>\n<div><\/div>\n<p>Plastov\u00e9 okn\u00e1 zo syst\u00e9mu SALAMANDER v\u010faka ve\u013emi dobr\u00fdm hodnot\u00e1m tepelnej izol\u00e1cie zachov\u00e1vaj\u00fa teplo v priestore va\u0161eho domu. Vychutnajte si pr\u00edjemn\u00fa klimu v miestnosti a n\u00edzke n\u00e1klady na vykurovanie. <a href=\"http:\/\/cedera-okna.sk\/sk\/plastove-okna-salamander\/\">Plastov\u00e9 okn\u00e1 Salamander<\/a> s\u00fa vyr\u00e1ban\u00e9 len v\u00a0prvotriednej kvalite a tak si udr\u017euj\u00fa stabiln\u00fa hodnotu a v\u010faka vysoko kvalitnej povrchovej \u00faprave sa \u013eahko udr\u017euj\u00fa. Profil vynik\u00e1 \u017eiarivo bielou farbou, je ve\u013emi odoln\u00fd vo\u010di poveternostn\u00fdm vplyvom a nevy\u017eaduje si \u00fadr\u017ebu. Prispieva k uchov\u00e1vaniu a k\u00a0zvy\u0161ovaniu hodnoty va\u0161eho domu.<\/p>\n<h2 style=\"color: #669933; font-family: tahoma; font-size: 12px; margin-bottom: 8px;\">CEDERA s.r.o<\/h2>\n<p>Mierov\u00e9 n\u00e1mestie 3<br \/>\n<span class=\"Apple-style-span\">903 01 Senec<\/span><\/p>\n<p>e-mail: <a href=\"mailto:info@cedera-okna.sk\"><strong>info@cedera-okna.sk<\/strong><\/a><\/p>\n<div>tel.\u00a0<strong>0948 48 20 20<\/strong><\/div>\n<p>[\/vc_column_text][\/vc_column][\/vc_row]<\/p>\n<\/div>","protected":false},"excerpt":{"rendered":"<p>[vc_row][vc_column][vc_column_text] Na\u0161e plastov\u00e9 okn\u00e1 a plastov\u00e9 dvere s\u00fa vyroben\u00e9 z nemeck\u00e9ho profilov\u00e9ho syst\u00e9mu SALAMANDER &#8211; spolo\u010dnos\u0165ou Salamander Industrie Produkte GmbH (SIP), ktor\u00e1 patr\u00ed s desiatkami rokov sk\u00fasenost\u00ed s v\u00fdvojom a v\u00fdrobou plastov\u00fdch profilov pre okn\u00e1 a dvere medzi popredn\u00fdch v\u00fdrobcov so \u0161pi\u010dkovou kvalitou. SIP ako \u0161pecialista vo v\u00fdrobe PVC extr\u00fazie disponuje najv\u00fdkonnej\u0161\u00edm strojov\u00fdm vybaven\u00edm s [&hellip;]<\/p>\n","protected":false},"author":3,"featured_media":0,"parent":0,"menu_order":14,"comment_status":"closed","ping_status":"closed","template":"","meta":{"footnotes":""},"class_list":["post-184","page","type-page","status-publish","hentry"],"yoast_head":"<!-- This site is optimized with the Yoast SEO plugin v27.4 - https:\/\/yoast.com\/product\/yoast-seo-wordpress\/ -->\n<title>Predaj plastov\u00fdch okien v Senci - Cedera<\/title>\n<meta name=\"robots\" content=\"index, follow, max-snippet:-1, max-image-preview:large, max-video-preview:-1\" \/>\n<link rel=\"canonical\" href=\"https:\/\/www.cedera-okna.sk\/sk\/pobocka-senec\/\" \/>\n<meta property=\"og:locale\" content=\"sk_SK\" \/>\n<meta property=\"og:type\" content=\"article\" \/>\n<meta property=\"og:title\" content=\"Predaj plastov\u00fdch okien v Senci - Cedera\" \/>\n<meta property=\"og:description\" content=\"[vc_row][vc_column][vc_column_text] Na\u0161e plastov\u00e9 okn\u00e1 a plastov\u00e9 dvere s\u00fa vyroben\u00e9 z nemeck\u00e9ho profilov\u00e9ho syst\u00e9mu SALAMANDER &#8211; spolo\u010dnos\u0165ou Salamander Industrie Produkte GmbH (SIP), ktor\u00e1 patr\u00ed s desiatkami rokov sk\u00fasenost\u00ed s v\u00fdvojom a v\u00fdrobou plastov\u00fdch profilov pre okn\u00e1 a dvere medzi popredn\u00fdch v\u00fdrobcov so \u0161pi\u010dkovou kvalitou. SIP ako \u0161pecialista vo v\u00fdrobe PVC extr\u00fazie disponuje najv\u00fdkonnej\u0161\u00edm strojov\u00fdm vybaven\u00edm s [&hellip;]\" \/>\n<meta property=\"og:url\" content=\"https:\/\/www.cedera-okna.sk\/sk\/pobocka-senec\/\" \/>\n<meta property=\"og:site_name\" content=\"Cedera\" \/>\n<meta property=\"article:publisher\" content=\"https:\/\/www.facebook.com\/okna.cedera\/\" \/>\n<meta property=\"article:modified_time\" content=\"2018-01-21T14:59:40+00:00\" \/>\n<meta name=\"twitter:label1\" content=\"Predpokladan\u00fd \u010das \u010d\u00edtania\" \/>\n\t<meta name=\"twitter:data1\" content=\"2 min\u00faty\" \/>\n<!-- \/ Yoast SEO plugin. -->","yoast_head_json":{"title":"Predaj plastov\u00fdch okien v Senci - Cedera","robots":{"index":"index","follow":"follow","max-snippet":"max-snippet:-1","max-image-preview":"max-image-preview:large","max-video-preview":"max-video-preview:-1"},"canonical":"https:\/\/www.cedera-okna.sk\/sk\/pobocka-senec\/","og_locale":"sk_SK","og_type":"article","og_title":"Predaj plastov\u00fdch okien v Senci - Cedera","og_description":"[vc_row][vc_column][vc_column_text] Na\u0161e plastov\u00e9 okn\u00e1 a plastov\u00e9 dvere s\u00fa vyroben\u00e9 z nemeck\u00e9ho profilov\u00e9ho syst\u00e9mu SALAMANDER &#8211; spolo\u010dnos\u0165ou Salamander Industrie Produkte GmbH (SIP), ktor\u00e1 patr\u00ed s desiatkami rokov sk\u00fasenost\u00ed s v\u00fdvojom a v\u00fdrobou plastov\u00fdch profilov pre okn\u00e1 a dvere medzi popredn\u00fdch v\u00fdrobcov so \u0161pi\u010dkovou kvalitou. SIP ako \u0161pecialista vo v\u00fdrobe PVC extr\u00fazie disponuje najv\u00fdkonnej\u0161\u00edm strojov\u00fdm vybaven\u00edm s [&hellip;]","og_url":"https:\/\/www.cedera-okna.sk\/sk\/pobocka-senec\/","og_site_name":"Cedera","article_publisher":"https:\/\/www.facebook.com\/okna.cedera\/","article_modified_time":"2018-01-21T14:59:40+00:00","twitter_misc":{"Predpokladan\u00fd \u010das \u010d\u00edtania":"2 min\u00faty"},"schema":{"@context":"https:\/\/schema.org","@graph":[{"@type":"WebPage","@id":"https:\/\/www.cedera-okna.sk\/sk\/pobocka-senec\/","url":"https:\/\/www.cedera-okna.sk\/sk\/pobocka-senec\/","name":"Predaj plastov\u00fdch okien v Senci - Cedera","isPartOf":{"@id":"https:\/\/www.cedera-okna.sk\/sk\/#website"},"datePublished":"2012-05-03T11:05:19+00:00","dateModified":"2018-01-21T14:59:40+00:00","breadcrumb":{"@id":"https:\/\/www.cedera-okna.sk\/sk\/pobocka-senec\/#breadcrumb"},"inLanguage":"sk-SK","potentialAction":[{"@type":"ReadAction","target":["https:\/\/www.cedera-okna.sk\/sk\/pobocka-senec\/"]}]},{"@type":"BreadcrumbList","@id":"https:\/\/www.cedera-okna.sk\/sk\/pobocka-senec\/#breadcrumb","itemListElement":[{"@type":"ListItem","position":1,"name":"Domovsk\u00e1 str\u00e1nka","item":"https:\/\/www.cedera-okna.sk\/sk\/"},{"@type":"ListItem","position":2,"name":"Predaj plastov\u00fdch okien v Senci"}]},{"@type":"WebSite","@id":"https:\/\/www.cedera-okna.sk\/sk\/#website","url":"https:\/\/www.cedera-okna.sk\/sk\/","name":"Cedera","description":"Plastov\u00e9 okn\u00e1 Bratislava","publisher":{"@id":"https:\/\/www.cedera-okna.sk\/sk\/#organization"},"potentialAction":[{"@type":"SearchAction","target":{"@type":"EntryPoint","urlTemplate":"https:\/\/www.cedera-okna.sk\/sk\/?s={search_term_string}"},"query-input":{"@type":"PropertyValueSpecification","valueRequired":true,"valueName":"search_term_string"}}],"inLanguage":"sk-SK"},{"@type":"Organization","@id":"https:\/\/www.cedera-okna.sk\/sk\/#organization","name":"CEDERA s.r.o.","url":"https:\/\/www.cedera-okna.sk\/sk\/","logo":{"@type":"ImageObject","inLanguage":"sk-SK","@id":"https:\/\/www.cedera-okna.sk\/sk\/#\/schema\/logo\/image\/","url":"https:\/\/www.cedera-okna.sk\/wp-content\/uploads\/2018\/10\/Cedera-logo.png","contentUrl":"https:\/\/www.cedera-okna.sk\/wp-content\/uploads\/2018\/10\/Cedera-logo.png","width":190,"height":66,"caption":"CEDERA s.r.o."},"image":{"@id":"https:\/\/www.cedera-okna.sk\/sk\/#\/schema\/logo\/image\/"},"sameAs":["https:\/\/www.facebook.com\/okna.cedera\/"]}]}},"_links":{"self":[{"href":"https:\/\/www.cedera-okna.sk\/sk\/wp-json\/wp\/v2\/pages\/184","targetHints":{"allow":["GET"]}}],"collection":[{"href":"https:\/\/www.cedera-okna.sk\/sk\/wp-json\/wp\/v2\/pages"}],"about":[{"href":"https:\/\/www.cedera-okna.sk\/sk\/wp-json\/wp\/v2\/types\/page"}],"author":[{"embeddable":true,"href":"https:\/\/www.cedera-okna.sk\/sk\/wp-json\/wp\/v2\/users\/3"}],"replies":[{"embeddable":true,"href":"https:\/\/www.cedera-okna.sk\/sk\/wp-json\/wp\/v2\/comments?post=184"}],"version-history":[{"count":3,"href":"https:\/\/www.cedera-okna.sk\/sk\/wp-json\/wp\/v2\/pages\/184\/revisions"}],"predecessor-version":[{"id":3313,"href":"https:\/\/www.cedera-okna.sk\/sk\/wp-json\/wp\/v2\/pages\/184\/revisions\/3313"}],"wp:attachment":[{"href":"https:\/\/www.cedera-okna.sk\/sk\/wp-json\/wp\/v2\/media?parent=184"}],"curies":[{"name":"wp","href":"https:\/\/api.w.org\/{rel}","templated":true}]}}