{"id":12688,"date":"2023-05-01T20:32:35","date_gmt":"2023-05-01T18:32:35","guid":{"rendered":"http:\/\/cedera-okna.sk\/sk\/?page_id=12688"},"modified":"2025-11-19T20:14:31","modified_gmt":"2025-11-19T19:14:31","slug":"salamander-greenevolution-free","status":"publish","type":"page","link":"https:\/\/www.cedera-okna.sk\/sk\/salamander-greenevolution-free\/","title":{"rendered":"Salamander greenEvolution free"},"content":{"rendered":"<div class=\"wpb-content-wrapper\"><p>[vc_row][vc_column][vc_column_text]Okn\u00e1 Salamander greenEvolution free s\u00fa \u0161tandardn\u00e9ho dizajnu a maj\u00fa minim\u00e1lnu \u010deln\u00fa \u0161\u00edrku pre maxim\u00e1lny vstup svetla. V\u010faka tomu je profil ide\u00e1lnou vo\u013ebou pre okn\u00e1 v historick\u00fdch budov\u00e1ch. V kombin\u00e1cii s realMaterial zais\u0165uje zmen\u0161en\u00fd dizajn \u0161irok\u00e9 spektrum optick\u00fdch mo\u017enost\u00ed.[\/vc_column_text][\/vc_column][\/vc_row][vc_row][vc_column width=&#8221;1\/2&#8243;][vc_column_text]<\/p>\n<h3>Technick\u00e9 parametre:<\/h3>\n<ul>\n<li>5-komorov\u00fd profil<\/li>\n<li>Okenn\u00e1 zar\u00e1\u017eka a stredov\u00e9 tesnenie<\/li>\n<li>Stavebn\u00e1 h\u013abka: 76 mm<\/li>\n<li>Uw u\u017e od 0,74 W\/(m\u00b2K)<\/li>\n<li>Zasklenie a\u017e do 48 mm<\/li>\n<li>Zvukov\u00e1 izol\u00e1cia a\u017e do 47 dB<\/li>\n<li>Odolnos\u0165 proti vl\u00e1maniu: a\u017e RC 3<\/li>\n<li>Kompatibiln\u00e9 s evoCore<\/li>\n<\/ul>\n<p>[\/vc_column_text][\/vc_column][vc_column width=&#8221;1\/2&#8243;][vc_column_text css=&#8221;&#8221;]<div id=\"attachment_12669\" style=\"width: 1034px\" class=\"wp-caption alignnone\"><img decoding=\"async\" aria-describedby=\"caption-attachment-12669\" class=\"wp-image-12669 size-large\" src=\"https:\/\/cedera-okna.sk\/wp-content\/uploads\/2023\/05\/greenEvolution-free-1024x1024.jpeg\" alt=\"Salamander greenEvolition free\" width=\"1024\" height=\"1024\" srcset=\"https:\/\/www.cedera-okna.sk\/wp-content\/uploads\/2023\/05\/greenEvolution-free-1024x1024.jpeg 1024w, https:\/\/www.cedera-okna.sk\/wp-content\/uploads\/2023\/05\/greenEvolution-free-300x300.jpeg 300w, https:\/\/www.cedera-okna.sk\/wp-content\/uploads\/2023\/05\/greenEvolution-free-150x150.jpeg 150w, https:\/\/www.cedera-okna.sk\/wp-content\/uploads\/2023\/05\/greenEvolution-free-768x768.jpeg 768w, https:\/\/www.cedera-okna.sk\/wp-content\/uploads\/2023\/05\/greenEvolution-free-1536x1536.jpeg 1536w, https:\/\/www.cedera-okna.sk\/wp-content\/uploads\/2023\/05\/greenEvolution-free-390x390.jpeg 390w, https:\/\/www.cedera-okna.sk\/wp-content\/uploads\/2023\/05\/greenEvolution-free-75x75.jpeg 75w, https:\/\/www.cedera-okna.sk\/wp-content\/uploads\/2023\/05\/greenEvolution-free-870x870.jpeg 870w, https:\/\/www.cedera-okna.sk\/wp-content\/uploads\/2023\/05\/greenEvolution-free-1170x1170.jpeg 1170w, https:\/\/www.cedera-okna.sk\/wp-content\/uploads\/2023\/05\/greenEvolution-free.jpeg 1600w\" sizes=\"(max-width: 1024px) 100vw, 1024px\" \/><p id=\"caption-attachment-12669\" class=\"wp-caption-text\">Salamander greenEvolition free<\/p><\/div>[\/vc_column_text][\/vc_column][\/vc_row][vc_row][vc_column][vc_column_text]<\/p>\n<h2 style=\"text-align: center;\">M\u00e1te z\u00e1ujem o plastov\u00e9 okn\u00e1 Salamander greenEvolution free alebo in\u00fd profil? Nev\u00e1hajte n\u00e1s kontaktova\u0165. Ozveme sa v\u00e1m do 24 hod\u00edn.<\/h2>\n<p>[\/vc_column_text]\n<div class=\"wpcf7 no-js\" id=\"wpcf7-f2486-o1\" lang=\"sk-SK\" dir=\"ltr\" data-wpcf7-id=\"2486\">\n<div class=\"screen-reader-response\"><p role=\"status\" aria-live=\"polite\" aria-atomic=\"true\"><\/p> <ul><\/ul><\/div>\n<form action=\"\/sk\/wp-json\/wp\/v2\/pages\/12688#wpcf7-f2486-o1\" method=\"post\" class=\"wpcf7-form init\" aria-label=\"Kontaktn\u00fd formul\u00e1r\" novalidate=\"novalidate\" data-status=\"init\">\n<fieldset class=\"hidden-fields-container\"><input type=\"hidden\" name=\"_wpcf7\" value=\"2486\" \/><input type=\"hidden\" name=\"_wpcf7_version\" value=\"6.1.5\" \/><input type=\"hidden\" name=\"_wpcf7_locale\" value=\"sk_SK\" \/><input type=\"hidden\" name=\"_wpcf7_unit_tag\" value=\"wpcf7-f2486-o1\" \/><input type=\"hidden\" name=\"_wpcf7_container_post\" value=\"0\" \/><input type=\"hidden\" name=\"_wpcf7_posted_data_hash\" value=\"\" \/><input type=\"hidden\" name=\"_wpcf7_recaptcha_response\" value=\"\" \/>\n<\/fieldset>\n<p><label><br \/>\n<span class=\"wpcf7-form-control-wrap\" data-name=\"your-name\"><input size=\"40\" maxlength=\"400\" class=\"wpcf7-form-control wpcf7-text wpcf7-validates-as-required\" aria-required=\"true\" aria-invalid=\"false\" placeholder=\"Meno*\" value=\"\" type=\"text\" name=\"your-name\" \/><\/span> <\/label>\n<\/p>\n<div class=\"sc_form_info columns_wrap\">\n\t<div class=\"sc_form_item sc_form_field label_over column-1_2\">\n\t\t<p><label><br \/>\n<span class=\"wpcf7-form-control-wrap\" data-name=\"your-telefon\"><input size=\"40\" maxlength=\"400\" class=\"wpcf7-form-control wpcf7-tel wpcf7-validates-as-required wpcf7-text wpcf7-validates-as-tel\" aria-required=\"true\" aria-invalid=\"false\" placeholder=\"Telef\u00f3n*\" value=\"\" type=\"tel\" name=\"your-telefon\" \/><\/span> <\/label>\n\t\t<\/p>\n\t<\/div>\n\t<div class=\"sc_form_item sc_form_field label_over column-1_2 pading0\">\n\t\t<p><label><br \/>\n<span class=\"wpcf7-form-control-wrap\" data-name=\"your-email\"><input size=\"40\" maxlength=\"400\" class=\"wpcf7-form-control wpcf7-email wpcf7-validates-as-required wpcf7-text wpcf7-validates-as-email\" aria-required=\"true\" aria-invalid=\"false\" placeholder=\"E-mail*\" value=\"\" type=\"email\" name=\"your-email\" \/><\/span><\/label>\n\t\t<\/p>\n\t<\/div>\n<\/div>\n<p><label><br \/>\n<span class=\"wpcf7-form-control-wrap\" data-name=\"your-message\"><textarea cols=\"40\" rows=\"10\" maxlength=\"2000\" class=\"wpcf7-form-control wpcf7-textarea\" aria-invalid=\"false\" placeholder=\"Pros\u00edm kontaktujte ma oh\u013eadom...\" name=\"your-message\"><\/textarea><\/span> <\/label>\n<\/p>\n<p><span class=\"wpcf7-form-control-wrap\" data-name=\"checkbox-597\"><span class=\"wpcf7-form-control wpcf7-checkbox wpcf7-validates-as-required\"><span class=\"wpcf7-list-item first last\"><input type=\"checkbox\" name=\"checkbox-597[]\" value=\"S\u00fahlas\u00edm so zpracovan\u00edm osobn\u00fdch \u00fadajov*\" \/><span class=\"wpcf7-list-item-label\">S\u00fahlas\u00edm so zpracovan\u00edm osobn\u00fdch \u00fadajov*<\/span><\/span><\/span><\/span>\n<\/p>\n<p><input class=\"wpcf7-form-control wpcf7-submit has-spinner\" type=\"submit\" value=\"Posla\u0165 po\u017eiadavku\" \/>\n<\/p>\n<p>*polo\u017eka je povinn\u00e1\n<\/p><div class=\"wpcf7-response-output\" aria-hidden=\"true\"><\/div>\n<\/form>\n<\/div>\n[\/vc_column][\/vc_row]<\/p>\n<\/div>","protected":false},"excerpt":{"rendered":"<p>[vc_row][vc_column][vc_column_text]Okn\u00e1 Salamander greenEvolution free s\u00fa \u0161tandardn\u00e9ho dizajnu a maj\u00fa minim\u00e1lnu \u010deln\u00fa \u0161\u00edrku pre maxim\u00e1lny vstup svetla. V\u010faka tomu je profil ide\u00e1lnou vo\u013ebou pre okn\u00e1 v historick\u00fdch budov\u00e1ch. V kombin\u00e1cii s realMaterial zais\u0165uje zmen\u0161en\u00fd dizajn \u0161irok\u00e9 spektrum optick\u00fdch mo\u017enost\u00ed.[\/vc_column_text][\/vc_column][\/vc_row][vc_row][vc_column width=&#8221;1\/2&#8243;][vc_column_text] Technick\u00e9 parametre: 5-komorov\u00fd profil Okenn\u00e1 zar\u00e1\u017eka a stredov\u00e9 tesnenie Stavebn\u00e1 h\u013abka: 76 mm Uw u\u017e od [&hellip;]<\/p>\n","protected":false},"author":3,"featured_media":0,"parent":0,"menu_order":0,"comment_status":"closed","ping_status":"closed","template":"","meta":{"footnotes":""},"class_list":["post-12688","page","type-page","status-publish","hentry"],"yoast_head":"<!-- This site is optimized with the Yoast SEO plugin v27.5 - https:\/\/yoast.com\/product\/yoast-seo-wordpress\/ -->\n<title>Salamander greenEvolution free - Cedera<\/title>\n<meta name=\"description\" content=\"Profil Salamander greenEvolution free pon\u00faka 5-komorov\u00fd profil a pon\u00faka \u0161irok\u00e9 spektrum dizajnov\u00fdch a farebn\u00fdch mo\u017enost\u00ed.\" \/>\n<meta name=\"robots\" content=\"index, follow, max-snippet:-1, max-image-preview:large, max-video-preview:-1\" \/>\n<link rel=\"canonical\" href=\"https:\/\/www.cedera-okna.sk\/sk\/salamander-greenevolution-free\/\" \/>\n<meta property=\"og:locale\" content=\"sk_SK\" \/>\n<meta property=\"og:type\" content=\"article\" \/>\n<meta property=\"og:title\" content=\"Salamander greenEvolution free - Cedera\" \/>\n<meta property=\"og:description\" content=\"Profil Salamander greenEvolution free pon\u00faka 5-komorov\u00fd profil a pon\u00faka \u0161irok\u00e9 spektrum dizajnov\u00fdch a farebn\u00fdch mo\u017enost\u00ed.\" \/>\n<meta property=\"og:url\" content=\"https:\/\/www.cedera-okna.sk\/sk\/salamander-greenevolution-free\/\" \/>\n<meta property=\"og:site_name\" content=\"Cedera\" \/>\n<meta property=\"article:publisher\" content=\"https:\/\/www.facebook.com\/okna.cedera\/\" \/>\n<meta property=\"article:modified_time\" content=\"2025-11-19T19:14:31+00:00\" \/>\n<meta property=\"og:image\" content=\"https:\/\/www.cedera-okna.sk\/wp-content\/uploads\/2023\/05\/greenEvolution-free.jpeg\" \/>\n\t<meta property=\"og:image:width\" content=\"1600\" \/>\n\t<meta property=\"og:image:height\" content=\"1600\" \/>\n\t<meta property=\"og:image:type\" content=\"image\/jpeg\" \/>\n<meta name=\"twitter:label1\" content=\"Predpokladan\u00fd \u010das \u010d\u00edtania\" \/>\n\t<meta name=\"twitter:data1\" content=\"1 min\u00fata\" \/>\n<!-- \/ Yoast SEO plugin. -->","yoast_head_json":{"title":"Salamander greenEvolution free - Cedera","description":"Profil Salamander greenEvolution free pon\u00faka 5-komorov\u00fd profil a pon\u00faka \u0161irok\u00e9 spektrum dizajnov\u00fdch a farebn\u00fdch mo\u017enost\u00ed.","robots":{"index":"index","follow":"follow","max-snippet":"max-snippet:-1","max-image-preview":"max-image-preview:large","max-video-preview":"max-video-preview:-1"},"canonical":"https:\/\/www.cedera-okna.sk\/sk\/salamander-greenevolution-free\/","og_locale":"sk_SK","og_type":"article","og_title":"Salamander greenEvolution free - Cedera","og_description":"Profil Salamander greenEvolution free pon\u00faka 5-komorov\u00fd profil a pon\u00faka \u0161irok\u00e9 spektrum dizajnov\u00fdch a farebn\u00fdch mo\u017enost\u00ed.","og_url":"https:\/\/www.cedera-okna.sk\/sk\/salamander-greenevolution-free\/","og_site_name":"Cedera","article_publisher":"https:\/\/www.facebook.com\/okna.cedera\/","article_modified_time":"2025-11-19T19:14:31+00:00","og_image":[{"width":1600,"height":1600,"url":"https:\/\/www.cedera-okna.sk\/wp-content\/uploads\/2023\/05\/greenEvolution-free.jpeg","type":"image\/jpeg"}],"twitter_misc":{"Predpokladan\u00fd \u010das \u010d\u00edtania":"1 min\u00fata"},"schema":{"@context":"https:\/\/schema.org","@graph":[{"@type":"WebPage","@id":"https:\/\/www.cedera-okna.sk\/sk\/salamander-greenevolution-free\/","url":"https:\/\/www.cedera-okna.sk\/sk\/salamander-greenevolution-free\/","name":"Salamander greenEvolution free - Cedera","isPartOf":{"@id":"https:\/\/www.cedera-okna.sk\/sk\/#website"},"primaryImageOfPage":{"@id":"https:\/\/www.cedera-okna.sk\/sk\/salamander-greenevolution-free\/#primaryimage"},"image":{"@id":"https:\/\/www.cedera-okna.sk\/sk\/salamander-greenevolution-free\/#primaryimage"},"thumbnailUrl":"https:\/\/cedera-okna.sk\/wp-content\/uploads\/2023\/05\/greenEvolution-free-1024x1024.jpeg","datePublished":"2023-05-01T18:32:35+00:00","dateModified":"2025-11-19T19:14:31+00:00","description":"Profil Salamander greenEvolution free pon\u00faka 5-komorov\u00fd profil a pon\u00faka \u0161irok\u00e9 spektrum dizajnov\u00fdch a farebn\u00fdch mo\u017enost\u00ed.","breadcrumb":{"@id":"https:\/\/www.cedera-okna.sk\/sk\/salamander-greenevolution-free\/#breadcrumb"},"inLanguage":"sk-SK","potentialAction":[{"@type":"ReadAction","target":["https:\/\/www.cedera-okna.sk\/sk\/salamander-greenevolution-free\/"]}]},{"@type":"ImageObject","inLanguage":"sk-SK","@id":"https:\/\/www.cedera-okna.sk\/sk\/salamander-greenevolution-free\/#primaryimage","url":"https:\/\/cedera-okna.sk\/wp-content\/uploads\/2023\/05\/greenEvolution-free-1024x1024.jpeg","contentUrl":"https:\/\/cedera-okna.sk\/wp-content\/uploads\/2023\/05\/greenEvolution-free-1024x1024.jpeg"},{"@type":"BreadcrumbList","@id":"https:\/\/www.cedera-okna.sk\/sk\/salamander-greenevolution-free\/#breadcrumb","itemListElement":[{"@type":"ListItem","position":1,"name":"Domovsk\u00e1 str\u00e1nka","item":"https:\/\/www.cedera-okna.sk\/sk\/"},{"@type":"ListItem","position":2,"name":"Salamander greenEvolution free"}]},{"@type":"WebSite","@id":"https:\/\/www.cedera-okna.sk\/sk\/#website","url":"https:\/\/www.cedera-okna.sk\/sk\/","name":"Cedera","description":"Plastov\u00e9 okn\u00e1 Bratislava","publisher":{"@id":"https:\/\/www.cedera-okna.sk\/sk\/#organization"},"potentialAction":[{"@type":"SearchAction","target":{"@type":"EntryPoint","urlTemplate":"https:\/\/www.cedera-okna.sk\/sk\/?s={search_term_string}"},"query-input":{"@type":"PropertyValueSpecification","valueRequired":true,"valueName":"search_term_string"}}],"inLanguage":"sk-SK"},{"@type":"Organization","@id":"https:\/\/www.cedera-okna.sk\/sk\/#organization","name":"CEDERA s.r.o.","url":"https:\/\/www.cedera-okna.sk\/sk\/","logo":{"@type":"ImageObject","inLanguage":"sk-SK","@id":"https:\/\/www.cedera-okna.sk\/sk\/#\/schema\/logo\/image\/","url":"https:\/\/www.cedera-okna.sk\/wp-content\/uploads\/2018\/10\/Cedera-logo.png","contentUrl":"https:\/\/www.cedera-okna.sk\/wp-content\/uploads\/2018\/10\/Cedera-logo.png","width":190,"height":66,"caption":"CEDERA s.r.o."},"image":{"@id":"https:\/\/www.cedera-okna.sk\/sk\/#\/schema\/logo\/image\/"},"sameAs":["https:\/\/www.facebook.com\/okna.cedera\/"]}]}},"_links":{"self":[{"href":"https:\/\/www.cedera-okna.sk\/sk\/wp-json\/wp\/v2\/pages\/12688","targetHints":{"allow":["GET"]}}],"collection":[{"href":"https:\/\/www.cedera-okna.sk\/sk\/wp-json\/wp\/v2\/pages"}],"about":[{"href":"https:\/\/www.cedera-okna.sk\/sk\/wp-json\/wp\/v2\/types\/page"}],"author":[{"embeddable":true,"href":"https:\/\/www.cedera-okna.sk\/sk\/wp-json\/wp\/v2\/users\/3"}],"replies":[{"embeddable":true,"href":"https:\/\/www.cedera-okna.sk\/sk\/wp-json\/wp\/v2\/comments?post=12688"}],"version-history":[{"count":9,"href":"https:\/\/www.cedera-okna.sk\/sk\/wp-json\/wp\/v2\/pages\/12688\/revisions"}],"predecessor-version":[{"id":32710,"href":"https:\/\/www.cedera-okna.sk\/sk\/wp-json\/wp\/v2\/pages\/12688\/revisions\/32710"}],"wp:attachment":[{"href":"https:\/\/www.cedera-okna.sk\/sk\/wp-json\/wp\/v2\/media?parent=12688"}],"curies":[{"name":"wp","href":"https:\/\/api.w.org\/{rel}","templated":true}]}}