{"id":12493,"date":"2023-03-21T08:07:02","date_gmt":"2023-03-21T07:07:02","guid":{"rendered":"http:\/\/cedera-okna.sk\/sk\/?page_id=12493"},"modified":"2023-07-16T15:11:12","modified_gmt":"2023-07-16T13:11:12","slug":"plastove-okna-salamander-bluevolution-92","status":"publish","type":"page","link":"https:\/\/www.cedera-okna.sk\/sk\/plastove-okna-salamander-bluevolution-92\/","title":{"rendered":"Plastov\u00e9 okn\u00e1 Salamander bluEvolution 92"},"content":{"rendered":"<div class=\"wpb-content-wrapper\"><p>[vc_row][vc_column][vc_column_text]<strong>Jednotka medzi profilmi od v\u00fdrobcu Salamander Industry product. Bezkonkuren\u010dn\u00e1 stavebn\u00e1 h\u013abka 92 mm, 3 tesnenia, vysoko kvalitn\u00e9 a \u017eiarivo biele PVC s trojsklom robia z t\u00fdchto okien TOP kvalitu na trhu s plastov\u00fdmi oknami.<\/strong><\/p>\n<p>Plastov\u00e9 okn\u00e1 Salamander bluEvolution 92 poskytuj\u00fa z\u00e1ruku najvy\u0161\u0161ej energetickej efektivity. Profily sp\u00e1jaj\u00fa modern\u00e9 technol\u00f3gie, bezchybn\u00fa funk\u010dnos\u0165 a skvel\u00fd dizajn. Charakteristick\u00fdm znakom okien Salamander je snehobiela farba a lesk profilov.[\/vc_column_text][\/vc_column][\/vc_row][vc_row][vc_column width=&#8221;2\/3&#8243;][vc_column_text]<\/p>\n<h2>Technick\u00e9 parametre:<\/h2>\n<ul>\n<li aria-level=\"1\">6 komorov\u00fd profil<\/li>\n<li aria-level=\"1\">stavebn\u00e1 h\u013abka 92 mm<\/li>\n<li aria-level=\"1\">3 tesnenia (typ MD)<\/li>\n<li aria-level=\"1\">izola\u010dn\u00e9 trojsklo<\/li>\n<li aria-level=\"1\">\u0161tandardne oce\u013e uzavret\u00e1 v r\u00e1me<\/li>\n<li aria-level=\"1\">blokovanie zlej polohy k\u013eu\u010dky<\/li>\n<li aria-level=\"1\">charakteristick\u00e9, mimoriadne biele a leskl\u00e9 profily<\/li>\n<li aria-level=\"1\">najlep\u0161ia vo\u013eba pre energeticky \u00fasporn\u00e9 stavby<\/li>\n<li aria-level=\"1\">index prestupu tepla cez okno: Uw = 0,72 W\/m2K<\/li>\n<li aria-level=\"1\">index prestupu tepla cez r\u00e1m okna: Uf = 1,0 W\/m2K (s termov\u00fdstu\u017ekou a\u017e Uf = 0,94 W\/m2K)<\/li>\n<li aria-level=\"1\">ve\u013ek\u00e9 mno\u017estvo dekorov, ktor\u00e9 je mo\u017en\u00e9 kombinova\u0165 zvonku\/zvn\u00fatra<\/li>\n<\/ul>\n<p>[\/vc_column_text][\/vc_column][vc_column width=&#8221;1\/3&#8243;][vc_column_text]<\/p>\n<p>&nbsp;<\/p>\n<p><img decoding=\"async\" class=\"alignnone wp-image-3330\" src=\"http:\/\/cedera-okna.sk\/wp-content\/uploads\/2011\/10\/Salamander-Bluevolutio-92.jpg\" alt=\"Salamander Bluevolutio 92\" width=\"244\" height=\"207\" \/>[\/vc_column_text][\/vc_column][\/vc_row][vc_row][vc_column][vc_column_text]<\/p>\n<h2 style=\"text-align: center;\">M\u00e1te z\u00e1ujem o plastov\u00e9 okn\u00e1 Salamander bluEvolution 92 alebo in\u00fd profil?<br \/>\nVypl\u0148te formul\u00e1r ni\u017e\u0161ie a ozveme sa v\u00e1m do 24 hod\u00edn.<\/h2>\n<p>[\/vc_column_text]\n<div class=\"wpcf7 no-js\" id=\"wpcf7-f2486-o1\" lang=\"sk-SK\" dir=\"ltr\" data-wpcf7-id=\"2486\">\n<div class=\"screen-reader-response\"><p role=\"status\" aria-live=\"polite\" aria-atomic=\"true\"><\/p> <ul><\/ul><\/div>\n<form action=\"\/sk\/wp-json\/wp\/v2\/pages\/12493#wpcf7-f2486-o1\" method=\"post\" class=\"wpcf7-form init\" aria-label=\"Kontaktn\u00fd formul\u00e1r\" novalidate=\"novalidate\" data-status=\"init\">\n<fieldset class=\"hidden-fields-container\"><input type=\"hidden\" name=\"_wpcf7\" value=\"2486\" \/><input type=\"hidden\" name=\"_wpcf7_version\" value=\"6.1.5\" \/><input type=\"hidden\" name=\"_wpcf7_locale\" value=\"sk_SK\" \/><input type=\"hidden\" name=\"_wpcf7_unit_tag\" value=\"wpcf7-f2486-o1\" \/><input type=\"hidden\" name=\"_wpcf7_container_post\" value=\"0\" \/><input type=\"hidden\" name=\"_wpcf7_posted_data_hash\" value=\"\" \/><input type=\"hidden\" name=\"_wpcf7_recaptcha_response\" value=\"\" \/>\n<\/fieldset>\n<p><label><br \/>\n<span class=\"wpcf7-form-control-wrap\" data-name=\"your-name\"><input size=\"40\" maxlength=\"400\" class=\"wpcf7-form-control wpcf7-text wpcf7-validates-as-required\" aria-required=\"true\" aria-invalid=\"false\" placeholder=\"Meno*\" value=\"\" type=\"text\" name=\"your-name\" \/><\/span> <\/label>\n<\/p>\n<div class=\"sc_form_info columns_wrap\">\n\t<div class=\"sc_form_item sc_form_field label_over column-1_2\">\n\t\t<p><label><br \/>\n<span class=\"wpcf7-form-control-wrap\" data-name=\"your-telefon\"><input size=\"40\" maxlength=\"400\" class=\"wpcf7-form-control wpcf7-tel wpcf7-validates-as-required wpcf7-text wpcf7-validates-as-tel\" aria-required=\"true\" aria-invalid=\"false\" placeholder=\"Telef\u00f3n*\" value=\"\" type=\"tel\" name=\"your-telefon\" \/><\/span> <\/label>\n\t\t<\/p>\n\t<\/div>\n\t<div class=\"sc_form_item sc_form_field label_over column-1_2 pading0\">\n\t\t<p><label><br \/>\n<span class=\"wpcf7-form-control-wrap\" data-name=\"your-email\"><input size=\"40\" maxlength=\"400\" class=\"wpcf7-form-control wpcf7-email wpcf7-validates-as-required wpcf7-text wpcf7-validates-as-email\" aria-required=\"true\" aria-invalid=\"false\" placeholder=\"E-mail*\" value=\"\" type=\"email\" name=\"your-email\" \/><\/span><\/label>\n\t\t<\/p>\n\t<\/div>\n<\/div>\n<p><label><br \/>\n<span class=\"wpcf7-form-control-wrap\" data-name=\"your-message\"><textarea cols=\"40\" rows=\"10\" maxlength=\"2000\" class=\"wpcf7-form-control wpcf7-textarea\" aria-invalid=\"false\" placeholder=\"Pros\u00edm kontaktujte ma oh\u013eadom...\" name=\"your-message\"><\/textarea><\/span> <\/label>\n<\/p>\n<p><span class=\"wpcf7-form-control-wrap\" data-name=\"checkbox-597\"><span class=\"wpcf7-form-control wpcf7-checkbox wpcf7-validates-as-required\"><span class=\"wpcf7-list-item first last\"><input type=\"checkbox\" name=\"checkbox-597[]\" value=\"S\u00fahlas\u00edm so zpracovan\u00edm osobn\u00fdch \u00fadajov*\" \/><span class=\"wpcf7-list-item-label\">S\u00fahlas\u00edm so zpracovan\u00edm osobn\u00fdch \u00fadajov*<\/span><\/span><\/span><\/span>\n<\/p>\n<p><input class=\"wpcf7-form-control wpcf7-submit has-spinner\" type=\"submit\" value=\"Posla\u0165 po\u017eiadavku\" \/>\n<\/p>\n<p>*polo\u017eka je povinn\u00e1\n<\/p><div class=\"wpcf7-response-output\" aria-hidden=\"true\"><\/div>\n<\/form>\n<\/div>\n[\/vc_column][\/vc_row]<\/p>\n<\/div>","protected":false},"excerpt":{"rendered":"<p>[vc_row][vc_column][vc_column_text]Jednotka medzi profilmi od v\u00fdrobcu Salamander Industry product. Bezkonkuren\u010dn\u00e1 stavebn\u00e1 h\u013abka 92 mm, 3 tesnenia, vysoko kvalitn\u00e9 a \u017eiarivo biele PVC s trojsklom robia z t\u00fdchto okien TOP kvalitu na trhu s plastov\u00fdmi oknami. Plastov\u00e9 okn\u00e1 Salamander bluEvolution 92 poskytuj\u00fa z\u00e1ruku najvy\u0161\u0161ej energetickej efektivity. Profily sp\u00e1jaj\u00fa modern\u00e9 technol\u00f3gie, bezchybn\u00fa funk\u010dnos\u0165 a skvel\u00fd dizajn. Charakteristick\u00fdm znakom [&hellip;]<\/p>\n","protected":false},"author":3,"featured_media":0,"parent":0,"menu_order":0,"comment_status":"closed","ping_status":"closed","template":"","meta":{"footnotes":""},"class_list":["post-12493","page","type-page","status-publish","hentry"],"yoast_head":"<!-- This site is optimized with the Yoast SEO plugin v27.4 - https:\/\/yoast.com\/product\/yoast-seo-wordpress\/ -->\n<title>Plastov\u00e9 okn\u00e1 Salamander bluEvolution 92 | Cedera<\/title>\n<meta name=\"description\" content=\"Plastov\u00e9 okna Salamander bluEvolution 92 s\u00fa jednotkou medzi profilmi od nemeck\u00e9ho v\u00fdrobcu Salamander. Bezkonkuren\u010dn\u00e1 stavebn\u00e1 h\u013abka 92 mm.\" \/>\n<meta name=\"robots\" content=\"index, follow, max-snippet:-1, max-image-preview:large, max-video-preview:-1\" \/>\n<link rel=\"canonical\" href=\"https:\/\/www.cedera-okna.sk\/sk\/plastove-okna-salamander-bluevolution-92\/\" \/>\n<meta property=\"og:locale\" content=\"sk_SK\" \/>\n<meta property=\"og:type\" content=\"article\" \/>\n<meta property=\"og:title\" content=\"Plastov\u00e9 okn\u00e1 Salamander bluEvolution 92 | Cedera\" \/>\n<meta property=\"og:description\" content=\"Plastov\u00e9 okna Salamander bluEvolution 92 s\u00fa jednotkou medzi profilmi od nemeck\u00e9ho v\u00fdrobcu Salamander. Bezkonkuren\u010dn\u00e1 stavebn\u00e1 h\u013abka 92 mm.\" \/>\n<meta property=\"og:url\" content=\"https:\/\/www.cedera-okna.sk\/sk\/plastove-okna-salamander-bluevolution-92\/\" \/>\n<meta property=\"og:site_name\" content=\"Cedera\" \/>\n<meta property=\"article:publisher\" content=\"https:\/\/www.facebook.com\/okna.cedera\/\" \/>\n<meta property=\"article:modified_time\" content=\"2023-07-16T13:11:12+00:00\" \/>\n<meta property=\"og:image\" content=\"http:\/\/cedera-okna.sk\/wp-content\/uploads\/2011\/10\/Salamander-Bluevolutio-92.jpg\" \/>\n<meta name=\"twitter:label1\" content=\"Predpokladan\u00fd \u010das \u010d\u00edtania\" \/>\n\t<meta name=\"twitter:data1\" content=\"2 min\u00faty\" \/>\n<!-- \/ Yoast SEO plugin. -->","yoast_head_json":{"title":"Plastov\u00e9 okn\u00e1 Salamander bluEvolution 92 | Cedera","description":"Plastov\u00e9 okna Salamander bluEvolution 92 s\u00fa jednotkou medzi profilmi od nemeck\u00e9ho v\u00fdrobcu Salamander. Bezkonkuren\u010dn\u00e1 stavebn\u00e1 h\u013abka 92 mm.","robots":{"index":"index","follow":"follow","max-snippet":"max-snippet:-1","max-image-preview":"max-image-preview:large","max-video-preview":"max-video-preview:-1"},"canonical":"https:\/\/www.cedera-okna.sk\/sk\/plastove-okna-salamander-bluevolution-92\/","og_locale":"sk_SK","og_type":"article","og_title":"Plastov\u00e9 okn\u00e1 Salamander bluEvolution 92 | Cedera","og_description":"Plastov\u00e9 okna Salamander bluEvolution 92 s\u00fa jednotkou medzi profilmi od nemeck\u00e9ho v\u00fdrobcu Salamander. Bezkonkuren\u010dn\u00e1 stavebn\u00e1 h\u013abka 92 mm.","og_url":"https:\/\/www.cedera-okna.sk\/sk\/plastove-okna-salamander-bluevolution-92\/","og_site_name":"Cedera","article_publisher":"https:\/\/www.facebook.com\/okna.cedera\/","article_modified_time":"2023-07-16T13:11:12+00:00","og_image":[{"url":"http:\/\/cedera-okna.sk\/wp-content\/uploads\/2011\/10\/Salamander-Bluevolutio-92.jpg","type":"","width":"","height":""}],"twitter_misc":{"Predpokladan\u00fd \u010das \u010d\u00edtania":"2 min\u00faty"},"schema":{"@context":"https:\/\/schema.org","@graph":[{"@type":"WebPage","@id":"https:\/\/www.cedera-okna.sk\/sk\/plastove-okna-salamander-bluevolution-92\/","url":"https:\/\/www.cedera-okna.sk\/sk\/plastove-okna-salamander-bluevolution-92\/","name":"Plastov\u00e9 okn\u00e1 Salamander bluEvolution 92 | Cedera","isPartOf":{"@id":"https:\/\/www.cedera-okna.sk\/sk\/#website"},"primaryImageOfPage":{"@id":"https:\/\/www.cedera-okna.sk\/sk\/plastove-okna-salamander-bluevolution-92\/#primaryimage"},"image":{"@id":"https:\/\/www.cedera-okna.sk\/sk\/plastove-okna-salamander-bluevolution-92\/#primaryimage"},"thumbnailUrl":"http:\/\/cedera-okna.sk\/wp-content\/uploads\/2011\/10\/Salamander-Bluevolutio-92.jpg","datePublished":"2023-03-21T07:07:02+00:00","dateModified":"2023-07-16T13:11:12+00:00","description":"Plastov\u00e9 okna Salamander bluEvolution 92 s\u00fa jednotkou medzi profilmi od nemeck\u00e9ho v\u00fdrobcu Salamander. Bezkonkuren\u010dn\u00e1 stavebn\u00e1 h\u013abka 92 mm.","breadcrumb":{"@id":"https:\/\/www.cedera-okna.sk\/sk\/plastove-okna-salamander-bluevolution-92\/#breadcrumb"},"inLanguage":"sk-SK","potentialAction":[{"@type":"ReadAction","target":["https:\/\/www.cedera-okna.sk\/sk\/plastove-okna-salamander-bluevolution-92\/"]}]},{"@type":"ImageObject","inLanguage":"sk-SK","@id":"https:\/\/www.cedera-okna.sk\/sk\/plastove-okna-salamander-bluevolution-92\/#primaryimage","url":"http:\/\/cedera-okna.sk\/wp-content\/uploads\/2011\/10\/Salamander-Bluevolutio-92.jpg","contentUrl":"http:\/\/cedera-okna.sk\/wp-content\/uploads\/2011\/10\/Salamander-Bluevolutio-92.jpg"},{"@type":"BreadcrumbList","@id":"https:\/\/www.cedera-okna.sk\/sk\/plastove-okna-salamander-bluevolution-92\/#breadcrumb","itemListElement":[{"@type":"ListItem","position":1,"name":"Domovsk\u00e1 str\u00e1nka","item":"https:\/\/www.cedera-okna.sk\/sk\/"},{"@type":"ListItem","position":2,"name":"Plastov\u00e9 okn\u00e1 Salamander bluEvolution 92"}]},{"@type":"WebSite","@id":"https:\/\/www.cedera-okna.sk\/sk\/#website","url":"https:\/\/www.cedera-okna.sk\/sk\/","name":"Cedera","description":"Plastov\u00e9 okn\u00e1 Bratislava","publisher":{"@id":"https:\/\/www.cedera-okna.sk\/sk\/#organization"},"potentialAction":[{"@type":"SearchAction","target":{"@type":"EntryPoint","urlTemplate":"https:\/\/www.cedera-okna.sk\/sk\/?s={search_term_string}"},"query-input":{"@type":"PropertyValueSpecification","valueRequired":true,"valueName":"search_term_string"}}],"inLanguage":"sk-SK"},{"@type":"Organization","@id":"https:\/\/www.cedera-okna.sk\/sk\/#organization","name":"CEDERA s.r.o.","url":"https:\/\/www.cedera-okna.sk\/sk\/","logo":{"@type":"ImageObject","inLanguage":"sk-SK","@id":"https:\/\/www.cedera-okna.sk\/sk\/#\/schema\/logo\/image\/","url":"https:\/\/www.cedera-okna.sk\/wp-content\/uploads\/2018\/10\/Cedera-logo.png","contentUrl":"https:\/\/www.cedera-okna.sk\/wp-content\/uploads\/2018\/10\/Cedera-logo.png","width":190,"height":66,"caption":"CEDERA s.r.o."},"image":{"@id":"https:\/\/www.cedera-okna.sk\/sk\/#\/schema\/logo\/image\/"},"sameAs":["https:\/\/www.facebook.com\/okna.cedera\/"]}]}},"_links":{"self":[{"href":"https:\/\/www.cedera-okna.sk\/sk\/wp-json\/wp\/v2\/pages\/12493","targetHints":{"allow":["GET"]}}],"collection":[{"href":"https:\/\/www.cedera-okna.sk\/sk\/wp-json\/wp\/v2\/pages"}],"about":[{"href":"https:\/\/www.cedera-okna.sk\/sk\/wp-json\/wp\/v2\/types\/page"}],"author":[{"embeddable":true,"href":"https:\/\/www.cedera-okna.sk\/sk\/wp-json\/wp\/v2\/users\/3"}],"replies":[{"embeddable":true,"href":"https:\/\/www.cedera-okna.sk\/sk\/wp-json\/wp\/v2\/comments?post=12493"}],"version-history":[{"count":11,"href":"https:\/\/www.cedera-okna.sk\/sk\/wp-json\/wp\/v2\/pages\/12493\/revisions"}],"predecessor-version":[{"id":13053,"href":"https:\/\/www.cedera-okna.sk\/sk\/wp-json\/wp\/v2\/pages\/12493\/revisions\/13053"}],"wp:attachment":[{"href":"https:\/\/www.cedera-okna.sk\/sk\/wp-json\/wp\/v2\/media?parent=12493"}],"curies":[{"name":"wp","href":"https:\/\/api.w.org\/{rel}","templated":true}]}}