{"id":122,"date":"2011-10-27T11:12:19","date_gmt":"2011-10-27T09:12:19","guid":{"rendered":"http:\/\/cedera-okna.sk\/index.php\/aby-vase-okno-vydrzalo-co-najdlhsie\/"},"modified":"2021-02-26T15:40:05","modified_gmt":"2021-02-26T14:40:05","slug":"aby-vase-okno-vydrzalo-co-najdlhsie","status":"publish","type":"page","link":"https:\/\/www.cedera-okna.sk\/sk\/aby-vase-okno-vydrzalo-co-najdlhsie\/","title":{"rendered":"Aby va\u0161e okno vydr\u017ealo \u010do najdlh\u0161ie"},"content":{"rendered":"<div class=\"wpb-content-wrapper\"><p>[vc_row][vc_column width=&#8221;2\/3&#8243;][vc_column_text]<\/p>\n<h2>Vlhkos\u0165 je nepriate\u013e<\/h2>\n<p>\u010casto nast\u00e1va situ\u00e1cia, ke\u010f v novostavb\u00e1ch po mur\u00e1rskych pr\u00e1cach ost\u00e1vaj\u00fa okn\u00e1 uzavret\u00e9 a \u010dasom na nich vidie\u0165 stekaj\u00face kvapky vody. N\u00e1ter nie je schopn\u00fd absorbova\u0165 tak\u00fato vlhkos\u0165 a doch\u00e1dza k jeho oddeleniu od podkladu. Po vyschnut\u00ed sa n\u00e1ter odl\u00fapi. Vysok\u00e1 vlhkos\u0165 v interi\u00e9roch \u0161kod\u00ed nielen povrchovej \u00faprave\u00a0okien, ale aj kovaniu, ktor\u00e9 koroduje.<\/p>\n<p><strong>Okn\u00e1<\/strong>\u00a0osaden\u00e9 do novostavby \u010di rekon\u0161truovanej budovy je potrebn\u00e9 chr\u00e1ni\u0165 pred mur\u00e1rskymi a maliarsk\u00fdmi pr\u00e1cami, pri ktor\u00fdch vznikaj\u00faci prach, odf\u0155knut\u00e1 malta, alebo farba m\u00f4\u017eu po\u0161kodi\u0165 sklo, ale predov\u0161etk\u00fdm r\u00e1m dreven\u00e9ho okna. Na tak\u00e9to po\u0161kodenia sa z\u00e1ruka\u00a0<strong>nevz\u0165ahuje<\/strong>.[\/vc_column_text][\/vc_column][vc_column width=&#8221;1\/3&#8243;][vc_column_text]<img decoding=\"async\" class=\" size-full wp-image-119\" style=\"width: 231px; height: 199px;\" src=\"http:\/\/cedera-okna.sk\/wp-content\/uploads\/2011\/10\/udrzba-plastovych-okien2-1.jpg\" alt=\"starostlivos\u0165 o okn\u00e1, plastov\u00e9 okn\u00e1, eurookn\u00e1\" width=\"231\" height=\"199\" align=\"texttop\" hspace=\"20\" \/>[\/vc_column_text][\/vc_column][\/vc_row][vc_row][vc_column width=&#8221;2\/3&#8243;][vc_column_text]<\/p>\n<h2>Ako okn\u00e1 chr\u00e1ni\u0165<\/h2>\n<p>Na prikrytie pou\u017eijeme priesvitn\u00fa (pr\u00edstup svetla) ochrann\u00fa f\u00f3liu, alebo in\u00fd materi\u00e1l zamedzuj\u00faci za\u0161pineniu okien. Na prichytenie pou\u017eijeme lepiacu p\u00e1sku. Najvhodnej\u0161ia lepiaca p\u00e1ska je od dod\u00e1vate\u013ea n\u00e1terovej hmoty, v\u00fdrobcu\u00a0okien, pr\u00edpadne ich odpor\u00fa\u010dania. Pri pou\u017eit\u00ed nevhodnej p\u00e1sky hroz\u00ed znehodnotenie n\u00e1teru odtrhnut\u00edm laku, alebo zanechan\u00edm vrstvy \u0165a\u017eko odstr\u00e1nite\u013en\u00e9ho lepidla. V pr\u00edpade n\u00fadze je mo\u017en\u00e9 pou\u017ei\u0165 lacnej\u0161ie krepov\u00e9 p\u00e1sky, tieto je v\u0161ak potrebn\u00e9 odstr\u00e1ni\u0165 \u010do najr\u00fdchlej\u0161ie a to predov\u0161etk\u00fdm z dreven\u00fdch \u010dast\u00ed\u00a0okna. Po dlhodobom pou\u017eit\u00ed zanech\u00e1vaj\u00fa na dreve krepov\u00e9 p\u00e1sky zvy\u0161ky lepidla, ktor\u00e9 sa daj\u00fa odstr\u00e1ni\u0165 \u010disten\u00edm terpent\u00ednov\u00fdm pr\u00edpravkom.<\/p>\n<p><strong>V \u017eiadnom pr\u00edpade nenech\u00e1vajte<\/strong>\u00a0krepov\u00e9 p\u00e1sky nalepen\u00e9 priamo na dreve dlh\u0161ie ako 12 hod. V pr\u00edpade dlhodobej\u0161ieho ponechania f\u00f3lii na okn\u00e1ch nezabudnite na f\u00f3li\u00e1ch urobi\u0165 nieko\u013eko mal\u00fdch otvorov na pr\u00edstup vzduchu.<\/p>\n<p>Pri nedostato\u010dnej ochrane\u00a0okna\u00a0m\u00f4\u017ee sp\u00f4sobi\u0165 po\u0161kodenie predov\u0161etk\u00fdm v\u00e1pno, ktor\u00e9 je agres\u00edvne na v\u0161etky komponenty na okne, od tesnenia, cez kovanie, a\u017e po povrchov\u00fa \u00fapravu. Jeho odstr\u00e1nenie je \u010dasovo n\u00e1ro\u010dnej\u0161ie ako ochrana\u00a0okien\u00a0f\u00f3liami.[\/vc_column_text][\/vc_column][vc_column width=&#8221;1\/3&#8243;][vc_column_text]<img decoding=\"async\" class=\" size-full wp-image-120\" style=\"width: 231px; height: 250px;\" src=\"http:\/\/cedera-okna.sk\/wp-content\/uploads\/2011\/10\/spec_upravy-1.jpg\" alt=\"ochrana plastov\u00fdch okien a eurookien\" width=\"231\" height=\"250\" hspace=\"20\" vspace=\"34\" \/>[\/vc_column_text][\/vc_column][\/vc_row][vc_row][vc_column width=&#8221;2\/3&#8243;][vc_column_text]<\/p>\n<h2>Pre\u010do sa mi rosia okn\u00e1?<\/h2>\n<p>Hlavn\u00e9 d\u00f4vody rosenia\u00a0okien\u00a0vo v\u0161eobecnosti s\u00fa: vysok\u00e1 relat\u00edvna vlhkos\u0165 vzduchu v internom prostred\u00ed, spolo\u010dne s n\u00edzkou povrchovou teplotou stavebn\u00fdch kon\u0161trukci\u00ed. Plat\u00ed: \u010d\u00edm v\u00e4\u010d\u0161ia vlhkos\u0165, t\u00fdm v\u00e4\u010d\u0161ia pravdepodobnos\u0165 kondenz\u00e1cie. Mo\u017enos\u0165 ako eliminova\u0165 tento stav je vetra\u0165. Spr\u00e1vna technika vetrania je tzv. n\u00e1razov\u00e9 vetranie.\u00a0Okn\u00e1\u00a0otvor\u00edme dokor\u00e1n na 10-15 min\u00fat. Toto zaru\u010d\u00ed minim\u00e1lne teplotn\u00e9 straty pri maxim\u00e1lnom vyvetran\u00ed. Pri dosiahnut\u00ed priemernej vlhkosti 30-40%, bude riziko kondenz\u00e1cie minim\u00e1lne. Okrem hlavn\u00e9ho d\u00f4vodu rosenia, zohr\u00e1vaj\u00fa \u010diastkov\u00e9 \u00falohy aj faktory ako umiestnenie vykurovacieho telesa, orient\u00e1cia\u00a0okien\u00a0na svetov\u00e9 strany, vn\u00fatorn\u00e9 parapety, \u017eal\u00fazie.[\/vc_column_text][\/vc_column][vc_column width=&#8221;1\/3&#8243;][vc_column_text]<img decoding=\"async\" class=\" size-full wp-image-121\" style=\"width: 238px; height: 218px;\" src=\"http:\/\/cedera-okna.sk\/wp-content\/uploads\/2011\/10\/opened-plastic-window-model-with-clipping-path-included-1.jpg\" alt=\"rosenie okien, starostlivost o plastov\u00e9 okn\u00e1 a eurookn\u00e1, \" width=\"238\" height=\"218\" hspace=\"20\" \/>[\/vc_column_text][\/vc_column][\/vc_row][vc_row][vc_column][vc_column_text]<\/p>\n<h2 style=\"text-align: center;\">Pre viac inform\u00e1ci\u00ed alebo nez\u00e1v\u00e4zn\u00fa kalkul\u00e1ciu vypl\u0148te formul\u00e1r ni\u017e\u0161ie. Ozveme sa v\u00e1m do 24 hod\u00edn.<\/h2>\n<p>[\/vc_column_text][\/vc_column][\/vc_row][vc_row][vc_column]\n<div class=\"wpcf7 no-js\" id=\"wpcf7-f2486-o1\" lang=\"sk-SK\" dir=\"ltr\" data-wpcf7-id=\"2486\">\n<div class=\"screen-reader-response\"><p role=\"status\" aria-live=\"polite\" aria-atomic=\"true\"><\/p> <ul><\/ul><\/div>\n<form action=\"\/sk\/wp-json\/wp\/v2\/pages\/122#wpcf7-f2486-o1\" method=\"post\" class=\"wpcf7-form init\" aria-label=\"Kontaktn\u00fd formul\u00e1r\" novalidate=\"novalidate\" data-status=\"init\">\n<fieldset class=\"hidden-fields-container\"><input type=\"hidden\" name=\"_wpcf7\" value=\"2486\" \/><input type=\"hidden\" name=\"_wpcf7_version\" value=\"6.1.5\" \/><input type=\"hidden\" name=\"_wpcf7_locale\" value=\"sk_SK\" \/><input type=\"hidden\" name=\"_wpcf7_unit_tag\" value=\"wpcf7-f2486-o1\" \/><input type=\"hidden\" name=\"_wpcf7_container_post\" value=\"0\" \/><input type=\"hidden\" name=\"_wpcf7_posted_data_hash\" value=\"\" \/><input type=\"hidden\" name=\"_wpcf7_recaptcha_response\" value=\"\" \/>\n<\/fieldset>\n<p><label><br \/>\n<span class=\"wpcf7-form-control-wrap\" data-name=\"your-name\"><input size=\"40\" maxlength=\"400\" class=\"wpcf7-form-control wpcf7-text wpcf7-validates-as-required\" aria-required=\"true\" aria-invalid=\"false\" placeholder=\"Meno*\" value=\"\" type=\"text\" name=\"your-name\" \/><\/span> <\/label>\n<\/p>\n<div class=\"sc_form_info columns_wrap\">\n\t<div class=\"sc_form_item sc_form_field label_over column-1_2\">\n\t\t<p><label><br \/>\n<span class=\"wpcf7-form-control-wrap\" data-name=\"your-telefon\"><input size=\"40\" maxlength=\"400\" class=\"wpcf7-form-control wpcf7-tel wpcf7-validates-as-required wpcf7-text wpcf7-validates-as-tel\" aria-required=\"true\" aria-invalid=\"false\" placeholder=\"Telef\u00f3n*\" value=\"\" type=\"tel\" name=\"your-telefon\" \/><\/span> <\/label>\n\t\t<\/p>\n\t<\/div>\n\t<div class=\"sc_form_item sc_form_field label_over column-1_2 pading0\">\n\t\t<p><label><br \/>\n<span class=\"wpcf7-form-control-wrap\" data-name=\"your-email\"><input size=\"40\" maxlength=\"400\" class=\"wpcf7-form-control wpcf7-email wpcf7-validates-as-required wpcf7-text wpcf7-validates-as-email\" aria-required=\"true\" aria-invalid=\"false\" placeholder=\"E-mail*\" value=\"\" type=\"email\" name=\"your-email\" \/><\/span><\/label>\n\t\t<\/p>\n\t<\/div>\n<\/div>\n<p><label><br \/>\n<span class=\"wpcf7-form-control-wrap\" data-name=\"your-message\"><textarea cols=\"40\" rows=\"10\" maxlength=\"2000\" class=\"wpcf7-form-control wpcf7-textarea\" aria-invalid=\"false\" placeholder=\"Pros\u00edm kontaktujte ma oh\u013eadom...\" name=\"your-message\"><\/textarea><\/span> <\/label>\n<\/p>\n<p><span class=\"wpcf7-form-control-wrap\" data-name=\"checkbox-597\"><span class=\"wpcf7-form-control wpcf7-checkbox wpcf7-validates-as-required\"><span class=\"wpcf7-list-item first last\"><input type=\"checkbox\" name=\"checkbox-597[]\" value=\"S\u00fahlas\u00edm so zpracovan\u00edm osobn\u00fdch \u00fadajov*\" \/><span class=\"wpcf7-list-item-label\">S\u00fahlas\u00edm so zpracovan\u00edm osobn\u00fdch \u00fadajov*<\/span><\/span><\/span><\/span>\n<\/p>\n<p><input class=\"wpcf7-form-control wpcf7-submit has-spinner\" type=\"submit\" value=\"Posla\u0165 po\u017eiadavku\" \/>\n<\/p>\n<p>*polo\u017eka je povinn\u00e1\n<\/p><div class=\"wpcf7-response-output\" aria-hidden=\"true\"><\/div>\n<\/form>\n<\/div>\n[\/vc_column][\/vc_row]<\/p>\n<\/div>","protected":false},"excerpt":{"rendered":"<p>[vc_row][vc_column width=&#8221;2\/3&#8243;][vc_column_text] Vlhkos\u0165 je nepriate\u013e \u010casto nast\u00e1va situ\u00e1cia, ke\u010f v novostavb\u00e1ch po mur\u00e1rskych pr\u00e1cach ost\u00e1vaj\u00fa okn\u00e1 uzavret\u00e9 a \u010dasom na nich vidie\u0165 stekaj\u00face kvapky vody. N\u00e1ter nie je schopn\u00fd absorbova\u0165 tak\u00fato vlhkos\u0165 a doch\u00e1dza k jeho oddeleniu od podkladu. Po vyschnut\u00ed sa n\u00e1ter odl\u00fapi. Vysok\u00e1 vlhkos\u0165 v interi\u00e9roch \u0161kod\u00ed nielen povrchovej \u00faprave\u00a0okien, ale aj kovaniu, [&hellip;]<\/p>\n","protected":false},"author":3,"featured_media":119,"parent":0,"menu_order":44,"comment_status":"closed","ping_status":"closed","template":"","meta":{"footnotes":""},"class_list":["post-122","page","type-page","status-publish","has-post-thumbnail","hentry"],"yoast_head":"<!-- This site is optimized with the Yoast SEO plugin v27.4 - https:\/\/yoast.com\/product\/yoast-seo-wordpress\/ -->\n<title>Ako sa stara\u0165 o okn\u00e1 a dlhodobo ich chr\u00e1ni\u0165 - Cedera<\/title>\n<meta name=\"description\" content=\"Porad\u00edme v\u00e1m ako sa stara\u0165 o va\u0161e okn\u00e1 a chr\u00e1ni\u0165 ich pri rekon\u0161trukcii tak, aby sa nepo\u0161kodila a neza\u0161pinila a tie\u017e ako najlep\u0161ie zamedzi\u0165 rosenie okien.\" \/>\n<meta name=\"robots\" content=\"index, follow, max-snippet:-1, max-image-preview:large, max-video-preview:-1\" \/>\n<link rel=\"canonical\" href=\"https:\/\/www.cedera-okna.sk\/sk\/aby-vase-okno-vydrzalo-co-najdlhsie\/\" \/>\n<meta property=\"og:locale\" content=\"sk_SK\" \/>\n<meta property=\"og:type\" content=\"article\" \/>\n<meta property=\"og:title\" content=\"Ako sa stara\u0165 o okn\u00e1 a dlhodobo ich chr\u00e1ni\u0165 - Cedera\" \/>\n<meta property=\"og:description\" content=\"Porad\u00edme v\u00e1m ako sa stara\u0165 o va\u0161e okn\u00e1 a chr\u00e1ni\u0165 ich pri rekon\u0161trukcii tak, aby sa nepo\u0161kodila a neza\u0161pinila a tie\u017e ako najlep\u0161ie zamedzi\u0165 rosenie okien.\" \/>\n<meta property=\"og:url\" content=\"https:\/\/www.cedera-okna.sk\/sk\/aby-vase-okno-vydrzalo-co-najdlhsie\/\" \/>\n<meta property=\"og:site_name\" content=\"Cedera\" \/>\n<meta property=\"article:publisher\" content=\"https:\/\/www.facebook.com\/okna.cedera\/\" \/>\n<meta property=\"article:modified_time\" content=\"2021-02-26T14:40:05+00:00\" \/>\n<meta property=\"og:image\" content=\"https:\/\/www.cedera-okna.sk\/wp-content\/uploads\/2011\/10\/udrzba-plastovych-okien2-1.jpg\" \/>\n\t<meta property=\"og:image:width\" content=\"247\" \/>\n\t<meta property=\"og:image:height\" content=\"212\" \/>\n\t<meta property=\"og:image:type\" content=\"image\/jpeg\" \/>\n<meta name=\"twitter:label1\" content=\"Predpokladan\u00fd \u010das \u010d\u00edtania\" \/>\n\t<meta name=\"twitter:data1\" content=\"3 min\u00faty\" \/>\n<!-- \/ Yoast SEO plugin. -->","yoast_head_json":{"title":"Ako sa stara\u0165 o okn\u00e1 a dlhodobo ich chr\u00e1ni\u0165 - Cedera","description":"Porad\u00edme v\u00e1m ako sa stara\u0165 o va\u0161e okn\u00e1 a chr\u00e1ni\u0165 ich pri rekon\u0161trukcii tak, aby sa nepo\u0161kodila a neza\u0161pinila a tie\u017e ako najlep\u0161ie zamedzi\u0165 rosenie okien.","robots":{"index":"index","follow":"follow","max-snippet":"max-snippet:-1","max-image-preview":"max-image-preview:large","max-video-preview":"max-video-preview:-1"},"canonical":"https:\/\/www.cedera-okna.sk\/sk\/aby-vase-okno-vydrzalo-co-najdlhsie\/","og_locale":"sk_SK","og_type":"article","og_title":"Ako sa stara\u0165 o okn\u00e1 a dlhodobo ich chr\u00e1ni\u0165 - Cedera","og_description":"Porad\u00edme v\u00e1m ako sa stara\u0165 o va\u0161e okn\u00e1 a chr\u00e1ni\u0165 ich pri rekon\u0161trukcii tak, aby sa nepo\u0161kodila a neza\u0161pinila a tie\u017e ako najlep\u0161ie zamedzi\u0165 rosenie okien.","og_url":"https:\/\/www.cedera-okna.sk\/sk\/aby-vase-okno-vydrzalo-co-najdlhsie\/","og_site_name":"Cedera","article_publisher":"https:\/\/www.facebook.com\/okna.cedera\/","article_modified_time":"2021-02-26T14:40:05+00:00","og_image":[{"width":247,"height":212,"url":"https:\/\/www.cedera-okna.sk\/wp-content\/uploads\/2011\/10\/udrzba-plastovych-okien2-1.jpg","type":"image\/jpeg"}],"twitter_misc":{"Predpokladan\u00fd \u010das \u010d\u00edtania":"3 min\u00faty"},"schema":{"@context":"https:\/\/schema.org","@graph":[{"@type":"WebPage","@id":"https:\/\/www.cedera-okna.sk\/sk\/aby-vase-okno-vydrzalo-co-najdlhsie\/","url":"https:\/\/www.cedera-okna.sk\/sk\/aby-vase-okno-vydrzalo-co-najdlhsie\/","name":"Ako sa stara\u0165 o okn\u00e1 a dlhodobo ich chr\u00e1ni\u0165 - Cedera","isPartOf":{"@id":"https:\/\/www.cedera-okna.sk\/sk\/#website"},"primaryImageOfPage":{"@id":"https:\/\/www.cedera-okna.sk\/sk\/aby-vase-okno-vydrzalo-co-najdlhsie\/#primaryimage"},"image":{"@id":"https:\/\/www.cedera-okna.sk\/sk\/aby-vase-okno-vydrzalo-co-najdlhsie\/#primaryimage"},"thumbnailUrl":"https:\/\/www.cedera-okna.sk\/wp-content\/uploads\/2011\/10\/udrzba-plastovych-okien2-1.jpg","datePublished":"2011-10-27T09:12:19+00:00","dateModified":"2021-02-26T14:40:05+00:00","description":"Porad\u00edme v\u00e1m ako sa stara\u0165 o va\u0161e okn\u00e1 a chr\u00e1ni\u0165 ich pri rekon\u0161trukcii tak, aby sa nepo\u0161kodila a neza\u0161pinila a tie\u017e ako najlep\u0161ie zamedzi\u0165 rosenie okien.","breadcrumb":{"@id":"https:\/\/www.cedera-okna.sk\/sk\/aby-vase-okno-vydrzalo-co-najdlhsie\/#breadcrumb"},"inLanguage":"sk-SK","potentialAction":[{"@type":"ReadAction","target":["https:\/\/www.cedera-okna.sk\/sk\/aby-vase-okno-vydrzalo-co-najdlhsie\/"]}]},{"@type":"ImageObject","inLanguage":"sk-SK","@id":"https:\/\/www.cedera-okna.sk\/sk\/aby-vase-okno-vydrzalo-co-najdlhsie\/#primaryimage","url":"https:\/\/www.cedera-okna.sk\/wp-content\/uploads\/2011\/10\/udrzba-plastovych-okien2-1.jpg","contentUrl":"https:\/\/www.cedera-okna.sk\/wp-content\/uploads\/2011\/10\/udrzba-plastovych-okien2-1.jpg","width":247,"height":212,"caption":"starostlivos\u0165 o okn\u00e1, plastov\u00e9 okn\u00e1, eurookn\u00e1"},{"@type":"BreadcrumbList","@id":"https:\/\/www.cedera-okna.sk\/sk\/aby-vase-okno-vydrzalo-co-najdlhsie\/#breadcrumb","itemListElement":[{"@type":"ListItem","position":1,"name":"Domovsk\u00e1 str\u00e1nka","item":"https:\/\/www.cedera-okna.sk\/sk\/"},{"@type":"ListItem","position":2,"name":"Aby va\u0161e okno vydr\u017ealo \u010do najdlh\u0161ie"}]},{"@type":"WebSite","@id":"https:\/\/www.cedera-okna.sk\/sk\/#website","url":"https:\/\/www.cedera-okna.sk\/sk\/","name":"Cedera","description":"Plastov\u00e9 okn\u00e1 Bratislava","publisher":{"@id":"https:\/\/www.cedera-okna.sk\/sk\/#organization"},"potentialAction":[{"@type":"SearchAction","target":{"@type":"EntryPoint","urlTemplate":"https:\/\/www.cedera-okna.sk\/sk\/?s={search_term_string}"},"query-input":{"@type":"PropertyValueSpecification","valueRequired":true,"valueName":"search_term_string"}}],"inLanguage":"sk-SK"},{"@type":"Organization","@id":"https:\/\/www.cedera-okna.sk\/sk\/#organization","name":"CEDERA s.r.o.","url":"https:\/\/www.cedera-okna.sk\/sk\/","logo":{"@type":"ImageObject","inLanguage":"sk-SK","@id":"https:\/\/www.cedera-okna.sk\/sk\/#\/schema\/logo\/image\/","url":"https:\/\/www.cedera-okna.sk\/wp-content\/uploads\/2018\/10\/Cedera-logo.png","contentUrl":"https:\/\/www.cedera-okna.sk\/wp-content\/uploads\/2018\/10\/Cedera-logo.png","width":190,"height":66,"caption":"CEDERA s.r.o."},"image":{"@id":"https:\/\/www.cedera-okna.sk\/sk\/#\/schema\/logo\/image\/"},"sameAs":["https:\/\/www.facebook.com\/okna.cedera\/"]}]}},"_links":{"self":[{"href":"https:\/\/www.cedera-okna.sk\/sk\/wp-json\/wp\/v2\/pages\/122","targetHints":{"allow":["GET"]}}],"collection":[{"href":"https:\/\/www.cedera-okna.sk\/sk\/wp-json\/wp\/v2\/pages"}],"about":[{"href":"https:\/\/www.cedera-okna.sk\/sk\/wp-json\/wp\/v2\/types\/page"}],"author":[{"embeddable":true,"href":"https:\/\/www.cedera-okna.sk\/sk\/wp-json\/wp\/v2\/users\/3"}],"replies":[{"embeddable":true,"href":"https:\/\/www.cedera-okna.sk\/sk\/wp-json\/wp\/v2\/comments?post=122"}],"version-history":[{"count":5,"href":"https:\/\/www.cedera-okna.sk\/sk\/wp-json\/wp\/v2\/pages\/122\/revisions"}],"predecessor-version":[{"id":7739,"href":"https:\/\/www.cedera-okna.sk\/sk\/wp-json\/wp\/v2\/pages\/122\/revisions\/7739"}],"wp:featuredmedia":[{"embeddable":true,"href":"https:\/\/www.cedera-okna.sk\/sk\/wp-json\/wp\/v2\/media\/119"}],"wp:attachment":[{"href":"https:\/\/www.cedera-okna.sk\/sk\/wp-json\/wp\/v2\/media?parent=122"}],"curies":[{"name":"wp","href":"https:\/\/api.w.org\/{rel}","templated":true}]}}