{"id":12161,"date":"2023-01-14T16:27:28","date_gmt":"2023-01-14T15:27:28","guid":{"rendered":"http:\/\/cedera-okna.sk\/sk\/?page_id=12161"},"modified":"2023-01-14T17:51:00","modified_gmt":"2023-01-14T16:51:00","slug":"nizkoenergeticka-stavba","status":"publish","type":"page","link":"https:\/\/www.cedera-okna.sk\/sk\/nizkoenergeticka-stavba\/","title":{"rendered":"N\u00edzkoenergetick\u00e1 stavba"},"content":{"rendered":"<div class=\"wpb-content-wrapper\"><p>[vc_row][vc_column][vc_column_text]N\u00edzkoenergetick\u00e1 stavba je budova, ktor\u00e1 spotrebov\u00e1va ve\u013emi mal\u00e9 mno\u017estvo energie na vykurovanie, chladenie a ohrev teplej vody. N\u00edzkoenergetick\u00e9 stavby s\u00fa navrhnut\u00e9 tak, aby vyu\u017e\u00edvali pr\u00edrodn\u00e9 zdroje tepla a chladu a aby minimalizovali tepeln\u00e9 straty prostredn\u00edctvom obvodov\u00e9ho pl\u00e1\u0161\u0165a budovy.<\/p>\n<p>N\u00edzkoenergetick\u00e9 stavby sa obvykle vyzna\u010duj\u00fa kvalitnou izol\u00e1ciou, \u00fa\u010dinn\u00fdmi okenicami, vetran\u00edm s rekuper\u00e1ciou tepla a vyu\u017eit\u00edm obnovite\u013en\u00fdch zdrojov energie, ako je sol\u00e1rna energia alebo geoterm\u00e1lna energia, pre ohrev teplej vody a vykurovanie.<\/p>\n<p>N\u00edzkoenergetick\u00e9 stavby s\u00fa v\u00fdznamn\u00e9 pre zni\u017eovanie emisi\u00ed sklen\u00edkov\u00fdch plynov a zni\u017eovanie celkovej spotreby energie v budov\u00e1ch. Ich v\u00fdstavba a pou\u017e\u00edvanie m\u00f4\u017ee tie\u017e prinies\u0165 finan\u010dn\u00e9 \u00faspory pre majite\u013eov budov a zn\u00ed\u017ei\u0165 ich n\u00e1klady na energie.[\/vc_column_text][\/vc_column][\/vc_row][vc_row][vc_column][vc_column_text]<\/p>\n<h2 style=\"text-align: center;\"><span class=\"HwtZe\" lang=\"sk\"><span class=\"jCAhz ChMk0b\"><span class=\"ryNqvb\">Potrebujete poradi\u0165 s v\u00fdberom alebo viac inform\u00e1ci\u00ed?<\/span><\/span><\/span><br \/>\nVypl\u0148te formul\u00e1r ni\u017e\u0161ie a ozveme sa v\u00e1m do 24 hod\u00edn.<\/h2>\n<p>[\/vc_column_text]\n<div class=\"wpcf7 no-js\" id=\"wpcf7-f2486-o1\" lang=\"sk-SK\" dir=\"ltr\" data-wpcf7-id=\"2486\">\n<div class=\"screen-reader-response\"><p role=\"status\" aria-live=\"polite\" aria-atomic=\"true\"><\/p> <ul><\/ul><\/div>\n<form action=\"\/sk\/wp-json\/wp\/v2\/pages\/12161#wpcf7-f2486-o1\" method=\"post\" class=\"wpcf7-form init\" aria-label=\"Kontaktn\u00fd formul\u00e1r\" novalidate=\"novalidate\" data-status=\"init\">\n<fieldset class=\"hidden-fields-container\"><input type=\"hidden\" name=\"_wpcf7\" value=\"2486\" \/><input type=\"hidden\" name=\"_wpcf7_version\" value=\"6.1.5\" \/><input type=\"hidden\" name=\"_wpcf7_locale\" value=\"sk_SK\" \/><input type=\"hidden\" name=\"_wpcf7_unit_tag\" value=\"wpcf7-f2486-o1\" \/><input type=\"hidden\" name=\"_wpcf7_container_post\" value=\"0\" \/><input type=\"hidden\" name=\"_wpcf7_posted_data_hash\" value=\"\" \/><input type=\"hidden\" name=\"_wpcf7_recaptcha_response\" value=\"\" \/>\n<\/fieldset>\n<p><label><br \/>\n<span class=\"wpcf7-form-control-wrap\" data-name=\"your-name\"><input size=\"40\" maxlength=\"400\" class=\"wpcf7-form-control wpcf7-text wpcf7-validates-as-required\" aria-required=\"true\" aria-invalid=\"false\" placeholder=\"Meno*\" value=\"\" type=\"text\" name=\"your-name\" \/><\/span> <\/label>\n<\/p>\n<div class=\"sc_form_info columns_wrap\">\n\t<div class=\"sc_form_item sc_form_field label_over column-1_2\">\n\t\t<p><label><br \/>\n<span class=\"wpcf7-form-control-wrap\" data-name=\"your-telefon\"><input size=\"40\" maxlength=\"400\" class=\"wpcf7-form-control wpcf7-tel wpcf7-validates-as-required wpcf7-text wpcf7-validates-as-tel\" aria-required=\"true\" aria-invalid=\"false\" placeholder=\"Telef\u00f3n*\" value=\"\" type=\"tel\" name=\"your-telefon\" \/><\/span> <\/label>\n\t\t<\/p>\n\t<\/div>\n\t<div class=\"sc_form_item sc_form_field label_over column-1_2 pading0\">\n\t\t<p><label><br \/>\n<span class=\"wpcf7-form-control-wrap\" data-name=\"your-email\"><input size=\"40\" maxlength=\"400\" class=\"wpcf7-form-control wpcf7-email wpcf7-validates-as-required wpcf7-text wpcf7-validates-as-email\" aria-required=\"true\" aria-invalid=\"false\" placeholder=\"E-mail*\" value=\"\" type=\"email\" name=\"your-email\" \/><\/span><\/label>\n\t\t<\/p>\n\t<\/div>\n<\/div>\n<p><label><br \/>\n<span class=\"wpcf7-form-control-wrap\" data-name=\"your-message\"><textarea cols=\"40\" rows=\"10\" maxlength=\"2000\" class=\"wpcf7-form-control wpcf7-textarea\" aria-invalid=\"false\" placeholder=\"Pros\u00edm kontaktujte ma oh\u013eadom...\" name=\"your-message\"><\/textarea><\/span> <\/label>\n<\/p>\n<p><span class=\"wpcf7-form-control-wrap\" data-name=\"checkbox-597\"><span class=\"wpcf7-form-control wpcf7-checkbox wpcf7-validates-as-required\"><span class=\"wpcf7-list-item first last\"><input type=\"checkbox\" name=\"checkbox-597[]\" value=\"S\u00fahlas\u00edm so zpracovan\u00edm osobn\u00fdch \u00fadajov*\" \/><span class=\"wpcf7-list-item-label\">S\u00fahlas\u00edm so zpracovan\u00edm osobn\u00fdch \u00fadajov*<\/span><\/span><\/span><\/span>\n<\/p>\n<p><input class=\"wpcf7-form-control wpcf7-submit has-spinner\" type=\"submit\" value=\"Posla\u0165 po\u017eiadavku\" \/>\n<\/p>\n<p>*polo\u017eka je povinn\u00e1\n<\/p><div class=\"wpcf7-response-output\" aria-hidden=\"true\"><\/div>\n<\/form>\n<\/div>\n[\/vc_column][\/vc_row]<\/p>\n<\/div>","protected":false},"excerpt":{"rendered":"<p>[vc_row][vc_column][vc_column_text]N\u00edzkoenergetick\u00e1 stavba je budova, ktor\u00e1 spotrebov\u00e1va ve\u013emi mal\u00e9 mno\u017estvo energie na vykurovanie, chladenie a ohrev teplej vody. N\u00edzkoenergetick\u00e9 stavby s\u00fa navrhnut\u00e9 tak, aby vyu\u017e\u00edvali pr\u00edrodn\u00e9 zdroje tepla a chladu a aby minimalizovali tepeln\u00e9 straty prostredn\u00edctvom obvodov\u00e9ho pl\u00e1\u0161\u0165a budovy. N\u00edzkoenergetick\u00e9 stavby sa obvykle vyzna\u010duj\u00fa kvalitnou izol\u00e1ciou, \u00fa\u010dinn\u00fdmi okenicami, vetran\u00edm s rekuper\u00e1ciou tepla a vyu\u017eit\u00edm obnovite\u013en\u00fdch zdrojov [&hellip;]<\/p>\n","protected":false},"author":3,"featured_media":0,"parent":0,"menu_order":0,"comment_status":"closed","ping_status":"closed","template":"","meta":{"footnotes":""},"class_list":["post-12161","page","type-page","status-publish","hentry"],"yoast_head":"<!-- This site is optimized with the Yoast SEO plugin v27.4 - https:\/\/yoast.com\/product\/yoast-seo-wordpress\/ -->\n<title>N\u00edzkoenergetick\u00e1 stavba - Cedera<\/title>\n<meta name=\"robots\" content=\"index, follow, max-snippet:-1, max-image-preview:large, max-video-preview:-1\" \/>\n<link rel=\"canonical\" href=\"https:\/\/www.cedera-okna.sk\/sk\/nizkoenergeticka-stavba\/\" \/>\n<meta property=\"og:locale\" content=\"sk_SK\" \/>\n<meta property=\"og:type\" content=\"article\" \/>\n<meta property=\"og:title\" content=\"N\u00edzkoenergetick\u00e1 stavba - Cedera\" \/>\n<meta property=\"og:description\" content=\"[vc_row][vc_column][vc_column_text]N\u00edzkoenergetick\u00e1 stavba je budova, ktor\u00e1 spotrebov\u00e1va ve\u013emi mal\u00e9 mno\u017estvo energie na vykurovanie, chladenie a ohrev teplej vody. N\u00edzkoenergetick\u00e9 stavby s\u00fa navrhnut\u00e9 tak, aby vyu\u017e\u00edvali pr\u00edrodn\u00e9 zdroje tepla a chladu a aby minimalizovali tepeln\u00e9 straty prostredn\u00edctvom obvodov\u00e9ho pl\u00e1\u0161\u0165a budovy. N\u00edzkoenergetick\u00e9 stavby sa obvykle vyzna\u010duj\u00fa kvalitnou izol\u00e1ciou, \u00fa\u010dinn\u00fdmi okenicami, vetran\u00edm s rekuper\u00e1ciou tepla a vyu\u017eit\u00edm obnovite\u013en\u00fdch zdrojov [&hellip;]\" \/>\n<meta property=\"og:url\" content=\"https:\/\/www.cedera-okna.sk\/sk\/nizkoenergeticka-stavba\/\" \/>\n<meta property=\"og:site_name\" content=\"Cedera\" \/>\n<meta property=\"article:publisher\" content=\"https:\/\/www.facebook.com\/okna.cedera\/\" \/>\n<meta property=\"article:modified_time\" content=\"2023-01-14T16:51:00+00:00\" \/>\n<meta name=\"twitter:label1\" content=\"Predpokladan\u00fd \u010das \u010d\u00edtania\" \/>\n\t<meta name=\"twitter:data1\" content=\"1 min\u00fata\" \/>\n<!-- \/ Yoast SEO plugin. -->","yoast_head_json":{"title":"N\u00edzkoenergetick\u00e1 stavba - Cedera","robots":{"index":"index","follow":"follow","max-snippet":"max-snippet:-1","max-image-preview":"max-image-preview:large","max-video-preview":"max-video-preview:-1"},"canonical":"https:\/\/www.cedera-okna.sk\/sk\/nizkoenergeticka-stavba\/","og_locale":"sk_SK","og_type":"article","og_title":"N\u00edzkoenergetick\u00e1 stavba - Cedera","og_description":"[vc_row][vc_column][vc_column_text]N\u00edzkoenergetick\u00e1 stavba je budova, ktor\u00e1 spotrebov\u00e1va ve\u013emi mal\u00e9 mno\u017estvo energie na vykurovanie, chladenie a ohrev teplej vody. N\u00edzkoenergetick\u00e9 stavby s\u00fa navrhnut\u00e9 tak, aby vyu\u017e\u00edvali pr\u00edrodn\u00e9 zdroje tepla a chladu a aby minimalizovali tepeln\u00e9 straty prostredn\u00edctvom obvodov\u00e9ho pl\u00e1\u0161\u0165a budovy. N\u00edzkoenergetick\u00e9 stavby sa obvykle vyzna\u010duj\u00fa kvalitnou izol\u00e1ciou, \u00fa\u010dinn\u00fdmi okenicami, vetran\u00edm s rekuper\u00e1ciou tepla a vyu\u017eit\u00edm obnovite\u013en\u00fdch zdrojov [&hellip;]","og_url":"https:\/\/www.cedera-okna.sk\/sk\/nizkoenergeticka-stavba\/","og_site_name":"Cedera","article_publisher":"https:\/\/www.facebook.com\/okna.cedera\/","article_modified_time":"2023-01-14T16:51:00+00:00","twitter_misc":{"Predpokladan\u00fd \u010das \u010d\u00edtania":"1 min\u00fata"},"schema":{"@context":"https:\/\/schema.org","@graph":[{"@type":"WebPage","@id":"https:\/\/www.cedera-okna.sk\/sk\/nizkoenergeticka-stavba\/","url":"https:\/\/www.cedera-okna.sk\/sk\/nizkoenergeticka-stavba\/","name":"N\u00edzkoenergetick\u00e1 stavba - Cedera","isPartOf":{"@id":"https:\/\/www.cedera-okna.sk\/sk\/#website"},"datePublished":"2023-01-14T15:27:28+00:00","dateModified":"2023-01-14T16:51:00+00:00","breadcrumb":{"@id":"https:\/\/www.cedera-okna.sk\/sk\/nizkoenergeticka-stavba\/#breadcrumb"},"inLanguage":"sk-SK","potentialAction":[{"@type":"ReadAction","target":["https:\/\/www.cedera-okna.sk\/sk\/nizkoenergeticka-stavba\/"]}]},{"@type":"BreadcrumbList","@id":"https:\/\/www.cedera-okna.sk\/sk\/nizkoenergeticka-stavba\/#breadcrumb","itemListElement":[{"@type":"ListItem","position":1,"name":"Domovsk\u00e1 str\u00e1nka","item":"https:\/\/www.cedera-okna.sk\/sk\/"},{"@type":"ListItem","position":2,"name":"N\u00edzkoenergetick\u00e1 stavba"}]},{"@type":"WebSite","@id":"https:\/\/www.cedera-okna.sk\/sk\/#website","url":"https:\/\/www.cedera-okna.sk\/sk\/","name":"Cedera","description":"Plastov\u00e9 okn\u00e1 Bratislava","publisher":{"@id":"https:\/\/www.cedera-okna.sk\/sk\/#organization"},"potentialAction":[{"@type":"SearchAction","target":{"@type":"EntryPoint","urlTemplate":"https:\/\/www.cedera-okna.sk\/sk\/?s={search_term_string}"},"query-input":{"@type":"PropertyValueSpecification","valueRequired":true,"valueName":"search_term_string"}}],"inLanguage":"sk-SK"},{"@type":"Organization","@id":"https:\/\/www.cedera-okna.sk\/sk\/#organization","name":"CEDERA s.r.o.","url":"https:\/\/www.cedera-okna.sk\/sk\/","logo":{"@type":"ImageObject","inLanguage":"sk-SK","@id":"https:\/\/www.cedera-okna.sk\/sk\/#\/schema\/logo\/image\/","url":"https:\/\/www.cedera-okna.sk\/wp-content\/uploads\/2018\/10\/Cedera-logo.png","contentUrl":"https:\/\/www.cedera-okna.sk\/wp-content\/uploads\/2018\/10\/Cedera-logo.png","width":190,"height":66,"caption":"CEDERA s.r.o."},"image":{"@id":"https:\/\/www.cedera-okna.sk\/sk\/#\/schema\/logo\/image\/"},"sameAs":["https:\/\/www.facebook.com\/okna.cedera\/"]}]}},"_links":{"self":[{"href":"https:\/\/www.cedera-okna.sk\/sk\/wp-json\/wp\/v2\/pages\/12161","targetHints":{"allow":["GET"]}}],"collection":[{"href":"https:\/\/www.cedera-okna.sk\/sk\/wp-json\/wp\/v2\/pages"}],"about":[{"href":"https:\/\/www.cedera-okna.sk\/sk\/wp-json\/wp\/v2\/types\/page"}],"author":[{"embeddable":true,"href":"https:\/\/www.cedera-okna.sk\/sk\/wp-json\/wp\/v2\/users\/3"}],"replies":[{"embeddable":true,"href":"https:\/\/www.cedera-okna.sk\/sk\/wp-json\/wp\/v2\/comments?post=12161"}],"version-history":[{"count":3,"href":"https:\/\/www.cedera-okna.sk\/sk\/wp-json\/wp\/v2\/pages\/12161\/revisions"}],"predecessor-version":[{"id":12182,"href":"https:\/\/www.cedera-okna.sk\/sk\/wp-json\/wp\/v2\/pages\/12161\/revisions\/12182"}],"wp:attachment":[{"href":"https:\/\/www.cedera-okna.sk\/sk\/wp-json\/wp\/v2\/media?parent=12161"}],"curies":[{"name":"wp","href":"https:\/\/api.w.org\/{rel}","templated":true}]}}