{"id":12093,"date":"2022-12-30T18:19:41","date_gmt":"2022-12-30T17:19:41","guid":{"rendered":"http:\/\/cedera-okna.sk\/sk\/?page_id=12093"},"modified":"2025-11-29T13:03:10","modified_gmt":"2025-11-29T12:03:10","slug":"slovnik-pojmov","status":"publish","type":"page","link":"https:\/\/www.cedera-okna.sk\/sk\/slovnik-pojmov\/","title":{"rendered":"Slovn\u00edk pojmov"},"content":{"rendered":"<div class=\"wpb-content-wrapper\"><p>[vc_row][vc_column width=&#8221;1\/3&#8243;][vc_column_text css=&#8221;&#8221;]<\/p>\n<hr \/>\n<p><strong>A<\/strong><\/p>\n<hr \/>\n<p><strong>B<\/strong><\/p>\n<ul>\n<li><a href=\"https:\/\/www.cedera-okna.sk\/sk\/bezfalcove-dvere\/\">Bezfalcov\u00e9 dvere<\/a><\/li>\n<\/ul>\n<hr \/>\n<p><strong>C<\/strong><\/p>\n<hr \/>\n<p><strong>D<\/strong><\/p>\n<ul>\n<li>Dvojsklo<\/li>\n<\/ul>\n<hr \/>\n<p><strong>E<\/strong><\/p>\n<hr \/>\n<p><strong>F<\/strong><\/p>\n<ul>\n<li>Falcov\u00e9 dvere<\/li>\n<li><a href=\"https:\/\/www.cedera-okna.sk\/sk\/fixne-okna\/\">Fixn\u00e9 okn\u00e1<\/a><\/li>\n<\/ul>\n<hr \/>\n<p><strong>G<\/strong><\/p>\n<hr \/>\n<p><strong>H<\/strong><\/p>\n<ul>\n<li>Horizont\u00e1lne \u017eal\u00fazie<\/li>\n<\/ul>\n<hr \/>\n<p><strong>I<\/strong><\/p>\n<ul>\n<li>Izola\u010dn\u00e9 sklo<\/li>\n<\/ul>\n<p>[\/vc_column_text][\/vc_column][vc_column width=&#8221;1\/3&#8243;][vc_column_text css=&#8221;&#8221;]<\/p>\n<hr \/>\n<p><strong>J<\/strong><\/p>\n<hr \/>\n<p><strong>K<\/strong><\/p>\n<ul>\n<li><a href=\"http:\/\/cedera-okna.sk\/sk\/kovanie\/\">Kovanie<\/a><\/li>\n<li>\n<p class=\"page_title\"><a href=\"https:\/\/www.cedera-okna.sk\/sk\/klucky-na-okna\/\">K\u013eu\u010dky na okn\u00e1<\/a><\/p>\n<\/li>\n<\/ul>\n<hr \/>\n<p><strong>L<\/strong><\/p>\n<hr \/>\n<p><strong>M<\/strong><\/p>\n<ul>\n<li><a href=\"https:\/\/www.cedera-okna.sk\/sk\/markizy-balkonove-terasove-vysuvne\/\">Mark\u00edzy<\/a><\/li>\n<\/ul>\n<hr \/>\n<p><strong>N<\/strong><\/p>\n<ul>\n<li><a href=\"http:\/\/cedera-okna.sk\/sk\/nizkoenergeticka-stavba\/\">N\u00edzkoenergetick\u00e1 stavba<\/a><\/li>\n<\/ul>\n<hr \/>\n<p><strong>O<\/strong><\/p>\n<hr \/>\n<p><strong>P<\/strong><\/p>\n<ul>\n<li><a href=\"https:\/\/www.cedera-okna.sk\/sk\/parapetne-dosky-vnutorne-vonkajsie\/\">Parapetn\u00e9 dosky<\/a><\/li>\n<li><a href=\"https:\/\/www.cedera-okna.sk\/sk\/parapety-vnutorne\/\">Parapety vn\u00fatorn\u00e9<\/a><\/li>\n<li><a href=\"https:\/\/www.cedera-okna.sk\/sk\/parapety-vonkajsie\/\">Parapety vonkaj\u0161ie<\/a><\/li>\n<\/ul>\n<hr \/>\n<p><strong>Q<\/strong><\/p>\n<hr \/>\n<p><strong>R<\/strong><\/p>\n<ul>\n<li><a href=\"http:\/\/cedera-okna.sk\/sk\/ram-okna\/\">R\u00e1m okna<\/a><\/li>\n<li><a href=\"http:\/\/cedera-okna.sk\/sk\/rosny-bod\/\">Rosn\u00fd bod<\/a><\/li>\n<li><a href=\"http:\/\/cedera-okna.sk\/sk\/utlm-vonkajsieho-hluku-rw\/\">Rw &#8211; \u00datlm vonkaj\u0161ieho hluku<\/a><\/li>\n<\/ul>\n<p>[\/vc_column_text][\/vc_column][vc_column width=&#8221;1\/3&#8243;][vc_column_text css=&#8221;&#8221;]<\/p>\n<hr \/>\n<p><strong>S<\/strong><\/p>\n<ul>\n<li><a href=\"https:\/\/www.cedera-okna.sk\/sk\/skryte-kovanie\/\">Skryt\u00e9 kovanie<\/a><\/li>\n<\/ul>\n<hr \/>\n<p><strong>T<\/strong><\/p>\n<ul>\n<li><a href=\"https:\/\/www.cedera-okna.sk\/sk\/teply-parapet\/\">Tepl\u00fd parapet<\/a><\/li>\n<li><a href=\"https:\/\/www.cedera-okna.sk\/sk\/eurookna-trojsklo\/\">Trojsklo<\/a><\/li>\n<\/ul>\n<hr \/>\n<p><strong>U<\/strong><\/p>\n<ul>\n<li><a href=\"http:\/\/cedera-okna.sk\/sk\/index-prestupu-tepla-cez-ram-okna-uf\/\">Uf &#8211; index prestupu tepla cez r\u00e1m okna<\/a><\/li>\n<li><a href=\"http:\/\/cedera-okna.sk\/sk\/index-prestupu-tepla-cez-izolacne-sklo-ug\/\">Ug &#8211; index prestupu tepla cez izola\u010dn\u00e9 sklo<\/a><\/li>\n<li><a href=\"http:\/\/cedera-okna.sk\/sk\/index-prestupu-tepla-cez-okno-uw\/\">Uw &#8211; index prestupu tepla cez okno<\/a><\/li>\n<\/ul>\n<hr \/>\n<p><strong>V<\/strong><\/p>\n<ul>\n<li>Vertik\u00e1lne \u017eal\u00fazie<\/li>\n<li><a href=\"https:\/\/www.cedera-okna.sk\/sk\/vonkajsie-exterierove-zaluzie-hlinikove\/\">Vonkaj\u0161ie \u017eal\u00fazie<\/a><\/li>\n<\/ul>\n<hr \/>\n<p><strong>W<\/strong><\/p>\n<hr \/>\n<p><strong>X<\/strong><\/p>\n<hr \/>\n<p><strong>Y<\/strong><\/p>\n<hr \/>\n<p><strong>Z<\/strong>[\/vc_column_text][\/vc_column][\/vc_row]<\/p>\n<\/div>","protected":false},"excerpt":{"rendered":"<p>[vc_row][vc_column width=&#8221;1\/3&#8243;][vc_column_text css=&#8221;&#8221;] A B Bezfalcov\u00e9 dvere C D Dvojsklo E F Falcov\u00e9 dvere Fixn\u00e9 okn\u00e1 G H Horizont\u00e1lne \u017eal\u00fazie I Izola\u010dn\u00e9 sklo [\/vc_column_text][\/vc_column][vc_column width=&#8221;1\/3&#8243;][vc_column_text css=&#8221;&#8221;] J K Kovanie K\u013eu\u010dky na okn\u00e1 L M Mark\u00edzy N N\u00edzkoenergetick\u00e1 stavba O P Parapetn\u00e9 dosky Parapety vn\u00fatorn\u00e9 Parapety vonkaj\u0161ie Q R R\u00e1m okna Rosn\u00fd bod Rw &#8211; \u00datlm [&hellip;]<\/p>\n","protected":false},"author":3,"featured_media":0,"parent":0,"menu_order":0,"comment_status":"closed","ping_status":"closed","template":"","meta":{"footnotes":""},"class_list":["post-12093","page","type-page","status-publish","hentry"],"yoast_head":"<!-- This site is optimized with the Yoast SEO plugin v27.4 - https:\/\/yoast.com\/product\/yoast-seo-wordpress\/ -->\n<title>Slovn\u00edk pojmov pre okn\u00e1 a dvere | Cedera<\/title>\n<meta name=\"description\" content=\"Slovn\u00edk pojmov, ktor\u00e9 s\u00favisia s oknami a dverami. Naj\u010dastej\u0161ie pojmy, ktor\u00e9 potrebujete pozna\u0165 pri v\u00fdbere okien a dver\u00ed.\" \/>\n<meta name=\"robots\" content=\"index, follow, max-snippet:-1, max-image-preview:large, max-video-preview:-1\" \/>\n<link rel=\"canonical\" href=\"https:\/\/www.cedera-okna.sk\/sk\/slovnik-pojmov\/\" \/>\n<meta property=\"og:locale\" content=\"sk_SK\" \/>\n<meta property=\"og:type\" content=\"article\" \/>\n<meta property=\"og:title\" content=\"Slovn\u00edk pojmov pre okn\u00e1 a dvere | Cedera\" \/>\n<meta property=\"og:description\" content=\"Slovn\u00edk pojmov, ktor\u00e9 s\u00favisia s oknami a dverami. Naj\u010dastej\u0161ie pojmy, ktor\u00e9 potrebujete pozna\u0165 pri v\u00fdbere okien a dver\u00ed.\" \/>\n<meta property=\"og:url\" content=\"https:\/\/www.cedera-okna.sk\/sk\/slovnik-pojmov\/\" \/>\n<meta property=\"og:site_name\" content=\"Cedera\" \/>\n<meta property=\"article:publisher\" content=\"https:\/\/www.facebook.com\/okna.cedera\/\" \/>\n<meta property=\"article:modified_time\" content=\"2025-11-29T12:03:10+00:00\" \/>\n<meta name=\"twitter:label1\" content=\"Predpokladan\u00fd \u010das \u010d\u00edtania\" \/>\n\t<meta name=\"twitter:data1\" content=\"1 min\u00fata\" \/>\n<!-- \/ Yoast SEO plugin. -->","yoast_head_json":{"title":"Slovn\u00edk pojmov pre okn\u00e1 a dvere | Cedera","description":"Slovn\u00edk pojmov, ktor\u00e9 s\u00favisia s oknami a dverami. Naj\u010dastej\u0161ie pojmy, ktor\u00e9 potrebujete pozna\u0165 pri v\u00fdbere okien a dver\u00ed.","robots":{"index":"index","follow":"follow","max-snippet":"max-snippet:-1","max-image-preview":"max-image-preview:large","max-video-preview":"max-video-preview:-1"},"canonical":"https:\/\/www.cedera-okna.sk\/sk\/slovnik-pojmov\/","og_locale":"sk_SK","og_type":"article","og_title":"Slovn\u00edk pojmov pre okn\u00e1 a dvere | Cedera","og_description":"Slovn\u00edk pojmov, ktor\u00e9 s\u00favisia s oknami a dverami. Naj\u010dastej\u0161ie pojmy, ktor\u00e9 potrebujete pozna\u0165 pri v\u00fdbere okien a dver\u00ed.","og_url":"https:\/\/www.cedera-okna.sk\/sk\/slovnik-pojmov\/","og_site_name":"Cedera","article_publisher":"https:\/\/www.facebook.com\/okna.cedera\/","article_modified_time":"2025-11-29T12:03:10+00:00","twitter_misc":{"Predpokladan\u00fd \u010das \u010d\u00edtania":"1 min\u00fata"},"schema":{"@context":"https:\/\/schema.org","@graph":[{"@type":"WebPage","@id":"https:\/\/www.cedera-okna.sk\/sk\/slovnik-pojmov\/","url":"https:\/\/www.cedera-okna.sk\/sk\/slovnik-pojmov\/","name":"Slovn\u00edk pojmov pre okn\u00e1 a dvere | Cedera","isPartOf":{"@id":"https:\/\/www.cedera-okna.sk\/sk\/#website"},"datePublished":"2022-12-30T17:19:41+00:00","dateModified":"2025-11-29T12:03:10+00:00","description":"Slovn\u00edk pojmov, ktor\u00e9 s\u00favisia s oknami a dverami. Naj\u010dastej\u0161ie pojmy, ktor\u00e9 potrebujete pozna\u0165 pri v\u00fdbere okien a dver\u00ed.","breadcrumb":{"@id":"https:\/\/www.cedera-okna.sk\/sk\/slovnik-pojmov\/#breadcrumb"},"inLanguage":"sk-SK","potentialAction":[{"@type":"ReadAction","target":["https:\/\/www.cedera-okna.sk\/sk\/slovnik-pojmov\/"]}]},{"@type":"BreadcrumbList","@id":"https:\/\/www.cedera-okna.sk\/sk\/slovnik-pojmov\/#breadcrumb","itemListElement":[{"@type":"ListItem","position":1,"name":"Domovsk\u00e1 str\u00e1nka","item":"https:\/\/www.cedera-okna.sk\/sk\/"},{"@type":"ListItem","position":2,"name":"Slovn\u00edk pojmov"}]},{"@type":"WebSite","@id":"https:\/\/www.cedera-okna.sk\/sk\/#website","url":"https:\/\/www.cedera-okna.sk\/sk\/","name":"Cedera","description":"Plastov\u00e9 okn\u00e1 Bratislava","publisher":{"@id":"https:\/\/www.cedera-okna.sk\/sk\/#organization"},"potentialAction":[{"@type":"SearchAction","target":{"@type":"EntryPoint","urlTemplate":"https:\/\/www.cedera-okna.sk\/sk\/?s={search_term_string}"},"query-input":{"@type":"PropertyValueSpecification","valueRequired":true,"valueName":"search_term_string"}}],"inLanguage":"sk-SK"},{"@type":"Organization","@id":"https:\/\/www.cedera-okna.sk\/sk\/#organization","name":"CEDERA s.r.o.","url":"https:\/\/www.cedera-okna.sk\/sk\/","logo":{"@type":"ImageObject","inLanguage":"sk-SK","@id":"https:\/\/www.cedera-okna.sk\/sk\/#\/schema\/logo\/image\/","url":"https:\/\/www.cedera-okna.sk\/wp-content\/uploads\/2018\/10\/Cedera-logo.png","contentUrl":"https:\/\/www.cedera-okna.sk\/wp-content\/uploads\/2018\/10\/Cedera-logo.png","width":190,"height":66,"caption":"CEDERA s.r.o."},"image":{"@id":"https:\/\/www.cedera-okna.sk\/sk\/#\/schema\/logo\/image\/"},"sameAs":["https:\/\/www.facebook.com\/okna.cedera\/"]}]}},"_links":{"self":[{"href":"https:\/\/www.cedera-okna.sk\/sk\/wp-json\/wp\/v2\/pages\/12093","targetHints":{"allow":["GET"]}}],"collection":[{"href":"https:\/\/www.cedera-okna.sk\/sk\/wp-json\/wp\/v2\/pages"}],"about":[{"href":"https:\/\/www.cedera-okna.sk\/sk\/wp-json\/wp\/v2\/types\/page"}],"author":[{"embeddable":true,"href":"https:\/\/www.cedera-okna.sk\/sk\/wp-json\/wp\/v2\/users\/3"}],"replies":[{"embeddable":true,"href":"https:\/\/www.cedera-okna.sk\/sk\/wp-json\/wp\/v2\/comments?post=12093"}],"version-history":[{"count":18,"href":"https:\/\/www.cedera-okna.sk\/sk\/wp-json\/wp\/v2\/pages\/12093\/revisions"}],"predecessor-version":[{"id":32748,"href":"https:\/\/www.cedera-okna.sk\/sk\/wp-json\/wp\/v2\/pages\/12093\/revisions\/32748"}],"wp:attachment":[{"href":"https:\/\/www.cedera-okna.sk\/sk\/wp-json\/wp\/v2\/media?parent=12093"}],"curies":[{"name":"wp","href":"https:\/\/api.w.org\/{rel}","templated":true}]}}