{"id":118,"date":"2011-10-27T11:09:46","date_gmt":"2011-10-27T09:09:46","guid":{"rendered":"http:\/\/cedera-okna.sk\/index.php\/ako-vymenime-vase-okna\/"},"modified":"2026-02-15T12:38:54","modified_gmt":"2026-02-15T11:38:54","slug":"proces-montaz-plastovych-okien","status":"publish","type":"page","link":"https:\/\/www.cedera-okna.sk\/sk\/proces-montaz-plastovych-okien\/","title":{"rendered":"Ako prebieha mont\u00e1\u017e okien krok za krokom"},"content":{"rendered":"<div class=\"wpb-content-wrapper\"><p>[vc_row][vc_column][vc_column_text css=&#8221;&#8221;]<img decoding=\"async\" style=\"float: right; margin-left: 30px; margin-right: 30px;\" src=\"https:\/\/cedera-okna.sk\/images\/web\/install%20mounting%20rail@.jpg\" alt=\"mont\u00e1\u017e plastov\u00fdch okien a eurookien\" width=\"294\" height=\"198\" border=\"0\" \/>Proces mont\u00e1\u017ee <a href=\"https:\/\/www.cedera-okna.sk\/sk\/plastove-okna-bratislava\/\">plastov\u00fdch<\/a>, <a href=\"https:\/\/www.cedera-okna.sk\/sk\/eurookna-drevene-okna\/\">dreven\u00fdch<\/a>, <a href=\"https:\/\/www.cedera-okna.sk\/sk\/drevohlinikove-okna\/\">drevohlin\u00edkov\u00fdch<\/a> alebo hlin\u00edkov\u00fdch okien pozost\u00e1va z nieko\u013ek\u00fdch et\u00e1p. Po\u010fme si uk\u00e1za\u0165 ako to prebieha.<\/p>\n<h2>Ako prebieha mont\u00e1\u017e okien:<\/h2>\n<ol>\n<li>Pr\u00edprava pred zameran\u00edm okien<\/li>\n<li>Zameranie okien<\/li>\n<li>Pr\u00edprava priestoru pred mont\u00e1\u017eou okien<\/li>\n<li>Vlastn\u00e1 mont\u00e1\u017e okien<\/li>\n<li>\u010cistenie a upratovanie po mont\u00e1\u017ei<\/li>\n<\/ol>\n<h3>Pred zameran\u00edm okien<\/h3>\n<ul>\n<li>pr\u00edtomnos\u0165 objedn\u00e1vate\u013ea je nevyhnutn\u00e1<\/li>\n<li>premyslie\u0165\u00a0\u010dlenenie okien\u00a0a ich otv\u00e1ranie<\/li>\n<li>umo\u017eni\u0165 pr\u00edstup k otvorom pr\u00edpadne k okn\u00e1m<\/li>\n<li>stanovi\u0165 tzv. &#8220;nulov\u00fd bod&#8221; (novostavby)<\/li>\n<\/ul>\n<h3>Pr\u00edprava priestoru pred mont\u00e1\u017eou okien<\/h3>\n<ul>\n<li>zabezpe\u010di\u0165 pr\u00edstup k otvorom<\/li>\n<li>vytvori\u0165 dostato\u010dn\u00fd priestor pre mont\u00e1\u017e<\/li>\n<li>zabezpe\u010di\u0165 dostupnos\u0165 elektrickej energie a vody<\/li>\n<li>ochr\u00e1ni\u0165 okolit\u00fd priestor proti ne\u010distot\u00e1m a prachu<\/li>\n<\/ul>\n<h3><img decoding=\"async\" style=\"float: right; margin-left: 30px; margin-right: 30px;\" src=\"https:\/\/cedera-okna.sk\/images\/web\/window-installation@.jpg\" alt=\"mont\u00e1\u017e okien, plastov\u00e9 ookn\u00e1, eurookn\u00e1, \" border=\"0\" \/>Priebeh vlastnej mont\u00e1\u017ee okien a dver\u00ed<\/h3>\n<ul>\n<li>odmontovanie star\u00fdch dreven\u00fdch, alebo plastov\u00fdch okien<\/li>\n<li>pr\u00edprava stavebn\u00fdch otvorov, vykonanie za\u010distenia, potrebn\u00e9ho na osadenie nov\u00fdch\u00a0<a href=\"\/sk\/plastove-okna-salamander\/\">plastov\u00fdch<\/a>, alebo\u00a0<a href=\"\/sk\/eurookna-drevene-okna\/\">dreven\u00fdch okien<\/a><\/li>\n<li>osadenie r\u00e1mu okna\u00a0a jeho zaistenie v \u017eiadanej polohe<\/li>\n<li>ukotvenie r\u00e1mov do ostenia skrutkami a mont\u00e1\u017enymi kotvami<\/li>\n<li>spevnenie\u00a0uchytenia r\u00e1mov okien\u00a0mont\u00e1\u017enou penou a utesnenie mont\u00e1\u017enych \u0161p\u00e1r<\/li>\n<li>nalepenie paropriepustn\u00fdch p\u00e1sok (volite\u013en\u00e9)<\/li>\n<li>mont\u00e1\u017e vonkaj\u0161\u00edch a vn\u00fatorn\u00fdch parapetov<\/li>\n<li>osadenie okenn\u00fdch kr\u00eddel<\/li>\n<li>mur\u00e1rske pr\u00e1ce<\/li>\n<li>o\u010distenie a presn\u00e9 nastavenie okien, kovan\u00ed<\/li>\n<li>mont\u00e1\u017e pr\u00edpadn\u00fdch doplnkov (siete, \u017eal\u00fazie, rolety at\u010f.)<\/li>\n<li>upratanie priestoru okolo okien<\/li>\n<li>odvoz a ekologick\u00e1 likvid\u00e1cia star\u00fdch\u00a0okien<\/li>\n<li>pozrite sa ako prebieha <a href=\"https:\/\/www.cedera-okna.sk\/sk\/montaz-plastovych-okien-krok-za-krokom\/\">mont\u00e1\u017e plastov\u00fdch okien krok za krokom<\/a> na fotk\u00e1ch z realiz\u00e1cie<\/li>\n<\/ul>\n<h3>Po mont\u00e1\u017ei okien<\/h3>\n<ul>\n<li>v\u010das odstr\u00e1ni\u0165 ochrann\u00e9 p\u00e1sky a f\u00f3lie z v\u00fdrobkov (max. do 10 t\u00fd\u017ed\u0148ov)<\/li>\n<li>ochr\u00e1ni\u0165 v\u00fdrobky proti zne\u010disteniu a po\u0161kodeniu v pr\u00edpade \u010fal\u0161\u00edch stavebn\u00fdch pr\u00e1c<\/li>\n<\/ul>\n<p>[\/vc_column_text][\/vc_column][\/vc_row][vc_row css=&#8221;.vc_custom_1476802816345{margin-top: 50px !important;}&#8221;][vc_column][vc_column_text css=&#8221;&#8221;]<\/p>\n<h2 style=\"text-align: center;\">M\u00e1te z\u00e1ujem o mont\u00e1\u017e okien alebo potrebujete poradi\u0165? Vypl\u0148te formul\u00e1r ni\u017e\u0161ie a ozveme sa v\u00e1m do 24 hod\u00edn.<\/h2>\n<p>[\/vc_column_text]\n<div class=\"wpcf7 no-js\" id=\"wpcf7-f2486-o1\" lang=\"sk-SK\" dir=\"ltr\" data-wpcf7-id=\"2486\">\n<div class=\"screen-reader-response\"><p role=\"status\" aria-live=\"polite\" aria-atomic=\"true\"><\/p> <ul><\/ul><\/div>\n<form action=\"\/sk\/wp-json\/wp\/v2\/pages\/118#wpcf7-f2486-o1\" method=\"post\" class=\"wpcf7-form init\" aria-label=\"Kontaktn\u00fd formul\u00e1r\" novalidate=\"novalidate\" data-status=\"init\">\n<fieldset class=\"hidden-fields-container\"><input type=\"hidden\" name=\"_wpcf7\" value=\"2486\" \/><input type=\"hidden\" name=\"_wpcf7_version\" value=\"6.1.5\" \/><input type=\"hidden\" name=\"_wpcf7_locale\" value=\"sk_SK\" \/><input type=\"hidden\" name=\"_wpcf7_unit_tag\" value=\"wpcf7-f2486-o1\" \/><input type=\"hidden\" name=\"_wpcf7_container_post\" value=\"0\" \/><input type=\"hidden\" name=\"_wpcf7_posted_data_hash\" value=\"\" \/><input type=\"hidden\" name=\"_wpcf7_recaptcha_response\" value=\"\" \/>\n<\/fieldset>\n<p><label><br \/>\n<span class=\"wpcf7-form-control-wrap\" data-name=\"your-name\"><input size=\"40\" maxlength=\"400\" class=\"wpcf7-form-control wpcf7-text wpcf7-validates-as-required\" aria-required=\"true\" aria-invalid=\"false\" placeholder=\"Meno*\" value=\"\" type=\"text\" name=\"your-name\" \/><\/span> <\/label>\n<\/p>\n<div class=\"sc_form_info columns_wrap\">\n\t<div class=\"sc_form_item sc_form_field label_over column-1_2\">\n\t\t<p><label><br \/>\n<span class=\"wpcf7-form-control-wrap\" data-name=\"your-telefon\"><input size=\"40\" maxlength=\"400\" class=\"wpcf7-form-control wpcf7-tel wpcf7-validates-as-required wpcf7-text wpcf7-validates-as-tel\" aria-required=\"true\" aria-invalid=\"false\" placeholder=\"Telef\u00f3n*\" value=\"\" type=\"tel\" name=\"your-telefon\" \/><\/span> <\/label>\n\t\t<\/p>\n\t<\/div>\n\t<div class=\"sc_form_item sc_form_field label_over column-1_2 pading0\">\n\t\t<p><label><br \/>\n<span class=\"wpcf7-form-control-wrap\" data-name=\"your-email\"><input size=\"40\" maxlength=\"400\" class=\"wpcf7-form-control wpcf7-email wpcf7-validates-as-required wpcf7-text wpcf7-validates-as-email\" aria-required=\"true\" aria-invalid=\"false\" placeholder=\"E-mail*\" value=\"\" type=\"email\" name=\"your-email\" \/><\/span><\/label>\n\t\t<\/p>\n\t<\/div>\n<\/div>\n<p><label><br \/>\n<span class=\"wpcf7-form-control-wrap\" data-name=\"your-message\"><textarea cols=\"40\" rows=\"10\" maxlength=\"2000\" class=\"wpcf7-form-control wpcf7-textarea\" aria-invalid=\"false\" placeholder=\"Pros\u00edm kontaktujte ma oh\u013eadom...\" name=\"your-message\"><\/textarea><\/span> <\/label>\n<\/p>\n<p><span class=\"wpcf7-form-control-wrap\" data-name=\"checkbox-597\"><span class=\"wpcf7-form-control wpcf7-checkbox wpcf7-validates-as-required\"><span class=\"wpcf7-list-item first last\"><input type=\"checkbox\" name=\"checkbox-597[]\" value=\"S\u00fahlas\u00edm so zpracovan\u00edm osobn\u00fdch \u00fadajov*\" \/><span class=\"wpcf7-list-item-label\">S\u00fahlas\u00edm so zpracovan\u00edm osobn\u00fdch \u00fadajov*<\/span><\/span><\/span><\/span>\n<\/p>\n<p><input class=\"wpcf7-form-control wpcf7-submit has-spinner\" type=\"submit\" value=\"Posla\u0165 po\u017eiadavku\" \/>\n<\/p>\n<p>*polo\u017eka je povinn\u00e1\n<\/p><div class=\"wpcf7-response-output\" aria-hidden=\"true\"><\/div>\n<\/form>\n<\/div>\n[\/vc_column][\/vc_row]<\/p>\n<\/div>","protected":false},"excerpt":{"rendered":"<p>[vc_row][vc_column][vc_column_text css=&#8221;&#8221;]Proces mont\u00e1\u017ee plastov\u00fdch, dreven\u00fdch, drevohlin\u00edkov\u00fdch alebo hlin\u00edkov\u00fdch okien pozost\u00e1va z nieko\u013ek\u00fdch et\u00e1p. Po\u010fme si uk\u00e1za\u0165 ako to prebieha. Ako prebieha mont\u00e1\u017e okien: Pr\u00edprava pred zameran\u00edm okien Zameranie okien Pr\u00edprava priestoru pred mont\u00e1\u017eou okien Vlastn\u00e1 mont\u00e1\u017e okien \u010cistenie a upratovanie po mont\u00e1\u017ei Pred zameran\u00edm okien pr\u00edtomnos\u0165 objedn\u00e1vate\u013ea je nevyhnutn\u00e1 premyslie\u0165\u00a0\u010dlenenie okien\u00a0a ich otv\u00e1ranie umo\u017eni\u0165 pr\u00edstup [&hellip;]<\/p>\n","protected":false},"author":3,"featured_media":0,"parent":0,"menu_order":45,"comment_status":"closed","ping_status":"closed","template":"","meta":{"footnotes":""},"class_list":["post-118","page","type-page","status-publish","hentry"],"yoast_head":"<!-- This site is optimized with the Yoast SEO plugin v27.4 - https:\/\/yoast.com\/product\/yoast-seo-wordpress\/ -->\n<title>Mont\u00e1\u017e okien | Ako prebieha mont\u00e1\u017e okien krok za krokom | Cedera<\/title>\n<meta name=\"description\" content=\"Viete, ako prebieha mont\u00e1\u017e okien? Na\u0161i experti v\u00e1m prezradia, ktor\u00fdmi etapami mus\u00ed prejs\u0165 \u00faspe\u0161n\u00e1 v\u00fdmena alebo mont\u00e1\u017e nov\u00fdch okien.\" \/>\n<meta name=\"robots\" content=\"index, follow, max-snippet:-1, max-image-preview:large, max-video-preview:-1\" \/>\n<link rel=\"canonical\" href=\"https:\/\/www.cedera-okna.sk\/sk\/proces-montaz-plastovych-okien\/\" \/>\n<meta property=\"og:locale\" content=\"sk_SK\" \/>\n<meta property=\"og:type\" content=\"article\" \/>\n<meta property=\"og:title\" content=\"Mont\u00e1\u017e okien | Ako prebieha mont\u00e1\u017e okien krok za krokom | Cedera\" \/>\n<meta property=\"og:description\" content=\"Viete, ako prebieha mont\u00e1\u017e okien? Na\u0161i experti v\u00e1m prezradia, ktor\u00fdmi etapami mus\u00ed prejs\u0165 \u00faspe\u0161n\u00e1 v\u00fdmena alebo mont\u00e1\u017e nov\u00fdch okien.\" \/>\n<meta property=\"og:url\" content=\"https:\/\/www.cedera-okna.sk\/sk\/proces-montaz-plastovych-okien\/\" \/>\n<meta property=\"og:site_name\" content=\"Cedera\" \/>\n<meta property=\"article:publisher\" content=\"https:\/\/www.facebook.com\/okna.cedera\/\" \/>\n<meta property=\"article:modified_time\" content=\"2026-02-15T11:38:54+00:00\" \/>\n<meta property=\"og:image\" content=\"https:\/\/cedera-okna.sk\/images\/web\/install%20mounting%20rail@.jpg\" \/>\n<meta name=\"twitter:label1\" content=\"Predpokladan\u00fd \u010das \u010d\u00edtania\" \/>\n\t<meta name=\"twitter:data1\" content=\"2 min\u00faty\" \/>\n<!-- \/ Yoast SEO plugin. -->","yoast_head_json":{"title":"Mont\u00e1\u017e okien | Ako prebieha mont\u00e1\u017e okien krok za krokom | Cedera","description":"Viete, ako prebieha mont\u00e1\u017e okien? Na\u0161i experti v\u00e1m prezradia, ktor\u00fdmi etapami mus\u00ed prejs\u0165 \u00faspe\u0161n\u00e1 v\u00fdmena alebo mont\u00e1\u017e nov\u00fdch okien.","robots":{"index":"index","follow":"follow","max-snippet":"max-snippet:-1","max-image-preview":"max-image-preview:large","max-video-preview":"max-video-preview:-1"},"canonical":"https:\/\/www.cedera-okna.sk\/sk\/proces-montaz-plastovych-okien\/","og_locale":"sk_SK","og_type":"article","og_title":"Mont\u00e1\u017e okien | Ako prebieha mont\u00e1\u017e okien krok za krokom | Cedera","og_description":"Viete, ako prebieha mont\u00e1\u017e okien? Na\u0161i experti v\u00e1m prezradia, ktor\u00fdmi etapami mus\u00ed prejs\u0165 \u00faspe\u0161n\u00e1 v\u00fdmena alebo mont\u00e1\u017e nov\u00fdch okien.","og_url":"https:\/\/www.cedera-okna.sk\/sk\/proces-montaz-plastovych-okien\/","og_site_name":"Cedera","article_publisher":"https:\/\/www.facebook.com\/okna.cedera\/","article_modified_time":"2026-02-15T11:38:54+00:00","og_image":[{"url":"https:\/\/cedera-okna.sk\/images\/web\/install%20mounting%20rail@.jpg","type":"","width":"","height":""}],"twitter_misc":{"Predpokladan\u00fd \u010das \u010d\u00edtania":"2 min\u00faty"},"schema":{"@context":"https:\/\/schema.org","@graph":[{"@type":"WebPage","@id":"https:\/\/www.cedera-okna.sk\/sk\/proces-montaz-plastovych-okien\/","url":"https:\/\/www.cedera-okna.sk\/sk\/proces-montaz-plastovych-okien\/","name":"Mont\u00e1\u017e okien | Ako prebieha mont\u00e1\u017e okien krok za krokom | Cedera","isPartOf":{"@id":"https:\/\/www.cedera-okna.sk\/sk\/#website"},"primaryImageOfPage":{"@id":"https:\/\/www.cedera-okna.sk\/sk\/proces-montaz-plastovych-okien\/#primaryimage"},"image":{"@id":"https:\/\/www.cedera-okna.sk\/sk\/proces-montaz-plastovych-okien\/#primaryimage"},"thumbnailUrl":"https:\/\/cedera-okna.sk\/images\/web\/install%20mounting%20rail@.jpg","datePublished":"2011-10-27T09:09:46+00:00","dateModified":"2026-02-15T11:38:54+00:00","description":"Viete, ako prebieha mont\u00e1\u017e okien? Na\u0161i experti v\u00e1m prezradia, ktor\u00fdmi etapami mus\u00ed prejs\u0165 \u00faspe\u0161n\u00e1 v\u00fdmena alebo mont\u00e1\u017e nov\u00fdch okien.","breadcrumb":{"@id":"https:\/\/www.cedera-okna.sk\/sk\/proces-montaz-plastovych-okien\/#breadcrumb"},"inLanguage":"sk-SK","potentialAction":[{"@type":"ReadAction","target":["https:\/\/www.cedera-okna.sk\/sk\/proces-montaz-plastovych-okien\/"]}]},{"@type":"ImageObject","inLanguage":"sk-SK","@id":"https:\/\/www.cedera-okna.sk\/sk\/proces-montaz-plastovych-okien\/#primaryimage","url":"https:\/\/cedera-okna.sk\/images\/web\/install%20mounting%20rail@.jpg","contentUrl":"https:\/\/cedera-okna.sk\/images\/web\/install%20mounting%20rail@.jpg"},{"@type":"BreadcrumbList","@id":"https:\/\/www.cedera-okna.sk\/sk\/proces-montaz-plastovych-okien\/#breadcrumb","itemListElement":[{"@type":"ListItem","position":1,"name":"Domovsk\u00e1 str\u00e1nka","item":"https:\/\/www.cedera-okna.sk\/sk\/"},{"@type":"ListItem","position":2,"name":"Ako prebieha mont\u00e1\u017e okien krok za krokom"}]},{"@type":"WebSite","@id":"https:\/\/www.cedera-okna.sk\/sk\/#website","url":"https:\/\/www.cedera-okna.sk\/sk\/","name":"Cedera","description":"Plastov\u00e9 okn\u00e1 Bratislava","publisher":{"@id":"https:\/\/www.cedera-okna.sk\/sk\/#organization"},"potentialAction":[{"@type":"SearchAction","target":{"@type":"EntryPoint","urlTemplate":"https:\/\/www.cedera-okna.sk\/sk\/?s={search_term_string}"},"query-input":{"@type":"PropertyValueSpecification","valueRequired":true,"valueName":"search_term_string"}}],"inLanguage":"sk-SK"},{"@type":"Organization","@id":"https:\/\/www.cedera-okna.sk\/sk\/#organization","name":"CEDERA s.r.o.","url":"https:\/\/www.cedera-okna.sk\/sk\/","logo":{"@type":"ImageObject","inLanguage":"sk-SK","@id":"https:\/\/www.cedera-okna.sk\/sk\/#\/schema\/logo\/image\/","url":"https:\/\/www.cedera-okna.sk\/wp-content\/uploads\/2018\/10\/Cedera-logo.png","contentUrl":"https:\/\/www.cedera-okna.sk\/wp-content\/uploads\/2018\/10\/Cedera-logo.png","width":190,"height":66,"caption":"CEDERA s.r.o."},"image":{"@id":"https:\/\/www.cedera-okna.sk\/sk\/#\/schema\/logo\/image\/"},"sameAs":["https:\/\/www.facebook.com\/okna.cedera\/"]}]}},"_links":{"self":[{"href":"https:\/\/www.cedera-okna.sk\/sk\/wp-json\/wp\/v2\/pages\/118","targetHints":{"allow":["GET"]}}],"collection":[{"href":"https:\/\/www.cedera-okna.sk\/sk\/wp-json\/wp\/v2\/pages"}],"about":[{"href":"https:\/\/www.cedera-okna.sk\/sk\/wp-json\/wp\/v2\/types\/page"}],"author":[{"embeddable":true,"href":"https:\/\/www.cedera-okna.sk\/sk\/wp-json\/wp\/v2\/users\/3"}],"replies":[{"embeddable":true,"href":"https:\/\/www.cedera-okna.sk\/sk\/wp-json\/wp\/v2\/comments?post=118"}],"version-history":[{"count":9,"href":"https:\/\/www.cedera-okna.sk\/sk\/wp-json\/wp\/v2\/pages\/118\/revisions"}],"predecessor-version":[{"id":33584,"href":"https:\/\/www.cedera-okna.sk\/sk\/wp-json\/wp\/v2\/pages\/118\/revisions\/33584"}],"wp:attachment":[{"href":"https:\/\/www.cedera-okna.sk\/sk\/wp-json\/wp\/v2\/media?parent=118"}],"curies":[{"name":"wp","href":"https:\/\/api.w.org\/{rel}","templated":true}]}}