{"id":2411,"date":"2011-10-27T11:06:09","date_gmt":"2011-10-27T09:06:09","guid":{"rendered":"http:\/\/cedera-okna.sk\/index.php\/cedera-dienste-fuer-ihre-zufriedenheit\/"},"modified":"2011-10-27T11:06:09","modified_gmt":"2011-10-27T09:06:09","slug":"cedera-dienste-fuer-ihre-zufriedenheit","status":"publish","type":"page","link":"https:\/\/www.cedera-okna.sk\/de\/cedera-dienste-fuer-ihre-zufriedenheit\/","title":{"rendered":"Cedera \u2013 Dienste f\u00fcr Ihre Zufriedenheit"},"content":{"rendered":"<p>Zu unseren Dienstleistungen geh\u00f6rt nat\u00fcrlich eine kompetente Fachberatung.<\/p>\n<p>Wir helfen Ihnen bei der Auswahl der Fenster und Zubeh\u00f6r und verhindern damit eine Auswahl an inkompatiblen Teilen.<br \/>\nSehr gerne werden wir f\u00fcr Sie ein passendes Preisangebot ausarbeiten.<\/p>\n<p>Nach der Absprache mit Ihnen kommt unserer Techniker zu Ihnen, um die Fenster und die T\u00fcren zu vermessen.<br \/>\nWir k\u00f6nnen von Ihnen bestellte Fenster und T\u00fcren im Falle der sp\u00e4teren Abnahme bei uns lagern.<\/p>\n<p>Der Transport, die professionelle Montage und die Einstellung der Fenster und T\u00fcren ist eine Selbstverst\u00e4ndlichkeit.<br \/>\nWir bieten dem Kunden nicht nur die h\u00f6chste Qualit\u00e4t unserer Produkten an, sondern auch eine professionelle Montage, die von fachgeschulten Monteuren durchgef\u00fchrt wird.<\/p>\n<p>Nat\u00fcrlich erhalten Sie bei uns ein komplettes Garantie \u2013 und Nachgarantieservice der Fenster, T\u00fcren und des Zubeh\u00f6rs.<\/p>\n","protected":false},"excerpt":{"rendered":"<p>Zu unseren Dienstleistungen geh\u00f6rt nat\u00fcrlich eine kompetente Fachberatung. Wir helfen Ihnen bei der Auswahl der Fenster und Zubeh\u00f6r und verhindern damit eine Auswahl an inkompatiblen Teilen. Sehr gerne werden wir f\u00fcr Sie ein passendes Preisangebot ausarbeiten. Nach der Absprache mit Ihnen kommt unserer Techniker zu Ihnen, um die Fenster und die T\u00fcren zu vermessen. Wir [&hellip;]<\/p>\n","protected":false},"author":3,"featured_media":0,"parent":0,"menu_order":31,"comment_status":"closed","ping_status":"closed","template":"","meta":{"footnotes":""},"class_list":["post-2411","page","type-page","status-publish","hentry"],"yoast_head":"<!-- This site is optimized with the Yoast SEO plugin v27.4 - https:\/\/yoast.com\/product\/yoast-seo-wordpress\/ -->\n<title>Cedera \u2013 Dienste f\u00fcr Ihre Zufriedenheit - Cedera<\/title>\n<meta name=\"robots\" content=\"index, follow, max-snippet:-1, max-image-preview:large, max-video-preview:-1\" \/>\n<link rel=\"canonical\" href=\"https:\/\/www.cedera-okna.sk\/de\/cedera-dienste-fuer-ihre-zufriedenheit\/\" \/>\n<meta property=\"og:locale\" content=\"de_DE\" \/>\n<meta property=\"og:type\" content=\"article\" \/>\n<meta property=\"og:title\" content=\"Cedera \u2013 Dienste f\u00fcr Ihre Zufriedenheit - Cedera\" \/>\n<meta property=\"og:description\" content=\"Zu unseren Dienstleistungen geh\u00f6rt nat\u00fcrlich eine kompetente Fachberatung. Wir helfen Ihnen bei der Auswahl der Fenster und Zubeh\u00f6r und verhindern damit eine Auswahl an inkompatiblen Teilen. Sehr gerne werden wir f\u00fcr Sie ein passendes Preisangebot ausarbeiten. Nach der Absprache mit Ihnen kommt unserer Techniker zu Ihnen, um die Fenster und die T\u00fcren zu vermessen. Wir [&hellip;]\" \/>\n<meta property=\"og:url\" content=\"https:\/\/www.cedera-okna.sk\/de\/cedera-dienste-fuer-ihre-zufriedenheit\/\" \/>\n<meta property=\"og:site_name\" content=\"Cedera\" \/>\n<meta property=\"article:publisher\" content=\"https:\/\/www.facebook.com\/okna.cedera\/\" \/>\n<meta name=\"twitter:label1\" content=\"Est. reading time\" \/>\n\t<meta name=\"twitter:data1\" content=\"1 minute\" \/>\n<!-- \/ Yoast SEO plugin. -->","yoast_head_json":{"title":"Cedera \u2013 Dienste f\u00fcr Ihre Zufriedenheit - Cedera","robots":{"index":"index","follow":"follow","max-snippet":"max-snippet:-1","max-image-preview":"max-image-preview:large","max-video-preview":"max-video-preview:-1"},"canonical":"https:\/\/www.cedera-okna.sk\/de\/cedera-dienste-fuer-ihre-zufriedenheit\/","og_locale":"de_DE","og_type":"article","og_title":"Cedera \u2013 Dienste f\u00fcr Ihre Zufriedenheit - Cedera","og_description":"Zu unseren Dienstleistungen geh\u00f6rt nat\u00fcrlich eine kompetente Fachberatung. Wir helfen Ihnen bei der Auswahl der Fenster und Zubeh\u00f6r und verhindern damit eine Auswahl an inkompatiblen Teilen. Sehr gerne werden wir f\u00fcr Sie ein passendes Preisangebot ausarbeiten. Nach der Absprache mit Ihnen kommt unserer Techniker zu Ihnen, um die Fenster und die T\u00fcren zu vermessen. Wir [&hellip;]","og_url":"https:\/\/www.cedera-okna.sk\/de\/cedera-dienste-fuer-ihre-zufriedenheit\/","og_site_name":"Cedera","article_publisher":"https:\/\/www.facebook.com\/okna.cedera\/","twitter_misc":{"Est. reading time":"1 minute"},"schema":{"@context":"https:\/\/schema.org","@graph":[{"@type":"WebPage","@id":"https:\/\/www.cedera-okna.sk\/de\/cedera-dienste-fuer-ihre-zufriedenheit\/","url":"https:\/\/www.cedera-okna.sk\/de\/cedera-dienste-fuer-ihre-zufriedenheit\/","name":"Cedera \u2013 Dienste f\u00fcr Ihre Zufriedenheit - Cedera","isPartOf":{"@id":"https:\/\/www.cedera-okna.sk\/sk\/#website"},"datePublished":"2011-10-27T09:06:09+00:00","breadcrumb":{"@id":"https:\/\/www.cedera-okna.sk\/de\/cedera-dienste-fuer-ihre-zufriedenheit\/#breadcrumb"},"inLanguage":"de-DE","potentialAction":[{"@type":"ReadAction","target":["https:\/\/www.cedera-okna.sk\/de\/cedera-dienste-fuer-ihre-zufriedenheit\/"]}]},{"@type":"BreadcrumbList","@id":"https:\/\/www.cedera-okna.sk\/de\/cedera-dienste-fuer-ihre-zufriedenheit\/#breadcrumb","itemListElement":[{"@type":"ListItem","position":1,"name":"Domovsk\u00e1 str\u00e1nka","item":"https:\/\/www.cedera-okna.sk\/de\/"},{"@type":"ListItem","position":2,"name":"Cedera \u2013 Dienste f\u00fcr Ihre Zufriedenheit"}]},{"@type":"WebSite","@id":"https:\/\/www.cedera-okna.sk\/sk\/#website","url":"https:\/\/www.cedera-okna.sk\/sk\/","name":"Cedera","description":"Plastov\u00e9 okn\u00e1 Bratislava","publisher":{"@id":"https:\/\/www.cedera-okna.sk\/sk\/#organization"},"potentialAction":[{"@type":"SearchAction","target":{"@type":"EntryPoint","urlTemplate":"https:\/\/www.cedera-okna.sk\/sk\/?s={search_term_string}"},"query-input":{"@type":"PropertyValueSpecification","valueRequired":true,"valueName":"search_term_string"}}],"inLanguage":"de-DE"},{"@type":"Organization","@id":"https:\/\/www.cedera-okna.sk\/sk\/#organization","name":"CEDERA s.r.o.","url":"https:\/\/www.cedera-okna.sk\/sk\/","logo":{"@type":"ImageObject","inLanguage":"de-DE","@id":"https:\/\/www.cedera-okna.sk\/sk\/#\/schema\/logo\/image\/","url":"https:\/\/www.cedera-okna.sk\/wp-content\/uploads\/2018\/10\/Cedera-logo.png","contentUrl":"https:\/\/www.cedera-okna.sk\/wp-content\/uploads\/2018\/10\/Cedera-logo.png","width":190,"height":66,"caption":"CEDERA s.r.o."},"image":{"@id":"https:\/\/www.cedera-okna.sk\/sk\/#\/schema\/logo\/image\/"},"sameAs":["https:\/\/www.facebook.com\/okna.cedera\/"]}]}},"_links":{"self":[{"href":"https:\/\/www.cedera-okna.sk\/de\/wp-json\/wp\/v2\/pages\/2411","targetHints":{"allow":["GET"]}}],"collection":[{"href":"https:\/\/www.cedera-okna.sk\/de\/wp-json\/wp\/v2\/pages"}],"about":[{"href":"https:\/\/www.cedera-okna.sk\/de\/wp-json\/wp\/v2\/types\/page"}],"author":[{"embeddable":true,"href":"https:\/\/www.cedera-okna.sk\/de\/wp-json\/wp\/v2\/users\/3"}],"replies":[{"embeddable":true,"href":"https:\/\/www.cedera-okna.sk\/de\/wp-json\/wp\/v2\/comments?post=2411"}],"version-history":[{"count":0,"href":"https:\/\/www.cedera-okna.sk\/de\/wp-json\/wp\/v2\/pages\/2411\/revisions"}],"wp:attachment":[{"href":"https:\/\/www.cedera-okna.sk\/de\/wp-json\/wp\/v2\/media?parent=2411"}],"curies":[{"name":"wp","href":"https:\/\/api.w.org\/{rel}","templated":true}]}}