{"id":174,"date":"2011-10-27T10:22:37","date_gmt":"2011-10-27T08:22:37","guid":{"rendered":"http:\/\/cedera-okna.sk\/index.php\/rollaeden\/"},"modified":"2016-08-24T14:57:26","modified_gmt":"2016-08-24T12:57:26","slug":"rollaeden","status":"publish","type":"page","link":"https:\/\/www.cedera-okna.sk\/de\/zubehoer\/rollaeden\/","title":{"rendered":"Die Roll\u00e4den"},"content":{"rendered":"<h2><\/h2>\n<h2><img decoding=\"async\" style=\"float: right; margin-left: 30px; margin-right: 30px;\" src=\"http:\/\/cedera-okna.sk\/images\/web\/rolety-2@.jpg\" alt=\"plastov\u00e9 okn\u00e1, eurookn\u00e1\" width=\"172\" height=\"127\" border=\"0\" \/><\/h2>\n<h2>Roll\u00e4den \u00fcber dem Fenster<\/h2>\n<p>Der Lamellenkasten von diesen Roll\u00e4den ist elegant \u00fcber dem Fenster gesetzt und man kann ihn teilweise oder vollst\u00e4ndig verputzen, so dass man ihn letztendlich \u00fcberhaupt nicht sieht. Der Vorteil dieses Systems ist, dass die Roll\u00e4den gleichzeitig mit Fenstern eingebaut werden und man muss also keine L\u00f6cher in Fensterrahmen bohren. Ein weiterer Vorteil ist, dass dieses System auch f\u00fcr Altbau geeignet ist da es leicht einzubauen ist.<\/p>\n<h2><img decoding=\"async\" class=\" alignright size-full wp-image-63\" style=\"float: right; margin-right: 30px; margin-left: 30px;\" src=\"http:\/\/cedera-okna.sk\/wp-content\/uploads\/2011\/10\/default_big.jpg\" alt=\"doplnky, rolety, plastov\u00e9 okn\u00e1\" width=\"172\" height=\"127\" border=\"0\" \/><\/h2>\n<h2>Roll\u00e4den \u00fcber dem Fenster<\/h2>\n<p>Der Lamellenkasten von diesen Roll\u00e4den ist elegant \u00fcber dem Fenster gesetzt und man kann ihn teilweise oder vollst\u00e4ndig verputzen, so dass man ihn letztendlich \u00fcberhaupt nicht sieht. Der Vorteil dieses Systems ist, dass die Roll\u00e4den gleichzeitig mit Fenstern eingebaut werden und man muss also keine L\u00f6cher in Fensterrahmen bohren. Ein weiterer Vorteil ist, dass dieses System auch f\u00fcr Altbau geeignet ist da es leicht einzubauen ist.<\/p>\n<h2><img decoding=\"async\" class=\" alignright size-full wp-image-64\" style=\"float: right; margin-right: 30px; margin-left: 30px;\" src=\"http:\/\/cedera-okna.sk\/wp-content\/uploads\/2011\/10\/podomietka01_big-1.jpg\" alt=\"plastov\u00e9 okn\u00e1, rolety\" width=\"172\" height=\"127\" border=\"0\" \/><\/h2>\n<h2>Verdeckte Roll\u00e4den<\/h2>\n<p>Verdeckte Roll\u00e4den bieten das perfekte Aussehen und tolle Funktionalit\u00e4t. Aus unserer Sicht ist es die beste L\u00f6sung beim Bau eines Hauses. Dieses System muss aber schon in den Baupl\u00e4nen ber\u00fccksichtigt sein, da man f\u00fcr die Rolladenk\u00e4sten einen Freiraum \u00fcber den Fenster\u00f6ffnungen ben\u00f6tigt.<\/p>\n<h2>Roll\u00e4den vor dem Fenster<\/h2>\n<h2><img decoding=\"async\" class=\" alignright size-full wp-image-65\" style=\"float: right; margin-left: 30px; margin-right: 30px;\" src=\"http:\/\/cedera-okna.sk\/wp-content\/uploads\/2011\/10\/alrolety11_big-1.jpg\" alt=\"plastov\u00e9 okn\u00e1, eurookn\u00e1, doplnky\" width=\"172\" height=\"127\" border=\"0\" \/><\/h2>\n<p>Diese Roll\u00e4den bestehen aus einem Rolladenpanzer, Kasten und F\u00fchrungsleisten. Der Rolladenpanzer ist ein Lamellenkomplex, der mit dem Polyurethan-Schaum gef\u00fcllt ist. Diese Roll\u00e4den existieren in vielen RAL-Farben oder als Holzimitat. Die Aluminium-F\u00fchrungsleisten werden in das Rahmen oder in das Gew\u00e4nde eingebaut und werden in verschiedenen Formen geliefert um dan perfekten Einbau zu gew\u00e4hren. Der Rolladenkasten ist aus einem gewalzten Aluminium hergestellt und wird in drei Gr\u00f6\u00dfen geliefert, abh\u00e4ngig von der H\u00f6he der Roll\u00e4den. Die \u00fcbliche Erg\u00e4nzung der Roll\u00e4den ist heutzutage auch eine Elektrobedienung mit der M\u00f6glichkeit der Gruppenbedienung einzelnen Roll\u00e4den und mit der Zentralbedienung, bzw. man kann es auch auf eine Wetterstation anschlie\u00dfen.<\/p>\n<p>&nbsp;<\/p>\n","protected":false},"excerpt":{"rendered":"<p>Roll\u00e4den \u00fcber dem Fenster Der Lamellenkasten von diesen Roll\u00e4den ist elegant \u00fcber dem Fenster gesetzt und man kann ihn teilweise oder vollst\u00e4ndig verputzen, so dass man ihn letztendlich \u00fcberhaupt nicht sieht. Der Vorteil dieses Systems ist, dass die Roll\u00e4den gleichzeitig mit Fenstern eingebaut werden und man muss also keine L\u00f6cher in Fensterrahmen bohren. Ein weiterer [&hellip;]<\/p>\n","protected":false},"author":3,"featured_media":172,"parent":177,"menu_order":23,"comment_status":"closed","ping_status":"closed","template":"","meta":{"footnotes":""},"class_list":["post-174","page","type-page","status-publish","has-post-thumbnail","hentry"],"yoast_head":"<!-- This site is optimized with the Yoast SEO plugin v27.5 - https:\/\/yoast.com\/product\/yoast-seo-wordpress\/ -->\n<title>Die Roll\u00e4den - Cedera<\/title>\n<meta name=\"robots\" content=\"index, follow, max-snippet:-1, max-image-preview:large, max-video-preview:-1\" \/>\n<link rel=\"canonical\" href=\"https:\/\/www.cedera-okna.sk\/de\/zubehoer\/rollaeden\/\" \/>\n<meta property=\"og:locale\" content=\"de_DE\" \/>\n<meta property=\"og:type\" content=\"article\" \/>\n<meta property=\"og:title\" content=\"Die Roll\u00e4den - Cedera\" \/>\n<meta property=\"og:description\" content=\"Roll\u00e4den \u00fcber dem Fenster Der Lamellenkasten von diesen Roll\u00e4den ist elegant \u00fcber dem Fenster gesetzt und man kann ihn teilweise oder vollst\u00e4ndig verputzen, so dass man ihn letztendlich \u00fcberhaupt nicht sieht. Der Vorteil dieses Systems ist, dass die Roll\u00e4den gleichzeitig mit Fenstern eingebaut werden und man muss also keine L\u00f6cher in Fensterrahmen bohren. Ein weiterer [&hellip;]\" \/>\n<meta property=\"og:url\" content=\"https:\/\/www.cedera-okna.sk\/de\/zubehoer\/rollaeden\/\" \/>\n<meta property=\"og:site_name\" content=\"Cedera\" \/>\n<meta property=\"article:publisher\" content=\"https:\/\/www.facebook.com\/okna.cedera\/\" \/>\n<meta property=\"article:modified_time\" content=\"2016-08-24T12:57:26+00:00\" \/>\n<meta property=\"og:image\" content=\"https:\/\/www.cedera-okna.sk\/wp-content\/uploads\/2011\/10\/rolety-2@-1.jpg\" \/>\n\t<meta property=\"og:image:width\" content=\"172\" \/>\n\t<meta property=\"og:image:height\" content=\"127\" \/>\n\t<meta property=\"og:image:type\" content=\"image\/jpeg\" \/>\n<meta name=\"twitter:label1\" content=\"Est. reading time\" \/>\n\t<meta name=\"twitter:data1\" content=\"2 minutes\" \/>\n<!-- \/ Yoast SEO plugin. -->","yoast_head_json":{"title":"Die Roll\u00e4den - Cedera","robots":{"index":"index","follow":"follow","max-snippet":"max-snippet:-1","max-image-preview":"max-image-preview:large","max-video-preview":"max-video-preview:-1"},"canonical":"https:\/\/www.cedera-okna.sk\/de\/zubehoer\/rollaeden\/","og_locale":"de_DE","og_type":"article","og_title":"Die Roll\u00e4den - Cedera","og_description":"Roll\u00e4den \u00fcber dem Fenster Der Lamellenkasten von diesen Roll\u00e4den ist elegant \u00fcber dem Fenster gesetzt und man kann ihn teilweise oder vollst\u00e4ndig verputzen, so dass man ihn letztendlich \u00fcberhaupt nicht sieht. Der Vorteil dieses Systems ist, dass die Roll\u00e4den gleichzeitig mit Fenstern eingebaut werden und man muss also keine L\u00f6cher in Fensterrahmen bohren. Ein weiterer [&hellip;]","og_url":"https:\/\/www.cedera-okna.sk\/de\/zubehoer\/rollaeden\/","og_site_name":"Cedera","article_publisher":"https:\/\/www.facebook.com\/okna.cedera\/","article_modified_time":"2016-08-24T12:57:26+00:00","og_image":[{"width":172,"height":127,"url":"https:\/\/www.cedera-okna.sk\/wp-content\/uploads\/2011\/10\/rolety-2@-1.jpg","type":"image\/jpeg"}],"twitter_misc":{"Est. reading time":"2 minutes"},"schema":{"@context":"https:\/\/schema.org","@graph":[{"@type":"WebPage","@id":"https:\/\/www.cedera-okna.sk\/de\/zubehoer\/rollaeden\/","url":"https:\/\/www.cedera-okna.sk\/de\/zubehoer\/rollaeden\/","name":"Die Roll\u00e4den - Cedera","isPartOf":{"@id":"https:\/\/www.cedera-okna.sk\/sk\/#website"},"primaryImageOfPage":{"@id":"https:\/\/www.cedera-okna.sk\/de\/zubehoer\/rollaeden\/#primaryimage"},"image":{"@id":"https:\/\/www.cedera-okna.sk\/de\/zubehoer\/rollaeden\/#primaryimage"},"thumbnailUrl":"https:\/\/www.cedera-okna.sk\/wp-content\/uploads\/2011\/10\/rolety-2@-1.jpg","datePublished":"2011-10-27T08:22:37+00:00","dateModified":"2016-08-24T12:57:26+00:00","breadcrumb":{"@id":"https:\/\/www.cedera-okna.sk\/de\/zubehoer\/rollaeden\/#breadcrumb"},"inLanguage":"de-DE","potentialAction":[{"@type":"ReadAction","target":["https:\/\/www.cedera-okna.sk\/de\/zubehoer\/rollaeden\/"]}]},{"@type":"ImageObject","inLanguage":"de-DE","@id":"https:\/\/www.cedera-okna.sk\/de\/zubehoer\/rollaeden\/#primaryimage","url":"https:\/\/www.cedera-okna.sk\/wp-content\/uploads\/2011\/10\/rolety-2@-1.jpg","contentUrl":"https:\/\/www.cedera-okna.sk\/wp-content\/uploads\/2011\/10\/rolety-2@-1.jpg","width":172,"height":127,"caption":"plastov\u00e9 okn\u00e1, eurookn\u00e1"},{"@type":"BreadcrumbList","@id":"https:\/\/www.cedera-okna.sk\/de\/zubehoer\/rollaeden\/#breadcrumb","itemListElement":[{"@type":"ListItem","position":1,"name":"Domovsk\u00e1 str\u00e1nka","item":"https:\/\/www.cedera-okna.sk\/de\/"},{"@type":"ListItem","position":2,"name":"Gro\u00dfe Auswahl an Zubeh\u00f6r","item":"https:\/\/www.cedera-okna.sk\/de\/zubehoer\/"},{"@type":"ListItem","position":3,"name":"Die Roll\u00e4den"}]},{"@type":"WebSite","@id":"https:\/\/www.cedera-okna.sk\/sk\/#website","url":"https:\/\/www.cedera-okna.sk\/sk\/","name":"Cedera","description":"Plastov\u00e9 okn\u00e1 Bratislava","publisher":{"@id":"https:\/\/www.cedera-okna.sk\/sk\/#organization"},"potentialAction":[{"@type":"SearchAction","target":{"@type":"EntryPoint","urlTemplate":"https:\/\/www.cedera-okna.sk\/sk\/?s={search_term_string}"},"query-input":{"@type":"PropertyValueSpecification","valueRequired":true,"valueName":"search_term_string"}}],"inLanguage":"de-DE"},{"@type":"Organization","@id":"https:\/\/www.cedera-okna.sk\/sk\/#organization","name":"CEDERA s.r.o.","url":"https:\/\/www.cedera-okna.sk\/sk\/","logo":{"@type":"ImageObject","inLanguage":"de-DE","@id":"https:\/\/www.cedera-okna.sk\/sk\/#\/schema\/logo\/image\/","url":"https:\/\/www.cedera-okna.sk\/wp-content\/uploads\/2018\/10\/Cedera-logo.png","contentUrl":"https:\/\/www.cedera-okna.sk\/wp-content\/uploads\/2018\/10\/Cedera-logo.png","width":190,"height":66,"caption":"CEDERA s.r.o."},"image":{"@id":"https:\/\/www.cedera-okna.sk\/sk\/#\/schema\/logo\/image\/"},"sameAs":["https:\/\/www.facebook.com\/okna.cedera\/"]}]}},"_links":{"self":[{"href":"https:\/\/www.cedera-okna.sk\/de\/wp-json\/wp\/v2\/pages\/174","targetHints":{"allow":["GET"]}}],"collection":[{"href":"https:\/\/www.cedera-okna.sk\/de\/wp-json\/wp\/v2\/pages"}],"about":[{"href":"https:\/\/www.cedera-okna.sk\/de\/wp-json\/wp\/v2\/types\/page"}],"author":[{"embeddable":true,"href":"https:\/\/www.cedera-okna.sk\/de\/wp-json\/wp\/v2\/users\/3"}],"replies":[{"embeddable":true,"href":"https:\/\/www.cedera-okna.sk\/de\/wp-json\/wp\/v2\/comments?post=174"}],"version-history":[{"count":3,"href":"https:\/\/www.cedera-okna.sk\/de\/wp-json\/wp\/v2\/pages\/174\/revisions"}],"predecessor-version":[{"id":2835,"href":"https:\/\/www.cedera-okna.sk\/de\/wp-json\/wp\/v2\/pages\/174\/revisions\/2835"}],"up":[{"embeddable":true,"href":"https:\/\/www.cedera-okna.sk\/de\/wp-json\/wp\/v2\/pages\/177"}],"wp:featuredmedia":[{"embeddable":true,"href":"https:\/\/www.cedera-okna.sk\/de\/wp-json\/wp\/v2\/media\/172"}],"wp:attachment":[{"href":"https:\/\/www.cedera-okna.sk\/de\/wp-json\/wp\/v2\/media?parent=174"}],"curies":[{"name":"wp","href":"https:\/\/api.w.org\/{rel}","templated":true}]}}