{"id":169,"date":"2011-10-27T10:49:40","date_gmt":"2011-10-27T08:49:40","guid":{"rendered":"http:\/\/cedera-okna.sk\/index.php\/garagentore-nach-ihrem-wunsch\/"},"modified":"2016-08-23T19:06:28","modified_gmt":"2016-08-23T17:06:28","slug":"garagentore-nach-ihrem-wunsch","status":"publish","type":"page","link":"https:\/\/www.cedera-okna.sk\/de\/garagentore-nach-ihrem-wunsch\/","title":{"rendered":"Garagentore nach Ihrem Wunsch"},"content":{"rendered":"<div class=\"wpb-content-wrapper\"><p>[vc_row][vc_column width=&#8221;2\/3&#8243;][vc_column_text]Sektionalgaragentore als Exterieur- Element des Hauses sind verschiedenen Wetterbedingungen ausgesetzt und deshalb werden sie aus hochwertigem Material hergestellt. Perfekt verarbeitet bieten sie einen H\u00f6chstma\u00df am Komfort und Zuverl\u00e4ssigkeit der Bedienung und aller Funktionen.<\/p>\n<p>Alle Tore erf\u00fcllen die allgemeinen Anforderungen der Festigkeit und Sicherheit<br \/>\nLamellen der Garagentoren von Firma Krispol sind so konstruiert, dass das Einzwicken der Finger nicht m\u00f6glich ist, was besonders\u00a0<strong>bei Kleinkinder ein rie\u00dfiger Vorteil ist!<\/strong><br \/>\nWenn das Tor beim Schlie\u00dfen auf ein Hindernis sto\u00dft, es stoppt automatisch. Das Tor erhebt sich so, dass man das Hindernis entfernen kann.<\/p>\n<p>Die Oberfl\u00e4che ist qualitativ hochwertig verarbeitet und hat besondere Haltbarkeit, Widerstand bei mechanischen Besch\u00e4digungen und UV-Strahlung.<\/p>\n<p>Der Nutzer wird die komfortable Bedienung des Tores besonders sch\u00e4tzen. Das Tor kann aus der Ferne bedient werden. Dadurch wird ein bequemes \u00d6ffnen und Schlie\u00dfen direkt aus dem Auto versichert.<\/p>\n<p>Wir bieten eine gro\u00dfe Auswahl am Design, die man an die Fensterarten und Farben abstimmen kann.<\/p>\n<p>Die Oberfl\u00e4chenbearbeitung imitiert die Struktur des Holzes, dadurch erh\u00e4lt jedes Garagentor ein einzigartiges Aussehen. Bei der Wahl eines Garagentores hat jeder Kunde eine andere Vorstellung. Einer bevorzugt eine sch\u00f6ne Form des Garagentores, Anderer favorisiert eine einfache Bedienung, W\u00e4rmeisolation oder Einbruchschutz.[\/vc_column_text][\/vc_column][vc_column width=&#8221;1\/3&#8243;][vc_column_text]<img decoding=\"async\" class=\" size-full wp-image-168\" src=\"http:\/\/cedera-okna.sk\/wp-content\/uploads\/2011\/10\/vyklopne_garazove_brany%40.jpg\" alt=\"doplnky, gar\u00e1\u017eov\u00e9 br\u00e1ny\" width=\"220\" height=\"275\" align=\"texttop\" border=\"0\" hspace=\"25\" \/><\/p>\n<p><img decoding=\"async\" class=\" size-full wp-image-111\" src=\"http:\/\/cedera-okna.sk\/wp-content\/uploads\/2011\/10\/sekcionalne_garazove_brany2-1.jpg\" alt=\"gar\u00e1\u017eov\u00e9 br\u00e1ny, doplnky\" width=\"220\" height=\"127\" border=\"0\" hspace=\"25\" \/>[\/vc_column_text][\/vc_column][\/vc_row]<\/p>\n<\/div>","protected":false},"excerpt":{"rendered":"<p>[vc_row][vc_column width=&#8221;2\/3&#8243;][vc_column_text]Sektionalgaragentore als Exterieur- Element des Hauses sind verschiedenen Wetterbedingungen ausgesetzt und deshalb werden sie aus hochwertigem Material hergestellt. Perfekt verarbeitet bieten sie einen H\u00f6chstma\u00df am Komfort und Zuverl\u00e4ssigkeit der Bedienung und aller Funktionen. Alle Tore erf\u00fcllen die allgemeinen Anforderungen der Festigkeit und Sicherheit Lamellen der Garagentoren von Firma Krispol sind so konstruiert, dass das [&hellip;]<\/p>\n","protected":false},"author":3,"featured_media":2406,"parent":0,"menu_order":25,"comment_status":"closed","ping_status":"closed","template":"","meta":{"footnotes":""},"class_list":["post-169","page","type-page","status-publish","has-post-thumbnail","hentry"],"yoast_head":"<!-- This site is optimized with the Yoast SEO plugin v27.4 - https:\/\/yoast.com\/product\/yoast-seo-wordpress\/ -->\n<title>Garagentore nach Ihrem Wunsch - Cedera<\/title>\n<meta name=\"robots\" content=\"index, follow, max-snippet:-1, max-image-preview:large, max-video-preview:-1\" \/>\n<link rel=\"canonical\" href=\"https:\/\/www.cedera-okna.sk\/de\/garagentore-nach-ihrem-wunsch\/\" \/>\n<meta property=\"og:locale\" content=\"de_DE\" \/>\n<meta property=\"og:type\" content=\"article\" \/>\n<meta property=\"og:title\" content=\"Garagentore nach Ihrem Wunsch - Cedera\" \/>\n<meta property=\"og:description\" content=\"[vc_row][vc_column width=&#8221;2\/3&#8243;][vc_column_text]Sektionalgaragentore als Exterieur- Element des Hauses sind verschiedenen Wetterbedingungen ausgesetzt und deshalb werden sie aus hochwertigem Material hergestellt. Perfekt verarbeitet bieten sie einen H\u00f6chstma\u00df am Komfort und Zuverl\u00e4ssigkeit der Bedienung und aller Funktionen. Alle Tore erf\u00fcllen die allgemeinen Anforderungen der Festigkeit und Sicherheit Lamellen der Garagentoren von Firma Krispol sind so konstruiert, dass das [&hellip;]\" \/>\n<meta property=\"og:url\" content=\"https:\/\/www.cedera-okna.sk\/de\/garagentore-nach-ihrem-wunsch\/\" \/>\n<meta property=\"og:site_name\" content=\"Cedera\" \/>\n<meta property=\"article:publisher\" content=\"https:\/\/www.facebook.com\/okna.cedera\/\" \/>\n<meta property=\"article:modified_time\" content=\"2016-08-23T17:06:28+00:00\" \/>\n<meta property=\"og:image\" content=\"https:\/\/www.cedera-okna.sk\/wp-content\/uploads\/2011\/10\/vyklopne_garazove_brany@-1.jpg\" \/>\n\t<meta property=\"og:image:width\" content=\"220\" \/>\n\t<meta property=\"og:image:height\" content=\"275\" \/>\n\t<meta property=\"og:image:type\" content=\"image\/jpeg\" \/>\n<meta name=\"twitter:label1\" content=\"Est. reading time\" \/>\n\t<meta name=\"twitter:data1\" content=\"1 minute\" \/>\n<!-- \/ Yoast SEO plugin. -->","yoast_head_json":{"title":"Garagentore nach Ihrem Wunsch - Cedera","robots":{"index":"index","follow":"follow","max-snippet":"max-snippet:-1","max-image-preview":"max-image-preview:large","max-video-preview":"max-video-preview:-1"},"canonical":"https:\/\/www.cedera-okna.sk\/de\/garagentore-nach-ihrem-wunsch\/","og_locale":"de_DE","og_type":"article","og_title":"Garagentore nach Ihrem Wunsch - Cedera","og_description":"[vc_row][vc_column width=&#8221;2\/3&#8243;][vc_column_text]Sektionalgaragentore als Exterieur- Element des Hauses sind verschiedenen Wetterbedingungen ausgesetzt und deshalb werden sie aus hochwertigem Material hergestellt. Perfekt verarbeitet bieten sie einen H\u00f6chstma\u00df am Komfort und Zuverl\u00e4ssigkeit der Bedienung und aller Funktionen. Alle Tore erf\u00fcllen die allgemeinen Anforderungen der Festigkeit und Sicherheit Lamellen der Garagentoren von Firma Krispol sind so konstruiert, dass das [&hellip;]","og_url":"https:\/\/www.cedera-okna.sk\/de\/garagentore-nach-ihrem-wunsch\/","og_site_name":"Cedera","article_publisher":"https:\/\/www.facebook.com\/okna.cedera\/","article_modified_time":"2016-08-23T17:06:28+00:00","og_image":[{"width":220,"height":275,"url":"https:\/\/www.cedera-okna.sk\/wp-content\/uploads\/2011\/10\/vyklopne_garazove_brany@-1.jpg","type":"image\/jpeg"}],"twitter_misc":{"Est. reading time":"1 minute"},"schema":{"@context":"https:\/\/schema.org","@graph":[{"@type":"WebPage","@id":"https:\/\/www.cedera-okna.sk\/de\/garagentore-nach-ihrem-wunsch\/","url":"https:\/\/www.cedera-okna.sk\/de\/garagentore-nach-ihrem-wunsch\/","name":"Garagentore nach Ihrem Wunsch - Cedera","isPartOf":{"@id":"https:\/\/www.cedera-okna.sk\/sk\/#website"},"primaryImageOfPage":{"@id":"https:\/\/www.cedera-okna.sk\/de\/garagentore-nach-ihrem-wunsch\/#primaryimage"},"image":{"@id":"https:\/\/www.cedera-okna.sk\/de\/garagentore-nach-ihrem-wunsch\/#primaryimage"},"thumbnailUrl":"https:\/\/www.cedera-okna.sk\/wp-content\/uploads\/2011\/10\/vyklopne_garazove_brany@-1.jpg","datePublished":"2011-10-27T08:49:40+00:00","dateModified":"2016-08-23T17:06:28+00:00","breadcrumb":{"@id":"https:\/\/www.cedera-okna.sk\/de\/garagentore-nach-ihrem-wunsch\/#breadcrumb"},"inLanguage":"de-DE","potentialAction":[{"@type":"ReadAction","target":["https:\/\/www.cedera-okna.sk\/de\/garagentore-nach-ihrem-wunsch\/"]}]},{"@type":"ImageObject","inLanguage":"de-DE","@id":"https:\/\/www.cedera-okna.sk\/de\/garagentore-nach-ihrem-wunsch\/#primaryimage","url":"https:\/\/www.cedera-okna.sk\/wp-content\/uploads\/2011\/10\/vyklopne_garazove_brany@-1.jpg","contentUrl":"https:\/\/www.cedera-okna.sk\/wp-content\/uploads\/2011\/10\/vyklopne_garazove_brany@-1.jpg","width":220,"height":275,"caption":"doplnky, gar\u00e1\u017eov\u00e9 br\u00e1ny"},{"@type":"BreadcrumbList","@id":"https:\/\/www.cedera-okna.sk\/de\/garagentore-nach-ihrem-wunsch\/#breadcrumb","itemListElement":[{"@type":"ListItem","position":1,"name":"Domovsk\u00e1 str\u00e1nka","item":"https:\/\/www.cedera-okna.sk\/de\/"},{"@type":"ListItem","position":2,"name":"Garagentore nach Ihrem Wunsch"}]},{"@type":"WebSite","@id":"https:\/\/www.cedera-okna.sk\/sk\/#website","url":"https:\/\/www.cedera-okna.sk\/sk\/","name":"Cedera","description":"Plastov\u00e9 okn\u00e1 Bratislava","publisher":{"@id":"https:\/\/www.cedera-okna.sk\/sk\/#organization"},"potentialAction":[{"@type":"SearchAction","target":{"@type":"EntryPoint","urlTemplate":"https:\/\/www.cedera-okna.sk\/sk\/?s={search_term_string}"},"query-input":{"@type":"PropertyValueSpecification","valueRequired":true,"valueName":"search_term_string"}}],"inLanguage":"de-DE"},{"@type":"Organization","@id":"https:\/\/www.cedera-okna.sk\/sk\/#organization","name":"CEDERA s.r.o.","url":"https:\/\/www.cedera-okna.sk\/sk\/","logo":{"@type":"ImageObject","inLanguage":"de-DE","@id":"https:\/\/www.cedera-okna.sk\/sk\/#\/schema\/logo\/image\/","url":"https:\/\/www.cedera-okna.sk\/wp-content\/uploads\/2018\/10\/Cedera-logo.png","contentUrl":"https:\/\/www.cedera-okna.sk\/wp-content\/uploads\/2018\/10\/Cedera-logo.png","width":190,"height":66,"caption":"CEDERA s.r.o."},"image":{"@id":"https:\/\/www.cedera-okna.sk\/sk\/#\/schema\/logo\/image\/"},"sameAs":["https:\/\/www.facebook.com\/okna.cedera\/"]}]}},"_links":{"self":[{"href":"https:\/\/www.cedera-okna.sk\/de\/wp-json\/wp\/v2\/pages\/169","targetHints":{"allow":["GET"]}}],"collection":[{"href":"https:\/\/www.cedera-okna.sk\/de\/wp-json\/wp\/v2\/pages"}],"about":[{"href":"https:\/\/www.cedera-okna.sk\/de\/wp-json\/wp\/v2\/types\/page"}],"author":[{"embeddable":true,"href":"https:\/\/www.cedera-okna.sk\/de\/wp-json\/wp\/v2\/users\/3"}],"replies":[{"embeddable":true,"href":"https:\/\/www.cedera-okna.sk\/de\/wp-json\/wp\/v2\/comments?post=169"}],"version-history":[{"count":2,"href":"https:\/\/www.cedera-okna.sk\/de\/wp-json\/wp\/v2\/pages\/169\/revisions"}],"predecessor-version":[{"id":2762,"href":"https:\/\/www.cedera-okna.sk\/de\/wp-json\/wp\/v2\/pages\/169\/revisions\/2762"}],"wp:featuredmedia":[{"embeddable":true,"href":"https:\/\/www.cedera-okna.sk\/de\/wp-json\/wp\/v2\/media\/2406"}],"wp:attachment":[{"href":"https:\/\/www.cedera-okna.sk\/de\/wp-json\/wp\/v2\/media?parent=169"}],"curies":[{"name":"wp","href":"https:\/\/api.w.org\/{rel}","templated":true}]}}