{"id":164,"date":"2011-10-27T10:27:17","date_gmt":"2011-10-27T08:27:17","guid":{"rendered":"http:\/\/cedera-okna.sk\/index.php\/insektenschutzgitter\/"},"modified":"2016-08-23T19:04:44","modified_gmt":"2016-08-23T17:04:44","slug":"insektenschutzgitter","status":"publish","type":"page","link":"https:\/\/www.cedera-okna.sk\/de\/zubehoer\/insektenschutzgitter\/","title":{"rendered":"Insektenschutzgitter"},"content":{"rendered":"<div class=\"wpb-content-wrapper\"><p>[vc_row][vc_column width=&#8221;2\/3&#8243;][vc_column_text]Insektenschutzgitter sind heutzutage eine Notwendigkeit. In den warmen Sommermonaten wird unser Haushalt von Gelsen und anderen Insekten besucht. Der Schutz gegen Gelsenstiche ist dabei so einfach. Gerade unsere Insektenschutzgitter versichern eine Auszeit von Insekten.<br \/>\nDas Netz wird aus Glasfasern mit Kunststoff hergestellt. Diese Glasfasern haben dank ihrer Struktur niedrige Dehnbarkeit. Das verhindert die Netz\u00fcberspannung und die Biegung des Alu\u2013 Rahmens.[\/vc_column_text][\/vc_column][vc_column width=&#8221;1\/3&#8243;][vc_column_text]<img decoding=\"async\" class=\" size-full wp-image-163\" style=\"width: 170px; height: 227px;\" src=\"http:\/\/cedera-okna.sk\/wp-content\/uploads\/2011\/10\/odklapave-2.jpg\" alt=\"plastov\u00e9 okn\u00e1, eurookn\u00e1, doplnky\" width=\"170\" height=\"227\" align=\"texttop\" border=\"0\" hspace=\"20\" \/>[\/vc_column_text][\/vc_column][\/vc_row][vc_row][vc_column width=&#8221;1\/3&#8243;][vc_column_text]<img decoding=\"async\" class=\" size-full wp-image-71\" src=\"http:\/\/cedera-okna.sk\/wp-content\/uploads\/2011\/10\/6_primaset2_03-1.jpg\" alt=\"plastov\u00e9 okn\u00e1, siete proti hmyzu\" width=\"172\" height=\"127\" align=\"texttop\" border=\"0\" hspace=\"\" \/>[\/vc_column_text][\/vc_column][vc_column width=&#8221;1\/3&#8243;][vc_column_text]<img decoding=\"async\" class=\" size-full wp-image-72\" src=\"http:\/\/cedera-okna.sk\/wp-content\/uploads\/2011\/10\/siete%20proti%20hmyzu.jpg\" alt=\"doplnky, siete proti hmyzu\" width=\"180\" height=\"135\" align=\"texttop\" border=\"0\" \/>[\/vc_column_text][\/vc_column][\/vc_row]<\/p>\n<\/div>","protected":false},"excerpt":{"rendered":"<p>[vc_row][vc_column width=&#8221;2\/3&#8243;][vc_column_text]Insektenschutzgitter sind heutzutage eine Notwendigkeit. In den warmen Sommermonaten wird unser Haushalt von Gelsen und anderen Insekten besucht. Der Schutz gegen Gelsenstiche ist dabei so einfach. Gerade unsere Insektenschutzgitter versichern eine Auszeit von Insekten. Das Netz wird aus Glasfasern mit Kunststoff hergestellt. Diese Glasfasern haben dank ihrer Struktur niedrige Dehnbarkeit. Das verhindert die Netz\u00fcberspannung [&hellip;]<\/p>\n","protected":false},"author":3,"featured_media":71,"parent":177,"menu_order":27,"comment_status":"closed","ping_status":"closed","template":"","meta":{"footnotes":""},"class_list":["post-164","page","type-page","status-publish","has-post-thumbnail","hentry"],"yoast_head":"<!-- This site is optimized with the Yoast SEO plugin v27.4 - https:\/\/yoast.com\/product\/yoast-seo-wordpress\/ -->\n<title>Insektenschutzgitter - Cedera<\/title>\n<meta name=\"robots\" content=\"index, follow, max-snippet:-1, max-image-preview:large, max-video-preview:-1\" \/>\n<link rel=\"canonical\" href=\"https:\/\/www.cedera-okna.sk\/de\/zubehoer\/insektenschutzgitter\/\" \/>\n<meta property=\"og:locale\" content=\"de_DE\" \/>\n<meta property=\"og:type\" content=\"article\" \/>\n<meta property=\"og:title\" content=\"Insektenschutzgitter - Cedera\" \/>\n<meta property=\"og:description\" content=\"[vc_row][vc_column width=&#8221;2\/3&#8243;][vc_column_text]Insektenschutzgitter sind heutzutage eine Notwendigkeit. In den warmen Sommermonaten wird unser Haushalt von Gelsen und anderen Insekten besucht. Der Schutz gegen Gelsenstiche ist dabei so einfach. Gerade unsere Insektenschutzgitter versichern eine Auszeit von Insekten. Das Netz wird aus Glasfasern mit Kunststoff hergestellt. Diese Glasfasern haben dank ihrer Struktur niedrige Dehnbarkeit. Das verhindert die Netz\u00fcberspannung [&hellip;]\" \/>\n<meta property=\"og:url\" content=\"https:\/\/www.cedera-okna.sk\/de\/zubehoer\/insektenschutzgitter\/\" \/>\n<meta property=\"og:site_name\" content=\"Cedera\" \/>\n<meta property=\"article:publisher\" content=\"https:\/\/www.facebook.com\/okna.cedera\/\" \/>\n<meta property=\"article:modified_time\" content=\"2016-08-23T17:04:44+00:00\" \/>\n<meta property=\"og:image\" content=\"https:\/\/www.cedera-okna.sk\/wp-content\/uploads\/2011\/10\/6_primaset2_03-1.jpg\" \/>\n\t<meta property=\"og:image:width\" content=\"172\" \/>\n\t<meta property=\"og:image:height\" content=\"127\" \/>\n\t<meta property=\"og:image:type\" content=\"image\/jpeg\" \/>\n<meta name=\"twitter:label1\" content=\"Est. reading time\" \/>\n\t<meta name=\"twitter:data1\" content=\"1 minute\" \/>\n<!-- \/ Yoast SEO plugin. -->","yoast_head_json":{"title":"Insektenschutzgitter - Cedera","robots":{"index":"index","follow":"follow","max-snippet":"max-snippet:-1","max-image-preview":"max-image-preview:large","max-video-preview":"max-video-preview:-1"},"canonical":"https:\/\/www.cedera-okna.sk\/de\/zubehoer\/insektenschutzgitter\/","og_locale":"de_DE","og_type":"article","og_title":"Insektenschutzgitter - Cedera","og_description":"[vc_row][vc_column width=&#8221;2\/3&#8243;][vc_column_text]Insektenschutzgitter sind heutzutage eine Notwendigkeit. In den warmen Sommermonaten wird unser Haushalt von Gelsen und anderen Insekten besucht. Der Schutz gegen Gelsenstiche ist dabei so einfach. Gerade unsere Insektenschutzgitter versichern eine Auszeit von Insekten. Das Netz wird aus Glasfasern mit Kunststoff hergestellt. Diese Glasfasern haben dank ihrer Struktur niedrige Dehnbarkeit. Das verhindert die Netz\u00fcberspannung [&hellip;]","og_url":"https:\/\/www.cedera-okna.sk\/de\/zubehoer\/insektenschutzgitter\/","og_site_name":"Cedera","article_publisher":"https:\/\/www.facebook.com\/okna.cedera\/","article_modified_time":"2016-08-23T17:04:44+00:00","og_image":[{"width":172,"height":127,"url":"https:\/\/www.cedera-okna.sk\/wp-content\/uploads\/2011\/10\/6_primaset2_03-1.jpg","type":"image\/jpeg"}],"twitter_misc":{"Est. reading time":"1 minute"},"schema":{"@context":"https:\/\/schema.org","@graph":[{"@type":"WebPage","@id":"https:\/\/www.cedera-okna.sk\/de\/zubehoer\/insektenschutzgitter\/","url":"https:\/\/www.cedera-okna.sk\/de\/zubehoer\/insektenschutzgitter\/","name":"Insektenschutzgitter - Cedera","isPartOf":{"@id":"https:\/\/www.cedera-okna.sk\/sk\/#website"},"primaryImageOfPage":{"@id":"https:\/\/www.cedera-okna.sk\/de\/zubehoer\/insektenschutzgitter\/#primaryimage"},"image":{"@id":"https:\/\/www.cedera-okna.sk\/de\/zubehoer\/insektenschutzgitter\/#primaryimage"},"thumbnailUrl":"https:\/\/www.cedera-okna.sk\/wp-content\/uploads\/2011\/10\/6_primaset2_03-1.jpg","datePublished":"2011-10-27T08:27:17+00:00","dateModified":"2016-08-23T17:04:44+00:00","breadcrumb":{"@id":"https:\/\/www.cedera-okna.sk\/de\/zubehoer\/insektenschutzgitter\/#breadcrumb"},"inLanguage":"de-DE","potentialAction":[{"@type":"ReadAction","target":["https:\/\/www.cedera-okna.sk\/de\/zubehoer\/insektenschutzgitter\/"]}]},{"@type":"ImageObject","inLanguage":"de-DE","@id":"https:\/\/www.cedera-okna.sk\/de\/zubehoer\/insektenschutzgitter\/#primaryimage","url":"https:\/\/www.cedera-okna.sk\/wp-content\/uploads\/2011\/10\/6_primaset2_03-1.jpg","contentUrl":"https:\/\/www.cedera-okna.sk\/wp-content\/uploads\/2011\/10\/6_primaset2_03-1.jpg","width":172,"height":127,"caption":"plastov\u00e9 okn\u00e1, siete proti hmyzu"},{"@type":"BreadcrumbList","@id":"https:\/\/www.cedera-okna.sk\/de\/zubehoer\/insektenschutzgitter\/#breadcrumb","itemListElement":[{"@type":"ListItem","position":1,"name":"Domovsk\u00e1 str\u00e1nka","item":"https:\/\/www.cedera-okna.sk\/de\/"},{"@type":"ListItem","position":2,"name":"Gro\u00dfe Auswahl an Zubeh\u00f6r","item":"https:\/\/www.cedera-okna.sk\/de\/zubehoer\/"},{"@type":"ListItem","position":3,"name":"Insektenschutzgitter"}]},{"@type":"WebSite","@id":"https:\/\/www.cedera-okna.sk\/sk\/#website","url":"https:\/\/www.cedera-okna.sk\/sk\/","name":"Cedera","description":"Plastov\u00e9 okn\u00e1 Bratislava","publisher":{"@id":"https:\/\/www.cedera-okna.sk\/sk\/#organization"},"potentialAction":[{"@type":"SearchAction","target":{"@type":"EntryPoint","urlTemplate":"https:\/\/www.cedera-okna.sk\/sk\/?s={search_term_string}"},"query-input":{"@type":"PropertyValueSpecification","valueRequired":true,"valueName":"search_term_string"}}],"inLanguage":"de-DE"},{"@type":"Organization","@id":"https:\/\/www.cedera-okna.sk\/sk\/#organization","name":"CEDERA s.r.o.","url":"https:\/\/www.cedera-okna.sk\/sk\/","logo":{"@type":"ImageObject","inLanguage":"de-DE","@id":"https:\/\/www.cedera-okna.sk\/sk\/#\/schema\/logo\/image\/","url":"https:\/\/www.cedera-okna.sk\/wp-content\/uploads\/2018\/10\/Cedera-logo.png","contentUrl":"https:\/\/www.cedera-okna.sk\/wp-content\/uploads\/2018\/10\/Cedera-logo.png","width":190,"height":66,"caption":"CEDERA s.r.o."},"image":{"@id":"https:\/\/www.cedera-okna.sk\/sk\/#\/schema\/logo\/image\/"},"sameAs":["https:\/\/www.facebook.com\/okna.cedera\/"]}]}},"_links":{"self":[{"href":"https:\/\/www.cedera-okna.sk\/de\/wp-json\/wp\/v2\/pages\/164","targetHints":{"allow":["GET"]}}],"collection":[{"href":"https:\/\/www.cedera-okna.sk\/de\/wp-json\/wp\/v2\/pages"}],"about":[{"href":"https:\/\/www.cedera-okna.sk\/de\/wp-json\/wp\/v2\/types\/page"}],"author":[{"embeddable":true,"href":"https:\/\/www.cedera-okna.sk\/de\/wp-json\/wp\/v2\/users\/3"}],"replies":[{"embeddable":true,"href":"https:\/\/www.cedera-okna.sk\/de\/wp-json\/wp\/v2\/comments?post=164"}],"version-history":[{"count":3,"href":"https:\/\/www.cedera-okna.sk\/de\/wp-json\/wp\/v2\/pages\/164\/revisions"}],"predecessor-version":[{"id":2761,"href":"https:\/\/www.cedera-okna.sk\/de\/wp-json\/wp\/v2\/pages\/164\/revisions\/2761"}],"up":[{"embeddable":true,"href":"https:\/\/www.cedera-okna.sk\/de\/wp-json\/wp\/v2\/pages\/177"}],"wp:featuredmedia":[{"embeddable":true,"href":"https:\/\/www.cedera-okna.sk\/de\/wp-json\/wp\/v2\/media\/71"}],"wp:attachment":[{"href":"https:\/\/www.cedera-okna.sk\/de\/wp-json\/wp\/v2\/media?parent=164"}],"curies":[{"name":"wp","href":"https:\/\/api.w.org\/{rel}","templated":true}]}}