{"id":160,"date":"2011-10-27T11:12:19","date_gmt":"2011-10-27T09:12:19","guid":{"rendered":"http:\/\/cedera-okna.sk\/index.php\/feuchtigkeit-ist-der-feind\/"},"modified":"2016-08-23T19:16:39","modified_gmt":"2016-08-23T17:16:39","slug":"feuchtigkeit-ist-der-feind","status":"publish","type":"page","link":"https:\/\/www.cedera-okna.sk\/de\/feuchtigkeit-ist-der-feind\/","title":{"rendered":"Feuchtigkeit ist der Feind"},"content":{"rendered":"<div class=\"wpb-content-wrapper\"><p>[vc_row][vc_column width=&#8221;2\/3&#8243;][vc_column_text]Es passiert \u00f6fters, dass in Neubauten nach der Maurerarbeit die Fenster geschlossen bleiben und nach einiger Zeit kann man Wassertropfen auf den Fenstern beobachten. Der Anstrich ist nicht in der Lage solche Feuchtigkeit zu absorbieren, dies f\u00fchrt zu einer Trennung vom Substrat. Nach der Trocknung der Farbe l\u00f6st sich der Anstrich. Hohe Raumluftfeuchtigkeit schadet nicht nur der Oberfl\u00e4chenbearbeitung des Fensters, sondern auch dem Beschlag, der rostet.<\/p>\n<p>Fenster in Neubauten oder renovierten Geb\u00e4uden m\u00fcssen von Maurerarbeit und Malerarbeit gesch\u00fctzt werden, denn dabei entstandener Staub, M\u00f6rtelreste oder Farbtropfen k\u00f6nnen das Glas und die Fensterrahmen besch\u00e4digen. Solche Sch\u00e4den sind nicht durch die Garantie abgedeckt.[\/vc_column_text][\/vc_column][vc_column width=&#8221;1\/3&#8243;][vc_column_text]<img decoding=\"async\" class=\" size-full wp-image-119\" style=\"width: 231px; height: 199px;\" src=\"http:\/\/cedera-okna.sk\/wp-content\/uploads\/2011\/10\/udrzba-plastovych-okien2-1.jpg\" alt=\"starostlivos\u0165 o okn\u00e1, plastov\u00e9 okn\u00e1, eurookn\u00e1\" width=\"231\" height=\"199\" align=\"texttop\" border=\"0\" hspace=\"20\" \/>[\/vc_column_text][\/vc_column][\/vc_row]<\/p>\n<\/div>","protected":false},"excerpt":{"rendered":"<p>[vc_row][vc_column width=&#8221;2\/3&#8243;][vc_column_text]Es passiert \u00f6fters, dass in Neubauten nach der Maurerarbeit die Fenster geschlossen bleiben und nach einiger Zeit kann man Wassertropfen auf den Fenstern beobachten. Der Anstrich ist nicht in der Lage solche Feuchtigkeit zu absorbieren, dies f\u00fchrt zu einer Trennung vom Substrat. Nach der Trocknung der Farbe l\u00f6st sich der Anstrich. Hohe Raumluftfeuchtigkeit schadet [&hellip;]<\/p>\n","protected":false},"author":3,"featured_media":119,"parent":0,"menu_order":30,"comment_status":"closed","ping_status":"closed","template":"","meta":{"footnotes":""},"class_list":["post-160","page","type-page","status-publish","has-post-thumbnail","hentry"],"yoast_head":"<!-- This site is optimized with the Yoast SEO plugin v27.4 - https:\/\/yoast.com\/product\/yoast-seo-wordpress\/ -->\n<title>Feuchtigkeit ist der Feind - Cedera<\/title>\n<meta name=\"robots\" content=\"index, follow, max-snippet:-1, max-image-preview:large, max-video-preview:-1\" \/>\n<link rel=\"canonical\" href=\"https:\/\/www.cedera-okna.sk\/de\/feuchtigkeit-ist-der-feind\/\" \/>\n<meta property=\"og:locale\" content=\"de_DE\" \/>\n<meta property=\"og:type\" content=\"article\" \/>\n<meta property=\"og:title\" content=\"Feuchtigkeit ist der Feind - Cedera\" \/>\n<meta property=\"og:description\" content=\"[vc_row][vc_column width=&#8221;2\/3&#8243;][vc_column_text]Es passiert \u00f6fters, dass in Neubauten nach der Maurerarbeit die Fenster geschlossen bleiben und nach einiger Zeit kann man Wassertropfen auf den Fenstern beobachten. Der Anstrich ist nicht in der Lage solche Feuchtigkeit zu absorbieren, dies f\u00fchrt zu einer Trennung vom Substrat. Nach der Trocknung der Farbe l\u00f6st sich der Anstrich. Hohe Raumluftfeuchtigkeit schadet [&hellip;]\" \/>\n<meta property=\"og:url\" content=\"https:\/\/www.cedera-okna.sk\/de\/feuchtigkeit-ist-der-feind\/\" \/>\n<meta property=\"og:site_name\" content=\"Cedera\" \/>\n<meta property=\"article:publisher\" content=\"https:\/\/www.facebook.com\/okna.cedera\/\" \/>\n<meta property=\"article:modified_time\" content=\"2016-08-23T17:16:39+00:00\" \/>\n<meta property=\"og:image\" content=\"https:\/\/www.cedera-okna.sk\/wp-content\/uploads\/2011\/10\/udrzba-plastovych-okien2-1.jpg\" \/>\n\t<meta property=\"og:image:width\" content=\"247\" \/>\n\t<meta property=\"og:image:height\" content=\"212\" \/>\n\t<meta property=\"og:image:type\" content=\"image\/jpeg\" \/>\n<meta name=\"twitter:label1\" content=\"Est. reading time\" \/>\n\t<meta name=\"twitter:data1\" content=\"1 minute\" \/>\n<!-- \/ Yoast SEO plugin. -->","yoast_head_json":{"title":"Feuchtigkeit ist der Feind - Cedera","robots":{"index":"index","follow":"follow","max-snippet":"max-snippet:-1","max-image-preview":"max-image-preview:large","max-video-preview":"max-video-preview:-1"},"canonical":"https:\/\/www.cedera-okna.sk\/de\/feuchtigkeit-ist-der-feind\/","og_locale":"de_DE","og_type":"article","og_title":"Feuchtigkeit ist der Feind - Cedera","og_description":"[vc_row][vc_column width=&#8221;2\/3&#8243;][vc_column_text]Es passiert \u00f6fters, dass in Neubauten nach der Maurerarbeit die Fenster geschlossen bleiben und nach einiger Zeit kann man Wassertropfen auf den Fenstern beobachten. Der Anstrich ist nicht in der Lage solche Feuchtigkeit zu absorbieren, dies f\u00fchrt zu einer Trennung vom Substrat. Nach der Trocknung der Farbe l\u00f6st sich der Anstrich. Hohe Raumluftfeuchtigkeit schadet [&hellip;]","og_url":"https:\/\/www.cedera-okna.sk\/de\/feuchtigkeit-ist-der-feind\/","og_site_name":"Cedera","article_publisher":"https:\/\/www.facebook.com\/okna.cedera\/","article_modified_time":"2016-08-23T17:16:39+00:00","og_image":[{"width":247,"height":212,"url":"https:\/\/www.cedera-okna.sk\/wp-content\/uploads\/2011\/10\/udrzba-plastovych-okien2-1.jpg","type":"image\/jpeg"}],"twitter_misc":{"Est. reading time":"1 minute"},"schema":{"@context":"https:\/\/schema.org","@graph":[{"@type":"WebPage","@id":"https:\/\/www.cedera-okna.sk\/de\/feuchtigkeit-ist-der-feind\/","url":"https:\/\/www.cedera-okna.sk\/de\/feuchtigkeit-ist-der-feind\/","name":"Feuchtigkeit ist der Feind - Cedera","isPartOf":{"@id":"https:\/\/www.cedera-okna.sk\/sk\/#website"},"primaryImageOfPage":{"@id":"https:\/\/www.cedera-okna.sk\/de\/feuchtigkeit-ist-der-feind\/#primaryimage"},"image":{"@id":"https:\/\/www.cedera-okna.sk\/de\/feuchtigkeit-ist-der-feind\/#primaryimage"},"thumbnailUrl":"https:\/\/www.cedera-okna.sk\/wp-content\/uploads\/2011\/10\/udrzba-plastovych-okien2-1.jpg","datePublished":"2011-10-27T09:12:19+00:00","dateModified":"2016-08-23T17:16:39+00:00","breadcrumb":{"@id":"https:\/\/www.cedera-okna.sk\/de\/feuchtigkeit-ist-der-feind\/#breadcrumb"},"inLanguage":"de-DE","potentialAction":[{"@type":"ReadAction","target":["https:\/\/www.cedera-okna.sk\/de\/feuchtigkeit-ist-der-feind\/"]}]},{"@type":"ImageObject","inLanguage":"de-DE","@id":"https:\/\/www.cedera-okna.sk\/de\/feuchtigkeit-ist-der-feind\/#primaryimage","url":"https:\/\/www.cedera-okna.sk\/wp-content\/uploads\/2011\/10\/udrzba-plastovych-okien2-1.jpg","contentUrl":"https:\/\/www.cedera-okna.sk\/wp-content\/uploads\/2011\/10\/udrzba-plastovych-okien2-1.jpg","width":247,"height":212,"caption":"starostlivos\u0165 o okn\u00e1, plastov\u00e9 okn\u00e1, eurookn\u00e1"},{"@type":"BreadcrumbList","@id":"https:\/\/www.cedera-okna.sk\/de\/feuchtigkeit-ist-der-feind\/#breadcrumb","itemListElement":[{"@type":"ListItem","position":1,"name":"Domovsk\u00e1 str\u00e1nka","item":"https:\/\/www.cedera-okna.sk\/de\/"},{"@type":"ListItem","position":2,"name":"Feuchtigkeit ist der Feind"}]},{"@type":"WebSite","@id":"https:\/\/www.cedera-okna.sk\/sk\/#website","url":"https:\/\/www.cedera-okna.sk\/sk\/","name":"Cedera","description":"Plastov\u00e9 okn\u00e1 Bratislava","publisher":{"@id":"https:\/\/www.cedera-okna.sk\/sk\/#organization"},"potentialAction":[{"@type":"SearchAction","target":{"@type":"EntryPoint","urlTemplate":"https:\/\/www.cedera-okna.sk\/sk\/?s={search_term_string}"},"query-input":{"@type":"PropertyValueSpecification","valueRequired":true,"valueName":"search_term_string"}}],"inLanguage":"de-DE"},{"@type":"Organization","@id":"https:\/\/www.cedera-okna.sk\/sk\/#organization","name":"CEDERA s.r.o.","url":"https:\/\/www.cedera-okna.sk\/sk\/","logo":{"@type":"ImageObject","inLanguage":"de-DE","@id":"https:\/\/www.cedera-okna.sk\/sk\/#\/schema\/logo\/image\/","url":"https:\/\/www.cedera-okna.sk\/wp-content\/uploads\/2018\/10\/Cedera-logo.png","contentUrl":"https:\/\/www.cedera-okna.sk\/wp-content\/uploads\/2018\/10\/Cedera-logo.png","width":190,"height":66,"caption":"CEDERA s.r.o."},"image":{"@id":"https:\/\/www.cedera-okna.sk\/sk\/#\/schema\/logo\/image\/"},"sameAs":["https:\/\/www.facebook.com\/okna.cedera\/"]}]}},"_links":{"self":[{"href":"https:\/\/www.cedera-okna.sk\/de\/wp-json\/wp\/v2\/pages\/160","targetHints":{"allow":["GET"]}}],"collection":[{"href":"https:\/\/www.cedera-okna.sk\/de\/wp-json\/wp\/v2\/pages"}],"about":[{"href":"https:\/\/www.cedera-okna.sk\/de\/wp-json\/wp\/v2\/types\/page"}],"author":[{"embeddable":true,"href":"https:\/\/www.cedera-okna.sk\/de\/wp-json\/wp\/v2\/users\/3"}],"replies":[{"embeddable":true,"href":"https:\/\/www.cedera-okna.sk\/de\/wp-json\/wp\/v2\/comments?post=160"}],"version-history":[{"count":3,"href":"https:\/\/www.cedera-okna.sk\/de\/wp-json\/wp\/v2\/pages\/160\/revisions"}],"predecessor-version":[{"id":2757,"href":"https:\/\/www.cedera-okna.sk\/de\/wp-json\/wp\/v2\/pages\/160\/revisions\/2757"}],"wp:featuredmedia":[{"embeddable":true,"href":"https:\/\/www.cedera-okna.sk\/de\/wp-json\/wp\/v2\/media\/119"}],"wp:attachment":[{"href":"https:\/\/www.cedera-okna.sk\/de\/wp-json\/wp\/v2\/media?parent=160"}],"curies":[{"name":"wp","href":"https:\/\/api.w.org\/{rel}","templated":true}]}}