{"id":157,"date":"2011-10-27T11:09:46","date_gmt":"2011-10-27T09:09:46","guid":{"rendered":"http:\/\/cedera-okna.sk\/index.php\/wie-tauschen-wir-ihre-fenster-aus\/"},"modified":"2023-08-27T17:08:49","modified_gmt":"2023-08-27T15:08:49","slug":"wie-tauschen-wir-ihre-fenster-aus","status":"publish","type":"page","link":"https:\/\/www.cedera-okna.sk\/de\/wie-tauschen-wir-ihre-fenster-aus\/","title":{"rendered":"Wie tauschen wir Ihre Fenster aus?"},"content":{"rendered":"<div class=\"wpb-content-wrapper\"><p>[vc_row][vc_column width=&#8221;1\/2&#8243;][vc_column_text]Der Montageprozess verl\u00e4uft in mehreren Etappen. Der erste Schritt ist Abmessen. Danach folgt ein Vormontageprozess und erst danach kommt die Montage. Auch nach der Montage sind einige Ma\u00dfnahmen wichtig.<\/p>\n<h2>Vor dem Abmessen:<\/h2>\n<ul>\n<li>die Anwesenheit des Kundens ist notwendig<\/li>\n<li>Die Gliederung und \u00d6ffnung der Fenster wird geplant<\/li>\n<li>Ein freier Zugang zu den Fenstern oder \u00d6ffnungen in der Wand muss gew\u00e4hrleistet sein<\/li>\n<li>ein sogenannter \u201eNullpunkt\u201c im Neubau wird definiert<\/li>\n<\/ul>\n<h2>Vorbereitung des Raumes vor der Montage:<\/h2>\n<ul>\n<li>den Zugang zu den Fenstern erm\u00f6glichen<\/li>\n<li>gen\u00fcgend Platz f\u00fcr die Montage vorbereiten<\/li>\n<li>Stromanschluss und Wasser einrichten<\/li>\n<li>Den restlichen Raum gegen Staub und Verschmutzung sch\u00fctzen<\/li>\n<\/ul>\n<h2>Nach der Montage:<\/h2>\n<ul>\n<li>Schutzfolien und Schutzb\u00e4nder auf den Produkten sp\u00e4testens nach 10 Wochen entfernen<\/li>\n<li>im Falle der weiteren Bauarbeiten Schutz der Produkte gegen Verschmutzung und Besch\u00e4digung<\/li>\n<\/ul>\n<p><img decoding=\"async\" class=\" size-full wp-image-155\" src=\"http:\/\/cedera-okna.sk\/wp-content\/uploads\/2011\/10\/install%20mounting%20rail%40.jpg\" alt=\"mont\u00e1\u017e plastov\u00fdch okien a eurookien\" width=\"294\" height=\"198\" border=\"0\" \/>[\/vc_column_text][\/vc_column][vc_column width=&#8221;1\/2&#8243;][vc_column_text]<\/p>\n<h2><img decoding=\"async\" class=\"alignnone wp-image-13250 size-medium\" src=\"http:\/\/cedera-okna.sk\/wp-content\/uploads\/2023\/08\/window-installation-300x199.jpg\" alt=\"\" width=\"300\" height=\"199\" srcset=\"https:\/\/www.cedera-okna.sk\/wp-content\/uploads\/2023\/08\/window-installation-300x199.jpg 300w, https:\/\/www.cedera-okna.sk\/wp-content\/uploads\/2023\/08\/window-installation.jpg 316w\" sizes=\"(max-width: 300px) 100vw, 300px\" \/><\/h2>\n<h2>Verlauf der Fenster- und T\u00fcrmontage:<\/h2>\n<ul>\n<li>alte Holz- oder Kunststofffenster werden abmontiert<\/li>\n<li>die \u00d6ffnungen werden sauber gemacht und f\u00fcr den Einbau der neuen Fenster vorbereitet<\/li>\n<li>neuer Rahmen wird eingesetzt und gesichert in gew\u00fcnschter Position<\/li>\n<li>Befestigung der Rahmen mit Schrauben und Befestigungsanker<\/li>\n<li>Befestigung die Rahmen mit einem Montageschaum und eine Dichtung der Spalten<\/li>\n<li>Kleben der dunstdurchl\u00e4ssigen B\u00e4nder (optional)<\/li>\n<li>die Montage der \u00e4u\u00dferen und inneren Fensterparapeten<\/li>\n<li>Einsetzen der Fensterfl\u00fcgel<\/li>\n<li>Maurerarbeit<\/li>\n<li>Reinigung und die genaue Einstellung der Fenster und des Beschlages<\/li>\n<li>Montage des Zubeh\u00f6rs (Insektenschutzgitter, Jalousien)<\/li>\n<li>Reinigung des Fensterraumes<\/li>\n<li>Transport und \u00f6kologische Beseitigung der alten Fenster<\/li>\n<\/ul>\n<p>[\/vc_column_text][\/vc_column][\/vc_row]<\/p>\n<\/div>","protected":false},"excerpt":{"rendered":"<p>[vc_row][vc_column width=&#8221;1\/2&#8243;][vc_column_text]Der Montageprozess verl\u00e4uft in mehreren Etappen. Der erste Schritt ist Abmessen. Danach folgt ein Vormontageprozess und erst danach kommt die Montage. Auch nach der Montage sind einige Ma\u00dfnahmen wichtig. Vor dem Abmessen: die Anwesenheit des Kundens ist notwendig Die Gliederung und \u00d6ffnung der Fenster wird geplant Ein freier Zugang zu den Fenstern oder \u00d6ffnungen [&hellip;]<\/p>\n","protected":false},"author":3,"featured_media":155,"parent":0,"menu_order":33,"comment_status":"closed","ping_status":"closed","template":"","meta":{"footnotes":""},"class_list":["post-157","page","type-page","status-publish","has-post-thumbnail","hentry"],"yoast_head":"<!-- This site is optimized with the Yoast SEO plugin v27.4 - https:\/\/yoast.com\/product\/yoast-seo-wordpress\/ -->\n<title>Wie tauschen wir Ihre Fenster aus? - Cedera<\/title>\n<meta name=\"robots\" content=\"index, follow, max-snippet:-1, max-image-preview:large, max-video-preview:-1\" \/>\n<link rel=\"canonical\" href=\"https:\/\/www.cedera-okna.sk\/de\/wie-tauschen-wir-ihre-fenster-aus\/\" \/>\n<meta property=\"og:locale\" content=\"de_DE\" \/>\n<meta property=\"og:type\" content=\"article\" \/>\n<meta property=\"og:title\" content=\"Wie tauschen wir Ihre Fenster aus? - Cedera\" \/>\n<meta property=\"og:description\" content=\"[vc_row][vc_column width=&#8221;1\/2&#8243;][vc_column_text]Der Montageprozess verl\u00e4uft in mehreren Etappen. Der erste Schritt ist Abmessen. Danach folgt ein Vormontageprozess und erst danach kommt die Montage. Auch nach der Montage sind einige Ma\u00dfnahmen wichtig. Vor dem Abmessen: die Anwesenheit des Kundens ist notwendig Die Gliederung und \u00d6ffnung der Fenster wird geplant Ein freier Zugang zu den Fenstern oder \u00d6ffnungen [&hellip;]\" \/>\n<meta property=\"og:url\" content=\"https:\/\/www.cedera-okna.sk\/de\/wie-tauschen-wir-ihre-fenster-aus\/\" \/>\n<meta property=\"og:site_name\" content=\"Cedera\" \/>\n<meta property=\"article:publisher\" content=\"https:\/\/www.facebook.com\/okna.cedera\/\" \/>\n<meta property=\"article:modified_time\" content=\"2023-08-27T15:08:49+00:00\" \/>\n<meta name=\"twitter:label1\" content=\"Est. reading time\" \/>\n\t<meta name=\"twitter:data1\" content=\"2 minutes\" \/>\n<!-- \/ Yoast SEO plugin. -->","yoast_head_json":{"title":"Wie tauschen wir Ihre Fenster aus? - Cedera","robots":{"index":"index","follow":"follow","max-snippet":"max-snippet:-1","max-image-preview":"max-image-preview:large","max-video-preview":"max-video-preview:-1"},"canonical":"https:\/\/www.cedera-okna.sk\/de\/wie-tauschen-wir-ihre-fenster-aus\/","og_locale":"de_DE","og_type":"article","og_title":"Wie tauschen wir Ihre Fenster aus? - Cedera","og_description":"[vc_row][vc_column width=&#8221;1\/2&#8243;][vc_column_text]Der Montageprozess verl\u00e4uft in mehreren Etappen. Der erste Schritt ist Abmessen. Danach folgt ein Vormontageprozess und erst danach kommt die Montage. Auch nach der Montage sind einige Ma\u00dfnahmen wichtig. Vor dem Abmessen: die Anwesenheit des Kundens ist notwendig Die Gliederung und \u00d6ffnung der Fenster wird geplant Ein freier Zugang zu den Fenstern oder \u00d6ffnungen [&hellip;]","og_url":"https:\/\/www.cedera-okna.sk\/de\/wie-tauschen-wir-ihre-fenster-aus\/","og_site_name":"Cedera","article_publisher":"https:\/\/www.facebook.com\/okna.cedera\/","article_modified_time":"2023-08-27T15:08:49+00:00","twitter_misc":{"Est. reading time":"2 minutes"},"schema":{"@context":"https:\/\/schema.org","@graph":[{"@type":"WebPage","@id":"https:\/\/www.cedera-okna.sk\/de\/wie-tauschen-wir-ihre-fenster-aus\/","url":"https:\/\/www.cedera-okna.sk\/de\/wie-tauschen-wir-ihre-fenster-aus\/","name":"Wie tauschen wir Ihre Fenster aus? - Cedera","isPartOf":{"@id":"https:\/\/www.cedera-okna.sk\/sk\/#website"},"primaryImageOfPage":{"@id":"https:\/\/www.cedera-okna.sk\/de\/wie-tauschen-wir-ihre-fenster-aus\/#primaryimage"},"image":{"@id":"https:\/\/www.cedera-okna.sk\/de\/wie-tauschen-wir-ihre-fenster-aus\/#primaryimage"},"thumbnailUrl":"","datePublished":"2011-10-27T09:09:46+00:00","dateModified":"2023-08-27T15:08:49+00:00","breadcrumb":{"@id":"https:\/\/www.cedera-okna.sk\/de\/wie-tauschen-wir-ihre-fenster-aus\/#breadcrumb"},"inLanguage":"de-DE","potentialAction":[{"@type":"ReadAction","target":["https:\/\/www.cedera-okna.sk\/de\/wie-tauschen-wir-ihre-fenster-aus\/"]}]},{"@type":"ImageObject","inLanguage":"de-DE","@id":"https:\/\/www.cedera-okna.sk\/de\/wie-tauschen-wir-ihre-fenster-aus\/#primaryimage","url":"","contentUrl":""},{"@type":"BreadcrumbList","@id":"https:\/\/www.cedera-okna.sk\/de\/wie-tauschen-wir-ihre-fenster-aus\/#breadcrumb","itemListElement":[{"@type":"ListItem","position":1,"name":"Domovsk\u00e1 str\u00e1nka","item":"https:\/\/www.cedera-okna.sk\/de\/"},{"@type":"ListItem","position":2,"name":"Wie tauschen wir Ihre Fenster aus?"}]},{"@type":"WebSite","@id":"https:\/\/www.cedera-okna.sk\/sk\/#website","url":"https:\/\/www.cedera-okna.sk\/sk\/","name":"Cedera","description":"Plastov\u00e9 okn\u00e1 Bratislava","publisher":{"@id":"https:\/\/www.cedera-okna.sk\/sk\/#organization"},"potentialAction":[{"@type":"SearchAction","target":{"@type":"EntryPoint","urlTemplate":"https:\/\/www.cedera-okna.sk\/sk\/?s={search_term_string}"},"query-input":{"@type":"PropertyValueSpecification","valueRequired":true,"valueName":"search_term_string"}}],"inLanguage":"de-DE"},{"@type":"Organization","@id":"https:\/\/www.cedera-okna.sk\/sk\/#organization","name":"CEDERA s.r.o.","url":"https:\/\/www.cedera-okna.sk\/sk\/","logo":{"@type":"ImageObject","inLanguage":"de-DE","@id":"https:\/\/www.cedera-okna.sk\/sk\/#\/schema\/logo\/image\/","url":"https:\/\/www.cedera-okna.sk\/wp-content\/uploads\/2018\/10\/Cedera-logo.png","contentUrl":"https:\/\/www.cedera-okna.sk\/wp-content\/uploads\/2018\/10\/Cedera-logo.png","width":190,"height":66,"caption":"CEDERA s.r.o."},"image":{"@id":"https:\/\/www.cedera-okna.sk\/sk\/#\/schema\/logo\/image\/"},"sameAs":["https:\/\/www.facebook.com\/okna.cedera\/"]}]}},"_links":{"self":[{"href":"https:\/\/www.cedera-okna.sk\/de\/wp-json\/wp\/v2\/pages\/157","targetHints":{"allow":["GET"]}}],"collection":[{"href":"https:\/\/www.cedera-okna.sk\/de\/wp-json\/wp\/v2\/pages"}],"about":[{"href":"https:\/\/www.cedera-okna.sk\/de\/wp-json\/wp\/v2\/types\/page"}],"author":[{"embeddable":true,"href":"https:\/\/www.cedera-okna.sk\/de\/wp-json\/wp\/v2\/users\/3"}],"replies":[{"embeddable":true,"href":"https:\/\/www.cedera-okna.sk\/de\/wp-json\/wp\/v2\/comments?post=157"}],"version-history":[{"count":5,"href":"https:\/\/www.cedera-okna.sk\/de\/wp-json\/wp\/v2\/pages\/157\/revisions"}],"predecessor-version":[{"id":13252,"href":"https:\/\/www.cedera-okna.sk\/de\/wp-json\/wp\/v2\/pages\/157\/revisions\/13252"}],"wp:featuredmedia":[{"embeddable":true,"href":"https:\/\/www.cedera-okna.sk\/de\/wp-json\/"}],"wp:attachment":[{"href":"https:\/\/www.cedera-okna.sk\/de\/wp-json\/wp\/v2\/media?parent=157"}],"curies":[{"name":"wp","href":"https:\/\/api.w.org\/{rel}","templated":true}]}}