{"id":142,"date":"2011-10-27T10:08:09","date_gmt":"2011-10-27T08:08:09","guid":{"rendered":"http:\/\/cedera-okna.sk\/index.php\/kunststofffenster-salamander\/"},"modified":"2016-08-24T14:02:25","modified_gmt":"2016-08-24T12:02:25","slug":"kunststofffenster","status":"publish","type":"page","link":"https:\/\/www.cedera-okna.sk\/de\/produkte\/kunststofffenster\/","title":{"rendered":"Kunststofffenster SALAMANDER"},"content":{"rendered":"<div class=\"wpb-content-wrapper\"><p>[vc_row][vc_column width=&#8221;2\/3&#8243;][vc_column_text]Die Kunststofffenster sind derzeit moderner denn je zuvor!\u00a0 Die Gr\u00fcnde daf\u00fcr sind: Qualit\u00e4t, technische Ausf\u00fchrung, Dauerhaftigkeit der Farbe, modernes Aussehen und viele weitere Faktoren. Kunststofffenster kann man\u00a0 hoch\u00a0 belasten, aber alles hat seine Grenzen. Dort, wo die Belastbarkeit der Kunststofffenster nicht ausreichend ist, kann man sich noch immer f\u00fcr die Holzfenster entscheiden.<br \/>\nEgal ob Sie sich f\u00fcr Kunststofffenster\u00a0\u00a0 oder Holzfenster entscheiden, Sie bekommen die von uns Produkte, die auch nach vielen Jahren ihre guten Eigenschaften wie Festigkeit, Best\u00e4ndigkeit gegen Umwelteinfl\u00fcsse, Farbe und Umweltfreundlichkeit nicht verlieren.Bei der Installation von Kunststofffenstern nutzen wir deutsche Profile der Marke SALAMANDER, die durch glatte Oberfl\u00e4chen und wundersch\u00f6ne helle Farben \u00fcberzeugen. SALAMANDER hat gro\u00dfe Erfolge\u00a0 vor allem dank den Kunststofffenstern und Profilen, die sich durch hohen Standard und technischen Fortschritt\u00a0 auszeichnen. Kunststofffenster und Profile der Marke SALAMANDER geh\u00f6ren zu den modernsten Produkten seiner Art.<br \/>\nAlle Salamander Profile sind so entworfen, dass es in den \u00dcbergangstellen\u00a0 von Verbindungselementen nicht\u00a0 zur Schw\u00e4chung des Profils kommt.<br \/>\nMit der Verst\u00e4rkung von Kunststoffen erreichte\u00a0 man auch erh\u00f6hte Festigkeit der geschw\u00e4chten Teile.<br \/>\nDies wurde auch in verschiedenen Vergleichstests bewiesen, in denen Salamander die besten Ergebnisse erreichte.<br \/>\nFensterfl\u00fcgel\u00a0 und Rahmen k\u00f6nnen in zwei Formanfertigungen\u00a0 hergestellt werden. Je nach Kundenwunsch k\u00f6nnen wir abgerundete Fensterfl\u00fcgel oder vorgesetzte Fenster anbieten.<br \/>\nDie Glasleisten\u00a0 erm\u00f6glichen uns bis zu 34 mm dicke Glasscheiben einzubauen und dadurch eine L\u00e4rmd\u00e4mmung bis zu 47 db zu erreichen.<\/p>\n<p>Der hochwertige Kunststoff, der bei der Produktion von\u00a0 Salamander Profilen benutzt wird, ist\u00a0 best\u00e4ndig gegen Umwelteinfl\u00fcsse und Temperaturschwankungen. Im Hinblick auf die funktionale Sicherheit, Stabilit\u00e4t, lange Lebensdauer und Best\u00e4ndigkeit gegen Dauerbelastung erreichen die T\u00fcren und Fenster von SIP au\u00dfergew\u00f6hnlich gute Werte. Umfassendes Qualit\u00e4tsmanagement dokumentiert unseren hohen Qualit\u00e4tsstandard und unsere Verantwortung gegen\u00fcber der Umwelt und zuk\u00fcnftigen Generationen.<br \/>\nMit einer \u00fcberdurchschnittlichen Bautiefe des Rahmens (bis zu 76 mm)\u00a0 k\u00f6nnen wir eine ideale\u00a0 W\u00e4rmed\u00e4mmung garantieren. Die Profilwandst\u00e4rke erf\u00fcllt die h\u00f6chsten Standards und\u00a0 in der Kombination mit dem Einsatz von verzinkter Verst\u00e4rkung versichert die n\u00f6tigen statischen Eigenschaften des Produkts. Wir haben im Angebot nicht nur hochwertige 5 Kammer- Systeme, sondern auch 6 und 7 Kammer- Systeme f\u00fcr Niedrigenergie- und Passivh\u00e4user.<\/p>\n<p>Wenn Sie Interesse an Profil-\u00a0 und Komponentemuster haben, kontaktieren Sie uns. Wir vereinbaren gerne ein Termin mit Ihnen und helfen Ihnen bei der Auswahl der richtigen Profile f\u00fcr Ihre Fenster.[\/vc_column_text][\/vc_column][vc_column width=&#8221;1\/3&#8243;][vc_column_text]<img decoding=\"async\" class=\"alignnone wp-image-40 size-full\" src=\"http:\/\/cedera-okna.sk\/wp-content\/uploads\/2011\/10\/tozan-eu-thmb-salamander-156x153-04df4-1.jpg\" width=\"155\" height=\"153\" border=\"0\" srcset=\"https:\/\/www.cedera-okna.sk\/wp-content\/uploads\/2011\/10\/tozan-eu-thmb-salamander-156x153-04df4-1.jpg 155w, https:\/\/www.cedera-okna.sk\/wp-content\/uploads\/2011\/10\/tozan-eu-thmb-salamander-156x153-04df4-1-75x75.jpg 75w\" sizes=\"(max-width: 155px) 100vw, 155px\" \/>[\/vc_column_text][\/vc_column][\/vc_row]<\/p>\n<\/div>","protected":false},"excerpt":{"rendered":"<p>[vc_row][vc_column width=&#8221;2\/3&#8243;][vc_column_text]Die Kunststofffenster sind derzeit moderner denn je zuvor!\u00a0 Die Gr\u00fcnde daf\u00fcr sind: Qualit\u00e4t, technische Ausf\u00fchrung, Dauerhaftigkeit der Farbe, modernes Aussehen und viele weitere Faktoren. Kunststofffenster kann man\u00a0 hoch\u00a0 belasten, aber alles hat seine Grenzen. Dort, wo die Belastbarkeit der Kunststofffenster nicht ausreichend ist, kann man sich noch immer f\u00fcr die Holzfenster entscheiden. Egal ob [&hellip;]<\/p>\n","protected":false},"author":3,"featured_media":40,"parent":2795,"menu_order":37,"comment_status":"closed","ping_status":"closed","template":"","meta":{"footnotes":""},"class_list":["post-142","page","type-page","status-publish","has-post-thumbnail","hentry"],"yoast_head":"<!-- This site is optimized with the Yoast SEO plugin v27.4 - https:\/\/yoast.com\/product\/yoast-seo-wordpress\/ -->\n<title>Kunststofffenster SALAMANDER - Cedera<\/title>\n<meta name=\"robots\" content=\"index, follow, max-snippet:-1, max-image-preview:large, max-video-preview:-1\" \/>\n<link rel=\"canonical\" href=\"https:\/\/www.cedera-okna.sk\/de\/produkte\/kunststofffenster\/\" \/>\n<meta property=\"og:locale\" content=\"de_DE\" \/>\n<meta property=\"og:type\" content=\"article\" \/>\n<meta property=\"og:title\" content=\"Kunststofffenster SALAMANDER - Cedera\" \/>\n<meta property=\"og:description\" content=\"[vc_row][vc_column width=&#8221;2\/3&#8243;][vc_column_text]Die Kunststofffenster sind derzeit moderner denn je zuvor!\u00a0 Die Gr\u00fcnde daf\u00fcr sind: Qualit\u00e4t, technische Ausf\u00fchrung, Dauerhaftigkeit der Farbe, modernes Aussehen und viele weitere Faktoren. Kunststofffenster kann man\u00a0 hoch\u00a0 belasten, aber alles hat seine Grenzen. Dort, wo die Belastbarkeit der Kunststofffenster nicht ausreichend ist, kann man sich noch immer f\u00fcr die Holzfenster entscheiden. Egal ob [&hellip;]\" \/>\n<meta property=\"og:url\" content=\"https:\/\/www.cedera-okna.sk\/de\/produkte\/kunststofffenster\/\" \/>\n<meta property=\"og:site_name\" content=\"Cedera\" \/>\n<meta property=\"article:publisher\" content=\"https:\/\/www.facebook.com\/okna.cedera\/\" \/>\n<meta property=\"article:modified_time\" content=\"2016-08-24T12:02:25+00:00\" \/>\n<meta property=\"og:image\" content=\"https:\/\/www.cedera-okna.sk\/wp-content\/uploads\/2011\/10\/tozan-eu-thmb-salamander-156x153-04df4-1.jpg\" \/>\n\t<meta property=\"og:image:width\" content=\"155\" \/>\n\t<meta property=\"og:image:height\" content=\"153\" \/>\n\t<meta property=\"og:image:type\" content=\"image\/jpeg\" \/>\n<meta name=\"twitter:label1\" content=\"Est. reading time\" \/>\n\t<meta name=\"twitter:data1\" content=\"2 minutes\" \/>\n<!-- \/ Yoast SEO plugin. -->","yoast_head_json":{"title":"Kunststofffenster SALAMANDER - Cedera","robots":{"index":"index","follow":"follow","max-snippet":"max-snippet:-1","max-image-preview":"max-image-preview:large","max-video-preview":"max-video-preview:-1"},"canonical":"https:\/\/www.cedera-okna.sk\/de\/produkte\/kunststofffenster\/","og_locale":"de_DE","og_type":"article","og_title":"Kunststofffenster SALAMANDER - Cedera","og_description":"[vc_row][vc_column width=&#8221;2\/3&#8243;][vc_column_text]Die Kunststofffenster sind derzeit moderner denn je zuvor!\u00a0 Die Gr\u00fcnde daf\u00fcr sind: Qualit\u00e4t, technische Ausf\u00fchrung, Dauerhaftigkeit der Farbe, modernes Aussehen und viele weitere Faktoren. Kunststofffenster kann man\u00a0 hoch\u00a0 belasten, aber alles hat seine Grenzen. Dort, wo die Belastbarkeit der Kunststofffenster nicht ausreichend ist, kann man sich noch immer f\u00fcr die Holzfenster entscheiden. Egal ob [&hellip;]","og_url":"https:\/\/www.cedera-okna.sk\/de\/produkte\/kunststofffenster\/","og_site_name":"Cedera","article_publisher":"https:\/\/www.facebook.com\/okna.cedera\/","article_modified_time":"2016-08-24T12:02:25+00:00","og_image":[{"width":155,"height":153,"url":"https:\/\/www.cedera-okna.sk\/wp-content\/uploads\/2011\/10\/tozan-eu-thmb-salamander-156x153-04df4-1.jpg","type":"image\/jpeg"}],"twitter_misc":{"Est. reading time":"2 minutes"},"schema":{"@context":"https:\/\/schema.org","@graph":[{"@type":"WebPage","@id":"https:\/\/www.cedera-okna.sk\/de\/produkte\/kunststofffenster\/","url":"https:\/\/www.cedera-okna.sk\/de\/produkte\/kunststofffenster\/","name":"Kunststofffenster SALAMANDER - Cedera","isPartOf":{"@id":"https:\/\/www.cedera-okna.sk\/sk\/#website"},"primaryImageOfPage":{"@id":"https:\/\/www.cedera-okna.sk\/de\/produkte\/kunststofffenster\/#primaryimage"},"image":{"@id":"https:\/\/www.cedera-okna.sk\/de\/produkte\/kunststofffenster\/#primaryimage"},"thumbnailUrl":"https:\/\/www.cedera-okna.sk\/wp-content\/uploads\/2011\/10\/tozan-eu-thmb-salamander-156x153-04df4-1.jpg","datePublished":"2011-10-27T08:08:09+00:00","dateModified":"2016-08-24T12:02:25+00:00","breadcrumb":{"@id":"https:\/\/www.cedera-okna.sk\/de\/produkte\/kunststofffenster\/#breadcrumb"},"inLanguage":"de-DE","potentialAction":[{"@type":"ReadAction","target":["https:\/\/www.cedera-okna.sk\/de\/produkte\/kunststofffenster\/"]}]},{"@type":"ImageObject","inLanguage":"de-DE","@id":"https:\/\/www.cedera-okna.sk\/de\/produkte\/kunststofffenster\/#primaryimage","url":"https:\/\/www.cedera-okna.sk\/wp-content\/uploads\/2011\/10\/tozan-eu-thmb-salamander-156x153-04df4-1.jpg","contentUrl":"https:\/\/www.cedera-okna.sk\/wp-content\/uploads\/2011\/10\/tozan-eu-thmb-salamander-156x153-04df4-1.jpg","width":155,"height":153},{"@type":"BreadcrumbList","@id":"https:\/\/www.cedera-okna.sk\/de\/produkte\/kunststofffenster\/#breadcrumb","itemListElement":[{"@type":"ListItem","position":1,"name":"Domovsk\u00e1 str\u00e1nka","item":"https:\/\/www.cedera-okna.sk\/de\/"},{"@type":"ListItem","position":2,"name":"Produkte","item":"https:\/\/www.cedera-okna.sk\/de\/produkte\/"},{"@type":"ListItem","position":3,"name":"Kunststofffenster SALAMANDER"}]},{"@type":"WebSite","@id":"https:\/\/www.cedera-okna.sk\/sk\/#website","url":"https:\/\/www.cedera-okna.sk\/sk\/","name":"Cedera","description":"Plastov\u00e9 okn\u00e1 Bratislava","publisher":{"@id":"https:\/\/www.cedera-okna.sk\/sk\/#organization"},"potentialAction":[{"@type":"SearchAction","target":{"@type":"EntryPoint","urlTemplate":"https:\/\/www.cedera-okna.sk\/sk\/?s={search_term_string}"},"query-input":{"@type":"PropertyValueSpecification","valueRequired":true,"valueName":"search_term_string"}}],"inLanguage":"de-DE"},{"@type":"Organization","@id":"https:\/\/www.cedera-okna.sk\/sk\/#organization","name":"CEDERA s.r.o.","url":"https:\/\/www.cedera-okna.sk\/sk\/","logo":{"@type":"ImageObject","inLanguage":"de-DE","@id":"https:\/\/www.cedera-okna.sk\/sk\/#\/schema\/logo\/image\/","url":"https:\/\/www.cedera-okna.sk\/wp-content\/uploads\/2018\/10\/Cedera-logo.png","contentUrl":"https:\/\/www.cedera-okna.sk\/wp-content\/uploads\/2018\/10\/Cedera-logo.png","width":190,"height":66,"caption":"CEDERA s.r.o."},"image":{"@id":"https:\/\/www.cedera-okna.sk\/sk\/#\/schema\/logo\/image\/"},"sameAs":["https:\/\/www.facebook.com\/okna.cedera\/"]}]}},"_links":{"self":[{"href":"https:\/\/www.cedera-okna.sk\/de\/wp-json\/wp\/v2\/pages\/142","targetHints":{"allow":["GET"]}}],"collection":[{"href":"https:\/\/www.cedera-okna.sk\/de\/wp-json\/wp\/v2\/pages"}],"about":[{"href":"https:\/\/www.cedera-okna.sk\/de\/wp-json\/wp\/v2\/types\/page"}],"author":[{"embeddable":true,"href":"https:\/\/www.cedera-okna.sk\/de\/wp-json\/wp\/v2\/users\/3"}],"replies":[{"embeddable":true,"href":"https:\/\/www.cedera-okna.sk\/de\/wp-json\/wp\/v2\/comments?post=142"}],"version-history":[{"count":1,"href":"https:\/\/www.cedera-okna.sk\/de\/wp-json\/wp\/v2\/pages\/142\/revisions"}],"predecessor-version":[{"id":2749,"href":"https:\/\/www.cedera-okna.sk\/de\/wp-json\/wp\/v2\/pages\/142\/revisions\/2749"}],"up":[{"embeddable":true,"href":"https:\/\/www.cedera-okna.sk\/de\/wp-json\/wp\/v2\/pages\/2795"}],"wp:featuredmedia":[{"embeddable":true,"href":"https:\/\/www.cedera-okna.sk\/de\/wp-json\/wp\/v2\/media\/40"}],"wp:attachment":[{"href":"https:\/\/www.cedera-okna.sk\/de\/wp-json\/wp\/v2\/media?parent=142"}],"curies":[{"name":"wp","href":"https:\/\/api.w.org\/{rel}","templated":true}]}}